{"id":6235,"date":"2015-07-15T14:54:00","date_gmt":"2015-12-16T13:29:13","guid":{"rendered":"https:\/\/svilupporaytech.com\/?post_type=product&#038;p=6235&#038;lang=es"},"modified":"2023-06-16T13:16:10","modified_gmt":"2023-06-16T12:16:10","slug":"magic-fluid","status":"publish","type":"product","link":"https:\/\/svilupporaytech.com\/es\/producto\/baja-tension\/rellenos\/gel-es\/magic-fluid\/","title":{"rendered":"Magic Fluid"},"content":{"rendered":"<h4><span style=\"color: #009832;\">Liquido aislante y sellante en bolsa bicomponente<\/span><\/h4>\n<p>El liquido aislante y sellante Magic Fluid, vertido en envolventes adecuados, garantiza un\u00a0grado de protecci\u00f3n IP68 y es capaz de sustituir a cualquier tipo de resina. Se trata de\u00a0un aislamiento autosellante de tipo polim\u00e9rico, en bolsa bicomponente, con reticulaci\u00f3n\u00a0en frio, sin caducidad. Al extraer el separador, los dos componentes son mezclados para\u00a0generar la reticulaci\u00f3n. Una vez vertido, el aislamiento, caracterizado por una muy baja\u00a0viscosidad, engloba y envuelve cualquier tipo de material reticulando en menos de 10\u00a0minutos. Absolutamente at\u00f3xico, reticula con un pico isot\u00e9rmico muy bajo que no fuerza\u00a0t\u00e9rmicamente a los materiales con los que va a contacto. Reaccesible incluso despu\u00e9s de\u00a0largos periodos de funcionamiento.<\/p>\n<ul>\n<li><span style=\"color: #009832;\">!Para todas las aplicaciones caracterizadas por altas exigencias y elevadas temperaturas!<\/span><\/li>\n<li><span style=\"color: #009832;\">Reticulaci\u00f3n r\u00e1pida (10 minutos)<\/span><\/li>\n<li><span style=\"color: #009832;\">Reaccesible tambi\u00e9n despu\u00e9s de largos per\u00edodos de ejercicio<\/span><\/li>\n<li><span style=\"color: #009832;\">At\u00f3xico y seguro, sin caducidad<\/span><\/li>\n<li><span style=\"color: #009832;\">Baja viscosidad<\/span><\/li>\n<\/ul>\n","protected":false},"excerpt":{"rendered":"<p>Liquido aislante y sellante en bolsa bicomponente El liquido aislante y sellante Magic Fluid, vertido en envolventes adecuados, garantiza un\u00a0grado de protecci\u00f3n IP68 y es capaz de sustituir a cualquier<span class=\"excerpt-hellip\"> [\u2026]<\/span><\/p>\n","protected":false},"featured_media":33097,"template":"","meta":[],"product_cat":[239,254,255],"product_tag":[],"yoast_head":"<!-- This site is optimized with the Yoast SEO plugin v22.7 - https:\/\/yoast.com\/wordpress\/plugins\/seo\/ -->\n<title>Magic Fluid | Raytech<\/title>\n<meta name=\"robots\" content=\"index, follow, max-snippet:-1, max-image-preview:large, max-video-preview:-1\" \/>\n<link rel=\"canonical\" href=\"https:\/\/svilupporaytech.com\/es\/producto\/baja-tension\/rellenos\/gel-es\/magic-fluid\/\" \/>\n<meta property=\"og:locale\" content=\"es_ES\" \/>\n<meta property=\"og:type\" content=\"article\" \/>\n<meta property=\"og:title\" content=\"Magic Fluid | Raytech\" \/>\n<meta property=\"og:description\" content=\"Liquido aislante y sellante en bolsa bicomponente El liquido aislante y sellante Magic Fluid, vertido en envolventes adecuados, garantiza un\u00a0grado de protecci\u00f3n IP68 y es capaz de sustituir a cualquier [\u2026]\" \/>\n<meta property=\"og:url\" content=\"https:\/\/svilupporaytech.com\/es\/producto\/baja-tension\/rellenos\/gel-es\/magic-fluid\/\" \/>\n<meta property=\"og:site_name\" content=\"Raytech\" \/>\n<meta property=\"article:modified_time\" content=\"2023-06-16T12:16:10+00:00\" \/>\n<meta property=\"og:image\" content=\"https:\/\/svilupporaytech.com\/wp-content\/uploads\/magic-fluid-5.jpg\" \/>\n\t<meta property=\"og:image:width\" content=\"1024\" \/>\n\t<meta property=\"og:image:height\" content=\"1024\" \/>\n\t<meta property=\"og:image:type\" content=\"image\/jpeg\" \/>\n<meta name=\"twitter:card\" content=\"summary_large_image\" \/>\n<meta name=\"twitter:label1\" content=\"Tiempo de lectura\" \/>\n\t<meta name=\"twitter:data1\" content=\"1 minuto\" \/>\n<script type=\"application\/ld+json\" class=\"yoast-schema-graph\">{\"@context\":\"https:\/\/schema.org\",\"@graph\":[{\"@type\":\"WebPage\",\"@id\":\"https:\/\/svilupporaytech.com\/es\/producto\/baja-tension\/rellenos\/gel-es\/magic-fluid\/\",\"url\":\"https:\/\/svilupporaytech.com\/es\/producto\/baja-tension\/rellenos\/gel-es\/magic-fluid\/\",\"name\":\"Magic Fluid | Raytech\",\"isPartOf\":{\"@id\":\"https:\/\/svilupporaytech.com\/#website\"},\"primaryImageOfPage\":{\"@id\":\"https:\/\/svilupporaytech.com\/es\/producto\/baja-tension\/rellenos\/gel-es\/magic-fluid\/#primaryimage\"},\"image\":{\"@id\":\"https:\/\/svilupporaytech.com\/es\/producto\/baja-tension\/rellenos\/gel-es\/magic-fluid\/#primaryimage\"},\"thumbnailUrl\":\"https:\/\/svilupporaytech.com\/wp-content\/uploads\/magic-fluid-5.jpg\",\"datePublished\":\"2015-12-16T13:29:13+00:00\",\"dateModified\":\"2023-06-16T12:16:10+00:00\",\"breadcrumb\":{\"@id\":\"https:\/\/svilupporaytech.com\/es\/producto\/baja-tension\/rellenos\/gel-es\/magic-fluid\/#breadcrumb\"},\"inLanguage\":\"es\",\"potentialAction\":[{\"@type\":\"ReadAction\",\"target\":[\"https:\/\/svilupporaytech.com\/es\/producto\/baja-tension\/rellenos\/gel-es\/magic-fluid\/\"]}]},{\"@type\":\"ImageObject\",\"inLanguage\":\"es\",\"@id\":\"https:\/\/svilupporaytech.com\/es\/producto\/baja-tension\/rellenos\/gel-es\/magic-fluid\/#primaryimage\",\"url\":\"https:\/\/svilupporaytech.com\/wp-content\/uploads\/magic-fluid-5.jpg\",\"contentUrl\":\"https:\/\/svilupporaytech.com\/wp-content\/uploads\/magic-fluid-5.jpg\",\"width\":1024,\"height\":1024},{\"@type\":\"BreadcrumbList\",\"@id\":\"https:\/\/svilupporaytech.com\/es\/producto\/baja-tension\/rellenos\/gel-es\/magic-fluid\/#breadcrumb\",\"itemListElement\":[{\"@type\":\"ListItem\",\"position\":1,\"name\":\"Home\",\"item\":\"https:\/\/svilupporaytech.com\/es\/\"},{\"@type\":\"ListItem\",\"position\":2,\"name\":\"Tienda\",\"item\":\"https:\/\/svilupporaytech.com\/es\/tienda\/\"},{\"@type\":\"ListItem\",\"position\":3,\"name\":\"Magic Fluid\"}]},{\"@type\":\"WebSite\",\"@id\":\"https:\/\/svilupporaytech.com\/#website\",\"url\":\"https:\/\/svilupporaytech.com\/\",\"name\":\"Raytech\",\"description\":\"Cable accessories company\",\"potentialAction\":[{\"@type\":\"SearchAction\",\"target\":{\"@type\":\"EntryPoint\",\"urlTemplate\":\"https:\/\/svilupporaytech.com\/?s={search_term_string}\"},\"query-input\":\"required name=search_term_string\"}],\"inLanguage\":\"es\"}]}<\/script>\n<!-- \/ Yoast SEO plugin. -->","yoast_head_json":{"title":"Magic Fluid | Raytech","robots":{"index":"index","follow":"follow","max-snippet":"max-snippet:-1","max-image-preview":"max-image-preview:large","max-video-preview":"max-video-preview:-1"},"canonical":"https:\/\/svilupporaytech.com\/es\/producto\/baja-tension\/rellenos\/gel-es\/magic-fluid\/","og_locale":"es_ES","og_type":"article","og_title":"Magic Fluid | Raytech","og_description":"Liquido aislante y sellante en bolsa bicomponente El liquido aislante y sellante Magic Fluid, vertido en envolventes adecuados, garantiza un\u00a0grado de protecci\u00f3n IP68 y es capaz de sustituir a cualquier [\u2026]","og_url":"https:\/\/svilupporaytech.com\/es\/producto\/baja-tension\/rellenos\/gel-es\/magic-fluid\/","og_site_name":"Raytech","article_modified_time":"2023-06-16T12:16:10+00:00","og_image":[{"width":1024,"height":1024,"url":"https:\/\/svilupporaytech.com\/wp-content\/uploads\/magic-fluid-5.jpg","type":"image\/jpeg"}],"twitter_card":"summary_large_image","twitter_misc":{"Tiempo de lectura":"1 minuto"},"schema":{"@context":"https:\/\/schema.org","@graph":[{"@type":"WebPage","@id":"https:\/\/svilupporaytech.com\/es\/producto\/baja-tension\/rellenos\/gel-es\/magic-fluid\/","url":"https:\/\/svilupporaytech.com\/es\/producto\/baja-tension\/rellenos\/gel-es\/magic-fluid\/","name":"Magic Fluid | Raytech","isPartOf":{"@id":"https:\/\/svilupporaytech.com\/#website"},"primaryImageOfPage":{"@id":"https:\/\/svilupporaytech.com\/es\/producto\/baja-tension\/rellenos\/gel-es\/magic-fluid\/#primaryimage"},"image":{"@id":"https:\/\/svilupporaytech.com\/es\/producto\/baja-tension\/rellenos\/gel-es\/magic-fluid\/#primaryimage"},"thumbnailUrl":"https:\/\/svilupporaytech.com\/wp-content\/uploads\/magic-fluid-5.jpg","datePublished":"2015-12-16T13:29:13+00:00","dateModified":"2023-06-16T12:16:10+00:00","breadcrumb":{"@id":"https:\/\/svilupporaytech.com\/es\/producto\/baja-tension\/rellenos\/gel-es\/magic-fluid\/#breadcrumb"},"inLanguage":"es","potentialAction":[{"@type":"ReadAction","target":["https:\/\/svilupporaytech.com\/es\/producto\/baja-tension\/rellenos\/gel-es\/magic-fluid\/"]}]},{"@type":"ImageObject","inLanguage":"es","@id":"https:\/\/svilupporaytech.com\/es\/producto\/baja-tension\/rellenos\/gel-es\/magic-fluid\/#primaryimage","url":"https:\/\/svilupporaytech.com\/wp-content\/uploads\/magic-fluid-5.jpg","contentUrl":"https:\/\/svilupporaytech.com\/wp-content\/uploads\/magic-fluid-5.jpg","width":1024,"height":1024},{"@type":"BreadcrumbList","@id":"https:\/\/svilupporaytech.com\/es\/producto\/baja-tension\/rellenos\/gel-es\/magic-fluid\/#breadcrumb","itemListElement":[{"@type":"ListItem","position":1,"name":"Home","item":"https:\/\/svilupporaytech.com\/es\/"},{"@type":"ListItem","position":2,"name":"Tienda","item":"https:\/\/svilupporaytech.com\/es\/tienda\/"},{"@type":"ListItem","position":3,"name":"Magic Fluid"}]},{"@type":"WebSite","@id":"https:\/\/svilupporaytech.com\/#website","url":"https:\/\/svilupporaytech.com\/","name":"Raytech","description":"Cable accessories company","potentialAction":[{"@type":"SearchAction","target":{"@type":"EntryPoint","urlTemplate":"https:\/\/svilupporaytech.com\/?s={search_term_string}"},"query-input":"required name=search_term_string"}],"inLanguage":"es"}]}},"_links":{"self":[{"href":"https:\/\/svilupporaytech.com\/es\/wp-json\/wp\/v2\/product\/6235"}],"collection":[{"href":"https:\/\/svilupporaytech.com\/es\/wp-json\/wp\/v2\/product"}],"about":[{"href":"https:\/\/svilupporaytech.com\/es\/wp-json\/wp\/v2\/types\/product"}],"wp:featuredmedia":[{"embeddable":true,"href":"https:\/\/svilupporaytech.com\/es\/wp-json\/wp\/v2\/media\/33097"}],"wp:attachment":[{"href":"https:\/\/svilupporaytech.com\/es\/wp-json\/wp\/v2\/media?parent=6235"}],"wp:term":[{"taxonomy":"product_cat","embeddable":true,"href":"https:\/\/svilupporaytech.com\/es\/wp-json\/wp\/v2\/product_cat?post=6235"},{"taxonomy":"product_tag","embeddable":true,"href":"https:\/\/svilupporaytech.com\/es\/wp-json\/wp\/v2\/product_tag?post=6235"}],"curies":[{"name":"wp","href":"https:\/\/api.w.org\/{rel}","templated":true}]}}