{"id":6281,"date":"2015-07-15T15:35:33","date_gmt":"2015-12-16T14:00:28","guid":{"rendered":"https:\/\/svilupporaytech.com\/?post_type=product&#038;p=6281&#038;lang=es"},"modified":"2023-06-16T13:55:17","modified_gmt":"2023-06-16T12:55:17","slug":"sky-plast","status":"publish","type":"product","link":"https:\/\/svilupporaytech.com\/es\/producto\/baja-tension\/rellenos\/gomas\/sky-plast\/","title":{"rendered":"Sky Plast"},"content":{"rendered":"<h4><span style=\"color: #009832;\">La goma bicomponente de pasta aislante, modelable, autoextinguible, con elevadas caracter\u00edsticas diel\u00e9ctricas<\/span><\/h4>\n<p>De la constante y atenta investigaci\u00f3n y del desarrollo de nuevas tecnolog\u00edas, Raytech ha ideado Sky Plast, innovaci\u00f3n tecnol\u00f3gica absoluta para cubrir, proteger, aislar, revestir y volver ign\u00edfugo cualquier componente que sea el\u00e9ctrico y no. Una vez amalgamados los 2 componentes en una relaci\u00f3n 1:1 (durante 2 min. m\u00e1x.) hasta obtener un compuesto uniforme, \u00e9sta reticula r\u00e1pidamente a una temperatura ambiente en menos de 5 minutos. Sky Plast, despu\u00e9s de haber sido envuelta alrededor del componente que se desea proteger, en un breve tiempo se transforma en una capa de goma con elevad\u00edsimas caracter\u00edsticas diel\u00e9tricas de autoextinci\u00f3n.<\/p>\n<ul>\n<li><span style=\"color: #009832;\">Baja emisi\u00f3n de humos y gases t\u00f3xicos y corrosivos<\/span><\/li>\n<li><span style=\"color: #009832;\">Capaz de sustituir cintas aislantes, termo retr\u00e1ctiles y resinas<\/span><\/li>\n<li><span style=\"color: #009832;\">Se mantiene flexible y el\u00e1stica en el tiempo<\/span><\/li>\n<li><span style=\"color: #009832;\">Reticulaci\u00f3n r\u00e1pida<\/span><\/li>\n<\/ul>\n","protected":false},"excerpt":{"rendered":"<p>La goma bicomponente de pasta aislante, modelable, autoextinguible, con elevadas caracter\u00edsticas diel\u00e9ctricas De la constante y atenta investigaci\u00f3n y del desarrollo de nuevas tecnolog\u00edas, Raytech ha ideado Sky Plast, innovaci\u00f3n<span class=\"excerpt-hellip\"> [\u2026]<\/span><\/p>\n","protected":false},"featured_media":33055,"template":"","meta":[],"product_cat":[239,254,257],"product_tag":[],"yoast_head":"<!-- This site is optimized with the Yoast SEO plugin v22.7 - https:\/\/yoast.com\/wordpress\/plugins\/seo\/ -->\n<title>Sky Plast | Raytech<\/title>\n<meta name=\"robots\" content=\"index, follow, max-snippet:-1, max-image-preview:large, max-video-preview:-1\" \/>\n<link rel=\"canonical\" href=\"https:\/\/svilupporaytech.com\/es\/producto\/baja-tension\/rellenos\/gomas\/sky-plast\/\" \/>\n<meta property=\"og:locale\" content=\"es_ES\" \/>\n<meta property=\"og:type\" content=\"article\" \/>\n<meta property=\"og:title\" content=\"Sky Plast | Raytech\" \/>\n<meta property=\"og:description\" content=\"La goma bicomponente de pasta aislante, modelable, autoextinguible, con elevadas caracter\u00edsticas diel\u00e9ctricas De la constante y atenta investigaci\u00f3n y del desarrollo de nuevas tecnolog\u00edas, Raytech ha ideado Sky Plast, innovaci\u00f3n [\u2026]\" \/>\n<meta property=\"og:url\" content=\"https:\/\/svilupporaytech.com\/es\/producto\/baja-tension\/rellenos\/gomas\/sky-plast\/\" \/>\n<meta property=\"og:site_name\" content=\"Raytech\" \/>\n<meta property=\"article:modified_time\" content=\"2023-06-16T12:55:17+00:00\" \/>\n<meta property=\"og:image\" content=\"https:\/\/svilupporaytech.com\/wp-content\/uploads\/SkyPlast_pack.jpg\" \/>\n\t<meta property=\"og:image:width\" content=\"1024\" \/>\n\t<meta property=\"og:image:height\" content=\"1024\" \/>\n\t<meta property=\"og:image:type\" content=\"image\/jpeg\" \/>\n<meta name=\"twitter:card\" content=\"summary_large_image\" \/>\n<meta name=\"twitter:label1\" content=\"Tiempo de lectura\" \/>\n\t<meta name=\"twitter:data1\" content=\"1 minuto\" \/>\n<script type=\"application\/ld+json\" class=\"yoast-schema-graph\">{\"@context\":\"https:\/\/schema.org\",\"@graph\":[{\"@type\":\"WebPage\",\"@id\":\"https:\/\/svilupporaytech.com\/es\/producto\/baja-tension\/rellenos\/gomas\/sky-plast\/\",\"url\":\"https:\/\/svilupporaytech.com\/es\/producto\/baja-tension\/rellenos\/gomas\/sky-plast\/\",\"name\":\"Sky Plast | Raytech\",\"isPartOf\":{\"@id\":\"https:\/\/svilupporaytech.com\/#website\"},\"primaryImageOfPage\":{\"@id\":\"https:\/\/svilupporaytech.com\/es\/producto\/baja-tension\/rellenos\/gomas\/sky-plast\/#primaryimage\"},\"image\":{\"@id\":\"https:\/\/svilupporaytech.com\/es\/producto\/baja-tension\/rellenos\/gomas\/sky-plast\/#primaryimage\"},\"thumbnailUrl\":\"https:\/\/svilupporaytech.com\/wp-content\/uploads\/SkyPlast_pack.jpg\",\"datePublished\":\"2015-12-16T14:00:28+00:00\",\"dateModified\":\"2023-06-16T12:55:17+00:00\",\"breadcrumb\":{\"@id\":\"https:\/\/svilupporaytech.com\/es\/producto\/baja-tension\/rellenos\/gomas\/sky-plast\/#breadcrumb\"},\"inLanguage\":\"es\",\"potentialAction\":[{\"@type\":\"ReadAction\",\"target\":[\"https:\/\/svilupporaytech.com\/es\/producto\/baja-tension\/rellenos\/gomas\/sky-plast\/\"]}]},{\"@type\":\"ImageObject\",\"inLanguage\":\"es\",\"@id\":\"https:\/\/svilupporaytech.com\/es\/producto\/baja-tension\/rellenos\/gomas\/sky-plast\/#primaryimage\",\"url\":\"https:\/\/svilupporaytech.com\/wp-content\/uploads\/SkyPlast_pack.jpg\",\"contentUrl\":\"https:\/\/svilupporaytech.com\/wp-content\/uploads\/SkyPlast_pack.jpg\",\"width\":1024,\"height\":1024},{\"@type\":\"BreadcrumbList\",\"@id\":\"https:\/\/svilupporaytech.com\/es\/producto\/baja-tension\/rellenos\/gomas\/sky-plast\/#breadcrumb\",\"itemListElement\":[{\"@type\":\"ListItem\",\"position\":1,\"name\":\"Home\",\"item\":\"https:\/\/svilupporaytech.com\/es\/\"},{\"@type\":\"ListItem\",\"position\":2,\"name\":\"Tienda\",\"item\":\"https:\/\/svilupporaytech.com\/es\/tienda\/\"},{\"@type\":\"ListItem\",\"position\":3,\"name\":\"Sky Plast\"}]},{\"@type\":\"WebSite\",\"@id\":\"https:\/\/svilupporaytech.com\/#website\",\"url\":\"https:\/\/svilupporaytech.com\/\",\"name\":\"Raytech\",\"description\":\"Cable accessories company\",\"potentialAction\":[{\"@type\":\"SearchAction\",\"target\":{\"@type\":\"EntryPoint\",\"urlTemplate\":\"https:\/\/svilupporaytech.com\/?s={search_term_string}\"},\"query-input\":\"required name=search_term_string\"}],\"inLanguage\":\"es\"}]}<\/script>\n<!-- \/ Yoast SEO plugin. -->","yoast_head_json":{"title":"Sky Plast | Raytech","robots":{"index":"index","follow":"follow","max-snippet":"max-snippet:-1","max-image-preview":"max-image-preview:large","max-video-preview":"max-video-preview:-1"},"canonical":"https:\/\/svilupporaytech.com\/es\/producto\/baja-tension\/rellenos\/gomas\/sky-plast\/","og_locale":"es_ES","og_type":"article","og_title":"Sky Plast | Raytech","og_description":"La goma bicomponente de pasta aislante, modelable, autoextinguible, con elevadas caracter\u00edsticas diel\u00e9ctricas De la constante y atenta investigaci\u00f3n y del desarrollo de nuevas tecnolog\u00edas, Raytech ha ideado Sky Plast, innovaci\u00f3n [\u2026]","og_url":"https:\/\/svilupporaytech.com\/es\/producto\/baja-tension\/rellenos\/gomas\/sky-plast\/","og_site_name":"Raytech","article_modified_time":"2023-06-16T12:55:17+00:00","og_image":[{"width":1024,"height":1024,"url":"https:\/\/svilupporaytech.com\/wp-content\/uploads\/SkyPlast_pack.jpg","type":"image\/jpeg"}],"twitter_card":"summary_large_image","twitter_misc":{"Tiempo de lectura":"1 minuto"},"schema":{"@context":"https:\/\/schema.org","@graph":[{"@type":"WebPage","@id":"https:\/\/svilupporaytech.com\/es\/producto\/baja-tension\/rellenos\/gomas\/sky-plast\/","url":"https:\/\/svilupporaytech.com\/es\/producto\/baja-tension\/rellenos\/gomas\/sky-plast\/","name":"Sky Plast | Raytech","isPartOf":{"@id":"https:\/\/svilupporaytech.com\/#website"},"primaryImageOfPage":{"@id":"https:\/\/svilupporaytech.com\/es\/producto\/baja-tension\/rellenos\/gomas\/sky-plast\/#primaryimage"},"image":{"@id":"https:\/\/svilupporaytech.com\/es\/producto\/baja-tension\/rellenos\/gomas\/sky-plast\/#primaryimage"},"thumbnailUrl":"https:\/\/svilupporaytech.com\/wp-content\/uploads\/SkyPlast_pack.jpg","datePublished":"2015-12-16T14:00:28+00:00","dateModified":"2023-06-16T12:55:17+00:00","breadcrumb":{"@id":"https:\/\/svilupporaytech.com\/es\/producto\/baja-tension\/rellenos\/gomas\/sky-plast\/#breadcrumb"},"inLanguage":"es","potentialAction":[{"@type":"ReadAction","target":["https:\/\/svilupporaytech.com\/es\/producto\/baja-tension\/rellenos\/gomas\/sky-plast\/"]}]},{"@type":"ImageObject","inLanguage":"es","@id":"https:\/\/svilupporaytech.com\/es\/producto\/baja-tension\/rellenos\/gomas\/sky-plast\/#primaryimage","url":"https:\/\/svilupporaytech.com\/wp-content\/uploads\/SkyPlast_pack.jpg","contentUrl":"https:\/\/svilupporaytech.com\/wp-content\/uploads\/SkyPlast_pack.jpg","width":1024,"height":1024},{"@type":"BreadcrumbList","@id":"https:\/\/svilupporaytech.com\/es\/producto\/baja-tension\/rellenos\/gomas\/sky-plast\/#breadcrumb","itemListElement":[{"@type":"ListItem","position":1,"name":"Home","item":"https:\/\/svilupporaytech.com\/es\/"},{"@type":"ListItem","position":2,"name":"Tienda","item":"https:\/\/svilupporaytech.com\/es\/tienda\/"},{"@type":"ListItem","position":3,"name":"Sky Plast"}]},{"@type":"WebSite","@id":"https:\/\/svilupporaytech.com\/#website","url":"https:\/\/svilupporaytech.com\/","name":"Raytech","description":"Cable accessories company","potentialAction":[{"@type":"SearchAction","target":{"@type":"EntryPoint","urlTemplate":"https:\/\/svilupporaytech.com\/?s={search_term_string}"},"query-input":"required name=search_term_string"}],"inLanguage":"es"}]}},"_links":{"self":[{"href":"https:\/\/svilupporaytech.com\/es\/wp-json\/wp\/v2\/product\/6281"}],"collection":[{"href":"https:\/\/svilupporaytech.com\/es\/wp-json\/wp\/v2\/product"}],"about":[{"href":"https:\/\/svilupporaytech.com\/es\/wp-json\/wp\/v2\/types\/product"}],"wp:featuredmedia":[{"embeddable":true,"href":"https:\/\/svilupporaytech.com\/es\/wp-json\/wp\/v2\/media\/33055"}],"wp:attachment":[{"href":"https:\/\/svilupporaytech.com\/es\/wp-json\/wp\/v2\/media?parent=6281"}],"wp:term":[{"taxonomy":"product_cat","embeddable":true,"href":"https:\/\/svilupporaytech.com\/es\/wp-json\/wp\/v2\/product_cat?post=6281"},{"taxonomy":"product_tag","embeddable":true,"href":"https:\/\/svilupporaytech.com\/es\/wp-json\/wp\/v2\/product_tag?post=6281"}],"curies":[{"name":"wp","href":"https:\/\/api.w.org\/{rel}","templated":true}]}}