{"id":6330,"date":"2015-07-16T09:53:42","date_gmt":"2015-12-16T16:39:36","guid":{"rendered":"https:\/\/svilupporaytech.com\/?post_type=product&#038;p=6330&#038;lang=es"},"modified":"2015-12-16T16:39:36","modified_gmt":"2015-12-16T16:39:36","slug":"raytech-super-3-3","status":"publish","type":"product","link":"https:\/\/svilupporaytech.com\/es\/producto\/baja-tension\/cintas-aislantes\/cintas-autoadhesivas-de-pvc\/raytech-super-3-3\/","title":{"rendered":"Raytech Super 3-3"},"content":{"rendered":"<h4><span style=\"color: #009832;\">Autoadhesivo para el empleo a bajas y altas temperaturas<\/span><\/h4>\n<p>Cinta aislante autoadhesiva de PVC con caracter\u00edsticas el\u00e9ctricas y mec\u00e1nicas excelentes para ser utilizada a varias temperaturas. Indicado en especial para el uso a bajas temperaturas y en cualquier condici\u00f3n atmosf\u00e9rica, incluso extrema. Retardador de llama y autoextinguible. Indicado como aislante principal para uniones hasta 0.6\/1 kV, como revestimiento exterior para uniones y otros productos y para todas las aplicaciones a baja temperatura.<\/p>\n","protected":false},"excerpt":{"rendered":"<p>Autoadhesivo para el empleo a bajas y altas temperaturas Cinta aislante autoadhesiva de PVC con caracter\u00edsticas el\u00e9ctricas y mec\u00e1nicas excelentes para ser utilizada a varias temperaturas. Indicado en especial para<span class=\"excerpt-hellip\"> [\u2026]<\/span><\/p>\n","protected":false},"featured_media":1398,"template":"","meta":[],"product_cat":[239,250,252],"product_tag":[],"yoast_head":"<!-- This site is optimized with the Yoast SEO plugin v22.7 - https:\/\/yoast.com\/wordpress\/plugins\/seo\/ -->\n<title>Raytech Super 3-3 | Raytech<\/title>\n<meta name=\"robots\" content=\"index, follow, max-snippet:-1, max-image-preview:large, max-video-preview:-1\" \/>\n<link rel=\"canonical\" href=\"https:\/\/svilupporaytech.com\/es\/producto\/baja-tension\/cintas-aislantes\/cintas-autoadhesivas-de-pvc\/raytech-super-3-3\/\" \/>\n<meta property=\"og:locale\" content=\"es_ES\" \/>\n<meta property=\"og:type\" content=\"article\" \/>\n<meta property=\"og:title\" content=\"Raytech Super 3-3 | Raytech\" \/>\n<meta property=\"og:description\" content=\"Autoadhesivo para el empleo a bajas y altas temperaturas Cinta aislante autoadhesiva de PVC con caracter\u00edsticas el\u00e9ctricas y mec\u00e1nicas excelentes para ser utilizada a varias temperaturas. Indicado en especial para [\u2026]\" \/>\n<meta property=\"og:url\" content=\"https:\/\/svilupporaytech.com\/es\/producto\/baja-tension\/cintas-aislantes\/cintas-autoadhesivas-de-pvc\/raytech-super-3-3\/\" \/>\n<meta property=\"og:site_name\" content=\"Raytech\" \/>\n<meta property=\"og:image\" content=\"https:\/\/svilupporaytech.com\/wp-content\/uploads\/raytech-super-3-3.jpg\" \/>\n\t<meta property=\"og:image:width\" content=\"500\" \/>\n\t<meta property=\"og:image:height\" content=\"500\" \/>\n\t<meta property=\"og:image:type\" content=\"image\/jpeg\" \/>\n<meta name=\"twitter:card\" content=\"summary_large_image\" \/>\n<script type=\"application\/ld+json\" class=\"yoast-schema-graph\">{\"@context\":\"https:\/\/schema.org\",\"@graph\":[{\"@type\":\"WebPage\",\"@id\":\"https:\/\/svilupporaytech.com\/es\/producto\/baja-tension\/cintas-aislantes\/cintas-autoadhesivas-de-pvc\/raytech-super-3-3\/\",\"url\":\"https:\/\/svilupporaytech.com\/es\/producto\/baja-tension\/cintas-aislantes\/cintas-autoadhesivas-de-pvc\/raytech-super-3-3\/\",\"name\":\"Raytech Super 3-3 | Raytech\",\"isPartOf\":{\"@id\":\"https:\/\/svilupporaytech.com\/#website\"},\"primaryImageOfPage\":{\"@id\":\"https:\/\/svilupporaytech.com\/es\/producto\/baja-tension\/cintas-aislantes\/cintas-autoadhesivas-de-pvc\/raytech-super-3-3\/#primaryimage\"},\"image\":{\"@id\":\"https:\/\/svilupporaytech.com\/es\/producto\/baja-tension\/cintas-aislantes\/cintas-autoadhesivas-de-pvc\/raytech-super-3-3\/#primaryimage\"},\"thumbnailUrl\":\"https:\/\/svilupporaytech.com\/wp-content\/uploads\/raytech-super-3-3.jpg\",\"datePublished\":\"2015-12-16T16:39:36+00:00\",\"dateModified\":\"2015-12-16T16:39:36+00:00\",\"breadcrumb\":{\"@id\":\"https:\/\/svilupporaytech.com\/es\/producto\/baja-tension\/cintas-aislantes\/cintas-autoadhesivas-de-pvc\/raytech-super-3-3\/#breadcrumb\"},\"inLanguage\":\"es\",\"potentialAction\":[{\"@type\":\"ReadAction\",\"target\":[\"https:\/\/svilupporaytech.com\/es\/producto\/baja-tension\/cintas-aislantes\/cintas-autoadhesivas-de-pvc\/raytech-super-3-3\/\"]}]},{\"@type\":\"ImageObject\",\"inLanguage\":\"es\",\"@id\":\"https:\/\/svilupporaytech.com\/es\/producto\/baja-tension\/cintas-aislantes\/cintas-autoadhesivas-de-pvc\/raytech-super-3-3\/#primaryimage\",\"url\":\"https:\/\/svilupporaytech.com\/wp-content\/uploads\/raytech-super-3-3.jpg\",\"contentUrl\":\"https:\/\/svilupporaytech.com\/wp-content\/uploads\/raytech-super-3-3.jpg\",\"width\":500,\"height\":500},{\"@type\":\"BreadcrumbList\",\"@id\":\"https:\/\/svilupporaytech.com\/es\/producto\/baja-tension\/cintas-aislantes\/cintas-autoadhesivas-de-pvc\/raytech-super-3-3\/#breadcrumb\",\"itemListElement\":[{\"@type\":\"ListItem\",\"position\":1,\"name\":\"Home\",\"item\":\"https:\/\/svilupporaytech.com\/es\/\"},{\"@type\":\"ListItem\",\"position\":2,\"name\":\"Tienda\",\"item\":\"https:\/\/svilupporaytech.com\/es\/tienda\/\"},{\"@type\":\"ListItem\",\"position\":3,\"name\":\"Raytech Super 3-3\"}]},{\"@type\":\"WebSite\",\"@id\":\"https:\/\/svilupporaytech.com\/#website\",\"url\":\"https:\/\/svilupporaytech.com\/\",\"name\":\"Raytech\",\"description\":\"Cable accessories company\",\"potentialAction\":[{\"@type\":\"SearchAction\",\"target\":{\"@type\":\"EntryPoint\",\"urlTemplate\":\"https:\/\/svilupporaytech.com\/?s={search_term_string}\"},\"query-input\":\"required name=search_term_string\"}],\"inLanguage\":\"es\"}]}<\/script>\n<!-- \/ Yoast SEO plugin. -->","yoast_head_json":{"title":"Raytech Super 3-3 | Raytech","robots":{"index":"index","follow":"follow","max-snippet":"max-snippet:-1","max-image-preview":"max-image-preview:large","max-video-preview":"max-video-preview:-1"},"canonical":"https:\/\/svilupporaytech.com\/es\/producto\/baja-tension\/cintas-aislantes\/cintas-autoadhesivas-de-pvc\/raytech-super-3-3\/","og_locale":"es_ES","og_type":"article","og_title":"Raytech Super 3-3 | Raytech","og_description":"Autoadhesivo para el empleo a bajas y altas temperaturas Cinta aislante autoadhesiva de PVC con caracter\u00edsticas el\u00e9ctricas y mec\u00e1nicas excelentes para ser utilizada a varias temperaturas. Indicado en especial para [\u2026]","og_url":"https:\/\/svilupporaytech.com\/es\/producto\/baja-tension\/cintas-aislantes\/cintas-autoadhesivas-de-pvc\/raytech-super-3-3\/","og_site_name":"Raytech","og_image":[{"width":500,"height":500,"url":"https:\/\/svilupporaytech.com\/wp-content\/uploads\/raytech-super-3-3.jpg","type":"image\/jpeg"}],"twitter_card":"summary_large_image","schema":{"@context":"https:\/\/schema.org","@graph":[{"@type":"WebPage","@id":"https:\/\/svilupporaytech.com\/es\/producto\/baja-tension\/cintas-aislantes\/cintas-autoadhesivas-de-pvc\/raytech-super-3-3\/","url":"https:\/\/svilupporaytech.com\/es\/producto\/baja-tension\/cintas-aislantes\/cintas-autoadhesivas-de-pvc\/raytech-super-3-3\/","name":"Raytech Super 3-3 | Raytech","isPartOf":{"@id":"https:\/\/svilupporaytech.com\/#website"},"primaryImageOfPage":{"@id":"https:\/\/svilupporaytech.com\/es\/producto\/baja-tension\/cintas-aislantes\/cintas-autoadhesivas-de-pvc\/raytech-super-3-3\/#primaryimage"},"image":{"@id":"https:\/\/svilupporaytech.com\/es\/producto\/baja-tension\/cintas-aislantes\/cintas-autoadhesivas-de-pvc\/raytech-super-3-3\/#primaryimage"},"thumbnailUrl":"https:\/\/svilupporaytech.com\/wp-content\/uploads\/raytech-super-3-3.jpg","datePublished":"2015-12-16T16:39:36+00:00","dateModified":"2015-12-16T16:39:36+00:00","breadcrumb":{"@id":"https:\/\/svilupporaytech.com\/es\/producto\/baja-tension\/cintas-aislantes\/cintas-autoadhesivas-de-pvc\/raytech-super-3-3\/#breadcrumb"},"inLanguage":"es","potentialAction":[{"@type":"ReadAction","target":["https:\/\/svilupporaytech.com\/es\/producto\/baja-tension\/cintas-aislantes\/cintas-autoadhesivas-de-pvc\/raytech-super-3-3\/"]}]},{"@type":"ImageObject","inLanguage":"es","@id":"https:\/\/svilupporaytech.com\/es\/producto\/baja-tension\/cintas-aislantes\/cintas-autoadhesivas-de-pvc\/raytech-super-3-3\/#primaryimage","url":"https:\/\/svilupporaytech.com\/wp-content\/uploads\/raytech-super-3-3.jpg","contentUrl":"https:\/\/svilupporaytech.com\/wp-content\/uploads\/raytech-super-3-3.jpg","width":500,"height":500},{"@type":"BreadcrumbList","@id":"https:\/\/svilupporaytech.com\/es\/producto\/baja-tension\/cintas-aislantes\/cintas-autoadhesivas-de-pvc\/raytech-super-3-3\/#breadcrumb","itemListElement":[{"@type":"ListItem","position":1,"name":"Home","item":"https:\/\/svilupporaytech.com\/es\/"},{"@type":"ListItem","position":2,"name":"Tienda","item":"https:\/\/svilupporaytech.com\/es\/tienda\/"},{"@type":"ListItem","position":3,"name":"Raytech Super 3-3"}]},{"@type":"WebSite","@id":"https:\/\/svilupporaytech.com\/#website","url":"https:\/\/svilupporaytech.com\/","name":"Raytech","description":"Cable accessories company","potentialAction":[{"@type":"SearchAction","target":{"@type":"EntryPoint","urlTemplate":"https:\/\/svilupporaytech.com\/?s={search_term_string}"},"query-input":"required name=search_term_string"}],"inLanguage":"es"}]}},"_links":{"self":[{"href":"https:\/\/svilupporaytech.com\/es\/wp-json\/wp\/v2\/product\/6330"}],"collection":[{"href":"https:\/\/svilupporaytech.com\/es\/wp-json\/wp\/v2\/product"}],"about":[{"href":"https:\/\/svilupporaytech.com\/es\/wp-json\/wp\/v2\/types\/product"}],"wp:featuredmedia":[{"embeddable":true,"href":"https:\/\/svilupporaytech.com\/es\/wp-json\/wp\/v2\/media\/1398"}],"wp:attachment":[{"href":"https:\/\/svilupporaytech.com\/es\/wp-json\/wp\/v2\/media?parent=6330"}],"wp:term":[{"taxonomy":"product_cat","embeddable":true,"href":"https:\/\/svilupporaytech.com\/es\/wp-json\/wp\/v2\/product_cat?post=6330"},{"taxonomy":"product_tag","embeddable":true,"href":"https:\/\/svilupporaytech.com\/es\/wp-json\/wp\/v2\/product_tag?post=6330"}],"curies":[{"name":"wp","href":"https:\/\/api.w.org\/{rel}","templated":true}]}}