{"id":6337,"date":"2015-07-16T10:05:17","date_gmt":"2015-12-16T16:50:49","guid":{"rendered":"https:\/\/svilupporaytech.com\/?post_type=product&#038;p=6337&#038;lang=es"},"modified":"2015-12-16T16:50:49","modified_gmt":"2015-12-16T16:50:49","slug":"raytefill","status":"publish","type":"product","link":"https:\/\/svilupporaytech.com\/es\/producto\/baja-tension\/cintas-aislantes\/auto-aglomerantes\/raytefill\/","title":{"rendered":"Raytefill"},"content":{"rendered":"<h4><span style=\"color: #009832;\">Cinta aislante autoaglomerante BT de fuerte espesor<\/span><\/h4>\n<p>Cinta aislante autoaglomerante para baja tensi\u00f3n estudiado espec\u00edficamente, de fuerte espesor (3,2 mm), para una r\u00e1pida reconstrucci\u00f3n del aislante de cables de baja tensi\u00f3n, para la cobertura de formas complejas (aislamiento y cobertura de uniones entre barras y tornillos con tuercas relativos, bornes etc.), para el sellado contra la humedad. Una vez aplicado forma una masa compacta, completamente no porosa, con caracter\u00edsticas el\u00e9ctricas \u00f3ptimas y una resistencia al envejecimiento que se adapta perfectamente a los productos que cubre.<\/p>\n","protected":false},"excerpt":{"rendered":"<p>Cinta aislante autoaglomerante BT de fuerte espesor Cinta aislante autoaglomerante para baja tensi\u00f3n estudiado espec\u00edficamente, de fuerte espesor (3,2 mm), para una r\u00e1pida reconstrucci\u00f3n del aislante de cables de baja<span class=\"excerpt-hellip\"> [\u2026]<\/span><\/p>\n","protected":false},"featured_media":1433,"template":"","meta":[],"product_cat":[239,250,253],"product_tag":[],"yoast_head":"<!-- This site is optimized with the Yoast SEO plugin v22.7 - https:\/\/yoast.com\/wordpress\/plugins\/seo\/ -->\n<title>Raytefill | Raytech<\/title>\n<meta name=\"robots\" content=\"index, follow, max-snippet:-1, max-image-preview:large, max-video-preview:-1\" \/>\n<link rel=\"canonical\" href=\"https:\/\/svilupporaytech.com\/es\/producto\/baja-tension\/cintas-aislantes\/auto-aglomerantes\/raytefill\/\" \/>\n<meta property=\"og:locale\" content=\"es_ES\" \/>\n<meta property=\"og:type\" content=\"article\" \/>\n<meta property=\"og:title\" content=\"Raytefill | Raytech\" \/>\n<meta property=\"og:description\" content=\"Cinta aislante autoaglomerante BT de fuerte espesor Cinta aislante autoaglomerante para baja tensi\u00f3n estudiado espec\u00edficamente, de fuerte espesor (3,2 mm), para una r\u00e1pida reconstrucci\u00f3n del aislante de cables de baja [\u2026]\" \/>\n<meta property=\"og:url\" content=\"https:\/\/svilupporaytech.com\/es\/producto\/baja-tension\/cintas-aislantes\/auto-aglomerantes\/raytefill\/\" \/>\n<meta property=\"og:site_name\" content=\"Raytech\" \/>\n<meta property=\"og:image\" content=\"https:\/\/svilupporaytech.com\/wp-content\/uploads\/raytefill.jpg\" \/>\n\t<meta property=\"og:image:width\" content=\"500\" \/>\n\t<meta property=\"og:image:height\" content=\"500\" \/>\n\t<meta property=\"og:image:type\" content=\"image\/jpeg\" \/>\n<meta name=\"twitter:card\" content=\"summary_large_image\" \/>\n<script type=\"application\/ld+json\" class=\"yoast-schema-graph\">{\"@context\":\"https:\/\/schema.org\",\"@graph\":[{\"@type\":\"WebPage\",\"@id\":\"https:\/\/svilupporaytech.com\/es\/producto\/baja-tension\/cintas-aislantes\/auto-aglomerantes\/raytefill\/\",\"url\":\"https:\/\/svilupporaytech.com\/es\/producto\/baja-tension\/cintas-aislantes\/auto-aglomerantes\/raytefill\/\",\"name\":\"Raytefill | Raytech\",\"isPartOf\":{\"@id\":\"https:\/\/svilupporaytech.com\/#website\"},\"primaryImageOfPage\":{\"@id\":\"https:\/\/svilupporaytech.com\/es\/producto\/baja-tension\/cintas-aislantes\/auto-aglomerantes\/raytefill\/#primaryimage\"},\"image\":{\"@id\":\"https:\/\/svilupporaytech.com\/es\/producto\/baja-tension\/cintas-aislantes\/auto-aglomerantes\/raytefill\/#primaryimage\"},\"thumbnailUrl\":\"https:\/\/svilupporaytech.com\/wp-content\/uploads\/raytefill.jpg\",\"datePublished\":\"2015-12-16T16:50:49+00:00\",\"dateModified\":\"2015-12-16T16:50:49+00:00\",\"breadcrumb\":{\"@id\":\"https:\/\/svilupporaytech.com\/es\/producto\/baja-tension\/cintas-aislantes\/auto-aglomerantes\/raytefill\/#breadcrumb\"},\"inLanguage\":\"es\",\"potentialAction\":[{\"@type\":\"ReadAction\",\"target\":[\"https:\/\/svilupporaytech.com\/es\/producto\/baja-tension\/cintas-aislantes\/auto-aglomerantes\/raytefill\/\"]}]},{\"@type\":\"ImageObject\",\"inLanguage\":\"es\",\"@id\":\"https:\/\/svilupporaytech.com\/es\/producto\/baja-tension\/cintas-aislantes\/auto-aglomerantes\/raytefill\/#primaryimage\",\"url\":\"https:\/\/svilupporaytech.com\/wp-content\/uploads\/raytefill.jpg\",\"contentUrl\":\"https:\/\/svilupporaytech.com\/wp-content\/uploads\/raytefill.jpg\",\"width\":500,\"height\":500},{\"@type\":\"BreadcrumbList\",\"@id\":\"https:\/\/svilupporaytech.com\/es\/producto\/baja-tension\/cintas-aislantes\/auto-aglomerantes\/raytefill\/#breadcrumb\",\"itemListElement\":[{\"@type\":\"ListItem\",\"position\":1,\"name\":\"Home\",\"item\":\"https:\/\/svilupporaytech.com\/es\/\"},{\"@type\":\"ListItem\",\"position\":2,\"name\":\"Tienda\",\"item\":\"https:\/\/svilupporaytech.com\/es\/tienda\/\"},{\"@type\":\"ListItem\",\"position\":3,\"name\":\"Raytefill\"}]},{\"@type\":\"WebSite\",\"@id\":\"https:\/\/svilupporaytech.com\/#website\",\"url\":\"https:\/\/svilupporaytech.com\/\",\"name\":\"Raytech\",\"description\":\"Cable accessories company\",\"potentialAction\":[{\"@type\":\"SearchAction\",\"target\":{\"@type\":\"EntryPoint\",\"urlTemplate\":\"https:\/\/svilupporaytech.com\/?s={search_term_string}\"},\"query-input\":\"required name=search_term_string\"}],\"inLanguage\":\"es\"}]}<\/script>\n<!-- \/ Yoast SEO plugin. -->","yoast_head_json":{"title":"Raytefill | Raytech","robots":{"index":"index","follow":"follow","max-snippet":"max-snippet:-1","max-image-preview":"max-image-preview:large","max-video-preview":"max-video-preview:-1"},"canonical":"https:\/\/svilupporaytech.com\/es\/producto\/baja-tension\/cintas-aislantes\/auto-aglomerantes\/raytefill\/","og_locale":"es_ES","og_type":"article","og_title":"Raytefill | Raytech","og_description":"Cinta aislante autoaglomerante BT de fuerte espesor Cinta aislante autoaglomerante para baja tensi\u00f3n estudiado espec\u00edficamente, de fuerte espesor (3,2 mm), para una r\u00e1pida reconstrucci\u00f3n del aislante de cables de baja [\u2026]","og_url":"https:\/\/svilupporaytech.com\/es\/producto\/baja-tension\/cintas-aislantes\/auto-aglomerantes\/raytefill\/","og_site_name":"Raytech","og_image":[{"width":500,"height":500,"url":"https:\/\/svilupporaytech.com\/wp-content\/uploads\/raytefill.jpg","type":"image\/jpeg"}],"twitter_card":"summary_large_image","schema":{"@context":"https:\/\/schema.org","@graph":[{"@type":"WebPage","@id":"https:\/\/svilupporaytech.com\/es\/producto\/baja-tension\/cintas-aislantes\/auto-aglomerantes\/raytefill\/","url":"https:\/\/svilupporaytech.com\/es\/producto\/baja-tension\/cintas-aislantes\/auto-aglomerantes\/raytefill\/","name":"Raytefill | Raytech","isPartOf":{"@id":"https:\/\/svilupporaytech.com\/#website"},"primaryImageOfPage":{"@id":"https:\/\/svilupporaytech.com\/es\/producto\/baja-tension\/cintas-aislantes\/auto-aglomerantes\/raytefill\/#primaryimage"},"image":{"@id":"https:\/\/svilupporaytech.com\/es\/producto\/baja-tension\/cintas-aislantes\/auto-aglomerantes\/raytefill\/#primaryimage"},"thumbnailUrl":"https:\/\/svilupporaytech.com\/wp-content\/uploads\/raytefill.jpg","datePublished":"2015-12-16T16:50:49+00:00","dateModified":"2015-12-16T16:50:49+00:00","breadcrumb":{"@id":"https:\/\/svilupporaytech.com\/es\/producto\/baja-tension\/cintas-aislantes\/auto-aglomerantes\/raytefill\/#breadcrumb"},"inLanguage":"es","potentialAction":[{"@type":"ReadAction","target":["https:\/\/svilupporaytech.com\/es\/producto\/baja-tension\/cintas-aislantes\/auto-aglomerantes\/raytefill\/"]}]},{"@type":"ImageObject","inLanguage":"es","@id":"https:\/\/svilupporaytech.com\/es\/producto\/baja-tension\/cintas-aislantes\/auto-aglomerantes\/raytefill\/#primaryimage","url":"https:\/\/svilupporaytech.com\/wp-content\/uploads\/raytefill.jpg","contentUrl":"https:\/\/svilupporaytech.com\/wp-content\/uploads\/raytefill.jpg","width":500,"height":500},{"@type":"BreadcrumbList","@id":"https:\/\/svilupporaytech.com\/es\/producto\/baja-tension\/cintas-aislantes\/auto-aglomerantes\/raytefill\/#breadcrumb","itemListElement":[{"@type":"ListItem","position":1,"name":"Home","item":"https:\/\/svilupporaytech.com\/es\/"},{"@type":"ListItem","position":2,"name":"Tienda","item":"https:\/\/svilupporaytech.com\/es\/tienda\/"},{"@type":"ListItem","position":3,"name":"Raytefill"}]},{"@type":"WebSite","@id":"https:\/\/svilupporaytech.com\/#website","url":"https:\/\/svilupporaytech.com\/","name":"Raytech","description":"Cable accessories company","potentialAction":[{"@type":"SearchAction","target":{"@type":"EntryPoint","urlTemplate":"https:\/\/svilupporaytech.com\/?s={search_term_string}"},"query-input":"required name=search_term_string"}],"inLanguage":"es"}]}},"_links":{"self":[{"href":"https:\/\/svilupporaytech.com\/es\/wp-json\/wp\/v2\/product\/6337"}],"collection":[{"href":"https:\/\/svilupporaytech.com\/es\/wp-json\/wp\/v2\/product"}],"about":[{"href":"https:\/\/svilupporaytech.com\/es\/wp-json\/wp\/v2\/types\/product"}],"wp:featuredmedia":[{"embeddable":true,"href":"https:\/\/svilupporaytech.com\/es\/wp-json\/wp\/v2\/media\/1433"}],"wp:attachment":[{"href":"https:\/\/svilupporaytech.com\/es\/wp-json\/wp\/v2\/media?parent=6337"}],"wp:term":[{"taxonomy":"product_cat","embeddable":true,"href":"https:\/\/svilupporaytech.com\/es\/wp-json\/wp\/v2\/product_cat?post=6337"},{"taxonomy":"product_tag","embeddable":true,"href":"https:\/\/svilupporaytech.com\/es\/wp-json\/wp\/v2\/product_tag?post=6337"}],"curies":[{"name":"wp","href":"https:\/\/api.w.org\/{rel}","templated":true}]}}