{"id":6340,"date":"2015-07-16T10:10:47","date_gmt":"2015-12-16T16:59:41","guid":{"rendered":"https:\/\/svilupporaytech.com\/?post_type=product&#038;p=6340&#038;lang=es"},"modified":"2015-12-16T16:59:41","modified_gmt":"2015-12-16T16:59:41","slug":"mca-all","status":"publish","type":"product","link":"https:\/\/svilupporaytech.com\/es\/producto\/baja-tension\/cintas-aislantes\/cintas-especiales\/mca-all\/","title":{"rendered":"MCA-ALL"},"content":{"rendered":"<h4><span style=\"color: #009832;\">Cinta de aluminio autoadhesiva<\/span><\/h4>\n<p>Cinta de aluminio autoadhesiva para la fijaci\u00f3n de componentes o superficies llanas y de amplio radio de curvado (ej. Fijaci\u00f3n dep\u00f3sitos del cable calentador autoregulado MCA&#8230; para trazados el\u00e9ctricos). Utilizado tambi\u00e9n para la cobertura o la reparaci\u00f3n de agujeros o abrasiones sobre superficies met\u00e1licas, chapas, superficies de pl\u00e1stico. Adhesi\u00f3n elevada.<\/p>\n","protected":false},"excerpt":{"rendered":"<p>Cinta de aluminio autoadhesiva Cinta de aluminio autoadhesiva para la fijaci\u00f3n de componentes o superficies llanas y de amplio radio de curvado (ej. Fijaci\u00f3n dep\u00f3sitos del cable calentador autoregulado MCA&#8230;<span class=\"excerpt-hellip\"> [\u2026]<\/span><\/p>\n","protected":false},"featured_media":1461,"template":"","meta":[],"product_cat":[239,250,251],"product_tag":[],"yoast_head":"<!-- This site is optimized with the Yoast SEO plugin v22.7 - https:\/\/yoast.com\/wordpress\/plugins\/seo\/ -->\n<title>MCA-ALL | Raytech<\/title>\n<meta name=\"robots\" content=\"index, follow, max-snippet:-1, max-image-preview:large, max-video-preview:-1\" \/>\n<link rel=\"canonical\" href=\"https:\/\/svilupporaytech.com\/es\/producto\/baja-tension\/cintas-aislantes\/cintas-especiales\/mca-all\/\" \/>\n<meta property=\"og:locale\" content=\"es_ES\" \/>\n<meta property=\"og:type\" content=\"article\" \/>\n<meta property=\"og:title\" content=\"MCA-ALL | Raytech\" \/>\n<meta property=\"og:description\" content=\"Cinta de aluminio autoadhesiva Cinta de aluminio autoadhesiva para la fijaci\u00f3n de componentes o superficies llanas y de amplio radio de curvado (ej. Fijaci\u00f3n dep\u00f3sitos del cable calentador autoregulado MCA&#8230; [\u2026]\" \/>\n<meta property=\"og:url\" content=\"https:\/\/svilupporaytech.com\/es\/producto\/baja-tension\/cintas-aislantes\/cintas-especiales\/mca-all\/\" \/>\n<meta property=\"og:site_name\" content=\"Raytech\" \/>\n<meta property=\"og:image\" content=\"https:\/\/svilupporaytech.com\/wp-content\/uploads\/mca-all.jpg\" \/>\n\t<meta property=\"og:image:width\" content=\"500\" \/>\n\t<meta property=\"og:image:height\" content=\"500\" \/>\n\t<meta property=\"og:image:type\" content=\"image\/jpeg\" \/>\n<meta name=\"twitter:card\" content=\"summary_large_image\" \/>\n<script type=\"application\/ld+json\" class=\"yoast-schema-graph\">{\"@context\":\"https:\/\/schema.org\",\"@graph\":[{\"@type\":\"WebPage\",\"@id\":\"https:\/\/svilupporaytech.com\/es\/producto\/baja-tension\/cintas-aislantes\/cintas-especiales\/mca-all\/\",\"url\":\"https:\/\/svilupporaytech.com\/es\/producto\/baja-tension\/cintas-aislantes\/cintas-especiales\/mca-all\/\",\"name\":\"MCA-ALL | Raytech\",\"isPartOf\":{\"@id\":\"https:\/\/svilupporaytech.com\/#website\"},\"primaryImageOfPage\":{\"@id\":\"https:\/\/svilupporaytech.com\/es\/producto\/baja-tension\/cintas-aislantes\/cintas-especiales\/mca-all\/#primaryimage\"},\"image\":{\"@id\":\"https:\/\/svilupporaytech.com\/es\/producto\/baja-tension\/cintas-aislantes\/cintas-especiales\/mca-all\/#primaryimage\"},\"thumbnailUrl\":\"https:\/\/svilupporaytech.com\/wp-content\/uploads\/mca-all.jpg\",\"datePublished\":\"2015-12-16T16:59:41+00:00\",\"dateModified\":\"2015-12-16T16:59:41+00:00\",\"breadcrumb\":{\"@id\":\"https:\/\/svilupporaytech.com\/es\/producto\/baja-tension\/cintas-aislantes\/cintas-especiales\/mca-all\/#breadcrumb\"},\"inLanguage\":\"es\",\"potentialAction\":[{\"@type\":\"ReadAction\",\"target\":[\"https:\/\/svilupporaytech.com\/es\/producto\/baja-tension\/cintas-aislantes\/cintas-especiales\/mca-all\/\"]}]},{\"@type\":\"ImageObject\",\"inLanguage\":\"es\",\"@id\":\"https:\/\/svilupporaytech.com\/es\/producto\/baja-tension\/cintas-aislantes\/cintas-especiales\/mca-all\/#primaryimage\",\"url\":\"https:\/\/svilupporaytech.com\/wp-content\/uploads\/mca-all.jpg\",\"contentUrl\":\"https:\/\/svilupporaytech.com\/wp-content\/uploads\/mca-all.jpg\",\"width\":500,\"height\":500},{\"@type\":\"BreadcrumbList\",\"@id\":\"https:\/\/svilupporaytech.com\/es\/producto\/baja-tension\/cintas-aislantes\/cintas-especiales\/mca-all\/#breadcrumb\",\"itemListElement\":[{\"@type\":\"ListItem\",\"position\":1,\"name\":\"Home\",\"item\":\"https:\/\/svilupporaytech.com\/es\/\"},{\"@type\":\"ListItem\",\"position\":2,\"name\":\"Tienda\",\"item\":\"https:\/\/svilupporaytech.com\/es\/tienda\/\"},{\"@type\":\"ListItem\",\"position\":3,\"name\":\"MCA-ALL\"}]},{\"@type\":\"WebSite\",\"@id\":\"https:\/\/svilupporaytech.com\/#website\",\"url\":\"https:\/\/svilupporaytech.com\/\",\"name\":\"Raytech\",\"description\":\"Cable accessories company\",\"potentialAction\":[{\"@type\":\"SearchAction\",\"target\":{\"@type\":\"EntryPoint\",\"urlTemplate\":\"https:\/\/svilupporaytech.com\/?s={search_term_string}\"},\"query-input\":\"required name=search_term_string\"}],\"inLanguage\":\"es\"}]}<\/script>\n<!-- \/ Yoast SEO plugin. -->","yoast_head_json":{"title":"MCA-ALL | Raytech","robots":{"index":"index","follow":"follow","max-snippet":"max-snippet:-1","max-image-preview":"max-image-preview:large","max-video-preview":"max-video-preview:-1"},"canonical":"https:\/\/svilupporaytech.com\/es\/producto\/baja-tension\/cintas-aislantes\/cintas-especiales\/mca-all\/","og_locale":"es_ES","og_type":"article","og_title":"MCA-ALL | Raytech","og_description":"Cinta de aluminio autoadhesiva Cinta de aluminio autoadhesiva para la fijaci\u00f3n de componentes o superficies llanas y de amplio radio de curvado (ej. Fijaci\u00f3n dep\u00f3sitos del cable calentador autoregulado MCA&#8230; [\u2026]","og_url":"https:\/\/svilupporaytech.com\/es\/producto\/baja-tension\/cintas-aislantes\/cintas-especiales\/mca-all\/","og_site_name":"Raytech","og_image":[{"width":500,"height":500,"url":"https:\/\/svilupporaytech.com\/wp-content\/uploads\/mca-all.jpg","type":"image\/jpeg"}],"twitter_card":"summary_large_image","schema":{"@context":"https:\/\/schema.org","@graph":[{"@type":"WebPage","@id":"https:\/\/svilupporaytech.com\/es\/producto\/baja-tension\/cintas-aislantes\/cintas-especiales\/mca-all\/","url":"https:\/\/svilupporaytech.com\/es\/producto\/baja-tension\/cintas-aislantes\/cintas-especiales\/mca-all\/","name":"MCA-ALL | Raytech","isPartOf":{"@id":"https:\/\/svilupporaytech.com\/#website"},"primaryImageOfPage":{"@id":"https:\/\/svilupporaytech.com\/es\/producto\/baja-tension\/cintas-aislantes\/cintas-especiales\/mca-all\/#primaryimage"},"image":{"@id":"https:\/\/svilupporaytech.com\/es\/producto\/baja-tension\/cintas-aislantes\/cintas-especiales\/mca-all\/#primaryimage"},"thumbnailUrl":"https:\/\/svilupporaytech.com\/wp-content\/uploads\/mca-all.jpg","datePublished":"2015-12-16T16:59:41+00:00","dateModified":"2015-12-16T16:59:41+00:00","breadcrumb":{"@id":"https:\/\/svilupporaytech.com\/es\/producto\/baja-tension\/cintas-aislantes\/cintas-especiales\/mca-all\/#breadcrumb"},"inLanguage":"es","potentialAction":[{"@type":"ReadAction","target":["https:\/\/svilupporaytech.com\/es\/producto\/baja-tension\/cintas-aislantes\/cintas-especiales\/mca-all\/"]}]},{"@type":"ImageObject","inLanguage":"es","@id":"https:\/\/svilupporaytech.com\/es\/producto\/baja-tension\/cintas-aislantes\/cintas-especiales\/mca-all\/#primaryimage","url":"https:\/\/svilupporaytech.com\/wp-content\/uploads\/mca-all.jpg","contentUrl":"https:\/\/svilupporaytech.com\/wp-content\/uploads\/mca-all.jpg","width":500,"height":500},{"@type":"BreadcrumbList","@id":"https:\/\/svilupporaytech.com\/es\/producto\/baja-tension\/cintas-aislantes\/cintas-especiales\/mca-all\/#breadcrumb","itemListElement":[{"@type":"ListItem","position":1,"name":"Home","item":"https:\/\/svilupporaytech.com\/es\/"},{"@type":"ListItem","position":2,"name":"Tienda","item":"https:\/\/svilupporaytech.com\/es\/tienda\/"},{"@type":"ListItem","position":3,"name":"MCA-ALL"}]},{"@type":"WebSite","@id":"https:\/\/svilupporaytech.com\/#website","url":"https:\/\/svilupporaytech.com\/","name":"Raytech","description":"Cable accessories company","potentialAction":[{"@type":"SearchAction","target":{"@type":"EntryPoint","urlTemplate":"https:\/\/svilupporaytech.com\/?s={search_term_string}"},"query-input":"required name=search_term_string"}],"inLanguage":"es"}]}},"_links":{"self":[{"href":"https:\/\/svilupporaytech.com\/es\/wp-json\/wp\/v2\/product\/6340"}],"collection":[{"href":"https:\/\/svilupporaytech.com\/es\/wp-json\/wp\/v2\/product"}],"about":[{"href":"https:\/\/svilupporaytech.com\/es\/wp-json\/wp\/v2\/types\/product"}],"wp:featuredmedia":[{"embeddable":true,"href":"https:\/\/svilupporaytech.com\/es\/wp-json\/wp\/v2\/media\/1461"}],"wp:attachment":[{"href":"https:\/\/svilupporaytech.com\/es\/wp-json\/wp\/v2\/media?parent=6340"}],"wp:term":[{"taxonomy":"product_cat","embeddable":true,"href":"https:\/\/svilupporaytech.com\/es\/wp-json\/wp\/v2\/product_cat?post=6340"},{"taxonomy":"product_tag","embeddable":true,"href":"https:\/\/svilupporaytech.com\/es\/wp-json\/wp\/v2\/product_tag?post=6340"}],"curies":[{"name":"wp","href":"https:\/\/api.w.org\/{rel}","templated":true}]}}