{"id":6357,"date":"2015-07-16T13:02:46","date_gmt":"2015-12-17T09:04:17","guid":{"rendered":"https:\/\/svilupporaytech.com\/?post_type=product&#038;p=6357&#038;lang=es"},"modified":"2017-12-18T11:27:57","modified_gmt":"2017-12-18T11:27:57","slug":"fsm","status":"publish","type":"product","link":"https:\/\/svilupporaytech.com\/es\/producto\/baja-tension\/barreras-anti-llama\/fsm\/","title":{"rendered":"Barrera ign\u00edfuga de enlucido incombustible"},"content":{"rendered":"<h4><span style=\"color: #009832;\">FSM<br \/>\nBarrera ign\u00edfuga de enlucido incombustible<\/span><\/h4>\n<p>Revestimiento protector para impedir la propagaci\u00f3n de incendios tapando y sellando pasos a trav\u00e9s de paredes de divisi\u00f3n de compartimentos, aplicable manualmente o pulverizado. Se puede mezclar f\u00e1cilmente en grandes cantidades con una hormigonera.<\/p>\n<ul>\n<li><span style=\"color: #009832;\">Fabricado con fibras minerales<\/span><\/li>\n<li><span style=\"color: #009832;\">Se mezcla exclusivamente con agua y con el empleo de hormigoneras<\/span><\/li>\n<li><span style=\"color: #009832;\">Una vez instalado es insensible a la humedad<\/span><\/li>\n<\/ul>\n","protected":false},"excerpt":{"rendered":"<p>Sacco da 20Kg<\/p>\n","protected":false},"featured_media":1559,"template":"","meta":[],"product_cat":[239,240],"product_tag":[],"yoast_head":"<!-- This site is optimized with the Yoast SEO plugin v22.7 - https:\/\/yoast.com\/wordpress\/plugins\/seo\/ -->\n<title>Barrera ign\u00edfuga de enlucido incombustible | Raytech<\/title>\n<meta name=\"robots\" content=\"index, follow, max-snippet:-1, max-image-preview:large, max-video-preview:-1\" \/>\n<link rel=\"canonical\" href=\"https:\/\/svilupporaytech.com\/es\/producto\/baja-tension\/barreras-anti-llama\/fsm\/\" \/>\n<meta property=\"og:locale\" content=\"es_ES\" \/>\n<meta property=\"og:type\" content=\"article\" \/>\n<meta property=\"og:title\" content=\"Barrera ign\u00edfuga de enlucido incombustible | Raytech\" \/>\n<meta property=\"og:description\" content=\"Sacco da 20Kg\" \/>\n<meta property=\"og:url\" content=\"https:\/\/svilupporaytech.com\/es\/producto\/baja-tension\/barreras-anti-llama\/fsm\/\" \/>\n<meta property=\"og:site_name\" content=\"Raytech\" \/>\n<meta property=\"article:modified_time\" content=\"2017-12-18T11:27:57+00:00\" \/>\n<meta property=\"og:image\" content=\"https:\/\/svilupporaytech.com\/wp-content\/uploads\/fsm.jpg\" \/>\n\t<meta property=\"og:image:width\" content=\"500\" \/>\n\t<meta property=\"og:image:height\" content=\"500\" \/>\n\t<meta property=\"og:image:type\" content=\"image\/jpeg\" \/>\n<meta name=\"twitter:card\" content=\"summary_large_image\" \/>\n<script type=\"application\/ld+json\" class=\"yoast-schema-graph\">{\"@context\":\"https:\/\/schema.org\",\"@graph\":[{\"@type\":\"WebPage\",\"@id\":\"https:\/\/svilupporaytech.com\/es\/producto\/baja-tension\/barreras-anti-llama\/fsm\/\",\"url\":\"https:\/\/svilupporaytech.com\/es\/producto\/baja-tension\/barreras-anti-llama\/fsm\/\",\"name\":\"Barrera ign\u00edfuga de enlucido incombustible | Raytech\",\"isPartOf\":{\"@id\":\"https:\/\/svilupporaytech.com\/#website\"},\"primaryImageOfPage\":{\"@id\":\"https:\/\/svilupporaytech.com\/es\/producto\/baja-tension\/barreras-anti-llama\/fsm\/#primaryimage\"},\"image\":{\"@id\":\"https:\/\/svilupporaytech.com\/es\/producto\/baja-tension\/barreras-anti-llama\/fsm\/#primaryimage\"},\"thumbnailUrl\":\"https:\/\/svilupporaytech.com\/wp-content\/uploads\/fsm.jpg\",\"datePublished\":\"2015-12-17T09:04:17+00:00\",\"dateModified\":\"2017-12-18T11:27:57+00:00\",\"breadcrumb\":{\"@id\":\"https:\/\/svilupporaytech.com\/es\/producto\/baja-tension\/barreras-anti-llama\/fsm\/#breadcrumb\"},\"inLanguage\":\"es\",\"potentialAction\":[{\"@type\":\"ReadAction\",\"target\":[\"https:\/\/svilupporaytech.com\/es\/producto\/baja-tension\/barreras-anti-llama\/fsm\/\"]}]},{\"@type\":\"ImageObject\",\"inLanguage\":\"es\",\"@id\":\"https:\/\/svilupporaytech.com\/es\/producto\/baja-tension\/barreras-anti-llama\/fsm\/#primaryimage\",\"url\":\"https:\/\/svilupporaytech.com\/wp-content\/uploads\/fsm.jpg\",\"contentUrl\":\"https:\/\/svilupporaytech.com\/wp-content\/uploads\/fsm.jpg\",\"width\":500,\"height\":500},{\"@type\":\"BreadcrumbList\",\"@id\":\"https:\/\/svilupporaytech.com\/es\/producto\/baja-tension\/barreras-anti-llama\/fsm\/#breadcrumb\",\"itemListElement\":[{\"@type\":\"ListItem\",\"position\":1,\"name\":\"Home\",\"item\":\"https:\/\/svilupporaytech.com\/es\/\"},{\"@type\":\"ListItem\",\"position\":2,\"name\":\"Tienda\",\"item\":\"https:\/\/svilupporaytech.com\/es\/tienda\/\"},{\"@type\":\"ListItem\",\"position\":3,\"name\":\"Barrera ign\u00edfuga de enlucido incombustible\"}]},{\"@type\":\"WebSite\",\"@id\":\"https:\/\/svilupporaytech.com\/#website\",\"url\":\"https:\/\/svilupporaytech.com\/\",\"name\":\"Raytech\",\"description\":\"Cable accessories company\",\"potentialAction\":[{\"@type\":\"SearchAction\",\"target\":{\"@type\":\"EntryPoint\",\"urlTemplate\":\"https:\/\/svilupporaytech.com\/?s={search_term_string}\"},\"query-input\":\"required name=search_term_string\"}],\"inLanguage\":\"es\"}]}<\/script>\n<!-- \/ Yoast SEO plugin. -->","yoast_head_json":{"title":"Barrera ign\u00edfuga de enlucido incombustible | Raytech","robots":{"index":"index","follow":"follow","max-snippet":"max-snippet:-1","max-image-preview":"max-image-preview:large","max-video-preview":"max-video-preview:-1"},"canonical":"https:\/\/svilupporaytech.com\/es\/producto\/baja-tension\/barreras-anti-llama\/fsm\/","og_locale":"es_ES","og_type":"article","og_title":"Barrera ign\u00edfuga de enlucido incombustible | Raytech","og_description":"Sacco da 20Kg","og_url":"https:\/\/svilupporaytech.com\/es\/producto\/baja-tension\/barreras-anti-llama\/fsm\/","og_site_name":"Raytech","article_modified_time":"2017-12-18T11:27:57+00:00","og_image":[{"width":500,"height":500,"url":"https:\/\/svilupporaytech.com\/wp-content\/uploads\/fsm.jpg","type":"image\/jpeg"}],"twitter_card":"summary_large_image","schema":{"@context":"https:\/\/schema.org","@graph":[{"@type":"WebPage","@id":"https:\/\/svilupporaytech.com\/es\/producto\/baja-tension\/barreras-anti-llama\/fsm\/","url":"https:\/\/svilupporaytech.com\/es\/producto\/baja-tension\/barreras-anti-llama\/fsm\/","name":"Barrera ign\u00edfuga de enlucido incombustible | Raytech","isPartOf":{"@id":"https:\/\/svilupporaytech.com\/#website"},"primaryImageOfPage":{"@id":"https:\/\/svilupporaytech.com\/es\/producto\/baja-tension\/barreras-anti-llama\/fsm\/#primaryimage"},"image":{"@id":"https:\/\/svilupporaytech.com\/es\/producto\/baja-tension\/barreras-anti-llama\/fsm\/#primaryimage"},"thumbnailUrl":"https:\/\/svilupporaytech.com\/wp-content\/uploads\/fsm.jpg","datePublished":"2015-12-17T09:04:17+00:00","dateModified":"2017-12-18T11:27:57+00:00","breadcrumb":{"@id":"https:\/\/svilupporaytech.com\/es\/producto\/baja-tension\/barreras-anti-llama\/fsm\/#breadcrumb"},"inLanguage":"es","potentialAction":[{"@type":"ReadAction","target":["https:\/\/svilupporaytech.com\/es\/producto\/baja-tension\/barreras-anti-llama\/fsm\/"]}]},{"@type":"ImageObject","inLanguage":"es","@id":"https:\/\/svilupporaytech.com\/es\/producto\/baja-tension\/barreras-anti-llama\/fsm\/#primaryimage","url":"https:\/\/svilupporaytech.com\/wp-content\/uploads\/fsm.jpg","contentUrl":"https:\/\/svilupporaytech.com\/wp-content\/uploads\/fsm.jpg","width":500,"height":500},{"@type":"BreadcrumbList","@id":"https:\/\/svilupporaytech.com\/es\/producto\/baja-tension\/barreras-anti-llama\/fsm\/#breadcrumb","itemListElement":[{"@type":"ListItem","position":1,"name":"Home","item":"https:\/\/svilupporaytech.com\/es\/"},{"@type":"ListItem","position":2,"name":"Tienda","item":"https:\/\/svilupporaytech.com\/es\/tienda\/"},{"@type":"ListItem","position":3,"name":"Barrera ign\u00edfuga de enlucido incombustible"}]},{"@type":"WebSite","@id":"https:\/\/svilupporaytech.com\/#website","url":"https:\/\/svilupporaytech.com\/","name":"Raytech","description":"Cable accessories company","potentialAction":[{"@type":"SearchAction","target":{"@type":"EntryPoint","urlTemplate":"https:\/\/svilupporaytech.com\/?s={search_term_string}"},"query-input":"required name=search_term_string"}],"inLanguage":"es"}]}},"_links":{"self":[{"href":"https:\/\/svilupporaytech.com\/es\/wp-json\/wp\/v2\/product\/6357"}],"collection":[{"href":"https:\/\/svilupporaytech.com\/es\/wp-json\/wp\/v2\/product"}],"about":[{"href":"https:\/\/svilupporaytech.com\/es\/wp-json\/wp\/v2\/types\/product"}],"wp:featuredmedia":[{"embeddable":true,"href":"https:\/\/svilupporaytech.com\/es\/wp-json\/wp\/v2\/media\/1559"}],"wp:attachment":[{"href":"https:\/\/svilupporaytech.com\/es\/wp-json\/wp\/v2\/media?parent=6357"}],"wp:term":[{"taxonomy":"product_cat","embeddable":true,"href":"https:\/\/svilupporaytech.com\/es\/wp-json\/wp\/v2\/product_cat?post=6357"},{"taxonomy":"product_tag","embeddable":true,"href":"https:\/\/svilupporaytech.com\/es\/wp-json\/wp\/v2\/product_tag?post=6357"}],"curies":[{"name":"wp","href":"https:\/\/api.w.org\/{rel}","templated":true}]}}