{"id":6360,"date":"2015-07-16T13:09:11","date_gmt":"2015-12-17T09:10:32","guid":{"rendered":"https:\/\/svilupporaytech.com\/?post_type=product&#038;p=6360&#038;lang=es"},"modified":"2015-12-23T14:52:49","modified_gmt":"2015-12-23T14:52:49","slug":"fsci","status":"publish","type":"product","link":"https:\/\/svilupporaytech.com\/es\/producto\/baja-tension\/barreras-anti-llama\/fsci\/","title":{"rendered":"Barrera ign\u00edfuga intumescente de cobertura interruptores"},"content":{"rendered":"<h4><span style=\"color: #009832;\">FSCI<br \/>\nBarrera ign\u00edfuga intumescente de cobertura interruptores<\/span><\/h4>\n<p>Barrera incombustible intumescente para el recubrimiento de interruptores y mecanismos empotrados, para mantener las caracter\u00edsticas de resistencia al fuego de las paredes. Contiene una caja el\u00e9ctrica tipo 503. Reduce la temperatura en la cavidad de la pared de cart\u00f3n yeso.<\/p>\n<ul>\n<li><span style=\"color: #009832;\">Fabricado con fibras incombustiblese y cargas intumescentes<\/span><\/li>\n<li><span style=\"color: #009832;\">Protege de la propagaci\u00f3n del incendio<\/span><\/li>\n<\/ul>\n","protected":false},"excerpt":{"rendered":"<p>Dimensioni 150&#215;150<\/p>\n","protected":false},"featured_media":1580,"template":"","meta":[],"product_cat":[239,240],"product_tag":[],"yoast_head":"<!-- This site is optimized with the Yoast SEO plugin v22.7 - https:\/\/yoast.com\/wordpress\/plugins\/seo\/ -->\n<title>Barrera ign\u00edfuga intumescente de cobertura interruptores | Raytech<\/title>\n<meta name=\"robots\" content=\"index, follow, max-snippet:-1, max-image-preview:large, max-video-preview:-1\" \/>\n<link rel=\"canonical\" href=\"https:\/\/svilupporaytech.com\/es\/producto\/baja-tension\/barreras-anti-llama\/fsci\/\" \/>\n<meta property=\"og:locale\" content=\"es_ES\" \/>\n<meta property=\"og:type\" content=\"article\" \/>\n<meta property=\"og:title\" content=\"Barrera ign\u00edfuga intumescente de cobertura interruptores | Raytech\" \/>\n<meta property=\"og:description\" content=\"Dimensioni 150x150\" \/>\n<meta property=\"og:url\" content=\"https:\/\/svilupporaytech.com\/es\/producto\/baja-tension\/barreras-anti-llama\/fsci\/\" \/>\n<meta property=\"og:site_name\" content=\"Raytech\" \/>\n<meta property=\"article:modified_time\" content=\"2015-12-23T14:52:49+00:00\" \/>\n<meta property=\"og:image\" content=\"https:\/\/svilupporaytech.com\/wp-content\/uploads\/fsci.jpg\" \/>\n\t<meta property=\"og:image:width\" content=\"500\" \/>\n\t<meta property=\"og:image:height\" content=\"500\" \/>\n\t<meta property=\"og:image:type\" content=\"image\/jpeg\" \/>\n<meta name=\"twitter:card\" content=\"summary_large_image\" \/>\n<script type=\"application\/ld+json\" class=\"yoast-schema-graph\">{\"@context\":\"https:\/\/schema.org\",\"@graph\":[{\"@type\":\"WebPage\",\"@id\":\"https:\/\/svilupporaytech.com\/es\/producto\/baja-tension\/barreras-anti-llama\/fsci\/\",\"url\":\"https:\/\/svilupporaytech.com\/es\/producto\/baja-tension\/barreras-anti-llama\/fsci\/\",\"name\":\"Barrera ign\u00edfuga intumescente de cobertura interruptores | Raytech\",\"isPartOf\":{\"@id\":\"https:\/\/svilupporaytech.com\/#website\"},\"primaryImageOfPage\":{\"@id\":\"https:\/\/svilupporaytech.com\/es\/producto\/baja-tension\/barreras-anti-llama\/fsci\/#primaryimage\"},\"image\":{\"@id\":\"https:\/\/svilupporaytech.com\/es\/producto\/baja-tension\/barreras-anti-llama\/fsci\/#primaryimage\"},\"thumbnailUrl\":\"https:\/\/svilupporaytech.com\/wp-content\/uploads\/fsci.jpg\",\"datePublished\":\"2015-12-17T09:10:32+00:00\",\"dateModified\":\"2015-12-23T14:52:49+00:00\",\"breadcrumb\":{\"@id\":\"https:\/\/svilupporaytech.com\/es\/producto\/baja-tension\/barreras-anti-llama\/fsci\/#breadcrumb\"},\"inLanguage\":\"es\",\"potentialAction\":[{\"@type\":\"ReadAction\",\"target\":[\"https:\/\/svilupporaytech.com\/es\/producto\/baja-tension\/barreras-anti-llama\/fsci\/\"]}]},{\"@type\":\"ImageObject\",\"inLanguage\":\"es\",\"@id\":\"https:\/\/svilupporaytech.com\/es\/producto\/baja-tension\/barreras-anti-llama\/fsci\/#primaryimage\",\"url\":\"https:\/\/svilupporaytech.com\/wp-content\/uploads\/fsci.jpg\",\"contentUrl\":\"https:\/\/svilupporaytech.com\/wp-content\/uploads\/fsci.jpg\",\"width\":500,\"height\":500},{\"@type\":\"BreadcrumbList\",\"@id\":\"https:\/\/svilupporaytech.com\/es\/producto\/baja-tension\/barreras-anti-llama\/fsci\/#breadcrumb\",\"itemListElement\":[{\"@type\":\"ListItem\",\"position\":1,\"name\":\"Home\",\"item\":\"https:\/\/svilupporaytech.com\/es\/\"},{\"@type\":\"ListItem\",\"position\":2,\"name\":\"Tienda\",\"item\":\"https:\/\/svilupporaytech.com\/es\/tienda\/\"},{\"@type\":\"ListItem\",\"position\":3,\"name\":\"Barrera ign\u00edfuga intumescente de cobertura interruptores\"}]},{\"@type\":\"WebSite\",\"@id\":\"https:\/\/svilupporaytech.com\/#website\",\"url\":\"https:\/\/svilupporaytech.com\/\",\"name\":\"Raytech\",\"description\":\"Cable accessories company\",\"potentialAction\":[{\"@type\":\"SearchAction\",\"target\":{\"@type\":\"EntryPoint\",\"urlTemplate\":\"https:\/\/svilupporaytech.com\/?s={search_term_string}\"},\"query-input\":\"required name=search_term_string\"}],\"inLanguage\":\"es\"}]}<\/script>\n<!-- \/ Yoast SEO plugin. -->","yoast_head_json":{"title":"Barrera ign\u00edfuga intumescente de cobertura interruptores | Raytech","robots":{"index":"index","follow":"follow","max-snippet":"max-snippet:-1","max-image-preview":"max-image-preview:large","max-video-preview":"max-video-preview:-1"},"canonical":"https:\/\/svilupporaytech.com\/es\/producto\/baja-tension\/barreras-anti-llama\/fsci\/","og_locale":"es_ES","og_type":"article","og_title":"Barrera ign\u00edfuga intumescente de cobertura interruptores | Raytech","og_description":"Dimensioni 150x150","og_url":"https:\/\/svilupporaytech.com\/es\/producto\/baja-tension\/barreras-anti-llama\/fsci\/","og_site_name":"Raytech","article_modified_time":"2015-12-23T14:52:49+00:00","og_image":[{"width":500,"height":500,"url":"https:\/\/svilupporaytech.com\/wp-content\/uploads\/fsci.jpg","type":"image\/jpeg"}],"twitter_card":"summary_large_image","schema":{"@context":"https:\/\/schema.org","@graph":[{"@type":"WebPage","@id":"https:\/\/svilupporaytech.com\/es\/producto\/baja-tension\/barreras-anti-llama\/fsci\/","url":"https:\/\/svilupporaytech.com\/es\/producto\/baja-tension\/barreras-anti-llama\/fsci\/","name":"Barrera ign\u00edfuga intumescente de cobertura interruptores | Raytech","isPartOf":{"@id":"https:\/\/svilupporaytech.com\/#website"},"primaryImageOfPage":{"@id":"https:\/\/svilupporaytech.com\/es\/producto\/baja-tension\/barreras-anti-llama\/fsci\/#primaryimage"},"image":{"@id":"https:\/\/svilupporaytech.com\/es\/producto\/baja-tension\/barreras-anti-llama\/fsci\/#primaryimage"},"thumbnailUrl":"https:\/\/svilupporaytech.com\/wp-content\/uploads\/fsci.jpg","datePublished":"2015-12-17T09:10:32+00:00","dateModified":"2015-12-23T14:52:49+00:00","breadcrumb":{"@id":"https:\/\/svilupporaytech.com\/es\/producto\/baja-tension\/barreras-anti-llama\/fsci\/#breadcrumb"},"inLanguage":"es","potentialAction":[{"@type":"ReadAction","target":["https:\/\/svilupporaytech.com\/es\/producto\/baja-tension\/barreras-anti-llama\/fsci\/"]}]},{"@type":"ImageObject","inLanguage":"es","@id":"https:\/\/svilupporaytech.com\/es\/producto\/baja-tension\/barreras-anti-llama\/fsci\/#primaryimage","url":"https:\/\/svilupporaytech.com\/wp-content\/uploads\/fsci.jpg","contentUrl":"https:\/\/svilupporaytech.com\/wp-content\/uploads\/fsci.jpg","width":500,"height":500},{"@type":"BreadcrumbList","@id":"https:\/\/svilupporaytech.com\/es\/producto\/baja-tension\/barreras-anti-llama\/fsci\/#breadcrumb","itemListElement":[{"@type":"ListItem","position":1,"name":"Home","item":"https:\/\/svilupporaytech.com\/es\/"},{"@type":"ListItem","position":2,"name":"Tienda","item":"https:\/\/svilupporaytech.com\/es\/tienda\/"},{"@type":"ListItem","position":3,"name":"Barrera ign\u00edfuga intumescente de cobertura interruptores"}]},{"@type":"WebSite","@id":"https:\/\/svilupporaytech.com\/#website","url":"https:\/\/svilupporaytech.com\/","name":"Raytech","description":"Cable accessories company","potentialAction":[{"@type":"SearchAction","target":{"@type":"EntryPoint","urlTemplate":"https:\/\/svilupporaytech.com\/?s={search_term_string}"},"query-input":"required name=search_term_string"}],"inLanguage":"es"}]}},"_links":{"self":[{"href":"https:\/\/svilupporaytech.com\/es\/wp-json\/wp\/v2\/product\/6360"}],"collection":[{"href":"https:\/\/svilupporaytech.com\/es\/wp-json\/wp\/v2\/product"}],"about":[{"href":"https:\/\/svilupporaytech.com\/es\/wp-json\/wp\/v2\/types\/product"}],"wp:featuredmedia":[{"embeddable":true,"href":"https:\/\/svilupporaytech.com\/es\/wp-json\/wp\/v2\/media\/1580"}],"wp:attachment":[{"href":"https:\/\/svilupporaytech.com\/es\/wp-json\/wp\/v2\/media?parent=6360"}],"wp:term":[{"taxonomy":"product_cat","embeddable":true,"href":"https:\/\/svilupporaytech.com\/es\/wp-json\/wp\/v2\/product_cat?post=6360"},{"taxonomy":"product_tag","embeddable":true,"href":"https:\/\/svilupporaytech.com\/es\/wp-json\/wp\/v2\/product_tag?post=6360"}],"curies":[{"name":"wp","href":"https:\/\/api.w.org\/{rel}","templated":true}]}}