{"id":6364,"date":"2015-07-16T13:19:11","date_gmt":"2015-12-17T09:22:21","guid":{"rendered":"https:\/\/svilupporaytech.com\/?post_type=product&#038;p=6364&#038;lang=es"},"modified":"2019-12-21T16:46:32","modified_gmt":"2019-12-21T15:46:32","slug":"galactic-protection","status":"publish","type":"product","link":"https:\/\/svilupporaytech.com\/es\/producto\/baja-tension\/especiales\/kit-para-instalaciones-electricas\/galactic-protection\/","title":{"rendered":"Galactic Protection"},"content":{"rendered":"<h4><span style=\"color: #009832;\">Goma bicomponente para la protecci\u00f3n de circuitos impresos contra la intrusi\u00f3n de animales<\/span><\/h4>\n<p>Una protecci\u00f3n para circuitos impresos particularmente expuestos al polvo, la intrusi\u00f3n de animales (insectos, caracoles, babosas, etc. como p.ej. en las cajas de empalmes de las puertas autom\u00e1ticas). Opaca pero ligeramente transl\u00facida, permite el recubrimiento formando una capa protectora. Es posible retirarla (se adhiere sin pegarse) incluso para una superficie limitada para acceder al componente situado en la parte inferior; a continuaci\u00f3n se recubre la parte sustituida con un nuevo a\u00f1adido de material, que se adhiere perfectamente al anterior. Compuesta por una goma bicomponente, at\u00f3xica y segura, sin caducidad de almacenamiento, aislante y resistente a los rayos UV y al envejecimiento.<\/p>\n","protected":false},"excerpt":{"rendered":"<p>Goma bicomponente para la protecci\u00f3n de circuitos impresos contra la intrusi\u00f3n de animales Una protecci\u00f3n para circuitos impresos particularmente expuestos al polvo, la intrusi\u00f3n de animales (insectos, caracoles, babosas, etc.<span class=\"excerpt-hellip\"> [\u2026]<\/span><\/p>\n","protected":false},"featured_media":4118,"template":"","meta":[],"product_cat":[239,260,261],"product_tag":[],"yoast_head":"<!-- This site is optimized with the Yoast SEO plugin v22.7 - https:\/\/yoast.com\/wordpress\/plugins\/seo\/ -->\n<title>Galactic Protection | Raytech<\/title>\n<meta name=\"robots\" content=\"index, follow, max-snippet:-1, max-image-preview:large, max-video-preview:-1\" \/>\n<link rel=\"canonical\" href=\"https:\/\/svilupporaytech.com\/es\/producto\/baja-tension\/especiales\/kit-para-instalaciones-electricas\/galactic-protection\/\" \/>\n<meta property=\"og:locale\" content=\"es_ES\" \/>\n<meta property=\"og:type\" content=\"article\" \/>\n<meta property=\"og:title\" content=\"Galactic Protection | Raytech\" \/>\n<meta property=\"og:description\" content=\"Goma bicomponente para la protecci\u00f3n de circuitos impresos contra la intrusi\u00f3n de animales Una protecci\u00f3n para circuitos impresos particularmente expuestos al polvo, la intrusi\u00f3n de animales (insectos, caracoles, babosas, etc. [\u2026]\" \/>\n<meta property=\"og:url\" content=\"https:\/\/svilupporaytech.com\/es\/producto\/baja-tension\/especiales\/kit-para-instalaciones-electricas\/galactic-protection\/\" \/>\n<meta property=\"og:site_name\" content=\"Raytech\" \/>\n<meta property=\"article:modified_time\" content=\"2019-12-21T15:46:32+00:00\" \/>\n<meta property=\"og:image\" content=\"https:\/\/svilupporaytech.com\/wp-content\/uploads\/galactic-protection-1.jpg\" \/>\n\t<meta property=\"og:image:width\" content=\"1024\" \/>\n\t<meta property=\"og:image:height\" content=\"1024\" \/>\n\t<meta property=\"og:image:type\" content=\"image\/jpeg\" \/>\n<meta name=\"twitter:card\" content=\"summary_large_image\" \/>\n<meta name=\"twitter:label1\" content=\"Tiempo de lectura\" \/>\n\t<meta name=\"twitter:data1\" content=\"1 minuto\" \/>\n<script type=\"application\/ld+json\" class=\"yoast-schema-graph\">{\"@context\":\"https:\/\/schema.org\",\"@graph\":[{\"@type\":\"WebPage\",\"@id\":\"https:\/\/svilupporaytech.com\/es\/producto\/baja-tension\/especiales\/kit-para-instalaciones-electricas\/galactic-protection\/\",\"url\":\"https:\/\/svilupporaytech.com\/es\/producto\/baja-tension\/especiales\/kit-para-instalaciones-electricas\/galactic-protection\/\",\"name\":\"Galactic Protection | Raytech\",\"isPartOf\":{\"@id\":\"https:\/\/svilupporaytech.com\/#website\"},\"primaryImageOfPage\":{\"@id\":\"https:\/\/svilupporaytech.com\/es\/producto\/baja-tension\/especiales\/kit-para-instalaciones-electricas\/galactic-protection\/#primaryimage\"},\"image\":{\"@id\":\"https:\/\/svilupporaytech.com\/es\/producto\/baja-tension\/especiales\/kit-para-instalaciones-electricas\/galactic-protection\/#primaryimage\"},\"thumbnailUrl\":\"https:\/\/svilupporaytech.com\/wp-content\/uploads\/galactic-protection-1.jpg\",\"datePublished\":\"2015-12-17T09:22:21+00:00\",\"dateModified\":\"2019-12-21T15:46:32+00:00\",\"breadcrumb\":{\"@id\":\"https:\/\/svilupporaytech.com\/es\/producto\/baja-tension\/especiales\/kit-para-instalaciones-electricas\/galactic-protection\/#breadcrumb\"},\"inLanguage\":\"es\",\"potentialAction\":[{\"@type\":\"ReadAction\",\"target\":[\"https:\/\/svilupporaytech.com\/es\/producto\/baja-tension\/especiales\/kit-para-instalaciones-electricas\/galactic-protection\/\"]}]},{\"@type\":\"ImageObject\",\"inLanguage\":\"es\",\"@id\":\"https:\/\/svilupporaytech.com\/es\/producto\/baja-tension\/especiales\/kit-para-instalaciones-electricas\/galactic-protection\/#primaryimage\",\"url\":\"https:\/\/svilupporaytech.com\/wp-content\/uploads\/galactic-protection-1.jpg\",\"contentUrl\":\"https:\/\/svilupporaytech.com\/wp-content\/uploads\/galactic-protection-1.jpg\",\"width\":1024,\"height\":1024},{\"@type\":\"BreadcrumbList\",\"@id\":\"https:\/\/svilupporaytech.com\/es\/producto\/baja-tension\/especiales\/kit-para-instalaciones-electricas\/galactic-protection\/#breadcrumb\",\"itemListElement\":[{\"@type\":\"ListItem\",\"position\":1,\"name\":\"Home\",\"item\":\"https:\/\/svilupporaytech.com\/es\/\"},{\"@type\":\"ListItem\",\"position\":2,\"name\":\"Tienda\",\"item\":\"https:\/\/svilupporaytech.com\/es\/tienda\/\"},{\"@type\":\"ListItem\",\"position\":3,\"name\":\"Galactic Protection\"}]},{\"@type\":\"WebSite\",\"@id\":\"https:\/\/svilupporaytech.com\/#website\",\"url\":\"https:\/\/svilupporaytech.com\/\",\"name\":\"Raytech\",\"description\":\"Cable accessories company\",\"potentialAction\":[{\"@type\":\"SearchAction\",\"target\":{\"@type\":\"EntryPoint\",\"urlTemplate\":\"https:\/\/svilupporaytech.com\/?s={search_term_string}\"},\"query-input\":\"required name=search_term_string\"}],\"inLanguage\":\"es\"}]}<\/script>\n<!-- \/ Yoast SEO plugin. -->","yoast_head_json":{"title":"Galactic Protection | Raytech","robots":{"index":"index","follow":"follow","max-snippet":"max-snippet:-1","max-image-preview":"max-image-preview:large","max-video-preview":"max-video-preview:-1"},"canonical":"https:\/\/svilupporaytech.com\/es\/producto\/baja-tension\/especiales\/kit-para-instalaciones-electricas\/galactic-protection\/","og_locale":"es_ES","og_type":"article","og_title":"Galactic Protection | Raytech","og_description":"Goma bicomponente para la protecci\u00f3n de circuitos impresos contra la intrusi\u00f3n de animales Una protecci\u00f3n para circuitos impresos particularmente expuestos al polvo, la intrusi\u00f3n de animales (insectos, caracoles, babosas, etc. [\u2026]","og_url":"https:\/\/svilupporaytech.com\/es\/producto\/baja-tension\/especiales\/kit-para-instalaciones-electricas\/galactic-protection\/","og_site_name":"Raytech","article_modified_time":"2019-12-21T15:46:32+00:00","og_image":[{"width":1024,"height":1024,"url":"https:\/\/svilupporaytech.com\/wp-content\/uploads\/galactic-protection-1.jpg","type":"image\/jpeg"}],"twitter_card":"summary_large_image","twitter_misc":{"Tiempo de lectura":"1 minuto"},"schema":{"@context":"https:\/\/schema.org","@graph":[{"@type":"WebPage","@id":"https:\/\/svilupporaytech.com\/es\/producto\/baja-tension\/especiales\/kit-para-instalaciones-electricas\/galactic-protection\/","url":"https:\/\/svilupporaytech.com\/es\/producto\/baja-tension\/especiales\/kit-para-instalaciones-electricas\/galactic-protection\/","name":"Galactic Protection | Raytech","isPartOf":{"@id":"https:\/\/svilupporaytech.com\/#website"},"primaryImageOfPage":{"@id":"https:\/\/svilupporaytech.com\/es\/producto\/baja-tension\/especiales\/kit-para-instalaciones-electricas\/galactic-protection\/#primaryimage"},"image":{"@id":"https:\/\/svilupporaytech.com\/es\/producto\/baja-tension\/especiales\/kit-para-instalaciones-electricas\/galactic-protection\/#primaryimage"},"thumbnailUrl":"https:\/\/svilupporaytech.com\/wp-content\/uploads\/galactic-protection-1.jpg","datePublished":"2015-12-17T09:22:21+00:00","dateModified":"2019-12-21T15:46:32+00:00","breadcrumb":{"@id":"https:\/\/svilupporaytech.com\/es\/producto\/baja-tension\/especiales\/kit-para-instalaciones-electricas\/galactic-protection\/#breadcrumb"},"inLanguage":"es","potentialAction":[{"@type":"ReadAction","target":["https:\/\/svilupporaytech.com\/es\/producto\/baja-tension\/especiales\/kit-para-instalaciones-electricas\/galactic-protection\/"]}]},{"@type":"ImageObject","inLanguage":"es","@id":"https:\/\/svilupporaytech.com\/es\/producto\/baja-tension\/especiales\/kit-para-instalaciones-electricas\/galactic-protection\/#primaryimage","url":"https:\/\/svilupporaytech.com\/wp-content\/uploads\/galactic-protection-1.jpg","contentUrl":"https:\/\/svilupporaytech.com\/wp-content\/uploads\/galactic-protection-1.jpg","width":1024,"height":1024},{"@type":"BreadcrumbList","@id":"https:\/\/svilupporaytech.com\/es\/producto\/baja-tension\/especiales\/kit-para-instalaciones-electricas\/galactic-protection\/#breadcrumb","itemListElement":[{"@type":"ListItem","position":1,"name":"Home","item":"https:\/\/svilupporaytech.com\/es\/"},{"@type":"ListItem","position":2,"name":"Tienda","item":"https:\/\/svilupporaytech.com\/es\/tienda\/"},{"@type":"ListItem","position":3,"name":"Galactic Protection"}]},{"@type":"WebSite","@id":"https:\/\/svilupporaytech.com\/#website","url":"https:\/\/svilupporaytech.com\/","name":"Raytech","description":"Cable accessories company","potentialAction":[{"@type":"SearchAction","target":{"@type":"EntryPoint","urlTemplate":"https:\/\/svilupporaytech.com\/?s={search_term_string}"},"query-input":"required name=search_term_string"}],"inLanguage":"es"}]}},"_links":{"self":[{"href":"https:\/\/svilupporaytech.com\/es\/wp-json\/wp\/v2\/product\/6364"}],"collection":[{"href":"https:\/\/svilupporaytech.com\/es\/wp-json\/wp\/v2\/product"}],"about":[{"href":"https:\/\/svilupporaytech.com\/es\/wp-json\/wp\/v2\/types\/product"}],"wp:featuredmedia":[{"embeddable":true,"href":"https:\/\/svilupporaytech.com\/es\/wp-json\/wp\/v2\/media\/4118"}],"wp:attachment":[{"href":"https:\/\/svilupporaytech.com\/es\/wp-json\/wp\/v2\/media?parent=6364"}],"wp:term":[{"taxonomy":"product_cat","embeddable":true,"href":"https:\/\/svilupporaytech.com\/es\/wp-json\/wp\/v2\/product_cat?post=6364"},{"taxonomy":"product_tag","embeddable":true,"href":"https:\/\/svilupporaytech.com\/es\/wp-json\/wp\/v2\/product_tag?post=6364"}],"curies":[{"name":"wp","href":"https:\/\/api.w.org\/{rel}","templated":true}]}}