{"id":6369,"date":"2015-07-16T13:22:26","date_gmt":"2015-12-17T09:29:16","guid":{"rendered":"https:\/\/svilupporaytech.com\/?post_type=product&#038;p=6369&#038;lang=es"},"modified":"2019-12-21T16:47:56","modified_gmt":"2019-12-21T15:47:56","slug":"galactic-water-stop","status":"publish","type":"product","link":"https:\/\/svilupporaytech.com\/es\/producto\/baja-tension\/especiales\/kit-para-instalaciones-electricas\/galactic-water-stop\/","title":{"rendered":"Galactic Water Stop"},"content":{"rendered":"<h4><span style=\"color: #009832;\">Gel monocomponente listo para ser utilizado<\/span><\/h4>\n<p>El gel mono componente Galactic Water Stop es un producto blando, extremadamente pegajoso, suministrado en c\u00f3modas confecciones, ya listo para ser utilizado: basta con arrancar las cantidades necesarias y colocarlo en el punto que desea protegerse de la infiltraci\u00f3n. Gracias a su poder pegajoso aporta un sellado estable y eficaz con el paso del tiempo. Es f\u00e1cil de extraer y re accesible permite acceder nuevamente a la parte protegida sin dejar restos. No se cae, puede instalarse tanto en vertical como en el techo. Altamente aislante, sirve para aislar peque\u00f1as conexiones, o para proteger conexiones particularmente expuestas (conexiones externas, bornes de la bater\u00eda del coche, etc.). El producto puede ser aplicado sobre cualquier lugar en el que pueda haber una infiltraci\u00f3n proveniente de tubos, corrugados, conductos etc., o en donde sea necesario realizar un aislamiento r\u00e1pido y eficaz.<\/p>\n","protected":false},"excerpt":{"rendered":"<p>Gel monocomponente listo para ser utilizado El gel mono componente Galactic Water Stop es un producto blando, extremadamente pegajoso, suministrado en c\u00f3modas confecciones, ya listo para ser utilizado: basta con<span class=\"excerpt-hellip\"> [\u2026]<\/span><\/p>\n","protected":false},"featured_media":4182,"template":"","meta":[],"product_cat":[239,260,261],"product_tag":[],"yoast_head":"<!-- This site is optimized with the Yoast SEO plugin v22.7 - https:\/\/yoast.com\/wordpress\/plugins\/seo\/ -->\n<title>Galactic Water Stop | Raytech<\/title>\n<meta name=\"robots\" content=\"index, follow, max-snippet:-1, max-image-preview:large, max-video-preview:-1\" \/>\n<link rel=\"canonical\" href=\"https:\/\/svilupporaytech.com\/es\/producto\/baja-tension\/especiales\/kit-para-instalaciones-electricas\/galactic-water-stop\/\" \/>\n<meta property=\"og:locale\" content=\"es_ES\" \/>\n<meta property=\"og:type\" content=\"article\" \/>\n<meta property=\"og:title\" content=\"Galactic Water Stop | Raytech\" \/>\n<meta property=\"og:description\" content=\"Gel monocomponente listo para ser utilizado El gel mono componente Galactic Water Stop es un producto blando, extremadamente pegajoso, suministrado en c\u00f3modas confecciones, ya listo para ser utilizado: basta con [\u2026]\" \/>\n<meta property=\"og:url\" content=\"https:\/\/svilupporaytech.com\/es\/producto\/baja-tension\/especiales\/kit-para-instalaciones-electricas\/galactic-water-stop\/\" \/>\n<meta property=\"og:site_name\" content=\"Raytech\" \/>\n<meta property=\"article:modified_time\" content=\"2019-12-21T15:47:56+00:00\" \/>\n<meta property=\"og:image\" content=\"https:\/\/svilupporaytech.com\/wp-content\/uploads\/galactic-water-stop-1.jpg\" \/>\n\t<meta property=\"og:image:width\" content=\"1024\" \/>\n\t<meta property=\"og:image:height\" content=\"1024\" \/>\n\t<meta property=\"og:image:type\" content=\"image\/jpeg\" \/>\n<meta name=\"twitter:card\" content=\"summary_large_image\" \/>\n<meta name=\"twitter:label1\" content=\"Tiempo de lectura\" \/>\n\t<meta name=\"twitter:data1\" content=\"1 minuto\" \/>\n<script type=\"application\/ld+json\" class=\"yoast-schema-graph\">{\"@context\":\"https:\/\/schema.org\",\"@graph\":[{\"@type\":\"WebPage\",\"@id\":\"https:\/\/svilupporaytech.com\/es\/producto\/baja-tension\/especiales\/kit-para-instalaciones-electricas\/galactic-water-stop\/\",\"url\":\"https:\/\/svilupporaytech.com\/es\/producto\/baja-tension\/especiales\/kit-para-instalaciones-electricas\/galactic-water-stop\/\",\"name\":\"Galactic Water Stop | Raytech\",\"isPartOf\":{\"@id\":\"https:\/\/svilupporaytech.com\/#website\"},\"primaryImageOfPage\":{\"@id\":\"https:\/\/svilupporaytech.com\/es\/producto\/baja-tension\/especiales\/kit-para-instalaciones-electricas\/galactic-water-stop\/#primaryimage\"},\"image\":{\"@id\":\"https:\/\/svilupporaytech.com\/es\/producto\/baja-tension\/especiales\/kit-para-instalaciones-electricas\/galactic-water-stop\/#primaryimage\"},\"thumbnailUrl\":\"https:\/\/svilupporaytech.com\/wp-content\/uploads\/galactic-water-stop-1.jpg\",\"datePublished\":\"2015-12-17T09:29:16+00:00\",\"dateModified\":\"2019-12-21T15:47:56+00:00\",\"breadcrumb\":{\"@id\":\"https:\/\/svilupporaytech.com\/es\/producto\/baja-tension\/especiales\/kit-para-instalaciones-electricas\/galactic-water-stop\/#breadcrumb\"},\"inLanguage\":\"es\",\"potentialAction\":[{\"@type\":\"ReadAction\",\"target\":[\"https:\/\/svilupporaytech.com\/es\/producto\/baja-tension\/especiales\/kit-para-instalaciones-electricas\/galactic-water-stop\/\"]}]},{\"@type\":\"ImageObject\",\"inLanguage\":\"es\",\"@id\":\"https:\/\/svilupporaytech.com\/es\/producto\/baja-tension\/especiales\/kit-para-instalaciones-electricas\/galactic-water-stop\/#primaryimage\",\"url\":\"https:\/\/svilupporaytech.com\/wp-content\/uploads\/galactic-water-stop-1.jpg\",\"contentUrl\":\"https:\/\/svilupporaytech.com\/wp-content\/uploads\/galactic-water-stop-1.jpg\",\"width\":1024,\"height\":1024},{\"@type\":\"BreadcrumbList\",\"@id\":\"https:\/\/svilupporaytech.com\/es\/producto\/baja-tension\/especiales\/kit-para-instalaciones-electricas\/galactic-water-stop\/#breadcrumb\",\"itemListElement\":[{\"@type\":\"ListItem\",\"position\":1,\"name\":\"Home\",\"item\":\"https:\/\/svilupporaytech.com\/es\/\"},{\"@type\":\"ListItem\",\"position\":2,\"name\":\"Tienda\",\"item\":\"https:\/\/svilupporaytech.com\/es\/tienda\/\"},{\"@type\":\"ListItem\",\"position\":3,\"name\":\"Galactic Water Stop\"}]},{\"@type\":\"WebSite\",\"@id\":\"https:\/\/svilupporaytech.com\/#website\",\"url\":\"https:\/\/svilupporaytech.com\/\",\"name\":\"Raytech\",\"description\":\"Cable accessories company\",\"potentialAction\":[{\"@type\":\"SearchAction\",\"target\":{\"@type\":\"EntryPoint\",\"urlTemplate\":\"https:\/\/svilupporaytech.com\/?s={search_term_string}\"},\"query-input\":\"required name=search_term_string\"}],\"inLanguage\":\"es\"}]}<\/script>\n<!-- \/ Yoast SEO plugin. -->","yoast_head_json":{"title":"Galactic Water Stop | Raytech","robots":{"index":"index","follow":"follow","max-snippet":"max-snippet:-1","max-image-preview":"max-image-preview:large","max-video-preview":"max-video-preview:-1"},"canonical":"https:\/\/svilupporaytech.com\/es\/producto\/baja-tension\/especiales\/kit-para-instalaciones-electricas\/galactic-water-stop\/","og_locale":"es_ES","og_type":"article","og_title":"Galactic Water Stop | Raytech","og_description":"Gel monocomponente listo para ser utilizado El gel mono componente Galactic Water Stop es un producto blando, extremadamente pegajoso, suministrado en c\u00f3modas confecciones, ya listo para ser utilizado: basta con [\u2026]","og_url":"https:\/\/svilupporaytech.com\/es\/producto\/baja-tension\/especiales\/kit-para-instalaciones-electricas\/galactic-water-stop\/","og_site_name":"Raytech","article_modified_time":"2019-12-21T15:47:56+00:00","og_image":[{"width":1024,"height":1024,"url":"https:\/\/svilupporaytech.com\/wp-content\/uploads\/galactic-water-stop-1.jpg","type":"image\/jpeg"}],"twitter_card":"summary_large_image","twitter_misc":{"Tiempo de lectura":"1 minuto"},"schema":{"@context":"https:\/\/schema.org","@graph":[{"@type":"WebPage","@id":"https:\/\/svilupporaytech.com\/es\/producto\/baja-tension\/especiales\/kit-para-instalaciones-electricas\/galactic-water-stop\/","url":"https:\/\/svilupporaytech.com\/es\/producto\/baja-tension\/especiales\/kit-para-instalaciones-electricas\/galactic-water-stop\/","name":"Galactic Water Stop | Raytech","isPartOf":{"@id":"https:\/\/svilupporaytech.com\/#website"},"primaryImageOfPage":{"@id":"https:\/\/svilupporaytech.com\/es\/producto\/baja-tension\/especiales\/kit-para-instalaciones-electricas\/galactic-water-stop\/#primaryimage"},"image":{"@id":"https:\/\/svilupporaytech.com\/es\/producto\/baja-tension\/especiales\/kit-para-instalaciones-electricas\/galactic-water-stop\/#primaryimage"},"thumbnailUrl":"https:\/\/svilupporaytech.com\/wp-content\/uploads\/galactic-water-stop-1.jpg","datePublished":"2015-12-17T09:29:16+00:00","dateModified":"2019-12-21T15:47:56+00:00","breadcrumb":{"@id":"https:\/\/svilupporaytech.com\/es\/producto\/baja-tension\/especiales\/kit-para-instalaciones-electricas\/galactic-water-stop\/#breadcrumb"},"inLanguage":"es","potentialAction":[{"@type":"ReadAction","target":["https:\/\/svilupporaytech.com\/es\/producto\/baja-tension\/especiales\/kit-para-instalaciones-electricas\/galactic-water-stop\/"]}]},{"@type":"ImageObject","inLanguage":"es","@id":"https:\/\/svilupporaytech.com\/es\/producto\/baja-tension\/especiales\/kit-para-instalaciones-electricas\/galactic-water-stop\/#primaryimage","url":"https:\/\/svilupporaytech.com\/wp-content\/uploads\/galactic-water-stop-1.jpg","contentUrl":"https:\/\/svilupporaytech.com\/wp-content\/uploads\/galactic-water-stop-1.jpg","width":1024,"height":1024},{"@type":"BreadcrumbList","@id":"https:\/\/svilupporaytech.com\/es\/producto\/baja-tension\/especiales\/kit-para-instalaciones-electricas\/galactic-water-stop\/#breadcrumb","itemListElement":[{"@type":"ListItem","position":1,"name":"Home","item":"https:\/\/svilupporaytech.com\/es\/"},{"@type":"ListItem","position":2,"name":"Tienda","item":"https:\/\/svilupporaytech.com\/es\/tienda\/"},{"@type":"ListItem","position":3,"name":"Galactic Water Stop"}]},{"@type":"WebSite","@id":"https:\/\/svilupporaytech.com\/#website","url":"https:\/\/svilupporaytech.com\/","name":"Raytech","description":"Cable accessories company","potentialAction":[{"@type":"SearchAction","target":{"@type":"EntryPoint","urlTemplate":"https:\/\/svilupporaytech.com\/?s={search_term_string}"},"query-input":"required name=search_term_string"}],"inLanguage":"es"}]}},"_links":{"self":[{"href":"https:\/\/svilupporaytech.com\/es\/wp-json\/wp\/v2\/product\/6369"}],"collection":[{"href":"https:\/\/svilupporaytech.com\/es\/wp-json\/wp\/v2\/product"}],"about":[{"href":"https:\/\/svilupporaytech.com\/es\/wp-json\/wp\/v2\/types\/product"}],"wp:featuredmedia":[{"embeddable":true,"href":"https:\/\/svilupporaytech.com\/es\/wp-json\/wp\/v2\/media\/4182"}],"wp:attachment":[{"href":"https:\/\/svilupporaytech.com\/es\/wp-json\/wp\/v2\/media?parent=6369"}],"wp:term":[{"taxonomy":"product_cat","embeddable":true,"href":"https:\/\/svilupporaytech.com\/es\/wp-json\/wp\/v2\/product_cat?post=6369"},{"taxonomy":"product_tag","embeddable":true,"href":"https:\/\/svilupporaytech.com\/es\/wp-json\/wp\/v2\/product_tag?post=6369"}],"curies":[{"name":"wp","href":"https:\/\/api.w.org\/{rel}","templated":true}]}}