{"id":6387,"date":"2015-07-16T13:48:22","date_gmt":"2015-12-17T10:37:54","guid":{"rendered":"https:\/\/svilupporaytech.com\/?post_type=product&#038;p=6387&#038;lang=es"},"modified":"2019-12-21T16:40:05","modified_gmt":"2019-12-21T15:40:05","slug":"abrazaderas-para-el-cableado","status":"publish","type":"product","link":"https:\/\/svilupporaytech.com\/es\/producto\/baja-tension\/especiales\/bridas-y-cleaner\/abrazaderas-para-el-cableado\/","title":{"rendered":"Abrazaderas para el cableado"},"content":{"rendered":"<p>Velocidad de aplicaci\u00f3n, boquilla inclinada para facilitar la introducci\u00f3n de la tira en el cabezal. Esquinas redondeadas que garantizan una mayor seguridad. Desplazamiento r\u00e1pido gracias al bajo coeficiente de fricci\u00f3n del material. Resistencia a los rayos UV gracias al color negro.<\/p>\n<p><span style=\"color: #009832;\">Indispensable para:<\/span><\/p>\n<ul>\n<li><span style=\"color: #009832;\">Instalaciones el\u00e9ctricas<\/span><\/li>\n<li><span style=\"color: #009832;\">Cableados indutriales<\/span><\/li>\n<li><span style=\"color: #009832;\">Cuadros de mando<\/span><\/li>\n<li><span style=\"color: #009832;\">Aplicaciones especiales de componentes<\/span><\/li>\n<\/ul>\n","protected":false},"excerpt":{"rendered":"<p>Velocidad de aplicaci\u00f3n, boquilla inclinada para facilitar la introducci\u00f3n de la tira en el cabezal. Esquinas redondeadas que garantizan una mayor seguridad. Desplazamiento r\u00e1pido gracias al bajo coeficiente de fricci\u00f3n<span class=\"excerpt-hellip\"> [\u2026]<\/span><\/p>\n","protected":false},"featured_media":1685,"template":"","meta":[],"product_cat":[239,260,262],"product_tag":[],"yoast_head":"<!-- This site is optimized with the Yoast SEO plugin v22.7 - https:\/\/yoast.com\/wordpress\/plugins\/seo\/ -->\n<title>Abrazaderas para el cableado | Raytech<\/title>\n<meta name=\"robots\" content=\"index, follow, max-snippet:-1, max-image-preview:large, max-video-preview:-1\" \/>\n<link rel=\"canonical\" href=\"https:\/\/svilupporaytech.com\/es\/producto\/baja-tension\/especiales\/bridas-y-cleaner\/abrazaderas-para-el-cableado\/\" \/>\n<meta property=\"og:locale\" content=\"es_ES\" \/>\n<meta property=\"og:type\" content=\"article\" \/>\n<meta property=\"og:title\" content=\"Abrazaderas para el cableado | Raytech\" \/>\n<meta property=\"og:description\" content=\"Velocidad de aplicaci\u00f3n, boquilla inclinada para facilitar la introducci\u00f3n de la tira en el cabezal. Esquinas redondeadas que garantizan una mayor seguridad. Desplazamiento r\u00e1pido gracias al bajo coeficiente de fricci\u00f3n [\u2026]\" \/>\n<meta property=\"og:url\" content=\"https:\/\/svilupporaytech.com\/es\/producto\/baja-tension\/especiales\/bridas-y-cleaner\/abrazaderas-para-el-cableado\/\" \/>\n<meta property=\"og:site_name\" content=\"Raytech\" \/>\n<meta property=\"article:modified_time\" content=\"2019-12-21T15:40:05+00:00\" \/>\n<meta property=\"og:image\" content=\"https:\/\/svilupporaytech.com\/wp-content\/uploads\/fascette-per-cablaggio.jpg\" \/>\n\t<meta property=\"og:image:width\" content=\"500\" \/>\n\t<meta property=\"og:image:height\" content=\"500\" \/>\n\t<meta property=\"og:image:type\" content=\"image\/jpeg\" \/>\n<meta name=\"twitter:card\" content=\"summary_large_image\" \/>\n<script type=\"application\/ld+json\" class=\"yoast-schema-graph\">{\"@context\":\"https:\/\/schema.org\",\"@graph\":[{\"@type\":\"WebPage\",\"@id\":\"https:\/\/svilupporaytech.com\/es\/producto\/baja-tension\/especiales\/bridas-y-cleaner\/abrazaderas-para-el-cableado\/\",\"url\":\"https:\/\/svilupporaytech.com\/es\/producto\/baja-tension\/especiales\/bridas-y-cleaner\/abrazaderas-para-el-cableado\/\",\"name\":\"Abrazaderas para el cableado | Raytech\",\"isPartOf\":{\"@id\":\"https:\/\/svilupporaytech.com\/#website\"},\"primaryImageOfPage\":{\"@id\":\"https:\/\/svilupporaytech.com\/es\/producto\/baja-tension\/especiales\/bridas-y-cleaner\/abrazaderas-para-el-cableado\/#primaryimage\"},\"image\":{\"@id\":\"https:\/\/svilupporaytech.com\/es\/producto\/baja-tension\/especiales\/bridas-y-cleaner\/abrazaderas-para-el-cableado\/#primaryimage\"},\"thumbnailUrl\":\"https:\/\/svilupporaytech.com\/wp-content\/uploads\/fascette-per-cablaggio.jpg\",\"datePublished\":\"2015-12-17T10:37:54+00:00\",\"dateModified\":\"2019-12-21T15:40:05+00:00\",\"breadcrumb\":{\"@id\":\"https:\/\/svilupporaytech.com\/es\/producto\/baja-tension\/especiales\/bridas-y-cleaner\/abrazaderas-para-el-cableado\/#breadcrumb\"},\"inLanguage\":\"es\",\"potentialAction\":[{\"@type\":\"ReadAction\",\"target\":[\"https:\/\/svilupporaytech.com\/es\/producto\/baja-tension\/especiales\/bridas-y-cleaner\/abrazaderas-para-el-cableado\/\"]}]},{\"@type\":\"ImageObject\",\"inLanguage\":\"es\",\"@id\":\"https:\/\/svilupporaytech.com\/es\/producto\/baja-tension\/especiales\/bridas-y-cleaner\/abrazaderas-para-el-cableado\/#primaryimage\",\"url\":\"https:\/\/svilupporaytech.com\/wp-content\/uploads\/fascette-per-cablaggio.jpg\",\"contentUrl\":\"https:\/\/svilupporaytech.com\/wp-content\/uploads\/fascette-per-cablaggio.jpg\",\"width\":500,\"height\":500},{\"@type\":\"BreadcrumbList\",\"@id\":\"https:\/\/svilupporaytech.com\/es\/producto\/baja-tension\/especiales\/bridas-y-cleaner\/abrazaderas-para-el-cableado\/#breadcrumb\",\"itemListElement\":[{\"@type\":\"ListItem\",\"position\":1,\"name\":\"Home\",\"item\":\"https:\/\/svilupporaytech.com\/es\/\"},{\"@type\":\"ListItem\",\"position\":2,\"name\":\"Tienda\",\"item\":\"https:\/\/svilupporaytech.com\/es\/tienda\/\"},{\"@type\":\"ListItem\",\"position\":3,\"name\":\"Abrazaderas para el cableado\"}]},{\"@type\":\"WebSite\",\"@id\":\"https:\/\/svilupporaytech.com\/#website\",\"url\":\"https:\/\/svilupporaytech.com\/\",\"name\":\"Raytech\",\"description\":\"Cable accessories company\",\"potentialAction\":[{\"@type\":\"SearchAction\",\"target\":{\"@type\":\"EntryPoint\",\"urlTemplate\":\"https:\/\/svilupporaytech.com\/?s={search_term_string}\"},\"query-input\":\"required name=search_term_string\"}],\"inLanguage\":\"es\"}]}<\/script>\n<!-- \/ Yoast SEO plugin. -->","yoast_head_json":{"title":"Abrazaderas para el cableado | Raytech","robots":{"index":"index","follow":"follow","max-snippet":"max-snippet:-1","max-image-preview":"max-image-preview:large","max-video-preview":"max-video-preview:-1"},"canonical":"https:\/\/svilupporaytech.com\/es\/producto\/baja-tension\/especiales\/bridas-y-cleaner\/abrazaderas-para-el-cableado\/","og_locale":"es_ES","og_type":"article","og_title":"Abrazaderas para el cableado | Raytech","og_description":"Velocidad de aplicaci\u00f3n, boquilla inclinada para facilitar la introducci\u00f3n de la tira en el cabezal. Esquinas redondeadas que garantizan una mayor seguridad. Desplazamiento r\u00e1pido gracias al bajo coeficiente de fricci\u00f3n [\u2026]","og_url":"https:\/\/svilupporaytech.com\/es\/producto\/baja-tension\/especiales\/bridas-y-cleaner\/abrazaderas-para-el-cableado\/","og_site_name":"Raytech","article_modified_time":"2019-12-21T15:40:05+00:00","og_image":[{"width":500,"height":500,"url":"https:\/\/svilupporaytech.com\/wp-content\/uploads\/fascette-per-cablaggio.jpg","type":"image\/jpeg"}],"twitter_card":"summary_large_image","schema":{"@context":"https:\/\/schema.org","@graph":[{"@type":"WebPage","@id":"https:\/\/svilupporaytech.com\/es\/producto\/baja-tension\/especiales\/bridas-y-cleaner\/abrazaderas-para-el-cableado\/","url":"https:\/\/svilupporaytech.com\/es\/producto\/baja-tension\/especiales\/bridas-y-cleaner\/abrazaderas-para-el-cableado\/","name":"Abrazaderas para el cableado | Raytech","isPartOf":{"@id":"https:\/\/svilupporaytech.com\/#website"},"primaryImageOfPage":{"@id":"https:\/\/svilupporaytech.com\/es\/producto\/baja-tension\/especiales\/bridas-y-cleaner\/abrazaderas-para-el-cableado\/#primaryimage"},"image":{"@id":"https:\/\/svilupporaytech.com\/es\/producto\/baja-tension\/especiales\/bridas-y-cleaner\/abrazaderas-para-el-cableado\/#primaryimage"},"thumbnailUrl":"https:\/\/svilupporaytech.com\/wp-content\/uploads\/fascette-per-cablaggio.jpg","datePublished":"2015-12-17T10:37:54+00:00","dateModified":"2019-12-21T15:40:05+00:00","breadcrumb":{"@id":"https:\/\/svilupporaytech.com\/es\/producto\/baja-tension\/especiales\/bridas-y-cleaner\/abrazaderas-para-el-cableado\/#breadcrumb"},"inLanguage":"es","potentialAction":[{"@type":"ReadAction","target":["https:\/\/svilupporaytech.com\/es\/producto\/baja-tension\/especiales\/bridas-y-cleaner\/abrazaderas-para-el-cableado\/"]}]},{"@type":"ImageObject","inLanguage":"es","@id":"https:\/\/svilupporaytech.com\/es\/producto\/baja-tension\/especiales\/bridas-y-cleaner\/abrazaderas-para-el-cableado\/#primaryimage","url":"https:\/\/svilupporaytech.com\/wp-content\/uploads\/fascette-per-cablaggio.jpg","contentUrl":"https:\/\/svilupporaytech.com\/wp-content\/uploads\/fascette-per-cablaggio.jpg","width":500,"height":500},{"@type":"BreadcrumbList","@id":"https:\/\/svilupporaytech.com\/es\/producto\/baja-tension\/especiales\/bridas-y-cleaner\/abrazaderas-para-el-cableado\/#breadcrumb","itemListElement":[{"@type":"ListItem","position":1,"name":"Home","item":"https:\/\/svilupporaytech.com\/es\/"},{"@type":"ListItem","position":2,"name":"Tienda","item":"https:\/\/svilupporaytech.com\/es\/tienda\/"},{"@type":"ListItem","position":3,"name":"Abrazaderas para el cableado"}]},{"@type":"WebSite","@id":"https:\/\/svilupporaytech.com\/#website","url":"https:\/\/svilupporaytech.com\/","name":"Raytech","description":"Cable accessories company","potentialAction":[{"@type":"SearchAction","target":{"@type":"EntryPoint","urlTemplate":"https:\/\/svilupporaytech.com\/?s={search_term_string}"},"query-input":"required name=search_term_string"}],"inLanguage":"es"}]}},"_links":{"self":[{"href":"https:\/\/svilupporaytech.com\/es\/wp-json\/wp\/v2\/product\/6387"}],"collection":[{"href":"https:\/\/svilupporaytech.com\/es\/wp-json\/wp\/v2\/product"}],"about":[{"href":"https:\/\/svilupporaytech.com\/es\/wp-json\/wp\/v2\/types\/product"}],"wp:featuredmedia":[{"embeddable":true,"href":"https:\/\/svilupporaytech.com\/es\/wp-json\/wp\/v2\/media\/1685"}],"wp:attachment":[{"href":"https:\/\/svilupporaytech.com\/es\/wp-json\/wp\/v2\/media?parent=6387"}],"wp:term":[{"taxonomy":"product_cat","embeddable":true,"href":"https:\/\/svilupporaytech.com\/es\/wp-json\/wp\/v2\/product_cat?post=6387"},{"taxonomy":"product_tag","embeddable":true,"href":"https:\/\/svilupporaytech.com\/es\/wp-json\/wp\/v2\/product_tag?post=6387"}],"curies":[{"name":"wp","href":"https:\/\/api.w.org\/{rel}","templated":true}]}}