{"id":6405,"date":"2015-09-15T10:35:06","date_gmt":"2015-12-17T11:02:25","guid":{"rendered":"https:\/\/svilupporaytech.com\/?post_type=product&#038;p=6405&#038;lang=es"},"modified":"2016-01-12T09:27:22","modified_gmt":"2016-01-12T09:27:22","slug":"terminaciones-contractiles-en-frio-para-interiorexterior","status":"publish","type":"product","link":"https:\/\/svilupporaytech.com\/es\/producto\/media-tension\/terminaciones-y-juntas-contractiles-en-frio\/terminaciones-es-2\/terminaciones-contractiles-en-frio-para-interiorexterior\/","title":{"rendered":"Terminaciones contr\u00e1ctiles en frio para interior\/exterior 36 kV"},"content":{"rendered":"<h4><span style=\"color: #004f9f;\">Terminaciones de goma silic\u00f3nica, con control del campo del campo elettrico. Per cables extru\u00eddos hasta 18\/30 kV (Um 36 kV)<\/span><\/h4>\n<p>La funda silic\u00f3nica Raytech, suministrada pre-expandida, es retardante a la llama, es altamente anti rastro, posee elevadas caracter\u00edsticas el\u00e1sticas, es capaz de mantener la presi\u00f3n sobre el cable durante el funcionamiento, es hidrorepelente y extremadamente robusta. Con aletas silic\u00f3nicas predilatadas sobre soporte con espiral para una instalaci\u00f3n modular del accesorio que dan la posibilidad de instalarla invertida. Est\u00e0 indicada para aplicaciones de interior y exterior, muy compacta, compuesta por todos los componentes; cada kit incluye 3 terminaciones unipolares. La instalaci\u00f3n se realiza en fr\u00edo, sin equipos, desenrollando la espiral de soporte.<\/p>\n<ul>\n<li><span style=\"color: #004f9f;\">Rapidez de instalaci\u00f3n con ventaja de costes de mano de obra<\/span><\/li>\n<li><span style=\"color: #004f9f;\">Elevada fiabilidad y seguridad para el operador<\/span><\/li>\n<li><span style=\"color: #004f9f;\">Instalaci\u00f3n sin aporte de calor y sin herramientas<\/span><\/li>\n<\/ul>\n<p><a class=\"btn btn-default linkpdf mt_bg\" style=\"margin-top: 10px;\" href=\"\/catalogo\/es\/identificazione-terminale.pdf\" target=\"_blank\">Datos para la identificaci\u00f3n de la terminiaci\u00f3n apropiada<\/a><\/p>\n","protected":false},"excerpt":{"rendered":"<p>Terminaciones de goma silic\u00f3nica, con control del campo del campo elettrico. Per cables extru\u00eddos hasta 18\/30 kV (Um 36 kV) La funda silic\u00f3nica Raytech, suministrada pre-expandida, es retardante a la<span class=\"excerpt-hellip\"> [\u2026]<\/span><\/p>\n","protected":false},"featured_media":2343,"template":"","meta":[],"product_cat":[274,275,446],"product_tag":[],"yoast_head":"<!-- This site is optimized with the Yoast SEO plugin v22.7 - https:\/\/yoast.com\/wordpress\/plugins\/seo\/ -->\n<title>Terminaciones contr\u00e1ctiles en frio para interior\/exterior 36 kV | Raytech<\/title>\n<meta name=\"robots\" content=\"index, follow, max-snippet:-1, max-image-preview:large, max-video-preview:-1\" \/>\n<link rel=\"canonical\" href=\"https:\/\/svilupporaytech.com\/es\/producto\/media-tension\/terminaciones-y-juntas-contractiles-en-frio\/terminaciones-es-2\/terminaciones-contractiles-en-frio-para-interiorexterior\/\" \/>\n<meta property=\"og:locale\" content=\"es_ES\" \/>\n<meta property=\"og:type\" content=\"article\" \/>\n<meta property=\"og:title\" content=\"Terminaciones contr\u00e1ctiles en frio para interior\/exterior 36 kV | Raytech\" \/>\n<meta property=\"og:description\" content=\"Terminaciones de goma silic\u00f3nica, con control del campo del campo elettrico. Per cables extru\u00eddos hasta 18\/30 kV (Um 36 kV) La funda silic\u00f3nica Raytech, suministrada pre-expandida, es retardante a la [\u2026]\" \/>\n<meta property=\"og:url\" content=\"https:\/\/svilupporaytech.com\/es\/producto\/media-tension\/terminaciones-y-juntas-contractiles-en-frio\/terminaciones-es-2\/terminaciones-contractiles-en-frio-para-interiorexterior\/\" \/>\n<meta property=\"og:site_name\" content=\"Raytech\" \/>\n<meta property=\"article:modified_time\" content=\"2016-01-12T09:27:22+00:00\" \/>\n<meta property=\"og:image\" content=\"https:\/\/svilupporaytech.com\/wp-content\/uploads\/terminali-interno-esterno.jpg\" \/>\n\t<meta property=\"og:image:width\" content=\"1024\" \/>\n\t<meta property=\"og:image:height\" content=\"1024\" \/>\n\t<meta property=\"og:image:type\" content=\"image\/jpeg\" \/>\n<meta name=\"twitter:card\" content=\"summary_large_image\" \/>\n<meta name=\"twitter:label1\" content=\"Tiempo de lectura\" \/>\n\t<meta name=\"twitter:data1\" content=\"1 minuto\" \/>\n<script type=\"application\/ld+json\" class=\"yoast-schema-graph\">{\"@context\":\"https:\/\/schema.org\",\"@graph\":[{\"@type\":\"WebPage\",\"@id\":\"https:\/\/svilupporaytech.com\/es\/producto\/media-tension\/terminaciones-y-juntas-contractiles-en-frio\/terminaciones-es-2\/terminaciones-contractiles-en-frio-para-interiorexterior\/\",\"url\":\"https:\/\/svilupporaytech.com\/es\/producto\/media-tension\/terminaciones-y-juntas-contractiles-en-frio\/terminaciones-es-2\/terminaciones-contractiles-en-frio-para-interiorexterior\/\",\"name\":\"Terminaciones contr\u00e1ctiles en frio para interior\/exterior 36 kV | Raytech\",\"isPartOf\":{\"@id\":\"https:\/\/svilupporaytech.com\/#website\"},\"primaryImageOfPage\":{\"@id\":\"https:\/\/svilupporaytech.com\/es\/producto\/media-tension\/terminaciones-y-juntas-contractiles-en-frio\/terminaciones-es-2\/terminaciones-contractiles-en-frio-para-interiorexterior\/#primaryimage\"},\"image\":{\"@id\":\"https:\/\/svilupporaytech.com\/es\/producto\/media-tension\/terminaciones-y-juntas-contractiles-en-frio\/terminaciones-es-2\/terminaciones-contractiles-en-frio-para-interiorexterior\/#primaryimage\"},\"thumbnailUrl\":\"https:\/\/svilupporaytech.com\/wp-content\/uploads\/terminali-interno-esterno.jpg\",\"datePublished\":\"2015-12-17T11:02:25+00:00\",\"dateModified\":\"2016-01-12T09:27:22+00:00\",\"breadcrumb\":{\"@id\":\"https:\/\/svilupporaytech.com\/es\/producto\/media-tension\/terminaciones-y-juntas-contractiles-en-frio\/terminaciones-es-2\/terminaciones-contractiles-en-frio-para-interiorexterior\/#breadcrumb\"},\"inLanguage\":\"es\",\"potentialAction\":[{\"@type\":\"ReadAction\",\"target\":[\"https:\/\/svilupporaytech.com\/es\/producto\/media-tension\/terminaciones-y-juntas-contractiles-en-frio\/terminaciones-es-2\/terminaciones-contractiles-en-frio-para-interiorexterior\/\"]}]},{\"@type\":\"ImageObject\",\"inLanguage\":\"es\",\"@id\":\"https:\/\/svilupporaytech.com\/es\/producto\/media-tension\/terminaciones-y-juntas-contractiles-en-frio\/terminaciones-es-2\/terminaciones-contractiles-en-frio-para-interiorexterior\/#primaryimage\",\"url\":\"https:\/\/svilupporaytech.com\/wp-content\/uploads\/terminali-interno-esterno.jpg\",\"contentUrl\":\"https:\/\/svilupporaytech.com\/wp-content\/uploads\/terminali-interno-esterno.jpg\",\"width\":1024,\"height\":1024},{\"@type\":\"BreadcrumbList\",\"@id\":\"https:\/\/svilupporaytech.com\/es\/producto\/media-tension\/terminaciones-y-juntas-contractiles-en-frio\/terminaciones-es-2\/terminaciones-contractiles-en-frio-para-interiorexterior\/#breadcrumb\",\"itemListElement\":[{\"@type\":\"ListItem\",\"position\":1,\"name\":\"Home\",\"item\":\"https:\/\/svilupporaytech.com\/es\/\"},{\"@type\":\"ListItem\",\"position\":2,\"name\":\"Tienda\",\"item\":\"https:\/\/svilupporaytech.com\/es\/tienda\/\"},{\"@type\":\"ListItem\",\"position\":3,\"name\":\"Terminaciones contr\u00e1ctiles en frio para interior\/exterior 36 kV\"}]},{\"@type\":\"WebSite\",\"@id\":\"https:\/\/svilupporaytech.com\/#website\",\"url\":\"https:\/\/svilupporaytech.com\/\",\"name\":\"Raytech\",\"description\":\"Cable accessories company\",\"potentialAction\":[{\"@type\":\"SearchAction\",\"target\":{\"@type\":\"EntryPoint\",\"urlTemplate\":\"https:\/\/svilupporaytech.com\/?s={search_term_string}\"},\"query-input\":\"required name=search_term_string\"}],\"inLanguage\":\"es\"}]}<\/script>\n<!-- \/ Yoast SEO plugin. -->","yoast_head_json":{"title":"Terminaciones contr\u00e1ctiles en frio para interior\/exterior 36 kV | Raytech","robots":{"index":"index","follow":"follow","max-snippet":"max-snippet:-1","max-image-preview":"max-image-preview:large","max-video-preview":"max-video-preview:-1"},"canonical":"https:\/\/svilupporaytech.com\/es\/producto\/media-tension\/terminaciones-y-juntas-contractiles-en-frio\/terminaciones-es-2\/terminaciones-contractiles-en-frio-para-interiorexterior\/","og_locale":"es_ES","og_type":"article","og_title":"Terminaciones contr\u00e1ctiles en frio para interior\/exterior 36 kV | Raytech","og_description":"Terminaciones de goma silic\u00f3nica, con control del campo del campo elettrico. Per cables extru\u00eddos hasta 18\/30 kV (Um 36 kV) La funda silic\u00f3nica Raytech, suministrada pre-expandida, es retardante a la [\u2026]","og_url":"https:\/\/svilupporaytech.com\/es\/producto\/media-tension\/terminaciones-y-juntas-contractiles-en-frio\/terminaciones-es-2\/terminaciones-contractiles-en-frio-para-interiorexterior\/","og_site_name":"Raytech","article_modified_time":"2016-01-12T09:27:22+00:00","og_image":[{"width":1024,"height":1024,"url":"https:\/\/svilupporaytech.com\/wp-content\/uploads\/terminali-interno-esterno.jpg","type":"image\/jpeg"}],"twitter_card":"summary_large_image","twitter_misc":{"Tiempo de lectura":"1 minuto"},"schema":{"@context":"https:\/\/schema.org","@graph":[{"@type":"WebPage","@id":"https:\/\/svilupporaytech.com\/es\/producto\/media-tension\/terminaciones-y-juntas-contractiles-en-frio\/terminaciones-es-2\/terminaciones-contractiles-en-frio-para-interiorexterior\/","url":"https:\/\/svilupporaytech.com\/es\/producto\/media-tension\/terminaciones-y-juntas-contractiles-en-frio\/terminaciones-es-2\/terminaciones-contractiles-en-frio-para-interiorexterior\/","name":"Terminaciones contr\u00e1ctiles en frio para interior\/exterior 36 kV | Raytech","isPartOf":{"@id":"https:\/\/svilupporaytech.com\/#website"},"primaryImageOfPage":{"@id":"https:\/\/svilupporaytech.com\/es\/producto\/media-tension\/terminaciones-y-juntas-contractiles-en-frio\/terminaciones-es-2\/terminaciones-contractiles-en-frio-para-interiorexterior\/#primaryimage"},"image":{"@id":"https:\/\/svilupporaytech.com\/es\/producto\/media-tension\/terminaciones-y-juntas-contractiles-en-frio\/terminaciones-es-2\/terminaciones-contractiles-en-frio-para-interiorexterior\/#primaryimage"},"thumbnailUrl":"https:\/\/svilupporaytech.com\/wp-content\/uploads\/terminali-interno-esterno.jpg","datePublished":"2015-12-17T11:02:25+00:00","dateModified":"2016-01-12T09:27:22+00:00","breadcrumb":{"@id":"https:\/\/svilupporaytech.com\/es\/producto\/media-tension\/terminaciones-y-juntas-contractiles-en-frio\/terminaciones-es-2\/terminaciones-contractiles-en-frio-para-interiorexterior\/#breadcrumb"},"inLanguage":"es","potentialAction":[{"@type":"ReadAction","target":["https:\/\/svilupporaytech.com\/es\/producto\/media-tension\/terminaciones-y-juntas-contractiles-en-frio\/terminaciones-es-2\/terminaciones-contractiles-en-frio-para-interiorexterior\/"]}]},{"@type":"ImageObject","inLanguage":"es","@id":"https:\/\/svilupporaytech.com\/es\/producto\/media-tension\/terminaciones-y-juntas-contractiles-en-frio\/terminaciones-es-2\/terminaciones-contractiles-en-frio-para-interiorexterior\/#primaryimage","url":"https:\/\/svilupporaytech.com\/wp-content\/uploads\/terminali-interno-esterno.jpg","contentUrl":"https:\/\/svilupporaytech.com\/wp-content\/uploads\/terminali-interno-esterno.jpg","width":1024,"height":1024},{"@type":"BreadcrumbList","@id":"https:\/\/svilupporaytech.com\/es\/producto\/media-tension\/terminaciones-y-juntas-contractiles-en-frio\/terminaciones-es-2\/terminaciones-contractiles-en-frio-para-interiorexterior\/#breadcrumb","itemListElement":[{"@type":"ListItem","position":1,"name":"Home","item":"https:\/\/svilupporaytech.com\/es\/"},{"@type":"ListItem","position":2,"name":"Tienda","item":"https:\/\/svilupporaytech.com\/es\/tienda\/"},{"@type":"ListItem","position":3,"name":"Terminaciones contr\u00e1ctiles en frio para interior\/exterior 36 kV"}]},{"@type":"WebSite","@id":"https:\/\/svilupporaytech.com\/#website","url":"https:\/\/svilupporaytech.com\/","name":"Raytech","description":"Cable accessories company","potentialAction":[{"@type":"SearchAction","target":{"@type":"EntryPoint","urlTemplate":"https:\/\/svilupporaytech.com\/?s={search_term_string}"},"query-input":"required name=search_term_string"}],"inLanguage":"es"}]}},"_links":{"self":[{"href":"https:\/\/svilupporaytech.com\/es\/wp-json\/wp\/v2\/product\/6405"}],"collection":[{"href":"https:\/\/svilupporaytech.com\/es\/wp-json\/wp\/v2\/product"}],"about":[{"href":"https:\/\/svilupporaytech.com\/es\/wp-json\/wp\/v2\/types\/product"}],"wp:featuredmedia":[{"embeddable":true,"href":"https:\/\/svilupporaytech.com\/es\/wp-json\/wp\/v2\/media\/2343"}],"wp:attachment":[{"href":"https:\/\/svilupporaytech.com\/es\/wp-json\/wp\/v2\/media?parent=6405"}],"wp:term":[{"taxonomy":"product_cat","embeddable":true,"href":"https:\/\/svilupporaytech.com\/es\/wp-json\/wp\/v2\/product_cat?post=6405"},{"taxonomy":"product_tag","embeddable":true,"href":"https:\/\/svilupporaytech.com\/es\/wp-json\/wp\/v2\/product_tag?post=6405"}],"curies":[{"name":"wp","href":"https:\/\/api.w.org\/{rel}","templated":true}]}}