{"id":6410,"date":"2015-09-15T11:16:11","date_gmt":"2015-12-17T11:45:04","guid":{"rendered":"https:\/\/svilupporaytech.com\/?post_type=product&#038;p=6410&#038;lang=es"},"modified":"2016-01-05T16:34:47","modified_gmt":"2016-01-05T16:34:47","slug":"terminaciones-termo-retractiles-homologados-enel","status":"publish","type":"product","link":"https:\/\/svilupporaytech.com\/es\/producto\/media-tension\/terminaciones-y-juntas-termo-retractiles\/terminaciones-es\/terminaciones-termo-retractiles-homologados-enel\/","title":{"rendered":"Terminaciones Termo retr\u00e1ctiles homologados ENEL"},"content":{"rendered":"<h4><span style=\"color: #004f9f;\">Para interior y exterior de tipo unipolar<\/span><\/h4>\n<p>Los terminaciones termo rectr\u00e1ctiles son inmediatamente energizables, r\u00e1pidos en el envasado y fiables. Las relaciones de encogimiento elevadas permiten ampliar las gamas de aplicaci\u00f3n y reducen el n\u00famero de los kit de colocar en el almac\u00e9n.<br \/>\nEl primer problema a resolver en los accesorios de media tensi\u00f3n es evitar la concentraci\u00f3n de la tensi\u00f3n sobre la l\u00ednea de corte pantalla. El empleo de pol\u00edmeros cargados con \u00f3xidos met\u00e1licos con caracter\u00edstica no lineal ha permitido una \u00f3ptima distribuci\u00f3n del campo el\u00e9ctrico sin aumentar el terminal; el elemento de control del campo puede ser una funda para aplicar directamente sobre la punta del cable, m\u00e1s que una capa extrusa con la funda de cobertura externa.<\/p>\n<ul>\n<li><span style=\"color: #004f9f;\">Extremadamente simples, no requieren una mano de obra particular<\/span><\/li>\n<li><span style=\"color: #004f9f;\">Inestables en todas las condiciones<\/span><\/li>\n<li><span style=\"color: #004f9f;\">Sin caducidad<\/span><\/li>\n<\/ul>\n<p><a class=\"btn btn-default linkpdf mt_bg\" style=\"margin-top: 10px;\" href=\"\/catalogo\/es\/identificazione-terminali.pdf\" target=\"_blank\">Datos para la identificaci\u00f3n de la terminaci\u00f3n apropiada<\/a><\/p>\n","protected":false},"excerpt":{"rendered":"<p>Para interior y exterior de tipo unipolar Los terminaciones termo rectr\u00e1ctiles son inmediatamente energizables, r\u00e1pidos en el envasado y fiables. Las relaciones de encogimiento elevadas permiten ampliar las gamas de<span class=\"excerpt-hellip\"> [\u2026]<\/span><\/p>\n","protected":false},"featured_media":2378,"template":"","meta":[],"product_cat":[274,278,442],"product_tag":[],"yoast_head":"<!-- This site is optimized with the Yoast SEO plugin v22.7 - https:\/\/yoast.com\/wordpress\/plugins\/seo\/ -->\n<title>Terminaciones Termo retr\u00e1ctiles homologados ENEL | Raytech<\/title>\n<meta name=\"robots\" content=\"index, follow, max-snippet:-1, max-image-preview:large, max-video-preview:-1\" \/>\n<link rel=\"canonical\" href=\"https:\/\/svilupporaytech.com\/es\/producto\/media-tension\/terminaciones-y-juntas-termo-retractiles\/terminaciones-es\/terminaciones-termo-retractiles-homologados-enel\/\" \/>\n<meta property=\"og:locale\" content=\"es_ES\" \/>\n<meta property=\"og:type\" content=\"article\" \/>\n<meta property=\"og:title\" content=\"Terminaciones Termo retr\u00e1ctiles homologados ENEL | Raytech\" \/>\n<meta property=\"og:description\" content=\"Para interior y exterior de tipo unipolar Los terminaciones termo rectr\u00e1ctiles son inmediatamente energizables, r\u00e1pidos en el envasado y fiables. Las relaciones de encogimiento elevadas permiten ampliar las gamas de [\u2026]\" \/>\n<meta property=\"og:url\" content=\"https:\/\/svilupporaytech.com\/es\/producto\/media-tension\/terminaciones-y-juntas-termo-retractiles\/terminaciones-es\/terminaciones-termo-retractiles-homologados-enel\/\" \/>\n<meta property=\"og:site_name\" content=\"Raytech\" \/>\n<meta property=\"article:modified_time\" content=\"2016-01-05T16:34:47+00:00\" \/>\n<meta property=\"og:image\" content=\"https:\/\/svilupporaytech.com\/wp-content\/uploads\/terminali-omologati.jpg\" \/>\n\t<meta property=\"og:image:width\" content=\"1024\" \/>\n\t<meta property=\"og:image:height\" content=\"1024\" \/>\n\t<meta property=\"og:image:type\" content=\"image\/jpeg\" \/>\n<meta name=\"twitter:card\" content=\"summary_large_image\" \/>\n<meta name=\"twitter:label1\" content=\"Tiempo de lectura\" \/>\n\t<meta name=\"twitter:data1\" content=\"1 minuto\" \/>\n<script type=\"application\/ld+json\" class=\"yoast-schema-graph\">{\"@context\":\"https:\/\/schema.org\",\"@graph\":[{\"@type\":\"WebPage\",\"@id\":\"https:\/\/svilupporaytech.com\/es\/producto\/media-tension\/terminaciones-y-juntas-termo-retractiles\/terminaciones-es\/terminaciones-termo-retractiles-homologados-enel\/\",\"url\":\"https:\/\/svilupporaytech.com\/es\/producto\/media-tension\/terminaciones-y-juntas-termo-retractiles\/terminaciones-es\/terminaciones-termo-retractiles-homologados-enel\/\",\"name\":\"Terminaciones Termo retr\u00e1ctiles homologados ENEL | Raytech\",\"isPartOf\":{\"@id\":\"https:\/\/svilupporaytech.com\/#website\"},\"primaryImageOfPage\":{\"@id\":\"https:\/\/svilupporaytech.com\/es\/producto\/media-tension\/terminaciones-y-juntas-termo-retractiles\/terminaciones-es\/terminaciones-termo-retractiles-homologados-enel\/#primaryimage\"},\"image\":{\"@id\":\"https:\/\/svilupporaytech.com\/es\/producto\/media-tension\/terminaciones-y-juntas-termo-retractiles\/terminaciones-es\/terminaciones-termo-retractiles-homologados-enel\/#primaryimage\"},\"thumbnailUrl\":\"https:\/\/svilupporaytech.com\/wp-content\/uploads\/terminali-omologati.jpg\",\"datePublished\":\"2015-12-17T11:45:04+00:00\",\"dateModified\":\"2016-01-05T16:34:47+00:00\",\"breadcrumb\":{\"@id\":\"https:\/\/svilupporaytech.com\/es\/producto\/media-tension\/terminaciones-y-juntas-termo-retractiles\/terminaciones-es\/terminaciones-termo-retractiles-homologados-enel\/#breadcrumb\"},\"inLanguage\":\"es\",\"potentialAction\":[{\"@type\":\"ReadAction\",\"target\":[\"https:\/\/svilupporaytech.com\/es\/producto\/media-tension\/terminaciones-y-juntas-termo-retractiles\/terminaciones-es\/terminaciones-termo-retractiles-homologados-enel\/\"]}]},{\"@type\":\"ImageObject\",\"inLanguage\":\"es\",\"@id\":\"https:\/\/svilupporaytech.com\/es\/producto\/media-tension\/terminaciones-y-juntas-termo-retractiles\/terminaciones-es\/terminaciones-termo-retractiles-homologados-enel\/#primaryimage\",\"url\":\"https:\/\/svilupporaytech.com\/wp-content\/uploads\/terminali-omologati.jpg\",\"contentUrl\":\"https:\/\/svilupporaytech.com\/wp-content\/uploads\/terminali-omologati.jpg\",\"width\":1024,\"height\":1024},{\"@type\":\"BreadcrumbList\",\"@id\":\"https:\/\/svilupporaytech.com\/es\/producto\/media-tension\/terminaciones-y-juntas-termo-retractiles\/terminaciones-es\/terminaciones-termo-retractiles-homologados-enel\/#breadcrumb\",\"itemListElement\":[{\"@type\":\"ListItem\",\"position\":1,\"name\":\"Home\",\"item\":\"https:\/\/svilupporaytech.com\/es\/\"},{\"@type\":\"ListItem\",\"position\":2,\"name\":\"Tienda\",\"item\":\"https:\/\/svilupporaytech.com\/es\/tienda\/\"},{\"@type\":\"ListItem\",\"position\":3,\"name\":\"Terminaciones Termo retr\u00e1ctiles homologados ENEL\"}]},{\"@type\":\"WebSite\",\"@id\":\"https:\/\/svilupporaytech.com\/#website\",\"url\":\"https:\/\/svilupporaytech.com\/\",\"name\":\"Raytech\",\"description\":\"Cable accessories company\",\"potentialAction\":[{\"@type\":\"SearchAction\",\"target\":{\"@type\":\"EntryPoint\",\"urlTemplate\":\"https:\/\/svilupporaytech.com\/?s={search_term_string}\"},\"query-input\":\"required name=search_term_string\"}],\"inLanguage\":\"es\"}]}<\/script>\n<!-- \/ Yoast SEO plugin. -->","yoast_head_json":{"title":"Terminaciones Termo retr\u00e1ctiles homologados ENEL | Raytech","robots":{"index":"index","follow":"follow","max-snippet":"max-snippet:-1","max-image-preview":"max-image-preview:large","max-video-preview":"max-video-preview:-1"},"canonical":"https:\/\/svilupporaytech.com\/es\/producto\/media-tension\/terminaciones-y-juntas-termo-retractiles\/terminaciones-es\/terminaciones-termo-retractiles-homologados-enel\/","og_locale":"es_ES","og_type":"article","og_title":"Terminaciones Termo retr\u00e1ctiles homologados ENEL | Raytech","og_description":"Para interior y exterior de tipo unipolar Los terminaciones termo rectr\u00e1ctiles son inmediatamente energizables, r\u00e1pidos en el envasado y fiables. Las relaciones de encogimiento elevadas permiten ampliar las gamas de [\u2026]","og_url":"https:\/\/svilupporaytech.com\/es\/producto\/media-tension\/terminaciones-y-juntas-termo-retractiles\/terminaciones-es\/terminaciones-termo-retractiles-homologados-enel\/","og_site_name":"Raytech","article_modified_time":"2016-01-05T16:34:47+00:00","og_image":[{"width":1024,"height":1024,"url":"https:\/\/svilupporaytech.com\/wp-content\/uploads\/terminali-omologati.jpg","type":"image\/jpeg"}],"twitter_card":"summary_large_image","twitter_misc":{"Tiempo de lectura":"1 minuto"},"schema":{"@context":"https:\/\/schema.org","@graph":[{"@type":"WebPage","@id":"https:\/\/svilupporaytech.com\/es\/producto\/media-tension\/terminaciones-y-juntas-termo-retractiles\/terminaciones-es\/terminaciones-termo-retractiles-homologados-enel\/","url":"https:\/\/svilupporaytech.com\/es\/producto\/media-tension\/terminaciones-y-juntas-termo-retractiles\/terminaciones-es\/terminaciones-termo-retractiles-homologados-enel\/","name":"Terminaciones Termo retr\u00e1ctiles homologados ENEL | Raytech","isPartOf":{"@id":"https:\/\/svilupporaytech.com\/#website"},"primaryImageOfPage":{"@id":"https:\/\/svilupporaytech.com\/es\/producto\/media-tension\/terminaciones-y-juntas-termo-retractiles\/terminaciones-es\/terminaciones-termo-retractiles-homologados-enel\/#primaryimage"},"image":{"@id":"https:\/\/svilupporaytech.com\/es\/producto\/media-tension\/terminaciones-y-juntas-termo-retractiles\/terminaciones-es\/terminaciones-termo-retractiles-homologados-enel\/#primaryimage"},"thumbnailUrl":"https:\/\/svilupporaytech.com\/wp-content\/uploads\/terminali-omologati.jpg","datePublished":"2015-12-17T11:45:04+00:00","dateModified":"2016-01-05T16:34:47+00:00","breadcrumb":{"@id":"https:\/\/svilupporaytech.com\/es\/producto\/media-tension\/terminaciones-y-juntas-termo-retractiles\/terminaciones-es\/terminaciones-termo-retractiles-homologados-enel\/#breadcrumb"},"inLanguage":"es","potentialAction":[{"@type":"ReadAction","target":["https:\/\/svilupporaytech.com\/es\/producto\/media-tension\/terminaciones-y-juntas-termo-retractiles\/terminaciones-es\/terminaciones-termo-retractiles-homologados-enel\/"]}]},{"@type":"ImageObject","inLanguage":"es","@id":"https:\/\/svilupporaytech.com\/es\/producto\/media-tension\/terminaciones-y-juntas-termo-retractiles\/terminaciones-es\/terminaciones-termo-retractiles-homologados-enel\/#primaryimage","url":"https:\/\/svilupporaytech.com\/wp-content\/uploads\/terminali-omologati.jpg","contentUrl":"https:\/\/svilupporaytech.com\/wp-content\/uploads\/terminali-omologati.jpg","width":1024,"height":1024},{"@type":"BreadcrumbList","@id":"https:\/\/svilupporaytech.com\/es\/producto\/media-tension\/terminaciones-y-juntas-termo-retractiles\/terminaciones-es\/terminaciones-termo-retractiles-homologados-enel\/#breadcrumb","itemListElement":[{"@type":"ListItem","position":1,"name":"Home","item":"https:\/\/svilupporaytech.com\/es\/"},{"@type":"ListItem","position":2,"name":"Tienda","item":"https:\/\/svilupporaytech.com\/es\/tienda\/"},{"@type":"ListItem","position":3,"name":"Terminaciones Termo retr\u00e1ctiles homologados ENEL"}]},{"@type":"WebSite","@id":"https:\/\/svilupporaytech.com\/#website","url":"https:\/\/svilupporaytech.com\/","name":"Raytech","description":"Cable accessories company","potentialAction":[{"@type":"SearchAction","target":{"@type":"EntryPoint","urlTemplate":"https:\/\/svilupporaytech.com\/?s={search_term_string}"},"query-input":"required name=search_term_string"}],"inLanguage":"es"}]}},"_links":{"self":[{"href":"https:\/\/svilupporaytech.com\/es\/wp-json\/wp\/v2\/product\/6410"}],"collection":[{"href":"https:\/\/svilupporaytech.com\/es\/wp-json\/wp\/v2\/product"}],"about":[{"href":"https:\/\/svilupporaytech.com\/es\/wp-json\/wp\/v2\/types\/product"}],"wp:featuredmedia":[{"embeddable":true,"href":"https:\/\/svilupporaytech.com\/es\/wp-json\/wp\/v2\/media\/2378"}],"wp:attachment":[{"href":"https:\/\/svilupporaytech.com\/es\/wp-json\/wp\/v2\/media?parent=6410"}],"wp:term":[{"taxonomy":"product_cat","embeddable":true,"href":"https:\/\/svilupporaytech.com\/es\/wp-json\/wp\/v2\/product_cat?post=6410"},{"taxonomy":"product_tag","embeddable":true,"href":"https:\/\/svilupporaytech.com\/es\/wp-json\/wp\/v2\/product_tag?post=6410"}],"curies":[{"name":"wp","href":"https:\/\/api.w.org\/{rel}","templated":true}]}}