{"id":6413,"date":"2015-09-15T11:22:20","date_gmt":"2015-12-17T13:30:32","guid":{"rendered":"https:\/\/svilupporaytech.com\/?post_type=product&#038;p=6413&#038;lang=es"},"modified":"2019-08-02T10:11:06","modified_gmt":"2019-08-02T10:11:06","slug":"empalmes-de-transicion-entre-cables-unipolares","status":"publish","type":"product","link":"https:\/\/svilupporaytech.com\/es\/producto\/media-tension\/terminaciones-y-juntas-termo-retractiles\/empalmes-es\/empalmes-de-transicion-entre-cables-unipolares\/","title":{"rendered":"Empalmes de transici\u00f3n entre cables unipolares"},"content":{"rendered":"<p><strong>Distribuci\u00f3n del campo el\u00e9ctrico<\/strong><br \/>\nAl cortar la pantalla del cable, el campo el\u00e9ctrico es controlado por un material ya experimentado en las terminaciones: el tubo de control del gradiente el\u00e9ctrico. Este tubo est\u00e1 realizado en material aislante con impedancia no lineal, capaz de controlar el campo el\u00e9ctrico sea al final de la pantalla del cable, que sobre el conector met\u00e1lico. Al igual que las terminaciones, gracias a los componentes termoretraibles, la gama de juntas incluye pr\u00e1cticamente la totalidad de las configuraciones de los cables existentes, as\u00ed como las uniones mixtas entre las diferentes tipolog\u00edas de cable. Las referencias de los kit que aparecen sobre las tablas de selecci\u00f3n son aquellas de mayor uso para los instaladores en todo el territorio nacional, para aplicaciones para cables de hasta 36 kV. En los casos no descritos, sea cual sea el tipo de cable, se ruega de consultar a Raytech.<\/p>\n<ul>\n<li><span style=\"color: #004f9f;\">Empalmes de transici\u00f3n entre cables <strong>unipolares<\/strong> con aislante extruso y con papel impregnado para colocaci\u00f3n enterrada<\/span><\/li>\n<li><span style=\"color: #004f9f;\">Empalmes de transici\u00f3n entre cables <strong>unipolares<\/strong> con aislante extruso para colocaci\u00f3n a\u00e9rea y de papel<\/span><\/li>\n<li><span style=\"color: #004f9f;\">Empalmes de transici\u00f3n entre cables <strong>unipolares<\/strong> con aislante extruso para colocaci\u00f3n enterrada y colocaci\u00f3n a\u00e9rea<\/span><\/li>\n<\/ul>\n<p><a class=\"btn btn-default linkpdf mt_bg\" style=\"margin-top: 10px;\" href=\"\/catalogo\/es\/identificazione-giunzioni.pdf\" target=\"_blank\">Datos para la identificaci\u00f3n del empalme apropiado<\/a><\/p>\n","protected":false},"excerpt":{"rendered":"<p>Distribuci\u00f3n del campo el\u00e9ctrico Al cortar la pantalla del cable, el campo el\u00e9ctrico es controlado por un material ya experimentado en las terminaciones: el tubo de control del gradiente el\u00e9ctrico.<span class=\"excerpt-hellip\"> [\u2026]<\/span><\/p>\n","protected":false},"featured_media":17795,"template":"","meta":[],"product_cat":[274,278,443],"product_tag":[],"yoast_head":"<!-- This site is optimized with the Yoast SEO plugin v22.7 - https:\/\/yoast.com\/wordpress\/plugins\/seo\/ -->\n<title>Empalmes de transici\u00f3n entre cables unipolares | Raytech<\/title>\n<meta name=\"robots\" content=\"index, follow, max-snippet:-1, max-image-preview:large, max-video-preview:-1\" \/>\n<link rel=\"canonical\" href=\"https:\/\/svilupporaytech.com\/es\/producto\/media-tension\/terminaciones-y-juntas-termo-retractiles\/empalmes-es\/empalmes-de-transicion-entre-cables-unipolares\/\" \/>\n<meta property=\"og:locale\" content=\"es_ES\" \/>\n<meta property=\"og:type\" content=\"article\" \/>\n<meta property=\"og:title\" content=\"Empalmes de transici\u00f3n entre cables unipolares | Raytech\" \/>\n<meta property=\"og:description\" content=\"Distribuci\u00f3n del campo el\u00e9ctrico Al cortar la pantalla del cable, el campo el\u00e9ctrico es controlado por un material ya experimentado en las terminaciones: el tubo de control del gradiente el\u00e9ctrico. [\u2026]\" \/>\n<meta property=\"og:url\" content=\"https:\/\/svilupporaytech.com\/es\/producto\/media-tension\/terminaciones-y-juntas-termo-retractiles\/empalmes-es\/empalmes-de-transicion-entre-cables-unipolares\/\" \/>\n<meta property=\"og:site_name\" content=\"Raytech\" \/>\n<meta property=\"article:modified_time\" content=\"2019-08-02T10:11:06+00:00\" \/>\n<meta property=\"og:image\" content=\"https:\/\/svilupporaytech.com\/wp-content\/uploads\/giunti-di-transizione_c-u.jpg\" \/>\n\t<meta property=\"og:image:width\" content=\"1024\" \/>\n\t<meta property=\"og:image:height\" content=\"1024\" \/>\n\t<meta property=\"og:image:type\" content=\"image\/jpeg\" \/>\n<meta name=\"twitter:card\" content=\"summary_large_image\" \/>\n<meta name=\"twitter:label1\" content=\"Tiempo de lectura\" \/>\n\t<meta name=\"twitter:data1\" content=\"1 minuto\" \/>\n<script type=\"application\/ld+json\" class=\"yoast-schema-graph\">{\"@context\":\"https:\/\/schema.org\",\"@graph\":[{\"@type\":\"WebPage\",\"@id\":\"https:\/\/svilupporaytech.com\/es\/producto\/media-tension\/terminaciones-y-juntas-termo-retractiles\/empalmes-es\/empalmes-de-transicion-entre-cables-unipolares\/\",\"url\":\"https:\/\/svilupporaytech.com\/es\/producto\/media-tension\/terminaciones-y-juntas-termo-retractiles\/empalmes-es\/empalmes-de-transicion-entre-cables-unipolares\/\",\"name\":\"Empalmes de transici\u00f3n entre cables unipolares | Raytech\",\"isPartOf\":{\"@id\":\"https:\/\/svilupporaytech.com\/#website\"},\"primaryImageOfPage\":{\"@id\":\"https:\/\/svilupporaytech.com\/es\/producto\/media-tension\/terminaciones-y-juntas-termo-retractiles\/empalmes-es\/empalmes-de-transicion-entre-cables-unipolares\/#primaryimage\"},\"image\":{\"@id\":\"https:\/\/svilupporaytech.com\/es\/producto\/media-tension\/terminaciones-y-juntas-termo-retractiles\/empalmes-es\/empalmes-de-transicion-entre-cables-unipolares\/#primaryimage\"},\"thumbnailUrl\":\"https:\/\/svilupporaytech.com\/wp-content\/uploads\/giunti-di-transizione_c-u.jpg\",\"datePublished\":\"2015-12-17T13:30:32+00:00\",\"dateModified\":\"2019-08-02T10:11:06+00:00\",\"breadcrumb\":{\"@id\":\"https:\/\/svilupporaytech.com\/es\/producto\/media-tension\/terminaciones-y-juntas-termo-retractiles\/empalmes-es\/empalmes-de-transicion-entre-cables-unipolares\/#breadcrumb\"},\"inLanguage\":\"es\",\"potentialAction\":[{\"@type\":\"ReadAction\",\"target\":[\"https:\/\/svilupporaytech.com\/es\/producto\/media-tension\/terminaciones-y-juntas-termo-retractiles\/empalmes-es\/empalmes-de-transicion-entre-cables-unipolares\/\"]}]},{\"@type\":\"ImageObject\",\"inLanguage\":\"es\",\"@id\":\"https:\/\/svilupporaytech.com\/es\/producto\/media-tension\/terminaciones-y-juntas-termo-retractiles\/empalmes-es\/empalmes-de-transicion-entre-cables-unipolares\/#primaryimage\",\"url\":\"https:\/\/svilupporaytech.com\/wp-content\/uploads\/giunti-di-transizione_c-u.jpg\",\"contentUrl\":\"https:\/\/svilupporaytech.com\/wp-content\/uploads\/giunti-di-transizione_c-u.jpg\",\"width\":1024,\"height\":1024},{\"@type\":\"BreadcrumbList\",\"@id\":\"https:\/\/svilupporaytech.com\/es\/producto\/media-tension\/terminaciones-y-juntas-termo-retractiles\/empalmes-es\/empalmes-de-transicion-entre-cables-unipolares\/#breadcrumb\",\"itemListElement\":[{\"@type\":\"ListItem\",\"position\":1,\"name\":\"Home\",\"item\":\"https:\/\/svilupporaytech.com\/es\/\"},{\"@type\":\"ListItem\",\"position\":2,\"name\":\"Tienda\",\"item\":\"https:\/\/svilupporaytech.com\/es\/tienda\/\"},{\"@type\":\"ListItem\",\"position\":3,\"name\":\"Empalmes de transici\u00f3n entre cables unipolares\"}]},{\"@type\":\"WebSite\",\"@id\":\"https:\/\/svilupporaytech.com\/#website\",\"url\":\"https:\/\/svilupporaytech.com\/\",\"name\":\"Raytech\",\"description\":\"Cable accessories company\",\"potentialAction\":[{\"@type\":\"SearchAction\",\"target\":{\"@type\":\"EntryPoint\",\"urlTemplate\":\"https:\/\/svilupporaytech.com\/?s={search_term_string}\"},\"query-input\":\"required name=search_term_string\"}],\"inLanguage\":\"es\"}]}<\/script>\n<!-- \/ Yoast SEO plugin. -->","yoast_head_json":{"title":"Empalmes de transici\u00f3n entre cables unipolares | Raytech","robots":{"index":"index","follow":"follow","max-snippet":"max-snippet:-1","max-image-preview":"max-image-preview:large","max-video-preview":"max-video-preview:-1"},"canonical":"https:\/\/svilupporaytech.com\/es\/producto\/media-tension\/terminaciones-y-juntas-termo-retractiles\/empalmes-es\/empalmes-de-transicion-entre-cables-unipolares\/","og_locale":"es_ES","og_type":"article","og_title":"Empalmes de transici\u00f3n entre cables unipolares | Raytech","og_description":"Distribuci\u00f3n del campo el\u00e9ctrico Al cortar la pantalla del cable, el campo el\u00e9ctrico es controlado por un material ya experimentado en las terminaciones: el tubo de control del gradiente el\u00e9ctrico. [\u2026]","og_url":"https:\/\/svilupporaytech.com\/es\/producto\/media-tension\/terminaciones-y-juntas-termo-retractiles\/empalmes-es\/empalmes-de-transicion-entre-cables-unipolares\/","og_site_name":"Raytech","article_modified_time":"2019-08-02T10:11:06+00:00","og_image":[{"width":1024,"height":1024,"url":"https:\/\/svilupporaytech.com\/wp-content\/uploads\/giunti-di-transizione_c-u.jpg","type":"image\/jpeg"}],"twitter_card":"summary_large_image","twitter_misc":{"Tiempo de lectura":"1 minuto"},"schema":{"@context":"https:\/\/schema.org","@graph":[{"@type":"WebPage","@id":"https:\/\/svilupporaytech.com\/es\/producto\/media-tension\/terminaciones-y-juntas-termo-retractiles\/empalmes-es\/empalmes-de-transicion-entre-cables-unipolares\/","url":"https:\/\/svilupporaytech.com\/es\/producto\/media-tension\/terminaciones-y-juntas-termo-retractiles\/empalmes-es\/empalmes-de-transicion-entre-cables-unipolares\/","name":"Empalmes de transici\u00f3n entre cables unipolares | Raytech","isPartOf":{"@id":"https:\/\/svilupporaytech.com\/#website"},"primaryImageOfPage":{"@id":"https:\/\/svilupporaytech.com\/es\/producto\/media-tension\/terminaciones-y-juntas-termo-retractiles\/empalmes-es\/empalmes-de-transicion-entre-cables-unipolares\/#primaryimage"},"image":{"@id":"https:\/\/svilupporaytech.com\/es\/producto\/media-tension\/terminaciones-y-juntas-termo-retractiles\/empalmes-es\/empalmes-de-transicion-entre-cables-unipolares\/#primaryimage"},"thumbnailUrl":"https:\/\/svilupporaytech.com\/wp-content\/uploads\/giunti-di-transizione_c-u.jpg","datePublished":"2015-12-17T13:30:32+00:00","dateModified":"2019-08-02T10:11:06+00:00","breadcrumb":{"@id":"https:\/\/svilupporaytech.com\/es\/producto\/media-tension\/terminaciones-y-juntas-termo-retractiles\/empalmes-es\/empalmes-de-transicion-entre-cables-unipolares\/#breadcrumb"},"inLanguage":"es","potentialAction":[{"@type":"ReadAction","target":["https:\/\/svilupporaytech.com\/es\/producto\/media-tension\/terminaciones-y-juntas-termo-retractiles\/empalmes-es\/empalmes-de-transicion-entre-cables-unipolares\/"]}]},{"@type":"ImageObject","inLanguage":"es","@id":"https:\/\/svilupporaytech.com\/es\/producto\/media-tension\/terminaciones-y-juntas-termo-retractiles\/empalmes-es\/empalmes-de-transicion-entre-cables-unipolares\/#primaryimage","url":"https:\/\/svilupporaytech.com\/wp-content\/uploads\/giunti-di-transizione_c-u.jpg","contentUrl":"https:\/\/svilupporaytech.com\/wp-content\/uploads\/giunti-di-transizione_c-u.jpg","width":1024,"height":1024},{"@type":"BreadcrumbList","@id":"https:\/\/svilupporaytech.com\/es\/producto\/media-tension\/terminaciones-y-juntas-termo-retractiles\/empalmes-es\/empalmes-de-transicion-entre-cables-unipolares\/#breadcrumb","itemListElement":[{"@type":"ListItem","position":1,"name":"Home","item":"https:\/\/svilupporaytech.com\/es\/"},{"@type":"ListItem","position":2,"name":"Tienda","item":"https:\/\/svilupporaytech.com\/es\/tienda\/"},{"@type":"ListItem","position":3,"name":"Empalmes de transici\u00f3n entre cables unipolares"}]},{"@type":"WebSite","@id":"https:\/\/svilupporaytech.com\/#website","url":"https:\/\/svilupporaytech.com\/","name":"Raytech","description":"Cable accessories company","potentialAction":[{"@type":"SearchAction","target":{"@type":"EntryPoint","urlTemplate":"https:\/\/svilupporaytech.com\/?s={search_term_string}"},"query-input":"required name=search_term_string"}],"inLanguage":"es"}]}},"_links":{"self":[{"href":"https:\/\/svilupporaytech.com\/es\/wp-json\/wp\/v2\/product\/6413"}],"collection":[{"href":"https:\/\/svilupporaytech.com\/es\/wp-json\/wp\/v2\/product"}],"about":[{"href":"https:\/\/svilupporaytech.com\/es\/wp-json\/wp\/v2\/types\/product"}],"wp:featuredmedia":[{"embeddable":true,"href":"https:\/\/svilupporaytech.com\/es\/wp-json\/wp\/v2\/media\/17795"}],"wp:attachment":[{"href":"https:\/\/svilupporaytech.com\/es\/wp-json\/wp\/v2\/media?parent=6413"}],"wp:term":[{"taxonomy":"product_cat","embeddable":true,"href":"https:\/\/svilupporaytech.com\/es\/wp-json\/wp\/v2\/product_cat?post=6413"},{"taxonomy":"product_tag","embeddable":true,"href":"https:\/\/svilupporaytech.com\/es\/wp-json\/wp\/v2\/product_tag?post=6413"}],"curies":[{"name":"wp","href":"https:\/\/api.w.org\/{rel}","templated":true}]}}