{"id":6416,"date":"2015-09-15T11:30:42","date_gmt":"2015-12-17T13:36:07","guid":{"rendered":"https:\/\/svilupporaytech.com\/?post_type=product&#038;p=6416&#038;lang=es"},"modified":"2016-01-05T16:10:04","modified_gmt":"2016-01-05T16:10:04","slug":"empalmes-termo-retractiles-homologadas-enel","status":"publish","type":"product","link":"https:\/\/svilupporaytech.com\/es\/producto\/media-tension\/terminaciones-y-juntas-termo-retractiles\/empalmes-es\/empalmes-termo-retractiles-homologadas-enel\/","title":{"rendered":"Empalmes termo retr\u00e1ctiles homologadas ENEL"},"content":{"rendered":"<p><strong>Distribuci\u00f3n del campo el\u00e9ctrico<\/strong><br \/>\nAl cortar la pantalla del cable, el campo el\u00e9ctrico es controlado por un material ya experimentado en las terminaciones: el tubo de control del gradiente el\u00e9ctrico. Este tubo est\u00e1 realizado en material aislante con impedancia no lineal, capaz de controlar el campo el\u00e9ctrico sea al final de la pantalla del cable, que sobre el conector met\u00e1lico. Al igual que las terminaciones, gracias a los componentes termoretraibles, la gama de juntas incluye pr\u00e1cticamente la totalidad de las configuraciones de los cables existentes, as\u00ed como las uniones mixtas entre las diferentes tipolog\u00edas de cable. Las referencias de los kit que aparecen sobre las tablas de selecci\u00f3n son aquellas de mayor uso para los instaladores en todo el territorio nacional, para aplicaciones para cables de hasta 36 kV. En los casos no descritos, sea cual sea el tipo de cable, se ruega de consultar a Raytech.<\/p>\n<ul>\n<li><span style=\"color: #004f9f;\">Empalmes unipolares para cables con aislante extruso<\/span><\/li>\n<li><span style=\"color: #004f9f;\">Empalmes unipolares para cable a\u00e9reo con correa portante<\/span><\/li>\n<li><span style=\"color: #004f9f;\">Empalmes unipolares para cables aislados con papel impregnado<\/span><\/li>\n<li><span style=\"color: #004f9f;\">Cable extruido para colocaci\u00f3n enterrada con pantalla de tubo de aluminio<\/span><\/li>\n<\/ul>\n<p><a class=\"btn btn-default linkpdf mt_bg\" style=\"margin-top: 10px;\" href=\"\/catalogo\/es\/identificazione-giunzioni.pdf\" target=\"_blank\">Datos para la identificaci\u00f3n del empalme apropiado<\/a><\/p>\n","protected":false},"excerpt":{"rendered":"<p>Distribuci\u00f3n del campo el\u00e9ctrico Al cortar la pantalla del cable, el campo el\u00e9ctrico es controlado por un material ya experimentado en las terminaciones: el tubo de control del gradiente el\u00e9ctrico.<span class=\"excerpt-hellip\"> [\u2026]<\/span><\/p>\n","protected":false},"featured_media":2413,"template":"","meta":[],"product_cat":[274,278,443],"product_tag":[],"yoast_head":"<!-- This site is optimized with the Yoast SEO plugin v22.7 - https:\/\/yoast.com\/wordpress\/plugins\/seo\/ -->\n<title>Empalmes termo retr\u00e1ctiles homologadas ENEL | Raytech<\/title>\n<meta name=\"robots\" content=\"index, follow, max-snippet:-1, max-image-preview:large, max-video-preview:-1\" \/>\n<link rel=\"canonical\" href=\"https:\/\/svilupporaytech.com\/es\/producto\/media-tension\/terminaciones-y-juntas-termo-retractiles\/empalmes-es\/empalmes-termo-retractiles-homologadas-enel\/\" \/>\n<meta property=\"og:locale\" content=\"es_ES\" \/>\n<meta property=\"og:type\" content=\"article\" \/>\n<meta property=\"og:title\" content=\"Empalmes termo retr\u00e1ctiles homologadas ENEL | Raytech\" \/>\n<meta property=\"og:description\" content=\"Distribuci\u00f3n del campo el\u00e9ctrico Al cortar la pantalla del cable, el campo el\u00e9ctrico es controlado por un material ya experimentado en las terminaciones: el tubo de control del gradiente el\u00e9ctrico. [\u2026]\" \/>\n<meta property=\"og:url\" content=\"https:\/\/svilupporaytech.com\/es\/producto\/media-tension\/terminaciones-y-juntas-termo-retractiles\/empalmes-es\/empalmes-termo-retractiles-homologadas-enel\/\" \/>\n<meta property=\"og:site_name\" content=\"Raytech\" \/>\n<meta property=\"article:modified_time\" content=\"2016-01-05T16:10:04+00:00\" \/>\n<meta property=\"og:image\" content=\"https:\/\/svilupporaytech.com\/wp-content\/uploads\/giunti-termorestringenti-omologati-enel.jpg\" \/>\n\t<meta property=\"og:image:width\" content=\"1024\" \/>\n\t<meta property=\"og:image:height\" content=\"1024\" \/>\n\t<meta property=\"og:image:type\" content=\"image\/jpeg\" \/>\n<meta name=\"twitter:card\" content=\"summary_large_image\" \/>\n<meta name=\"twitter:label1\" content=\"Tiempo de lectura\" \/>\n\t<meta name=\"twitter:data1\" content=\"1 minuto\" \/>\n<script type=\"application\/ld+json\" class=\"yoast-schema-graph\">{\"@context\":\"https:\/\/schema.org\",\"@graph\":[{\"@type\":\"WebPage\",\"@id\":\"https:\/\/svilupporaytech.com\/es\/producto\/media-tension\/terminaciones-y-juntas-termo-retractiles\/empalmes-es\/empalmes-termo-retractiles-homologadas-enel\/\",\"url\":\"https:\/\/svilupporaytech.com\/es\/producto\/media-tension\/terminaciones-y-juntas-termo-retractiles\/empalmes-es\/empalmes-termo-retractiles-homologadas-enel\/\",\"name\":\"Empalmes termo retr\u00e1ctiles homologadas ENEL | Raytech\",\"isPartOf\":{\"@id\":\"https:\/\/svilupporaytech.com\/#website\"},\"primaryImageOfPage\":{\"@id\":\"https:\/\/svilupporaytech.com\/es\/producto\/media-tension\/terminaciones-y-juntas-termo-retractiles\/empalmes-es\/empalmes-termo-retractiles-homologadas-enel\/#primaryimage\"},\"image\":{\"@id\":\"https:\/\/svilupporaytech.com\/es\/producto\/media-tension\/terminaciones-y-juntas-termo-retractiles\/empalmes-es\/empalmes-termo-retractiles-homologadas-enel\/#primaryimage\"},\"thumbnailUrl\":\"https:\/\/svilupporaytech.com\/wp-content\/uploads\/giunti-termorestringenti-omologati-enel.jpg\",\"datePublished\":\"2015-12-17T13:36:07+00:00\",\"dateModified\":\"2016-01-05T16:10:04+00:00\",\"breadcrumb\":{\"@id\":\"https:\/\/svilupporaytech.com\/es\/producto\/media-tension\/terminaciones-y-juntas-termo-retractiles\/empalmes-es\/empalmes-termo-retractiles-homologadas-enel\/#breadcrumb\"},\"inLanguage\":\"es\",\"potentialAction\":[{\"@type\":\"ReadAction\",\"target\":[\"https:\/\/svilupporaytech.com\/es\/producto\/media-tension\/terminaciones-y-juntas-termo-retractiles\/empalmes-es\/empalmes-termo-retractiles-homologadas-enel\/\"]}]},{\"@type\":\"ImageObject\",\"inLanguage\":\"es\",\"@id\":\"https:\/\/svilupporaytech.com\/es\/producto\/media-tension\/terminaciones-y-juntas-termo-retractiles\/empalmes-es\/empalmes-termo-retractiles-homologadas-enel\/#primaryimage\",\"url\":\"https:\/\/svilupporaytech.com\/wp-content\/uploads\/giunti-termorestringenti-omologati-enel.jpg\",\"contentUrl\":\"https:\/\/svilupporaytech.com\/wp-content\/uploads\/giunti-termorestringenti-omologati-enel.jpg\",\"width\":1024,\"height\":1024},{\"@type\":\"BreadcrumbList\",\"@id\":\"https:\/\/svilupporaytech.com\/es\/producto\/media-tension\/terminaciones-y-juntas-termo-retractiles\/empalmes-es\/empalmes-termo-retractiles-homologadas-enel\/#breadcrumb\",\"itemListElement\":[{\"@type\":\"ListItem\",\"position\":1,\"name\":\"Home\",\"item\":\"https:\/\/svilupporaytech.com\/es\/\"},{\"@type\":\"ListItem\",\"position\":2,\"name\":\"Tienda\",\"item\":\"https:\/\/svilupporaytech.com\/es\/tienda\/\"},{\"@type\":\"ListItem\",\"position\":3,\"name\":\"Empalmes termo retr\u00e1ctiles homologadas ENEL\"}]},{\"@type\":\"WebSite\",\"@id\":\"https:\/\/svilupporaytech.com\/#website\",\"url\":\"https:\/\/svilupporaytech.com\/\",\"name\":\"Raytech\",\"description\":\"Cable accessories company\",\"potentialAction\":[{\"@type\":\"SearchAction\",\"target\":{\"@type\":\"EntryPoint\",\"urlTemplate\":\"https:\/\/svilupporaytech.com\/?s={search_term_string}\"},\"query-input\":\"required name=search_term_string\"}],\"inLanguage\":\"es\"}]}<\/script>\n<!-- \/ Yoast SEO plugin. -->","yoast_head_json":{"title":"Empalmes termo retr\u00e1ctiles homologadas ENEL | Raytech","robots":{"index":"index","follow":"follow","max-snippet":"max-snippet:-1","max-image-preview":"max-image-preview:large","max-video-preview":"max-video-preview:-1"},"canonical":"https:\/\/svilupporaytech.com\/es\/producto\/media-tension\/terminaciones-y-juntas-termo-retractiles\/empalmes-es\/empalmes-termo-retractiles-homologadas-enel\/","og_locale":"es_ES","og_type":"article","og_title":"Empalmes termo retr\u00e1ctiles homologadas ENEL | Raytech","og_description":"Distribuci\u00f3n del campo el\u00e9ctrico Al cortar la pantalla del cable, el campo el\u00e9ctrico es controlado por un material ya experimentado en las terminaciones: el tubo de control del gradiente el\u00e9ctrico. [\u2026]","og_url":"https:\/\/svilupporaytech.com\/es\/producto\/media-tension\/terminaciones-y-juntas-termo-retractiles\/empalmes-es\/empalmes-termo-retractiles-homologadas-enel\/","og_site_name":"Raytech","article_modified_time":"2016-01-05T16:10:04+00:00","og_image":[{"width":1024,"height":1024,"url":"https:\/\/svilupporaytech.com\/wp-content\/uploads\/giunti-termorestringenti-omologati-enel.jpg","type":"image\/jpeg"}],"twitter_card":"summary_large_image","twitter_misc":{"Tiempo de lectura":"1 minuto"},"schema":{"@context":"https:\/\/schema.org","@graph":[{"@type":"WebPage","@id":"https:\/\/svilupporaytech.com\/es\/producto\/media-tension\/terminaciones-y-juntas-termo-retractiles\/empalmes-es\/empalmes-termo-retractiles-homologadas-enel\/","url":"https:\/\/svilupporaytech.com\/es\/producto\/media-tension\/terminaciones-y-juntas-termo-retractiles\/empalmes-es\/empalmes-termo-retractiles-homologadas-enel\/","name":"Empalmes termo retr\u00e1ctiles homologadas ENEL | Raytech","isPartOf":{"@id":"https:\/\/svilupporaytech.com\/#website"},"primaryImageOfPage":{"@id":"https:\/\/svilupporaytech.com\/es\/producto\/media-tension\/terminaciones-y-juntas-termo-retractiles\/empalmes-es\/empalmes-termo-retractiles-homologadas-enel\/#primaryimage"},"image":{"@id":"https:\/\/svilupporaytech.com\/es\/producto\/media-tension\/terminaciones-y-juntas-termo-retractiles\/empalmes-es\/empalmes-termo-retractiles-homologadas-enel\/#primaryimage"},"thumbnailUrl":"https:\/\/svilupporaytech.com\/wp-content\/uploads\/giunti-termorestringenti-omologati-enel.jpg","datePublished":"2015-12-17T13:36:07+00:00","dateModified":"2016-01-05T16:10:04+00:00","breadcrumb":{"@id":"https:\/\/svilupporaytech.com\/es\/producto\/media-tension\/terminaciones-y-juntas-termo-retractiles\/empalmes-es\/empalmes-termo-retractiles-homologadas-enel\/#breadcrumb"},"inLanguage":"es","potentialAction":[{"@type":"ReadAction","target":["https:\/\/svilupporaytech.com\/es\/producto\/media-tension\/terminaciones-y-juntas-termo-retractiles\/empalmes-es\/empalmes-termo-retractiles-homologadas-enel\/"]}]},{"@type":"ImageObject","inLanguage":"es","@id":"https:\/\/svilupporaytech.com\/es\/producto\/media-tension\/terminaciones-y-juntas-termo-retractiles\/empalmes-es\/empalmes-termo-retractiles-homologadas-enel\/#primaryimage","url":"https:\/\/svilupporaytech.com\/wp-content\/uploads\/giunti-termorestringenti-omologati-enel.jpg","contentUrl":"https:\/\/svilupporaytech.com\/wp-content\/uploads\/giunti-termorestringenti-omologati-enel.jpg","width":1024,"height":1024},{"@type":"BreadcrumbList","@id":"https:\/\/svilupporaytech.com\/es\/producto\/media-tension\/terminaciones-y-juntas-termo-retractiles\/empalmes-es\/empalmes-termo-retractiles-homologadas-enel\/#breadcrumb","itemListElement":[{"@type":"ListItem","position":1,"name":"Home","item":"https:\/\/svilupporaytech.com\/es\/"},{"@type":"ListItem","position":2,"name":"Tienda","item":"https:\/\/svilupporaytech.com\/es\/tienda\/"},{"@type":"ListItem","position":3,"name":"Empalmes termo retr\u00e1ctiles homologadas ENEL"}]},{"@type":"WebSite","@id":"https:\/\/svilupporaytech.com\/#website","url":"https:\/\/svilupporaytech.com\/","name":"Raytech","description":"Cable accessories company","potentialAction":[{"@type":"SearchAction","target":{"@type":"EntryPoint","urlTemplate":"https:\/\/svilupporaytech.com\/?s={search_term_string}"},"query-input":"required name=search_term_string"}],"inLanguage":"es"}]}},"_links":{"self":[{"href":"https:\/\/svilupporaytech.com\/es\/wp-json\/wp\/v2\/product\/6416"}],"collection":[{"href":"https:\/\/svilupporaytech.com\/es\/wp-json\/wp\/v2\/product"}],"about":[{"href":"https:\/\/svilupporaytech.com\/es\/wp-json\/wp\/v2\/types\/product"}],"wp:featuredmedia":[{"embeddable":true,"href":"https:\/\/svilupporaytech.com\/es\/wp-json\/wp\/v2\/media\/2413"}],"wp:attachment":[{"href":"https:\/\/svilupporaytech.com\/es\/wp-json\/wp\/v2\/media?parent=6416"}],"wp:term":[{"taxonomy":"product_cat","embeddable":true,"href":"https:\/\/svilupporaytech.com\/es\/wp-json\/wp\/v2\/product_cat?post=6416"},{"taxonomy":"product_tag","embeddable":true,"href":"https:\/\/svilupporaytech.com\/es\/wp-json\/wp\/v2\/product_tag?post=6416"}],"curies":[{"name":"wp","href":"https:\/\/api.w.org\/{rel}","templated":true}]}}