{"id":6417,"date":"2015-09-15T11:33:19","date_gmt":"2015-12-17T13:40:02","guid":{"rendered":"https:\/\/svilupporaytech.com\/?post_type=product&#038;p=6417&#038;lang=es"},"modified":"2015-12-28T16:50:54","modified_gmt":"2015-12-28T16:50:54","slug":"terminaciones-termo-retractiles-para-alta-tension-72-kv","status":"publish","type":"product","link":"https:\/\/svilupporaytech.com\/es\/producto\/media-tension\/termo-retractiles-72-kv\/terminaciones\/terminaciones-termo-retractiles-para-alta-tension-72-kv\/","title":{"rendered":"Terminaciones termo retr\u00e1ctiles para alta tensi\u00f3n 72 kV"},"content":{"rendered":"<p>El kit contiene un n\u00famero limitado de componentes con una duraci\u00f3n ilimitada de las condiciones normales de almacenamiento. Los kit base cubren todas las posibles secciones de los cables, con la ventaja de tener un stock reducido y eficaz. La ligereza y el volumen limitado de los kit facilitan su manipulaci\u00f3n y el transporte. No se requiere un adiestramiento particular adicional. La instalaci\u00f3n simple conlleva a resultados seguros. Las terminaciones son conformes con las especificaciones internacionales (ejemplo IEEE 48, IEC 840, SEN 241434, ESI 09-16, EdF HN-62\/5448\/2, KEMA S10, CEI 20.24) todas comprendidas en las pruebas de cualificaci\u00f3n internas.<\/p>\n<p>Actualmente est\u00e1n disponibles 3 clases de terminaciones AT:<br \/>\nUo\/U=23\/40 kV (U max 42 kV)<br \/>\nUo\/U=26\/45 kV (U max 52 kV)<br \/>\nUo\/U=36\/60 kV (U max 72 kV)<\/p>\n","protected":false},"excerpt":{"rendered":"<p>El kit contiene un n\u00famero limitado de componentes con una duraci\u00f3n ilimitada de las condiciones normales de almacenamiento. Los kit base cubren todas las posibles secciones de los cables, con<span class=\"excerpt-hellip\"> [\u2026]<\/span><\/p>\n","protected":false},"featured_media":4732,"template":"","meta":[],"product_cat":[274,279,441],"product_tag":[],"yoast_head":"<!-- This site is optimized with the Yoast SEO plugin v22.7 - https:\/\/yoast.com\/wordpress\/plugins\/seo\/ -->\n<title>Terminaciones termo retr\u00e1ctiles para alta tensi\u00f3n 72 kV | Raytech<\/title>\n<meta name=\"robots\" content=\"index, follow, max-snippet:-1, max-image-preview:large, max-video-preview:-1\" \/>\n<link rel=\"canonical\" href=\"https:\/\/svilupporaytech.com\/es\/producto\/media-tension\/termo-retractiles-72-kv\/terminaciones\/terminaciones-termo-retractiles-para-alta-tension-72-kv\/\" \/>\n<meta property=\"og:locale\" content=\"es_ES\" \/>\n<meta property=\"og:type\" content=\"article\" \/>\n<meta property=\"og:title\" content=\"Terminaciones termo retr\u00e1ctiles para alta tensi\u00f3n 72 kV | Raytech\" \/>\n<meta property=\"og:description\" content=\"El kit contiene un n\u00famero limitado de componentes con una duraci\u00f3n ilimitada de las condiciones normales de almacenamiento. Los kit base cubren todas las posibles secciones de los cables, con [\u2026]\" \/>\n<meta property=\"og:url\" content=\"https:\/\/svilupporaytech.com\/es\/producto\/media-tension\/termo-retractiles-72-kv\/terminaciones\/terminaciones-termo-retractiles-para-alta-tension-72-kv\/\" \/>\n<meta property=\"og:site_name\" content=\"Raytech\" \/>\n<meta property=\"article:modified_time\" content=\"2015-12-28T16:50:54+00:00\" \/>\n<meta property=\"og:image\" content=\"https:\/\/svilupporaytech.com\/wp-content\/uploads\/Terminali-termorestringenti-per-alta-tensione-72-kV-1.jpg\" \/>\n\t<meta property=\"og:image:width\" content=\"1024\" \/>\n\t<meta property=\"og:image:height\" content=\"1024\" \/>\n\t<meta property=\"og:image:type\" content=\"image\/jpeg\" \/>\n<meta name=\"twitter:card\" content=\"summary_large_image\" \/>\n<meta name=\"twitter:label1\" content=\"Tiempo de lectura\" \/>\n\t<meta name=\"twitter:data1\" content=\"1 minuto\" \/>\n<script type=\"application\/ld+json\" class=\"yoast-schema-graph\">{\"@context\":\"https:\/\/schema.org\",\"@graph\":[{\"@type\":\"WebPage\",\"@id\":\"https:\/\/svilupporaytech.com\/es\/producto\/media-tension\/termo-retractiles-72-kv\/terminaciones\/terminaciones-termo-retractiles-para-alta-tension-72-kv\/\",\"url\":\"https:\/\/svilupporaytech.com\/es\/producto\/media-tension\/termo-retractiles-72-kv\/terminaciones\/terminaciones-termo-retractiles-para-alta-tension-72-kv\/\",\"name\":\"Terminaciones termo retr\u00e1ctiles para alta tensi\u00f3n 72 kV | Raytech\",\"isPartOf\":{\"@id\":\"https:\/\/svilupporaytech.com\/#website\"},\"primaryImageOfPage\":{\"@id\":\"https:\/\/svilupporaytech.com\/es\/producto\/media-tension\/termo-retractiles-72-kv\/terminaciones\/terminaciones-termo-retractiles-para-alta-tension-72-kv\/#primaryimage\"},\"image\":{\"@id\":\"https:\/\/svilupporaytech.com\/es\/producto\/media-tension\/termo-retractiles-72-kv\/terminaciones\/terminaciones-termo-retractiles-para-alta-tension-72-kv\/#primaryimage\"},\"thumbnailUrl\":\"https:\/\/svilupporaytech.com\/wp-content\/uploads\/Terminali-termorestringenti-per-alta-tensione-72-kV-1.jpg\",\"datePublished\":\"2015-12-17T13:40:02+00:00\",\"dateModified\":\"2015-12-28T16:50:54+00:00\",\"breadcrumb\":{\"@id\":\"https:\/\/svilupporaytech.com\/es\/producto\/media-tension\/termo-retractiles-72-kv\/terminaciones\/terminaciones-termo-retractiles-para-alta-tension-72-kv\/#breadcrumb\"},\"inLanguage\":\"es\",\"potentialAction\":[{\"@type\":\"ReadAction\",\"target\":[\"https:\/\/svilupporaytech.com\/es\/producto\/media-tension\/termo-retractiles-72-kv\/terminaciones\/terminaciones-termo-retractiles-para-alta-tension-72-kv\/\"]}]},{\"@type\":\"ImageObject\",\"inLanguage\":\"es\",\"@id\":\"https:\/\/svilupporaytech.com\/es\/producto\/media-tension\/termo-retractiles-72-kv\/terminaciones\/terminaciones-termo-retractiles-para-alta-tension-72-kv\/#primaryimage\",\"url\":\"https:\/\/svilupporaytech.com\/wp-content\/uploads\/Terminali-termorestringenti-per-alta-tensione-72-kV-1.jpg\",\"contentUrl\":\"https:\/\/svilupporaytech.com\/wp-content\/uploads\/Terminali-termorestringenti-per-alta-tensione-72-kV-1.jpg\",\"width\":1024,\"height\":1024},{\"@type\":\"BreadcrumbList\",\"@id\":\"https:\/\/svilupporaytech.com\/es\/producto\/media-tension\/termo-retractiles-72-kv\/terminaciones\/terminaciones-termo-retractiles-para-alta-tension-72-kv\/#breadcrumb\",\"itemListElement\":[{\"@type\":\"ListItem\",\"position\":1,\"name\":\"Home\",\"item\":\"https:\/\/svilupporaytech.com\/es\/\"},{\"@type\":\"ListItem\",\"position\":2,\"name\":\"Tienda\",\"item\":\"https:\/\/svilupporaytech.com\/es\/tienda\/\"},{\"@type\":\"ListItem\",\"position\":3,\"name\":\"Terminaciones termo retr\u00e1ctiles para alta tensi\u00f3n 72 kV\"}]},{\"@type\":\"WebSite\",\"@id\":\"https:\/\/svilupporaytech.com\/#website\",\"url\":\"https:\/\/svilupporaytech.com\/\",\"name\":\"Raytech\",\"description\":\"Cable accessories company\",\"potentialAction\":[{\"@type\":\"SearchAction\",\"target\":{\"@type\":\"EntryPoint\",\"urlTemplate\":\"https:\/\/svilupporaytech.com\/?s={search_term_string}\"},\"query-input\":\"required name=search_term_string\"}],\"inLanguage\":\"es\"}]}<\/script>\n<!-- \/ Yoast SEO plugin. -->","yoast_head_json":{"title":"Terminaciones termo retr\u00e1ctiles para alta tensi\u00f3n 72 kV | Raytech","robots":{"index":"index","follow":"follow","max-snippet":"max-snippet:-1","max-image-preview":"max-image-preview:large","max-video-preview":"max-video-preview:-1"},"canonical":"https:\/\/svilupporaytech.com\/es\/producto\/media-tension\/termo-retractiles-72-kv\/terminaciones\/terminaciones-termo-retractiles-para-alta-tension-72-kv\/","og_locale":"es_ES","og_type":"article","og_title":"Terminaciones termo retr\u00e1ctiles para alta tensi\u00f3n 72 kV | Raytech","og_description":"El kit contiene un n\u00famero limitado de componentes con una duraci\u00f3n ilimitada de las condiciones normales de almacenamiento. Los kit base cubren todas las posibles secciones de los cables, con [\u2026]","og_url":"https:\/\/svilupporaytech.com\/es\/producto\/media-tension\/termo-retractiles-72-kv\/terminaciones\/terminaciones-termo-retractiles-para-alta-tension-72-kv\/","og_site_name":"Raytech","article_modified_time":"2015-12-28T16:50:54+00:00","og_image":[{"width":1024,"height":1024,"url":"https:\/\/svilupporaytech.com\/wp-content\/uploads\/Terminali-termorestringenti-per-alta-tensione-72-kV-1.jpg","type":"image\/jpeg"}],"twitter_card":"summary_large_image","twitter_misc":{"Tiempo de lectura":"1 minuto"},"schema":{"@context":"https:\/\/schema.org","@graph":[{"@type":"WebPage","@id":"https:\/\/svilupporaytech.com\/es\/producto\/media-tension\/termo-retractiles-72-kv\/terminaciones\/terminaciones-termo-retractiles-para-alta-tension-72-kv\/","url":"https:\/\/svilupporaytech.com\/es\/producto\/media-tension\/termo-retractiles-72-kv\/terminaciones\/terminaciones-termo-retractiles-para-alta-tension-72-kv\/","name":"Terminaciones termo retr\u00e1ctiles para alta tensi\u00f3n 72 kV | Raytech","isPartOf":{"@id":"https:\/\/svilupporaytech.com\/#website"},"primaryImageOfPage":{"@id":"https:\/\/svilupporaytech.com\/es\/producto\/media-tension\/termo-retractiles-72-kv\/terminaciones\/terminaciones-termo-retractiles-para-alta-tension-72-kv\/#primaryimage"},"image":{"@id":"https:\/\/svilupporaytech.com\/es\/producto\/media-tension\/termo-retractiles-72-kv\/terminaciones\/terminaciones-termo-retractiles-para-alta-tension-72-kv\/#primaryimage"},"thumbnailUrl":"https:\/\/svilupporaytech.com\/wp-content\/uploads\/Terminali-termorestringenti-per-alta-tensione-72-kV-1.jpg","datePublished":"2015-12-17T13:40:02+00:00","dateModified":"2015-12-28T16:50:54+00:00","breadcrumb":{"@id":"https:\/\/svilupporaytech.com\/es\/producto\/media-tension\/termo-retractiles-72-kv\/terminaciones\/terminaciones-termo-retractiles-para-alta-tension-72-kv\/#breadcrumb"},"inLanguage":"es","potentialAction":[{"@type":"ReadAction","target":["https:\/\/svilupporaytech.com\/es\/producto\/media-tension\/termo-retractiles-72-kv\/terminaciones\/terminaciones-termo-retractiles-para-alta-tension-72-kv\/"]}]},{"@type":"ImageObject","inLanguage":"es","@id":"https:\/\/svilupporaytech.com\/es\/producto\/media-tension\/termo-retractiles-72-kv\/terminaciones\/terminaciones-termo-retractiles-para-alta-tension-72-kv\/#primaryimage","url":"https:\/\/svilupporaytech.com\/wp-content\/uploads\/Terminali-termorestringenti-per-alta-tensione-72-kV-1.jpg","contentUrl":"https:\/\/svilupporaytech.com\/wp-content\/uploads\/Terminali-termorestringenti-per-alta-tensione-72-kV-1.jpg","width":1024,"height":1024},{"@type":"BreadcrumbList","@id":"https:\/\/svilupporaytech.com\/es\/producto\/media-tension\/termo-retractiles-72-kv\/terminaciones\/terminaciones-termo-retractiles-para-alta-tension-72-kv\/#breadcrumb","itemListElement":[{"@type":"ListItem","position":1,"name":"Home","item":"https:\/\/svilupporaytech.com\/es\/"},{"@type":"ListItem","position":2,"name":"Tienda","item":"https:\/\/svilupporaytech.com\/es\/tienda\/"},{"@type":"ListItem","position":3,"name":"Terminaciones termo retr\u00e1ctiles para alta tensi\u00f3n 72 kV"}]},{"@type":"WebSite","@id":"https:\/\/svilupporaytech.com\/#website","url":"https:\/\/svilupporaytech.com\/","name":"Raytech","description":"Cable accessories company","potentialAction":[{"@type":"SearchAction","target":{"@type":"EntryPoint","urlTemplate":"https:\/\/svilupporaytech.com\/?s={search_term_string}"},"query-input":"required name=search_term_string"}],"inLanguage":"es"}]}},"_links":{"self":[{"href":"https:\/\/svilupporaytech.com\/es\/wp-json\/wp\/v2\/product\/6417"}],"collection":[{"href":"https:\/\/svilupporaytech.com\/es\/wp-json\/wp\/v2\/product"}],"about":[{"href":"https:\/\/svilupporaytech.com\/es\/wp-json\/wp\/v2\/types\/product"}],"wp:featuredmedia":[{"embeddable":true,"href":"https:\/\/svilupporaytech.com\/es\/wp-json\/wp\/v2\/media\/4732"}],"wp:attachment":[{"href":"https:\/\/svilupporaytech.com\/es\/wp-json\/wp\/v2\/media?parent=6417"}],"wp:term":[{"taxonomy":"product_cat","embeddable":true,"href":"https:\/\/svilupporaytech.com\/es\/wp-json\/wp\/v2\/product_cat?post=6417"},{"taxonomy":"product_tag","embeddable":true,"href":"https:\/\/svilupporaytech.com\/es\/wp-json\/wp\/v2\/product_tag?post=6417"}],"curies":[{"name":"wp","href":"https:\/\/api.w.org\/{rel}","templated":true}]}}