{"id":6422,"date":"2015-09-15T11:45:16","date_gmt":"2015-12-17T13:56:46","guid":{"rendered":"https:\/\/svilupporaytech.com\/?post_type=product&#038;p=6422&#038;lang=es"},"modified":"2019-08-29T12:41:59","modified_gmt":"2019-08-29T12:41:59","slug":"fundas-termo-retractiles","status":"publish","type":"product","link":"https:\/\/svilupporaytech.com\/es\/producto\/media-tension\/fundas-y-cintas-para-aislamiento\/fundas-termo-retractiles\/","title":{"rendered":"Fundas termo retr\u00e1ctiles"},"content":{"rendered":"<h4><span style=\"color: #0069b4;\"><strong>Fundas para el aislamiento de las barras en el interior de las cabinas el\u00e9ctricas, o al abierto en cabinas primarias y secundarias<\/strong><\/span><\/h4>\n<p><strong>APLICACI\u00d3N<\/strong><br \/>\nLas cabinas el\u00e9ctricas primarias (AT-MT) y secundarias (MT-BT) de hasta 36 kV hoy en d\u00eda poseen dimensiones muy compactas. Las barras van aisladas para evitar descargas superficiales y cortocircuitos accidentales fundamentalmente debidos a la intrusi\u00f3n animal. Las fundas termoretraibles para MT pueden ser utilizadas sobre barras redondas o rectangulares, de cobre o de aluminio. Son flexibles y el\u00e1sticas, pueden instalarse sobre barras previamente plegadas sin ning\u00fan tipo de riesgo de desgarro o de plegado.<\/p>\n<p><strong>DESCRIPCI\u00d3N<\/strong><br \/>\nLas fundas utilizan un elast\u00f3mero especial reticulado por irradiaci\u00f3n, con un poder aislante excepcional y una excelente resistencia con el paso del tiempo, incluso en caso de uso continuo a elevada temperatura. No contienen hal\u00f3genos por lo que no existen riesgos de emisi\u00f3n de sustancias t\u00f3xicas y corrosivas en caso de incendio. Son resistentes a los disolventes, a la radiaci\u00f3n U.V., a la exposici\u00f3n a los agentes atmosf\u00e9ricos, al impacto y al desgarro, por lo que pueden perfectamente utilizarse en ambientes externos.<\/p>\n<p><strong>INSTALACI\u00d3N<\/strong><br \/>\nLas fundas para MT pueden ser instaladas f\u00e1cilmente en f\u00e1brica, cuando se trata de una producci\u00f3n en serie, utilizando para el proceso de termo encogimiento un horno. En obra, el encogimiento puede realizarse con la ayuda de un soplete o de una antorcha con aire caliente. Calentando la funda por encima de los 120\u00b0C, esta se encoge sobre la barra sin riesgo de da\u00f1os ya que el material est\u00e1 reticulado y es muy resistente a las altas temperaturas. La fuerte elasticidad de las fundas permite, si es necesario, plegar las barras durante el montaje de la cabina el\u00e9ctrica, con la funda ya instalada.<\/p>\n<p>&nbsp;<\/p>\n","protected":false},"excerpt":{"rendered":"<p>Fundas para el aislamiento de las barras en el interior de las cabinas el\u00e9ctricas, o al abierto en cabinas primarias y secundarias APLICACI\u00d3N Las cabinas el\u00e9ctricas primarias (AT-MT) y secundarias<span class=\"excerpt-hellip\"> [\u2026]<\/span><\/p>\n","protected":false},"featured_media":2448,"template":"","meta":[],"product_cat":[274,276],"product_tag":[],"yoast_head":"<!-- This site is optimized with the Yoast SEO plugin v22.7 - https:\/\/yoast.com\/wordpress\/plugins\/seo\/ -->\n<title>Fundas termo retr\u00e1ctiles | Raytech<\/title>\n<meta name=\"robots\" content=\"index, follow, max-snippet:-1, max-image-preview:large, max-video-preview:-1\" \/>\n<link rel=\"canonical\" href=\"https:\/\/svilupporaytech.com\/es\/producto\/media-tension\/fundas-y-cintas-para-aislamiento\/fundas-termo-retractiles\/\" \/>\n<meta property=\"og:locale\" content=\"es_ES\" \/>\n<meta property=\"og:type\" content=\"article\" \/>\n<meta property=\"og:title\" content=\"Fundas termo retr\u00e1ctiles | Raytech\" \/>\n<meta property=\"og:description\" content=\"Fundas para el aislamiento de las barras en el interior de las cabinas el\u00e9ctricas, o al abierto en cabinas primarias y secundarias APLICACI\u00d3N Las cabinas el\u00e9ctricas primarias (AT-MT) y secundarias [\u2026]\" \/>\n<meta property=\"og:url\" content=\"https:\/\/svilupporaytech.com\/es\/producto\/media-tension\/fundas-y-cintas-para-aislamiento\/fundas-termo-retractiles\/\" \/>\n<meta property=\"og:site_name\" content=\"Raytech\" \/>\n<meta property=\"article:modified_time\" content=\"2019-08-29T12:41:59+00:00\" \/>\n<meta property=\"og:image\" content=\"https:\/\/svilupporaytech.com\/wp-content\/uploads\/bbt.jpg\" \/>\n\t<meta property=\"og:image:width\" content=\"1024\" \/>\n\t<meta property=\"og:image:height\" content=\"1024\" \/>\n\t<meta property=\"og:image:type\" content=\"image\/jpeg\" \/>\n<meta name=\"twitter:card\" content=\"summary_large_image\" \/>\n<meta name=\"twitter:label1\" content=\"Tiempo de lectura\" \/>\n\t<meta name=\"twitter:data1\" content=\"2 minutos\" \/>\n<script type=\"application\/ld+json\" class=\"yoast-schema-graph\">{\"@context\":\"https:\/\/schema.org\",\"@graph\":[{\"@type\":\"WebPage\",\"@id\":\"https:\/\/svilupporaytech.com\/es\/producto\/media-tension\/fundas-y-cintas-para-aislamiento\/fundas-termo-retractiles\/\",\"url\":\"https:\/\/svilupporaytech.com\/es\/producto\/media-tension\/fundas-y-cintas-para-aislamiento\/fundas-termo-retractiles\/\",\"name\":\"Fundas termo retr\u00e1ctiles | Raytech\",\"isPartOf\":{\"@id\":\"https:\/\/svilupporaytech.com\/#website\"},\"primaryImageOfPage\":{\"@id\":\"https:\/\/svilupporaytech.com\/es\/producto\/media-tension\/fundas-y-cintas-para-aislamiento\/fundas-termo-retractiles\/#primaryimage\"},\"image\":{\"@id\":\"https:\/\/svilupporaytech.com\/es\/producto\/media-tension\/fundas-y-cintas-para-aislamiento\/fundas-termo-retractiles\/#primaryimage\"},\"thumbnailUrl\":\"https:\/\/svilupporaytech.com\/wp-content\/uploads\/bbt.jpg\",\"datePublished\":\"2015-12-17T13:56:46+00:00\",\"dateModified\":\"2019-08-29T12:41:59+00:00\",\"breadcrumb\":{\"@id\":\"https:\/\/svilupporaytech.com\/es\/producto\/media-tension\/fundas-y-cintas-para-aislamiento\/fundas-termo-retractiles\/#breadcrumb\"},\"inLanguage\":\"es\",\"potentialAction\":[{\"@type\":\"ReadAction\",\"target\":[\"https:\/\/svilupporaytech.com\/es\/producto\/media-tension\/fundas-y-cintas-para-aislamiento\/fundas-termo-retractiles\/\"]}]},{\"@type\":\"ImageObject\",\"inLanguage\":\"es\",\"@id\":\"https:\/\/svilupporaytech.com\/es\/producto\/media-tension\/fundas-y-cintas-para-aislamiento\/fundas-termo-retractiles\/#primaryimage\",\"url\":\"https:\/\/svilupporaytech.com\/wp-content\/uploads\/bbt.jpg\",\"contentUrl\":\"https:\/\/svilupporaytech.com\/wp-content\/uploads\/bbt.jpg\",\"width\":1024,\"height\":1024},{\"@type\":\"BreadcrumbList\",\"@id\":\"https:\/\/svilupporaytech.com\/es\/producto\/media-tension\/fundas-y-cintas-para-aislamiento\/fundas-termo-retractiles\/#breadcrumb\",\"itemListElement\":[{\"@type\":\"ListItem\",\"position\":1,\"name\":\"Home\",\"item\":\"https:\/\/svilupporaytech.com\/es\/\"},{\"@type\":\"ListItem\",\"position\":2,\"name\":\"Tienda\",\"item\":\"https:\/\/svilupporaytech.com\/es\/tienda\/\"},{\"@type\":\"ListItem\",\"position\":3,\"name\":\"Fundas termo retr\u00e1ctiles\"}]},{\"@type\":\"WebSite\",\"@id\":\"https:\/\/svilupporaytech.com\/#website\",\"url\":\"https:\/\/svilupporaytech.com\/\",\"name\":\"Raytech\",\"description\":\"Cable accessories company\",\"potentialAction\":[{\"@type\":\"SearchAction\",\"target\":{\"@type\":\"EntryPoint\",\"urlTemplate\":\"https:\/\/svilupporaytech.com\/?s={search_term_string}\"},\"query-input\":\"required name=search_term_string\"}],\"inLanguage\":\"es\"}]}<\/script>\n<!-- \/ Yoast SEO plugin. -->","yoast_head_json":{"title":"Fundas termo retr\u00e1ctiles | Raytech","robots":{"index":"index","follow":"follow","max-snippet":"max-snippet:-1","max-image-preview":"max-image-preview:large","max-video-preview":"max-video-preview:-1"},"canonical":"https:\/\/svilupporaytech.com\/es\/producto\/media-tension\/fundas-y-cintas-para-aislamiento\/fundas-termo-retractiles\/","og_locale":"es_ES","og_type":"article","og_title":"Fundas termo retr\u00e1ctiles | Raytech","og_description":"Fundas para el aislamiento de las barras en el interior de las cabinas el\u00e9ctricas, o al abierto en cabinas primarias y secundarias APLICACI\u00d3N Las cabinas el\u00e9ctricas primarias (AT-MT) y secundarias [\u2026]","og_url":"https:\/\/svilupporaytech.com\/es\/producto\/media-tension\/fundas-y-cintas-para-aislamiento\/fundas-termo-retractiles\/","og_site_name":"Raytech","article_modified_time":"2019-08-29T12:41:59+00:00","og_image":[{"width":1024,"height":1024,"url":"https:\/\/svilupporaytech.com\/wp-content\/uploads\/bbt.jpg","type":"image\/jpeg"}],"twitter_card":"summary_large_image","twitter_misc":{"Tiempo de lectura":"2 minutos"},"schema":{"@context":"https:\/\/schema.org","@graph":[{"@type":"WebPage","@id":"https:\/\/svilupporaytech.com\/es\/producto\/media-tension\/fundas-y-cintas-para-aislamiento\/fundas-termo-retractiles\/","url":"https:\/\/svilupporaytech.com\/es\/producto\/media-tension\/fundas-y-cintas-para-aislamiento\/fundas-termo-retractiles\/","name":"Fundas termo retr\u00e1ctiles | Raytech","isPartOf":{"@id":"https:\/\/svilupporaytech.com\/#website"},"primaryImageOfPage":{"@id":"https:\/\/svilupporaytech.com\/es\/producto\/media-tension\/fundas-y-cintas-para-aislamiento\/fundas-termo-retractiles\/#primaryimage"},"image":{"@id":"https:\/\/svilupporaytech.com\/es\/producto\/media-tension\/fundas-y-cintas-para-aislamiento\/fundas-termo-retractiles\/#primaryimage"},"thumbnailUrl":"https:\/\/svilupporaytech.com\/wp-content\/uploads\/bbt.jpg","datePublished":"2015-12-17T13:56:46+00:00","dateModified":"2019-08-29T12:41:59+00:00","breadcrumb":{"@id":"https:\/\/svilupporaytech.com\/es\/producto\/media-tension\/fundas-y-cintas-para-aislamiento\/fundas-termo-retractiles\/#breadcrumb"},"inLanguage":"es","potentialAction":[{"@type":"ReadAction","target":["https:\/\/svilupporaytech.com\/es\/producto\/media-tension\/fundas-y-cintas-para-aislamiento\/fundas-termo-retractiles\/"]}]},{"@type":"ImageObject","inLanguage":"es","@id":"https:\/\/svilupporaytech.com\/es\/producto\/media-tension\/fundas-y-cintas-para-aislamiento\/fundas-termo-retractiles\/#primaryimage","url":"https:\/\/svilupporaytech.com\/wp-content\/uploads\/bbt.jpg","contentUrl":"https:\/\/svilupporaytech.com\/wp-content\/uploads\/bbt.jpg","width":1024,"height":1024},{"@type":"BreadcrumbList","@id":"https:\/\/svilupporaytech.com\/es\/producto\/media-tension\/fundas-y-cintas-para-aislamiento\/fundas-termo-retractiles\/#breadcrumb","itemListElement":[{"@type":"ListItem","position":1,"name":"Home","item":"https:\/\/svilupporaytech.com\/es\/"},{"@type":"ListItem","position":2,"name":"Tienda","item":"https:\/\/svilupporaytech.com\/es\/tienda\/"},{"@type":"ListItem","position":3,"name":"Fundas termo retr\u00e1ctiles"}]},{"@type":"WebSite","@id":"https:\/\/svilupporaytech.com\/#website","url":"https:\/\/svilupporaytech.com\/","name":"Raytech","description":"Cable accessories company","potentialAction":[{"@type":"SearchAction","target":{"@type":"EntryPoint","urlTemplate":"https:\/\/svilupporaytech.com\/?s={search_term_string}"},"query-input":"required name=search_term_string"}],"inLanguage":"es"}]}},"_links":{"self":[{"href":"https:\/\/svilupporaytech.com\/es\/wp-json\/wp\/v2\/product\/6422"}],"collection":[{"href":"https:\/\/svilupporaytech.com\/es\/wp-json\/wp\/v2\/product"}],"about":[{"href":"https:\/\/svilupporaytech.com\/es\/wp-json\/wp\/v2\/types\/product"}],"wp:featuredmedia":[{"embeddable":true,"href":"https:\/\/svilupporaytech.com\/es\/wp-json\/wp\/v2\/media\/2448"}],"wp:attachment":[{"href":"https:\/\/svilupporaytech.com\/es\/wp-json\/wp\/v2\/media?parent=6422"}],"wp:term":[{"taxonomy":"product_cat","embeddable":true,"href":"https:\/\/svilupporaytech.com\/es\/wp-json\/wp\/v2\/product_cat?post=6422"},{"taxonomy":"product_tag","embeddable":true,"href":"https:\/\/svilupporaytech.com\/es\/wp-json\/wp\/v2\/product_tag?post=6422"}],"curies":[{"name":"wp","href":"https:\/\/api.w.org\/{rel}","templated":true}]}}