{"id":6449,"date":"2015-07-15T15:47:32","date_gmt":"2015-12-17T15:55:54","guid":{"rendered":"https:\/\/svilupporaytech.com\/?post_type=product&#038;p=6449&#038;lang=es"},"modified":"2015-12-17T15:55:54","modified_gmt":"2015-12-17T15:55:54","slug":"proteccion-corrosion-postes","status":"publish","type":"product","link":"https:\/\/svilupporaytech.com\/es\/producto\/baja-tension\/termo-retractil-es-2\/fundas\/proteccion-palos\/proteccion-corrosion-postes\/","title":{"rendered":"Protecci\u00f3n corrosi\u00f3n postes"},"content":{"rendered":"<h4><span style=\"color: #009832;\">Protecci\u00f3n corrosi\u00f3n postes<\/span><\/h4>\n<p>En un poste instalado, la secci\u00f3n m\u00e1s vulnerable a la corrosi\u00f3n es situada inmediatamente encima y debajo del nivel del terreno. Esta secci\u00f3n es agredida por los agentes corrosivos que provocan un r\u00e1pido decaimiento del metal con una importante reducci\u00f3n de la vida del poste. Funda particulares termo retr\u00e1ctiles se han revelado indicadas para la protecci\u00f3n de la corrosi\u00f3n de postes para la iluminaci\u00f3n p\u00fablica, la tracci\u00f3n el\u00e9ctrica, los sem\u00e1foros t carteles para se\u00f1alizaciones. Est\u00e1n compuestos por poliolefina reticulada de elevada espesor; la parte interna de los tubos y de las tiras est\u00e1 revestida por un adhesivo adecuado termofusible que garantiza un perfecto sellado evitando la entrada de humedad.<\/p>\n<ul>\n<li><span style=\"color: #009832;\">Fuerte adhesi\u00f3n<\/span><\/li>\n<li><span style=\"color: #009832;\">Excelentes propiedades el\u00e9ctricas<\/span><\/li>\n<li><span style=\"color: #009832;\">Buena resistencia qu\u00edmica<\/span><\/li>\n<li><span style=\"color: #009832;\">Resistencia al moho y a microorganismos<\/span><\/li>\n<li><span style=\"color: #009832;\">Protecci\u00f3n constante a las corrientes el\u00e9ctricas vagantes<\/span><\/li>\n<li><span style=\"color: #009832;\">Facilidad de aplicaci\u00f3n<\/span><\/li>\n<li><span style=\"color: #009832;\">Larga estabilidad de todas las propiedades<\/span><\/li>\n<\/ul>\n","protected":false},"excerpt":{"rendered":"<p>Protecci\u00f3n corrosi\u00f3n postes En un poste instalado, la secci\u00f3n m\u00e1s vulnerable a la corrosi\u00f3n es situada inmediatamente encima y debajo del nivel del terreno. Esta secci\u00f3n es agredida por los<span class=\"excerpt-hellip\"> [\u2026]<\/span><\/p>\n","protected":false},"featured_media":2287,"template":"","meta":[],"product_cat":[239,248,470,494],"product_tag":[],"yoast_head":"<!-- This site is optimized with the Yoast SEO plugin v22.7 - https:\/\/yoast.com\/wordpress\/plugins\/seo\/ -->\n<title>Protecci\u00f3n corrosi\u00f3n postes | Raytech<\/title>\n<meta name=\"robots\" content=\"index, follow, max-snippet:-1, max-image-preview:large, max-video-preview:-1\" \/>\n<link rel=\"canonical\" href=\"https:\/\/svilupporaytech.com\/es\/producto\/baja-tension\/termo-retractil-es-2\/fundas\/proteccion-palos\/proteccion-corrosion-postes\/\" \/>\n<meta property=\"og:locale\" content=\"es_ES\" \/>\n<meta property=\"og:type\" content=\"article\" \/>\n<meta property=\"og:title\" content=\"Protecci\u00f3n corrosi\u00f3n postes | Raytech\" \/>\n<meta property=\"og:description\" content=\"Protecci\u00f3n corrosi\u00f3n postes En un poste instalado, la secci\u00f3n m\u00e1s vulnerable a la corrosi\u00f3n es situada inmediatamente encima y debajo del nivel del terreno. Esta secci\u00f3n es agredida por los [\u2026]\" \/>\n<meta property=\"og:url\" content=\"https:\/\/svilupporaytech.com\/es\/producto\/baja-tension\/termo-retractil-es-2\/fundas\/proteccion-palos\/proteccion-corrosion-postes\/\" \/>\n<meta property=\"og:site_name\" content=\"Raytech\" \/>\n<meta property=\"og:image\" content=\"https:\/\/svilupporaytech.com\/wp-content\/uploads\/wpc-ltpsm.jpg\" \/>\n\t<meta property=\"og:image:width\" content=\"1024\" \/>\n\t<meta property=\"og:image:height\" content=\"1024\" \/>\n\t<meta property=\"og:image:type\" content=\"image\/jpeg\" \/>\n<meta name=\"twitter:card\" content=\"summary_large_image\" \/>\n<meta name=\"twitter:label1\" content=\"Tiempo de lectura\" \/>\n\t<meta name=\"twitter:data1\" content=\"1 minuto\" \/>\n<script type=\"application\/ld+json\" class=\"yoast-schema-graph\">{\"@context\":\"https:\/\/schema.org\",\"@graph\":[{\"@type\":\"WebPage\",\"@id\":\"https:\/\/svilupporaytech.com\/es\/producto\/baja-tension\/termo-retractil-es-2\/fundas\/proteccion-palos\/proteccion-corrosion-postes\/\",\"url\":\"https:\/\/svilupporaytech.com\/es\/producto\/baja-tension\/termo-retractil-es-2\/fundas\/proteccion-palos\/proteccion-corrosion-postes\/\",\"name\":\"Protecci\u00f3n corrosi\u00f3n postes | Raytech\",\"isPartOf\":{\"@id\":\"https:\/\/svilupporaytech.com\/#website\"},\"primaryImageOfPage\":{\"@id\":\"https:\/\/svilupporaytech.com\/es\/producto\/baja-tension\/termo-retractil-es-2\/fundas\/proteccion-palos\/proteccion-corrosion-postes\/#primaryimage\"},\"image\":{\"@id\":\"https:\/\/svilupporaytech.com\/es\/producto\/baja-tension\/termo-retractil-es-2\/fundas\/proteccion-palos\/proteccion-corrosion-postes\/#primaryimage\"},\"thumbnailUrl\":\"https:\/\/svilupporaytech.com\/wp-content\/uploads\/wpc-ltpsm.jpg\",\"datePublished\":\"2015-12-17T15:55:54+00:00\",\"dateModified\":\"2015-12-17T15:55:54+00:00\",\"breadcrumb\":{\"@id\":\"https:\/\/svilupporaytech.com\/es\/producto\/baja-tension\/termo-retractil-es-2\/fundas\/proteccion-palos\/proteccion-corrosion-postes\/#breadcrumb\"},\"inLanguage\":\"es\",\"potentialAction\":[{\"@type\":\"ReadAction\",\"target\":[\"https:\/\/svilupporaytech.com\/es\/producto\/baja-tension\/termo-retractil-es-2\/fundas\/proteccion-palos\/proteccion-corrosion-postes\/\"]}]},{\"@type\":\"ImageObject\",\"inLanguage\":\"es\",\"@id\":\"https:\/\/svilupporaytech.com\/es\/producto\/baja-tension\/termo-retractil-es-2\/fundas\/proteccion-palos\/proteccion-corrosion-postes\/#primaryimage\",\"url\":\"https:\/\/svilupporaytech.com\/wp-content\/uploads\/wpc-ltpsm.jpg\",\"contentUrl\":\"https:\/\/svilupporaytech.com\/wp-content\/uploads\/wpc-ltpsm.jpg\",\"width\":1024,\"height\":1024},{\"@type\":\"BreadcrumbList\",\"@id\":\"https:\/\/svilupporaytech.com\/es\/producto\/baja-tension\/termo-retractil-es-2\/fundas\/proteccion-palos\/proteccion-corrosion-postes\/#breadcrumb\",\"itemListElement\":[{\"@type\":\"ListItem\",\"position\":1,\"name\":\"Home\",\"item\":\"https:\/\/svilupporaytech.com\/es\/\"},{\"@type\":\"ListItem\",\"position\":2,\"name\":\"Tienda\",\"item\":\"https:\/\/svilupporaytech.com\/es\/tienda\/\"},{\"@type\":\"ListItem\",\"position\":3,\"name\":\"Protecci\u00f3n corrosi\u00f3n postes\"}]},{\"@type\":\"WebSite\",\"@id\":\"https:\/\/svilupporaytech.com\/#website\",\"url\":\"https:\/\/svilupporaytech.com\/\",\"name\":\"Raytech\",\"description\":\"Cable accessories company\",\"potentialAction\":[{\"@type\":\"SearchAction\",\"target\":{\"@type\":\"EntryPoint\",\"urlTemplate\":\"https:\/\/svilupporaytech.com\/?s={search_term_string}\"},\"query-input\":\"required name=search_term_string\"}],\"inLanguage\":\"es\"}]}<\/script>\n<!-- \/ Yoast SEO plugin. -->","yoast_head_json":{"title":"Protecci\u00f3n corrosi\u00f3n postes | Raytech","robots":{"index":"index","follow":"follow","max-snippet":"max-snippet:-1","max-image-preview":"max-image-preview:large","max-video-preview":"max-video-preview:-1"},"canonical":"https:\/\/svilupporaytech.com\/es\/producto\/baja-tension\/termo-retractil-es-2\/fundas\/proteccion-palos\/proteccion-corrosion-postes\/","og_locale":"es_ES","og_type":"article","og_title":"Protecci\u00f3n corrosi\u00f3n postes | Raytech","og_description":"Protecci\u00f3n corrosi\u00f3n postes En un poste instalado, la secci\u00f3n m\u00e1s vulnerable a la corrosi\u00f3n es situada inmediatamente encima y debajo del nivel del terreno. Esta secci\u00f3n es agredida por los [\u2026]","og_url":"https:\/\/svilupporaytech.com\/es\/producto\/baja-tension\/termo-retractil-es-2\/fundas\/proteccion-palos\/proteccion-corrosion-postes\/","og_site_name":"Raytech","og_image":[{"width":1024,"height":1024,"url":"https:\/\/svilupporaytech.com\/wp-content\/uploads\/wpc-ltpsm.jpg","type":"image\/jpeg"}],"twitter_card":"summary_large_image","twitter_misc":{"Tiempo de lectura":"1 minuto"},"schema":{"@context":"https:\/\/schema.org","@graph":[{"@type":"WebPage","@id":"https:\/\/svilupporaytech.com\/es\/producto\/baja-tension\/termo-retractil-es-2\/fundas\/proteccion-palos\/proteccion-corrosion-postes\/","url":"https:\/\/svilupporaytech.com\/es\/producto\/baja-tension\/termo-retractil-es-2\/fundas\/proteccion-palos\/proteccion-corrosion-postes\/","name":"Protecci\u00f3n corrosi\u00f3n postes | Raytech","isPartOf":{"@id":"https:\/\/svilupporaytech.com\/#website"},"primaryImageOfPage":{"@id":"https:\/\/svilupporaytech.com\/es\/producto\/baja-tension\/termo-retractil-es-2\/fundas\/proteccion-palos\/proteccion-corrosion-postes\/#primaryimage"},"image":{"@id":"https:\/\/svilupporaytech.com\/es\/producto\/baja-tension\/termo-retractil-es-2\/fundas\/proteccion-palos\/proteccion-corrosion-postes\/#primaryimage"},"thumbnailUrl":"https:\/\/svilupporaytech.com\/wp-content\/uploads\/wpc-ltpsm.jpg","datePublished":"2015-12-17T15:55:54+00:00","dateModified":"2015-12-17T15:55:54+00:00","breadcrumb":{"@id":"https:\/\/svilupporaytech.com\/es\/producto\/baja-tension\/termo-retractil-es-2\/fundas\/proteccion-palos\/proteccion-corrosion-postes\/#breadcrumb"},"inLanguage":"es","potentialAction":[{"@type":"ReadAction","target":["https:\/\/svilupporaytech.com\/es\/producto\/baja-tension\/termo-retractil-es-2\/fundas\/proteccion-palos\/proteccion-corrosion-postes\/"]}]},{"@type":"ImageObject","inLanguage":"es","@id":"https:\/\/svilupporaytech.com\/es\/producto\/baja-tension\/termo-retractil-es-2\/fundas\/proteccion-palos\/proteccion-corrosion-postes\/#primaryimage","url":"https:\/\/svilupporaytech.com\/wp-content\/uploads\/wpc-ltpsm.jpg","contentUrl":"https:\/\/svilupporaytech.com\/wp-content\/uploads\/wpc-ltpsm.jpg","width":1024,"height":1024},{"@type":"BreadcrumbList","@id":"https:\/\/svilupporaytech.com\/es\/producto\/baja-tension\/termo-retractil-es-2\/fundas\/proteccion-palos\/proteccion-corrosion-postes\/#breadcrumb","itemListElement":[{"@type":"ListItem","position":1,"name":"Home","item":"https:\/\/svilupporaytech.com\/es\/"},{"@type":"ListItem","position":2,"name":"Tienda","item":"https:\/\/svilupporaytech.com\/es\/tienda\/"},{"@type":"ListItem","position":3,"name":"Protecci\u00f3n corrosi\u00f3n postes"}]},{"@type":"WebSite","@id":"https:\/\/svilupporaytech.com\/#website","url":"https:\/\/svilupporaytech.com\/","name":"Raytech","description":"Cable accessories company","potentialAction":[{"@type":"SearchAction","target":{"@type":"EntryPoint","urlTemplate":"https:\/\/svilupporaytech.com\/?s={search_term_string}"},"query-input":"required name=search_term_string"}],"inLanguage":"es"}]}},"_links":{"self":[{"href":"https:\/\/svilupporaytech.com\/es\/wp-json\/wp\/v2\/product\/6449"}],"collection":[{"href":"https:\/\/svilupporaytech.com\/es\/wp-json\/wp\/v2\/product"}],"about":[{"href":"https:\/\/svilupporaytech.com\/es\/wp-json\/wp\/v2\/types\/product"}],"wp:featuredmedia":[{"embeddable":true,"href":"https:\/\/svilupporaytech.com\/es\/wp-json\/wp\/v2\/media\/2287"}],"wp:attachment":[{"href":"https:\/\/svilupporaytech.com\/es\/wp-json\/wp\/v2\/media?parent=6449"}],"wp:term":[{"taxonomy":"product_cat","embeddable":true,"href":"https:\/\/svilupporaytech.com\/es\/wp-json\/wp\/v2\/product_cat?post=6449"},{"taxonomy":"product_tag","embeddable":true,"href":"https:\/\/svilupporaytech.com\/es\/wp-json\/wp\/v2\/product_tag?post=6449"}],"curies":[{"name":"wp","href":"https:\/\/api.w.org\/{rel}","templated":true}]}}