{"id":6453,"date":"2015-07-16T14:01:06","date_gmt":"2015-12-17T16:09:30","guid":{"rendered":"https:\/\/svilupporaytech.com\/?post_type=product&#038;p=6453&#038;lang=es"},"modified":"2019-08-01T12:13:38","modified_gmt":"2019-08-01T12:13:38","slug":"linus","status":"publish","type":"product","link":"https:\/\/svilupporaytech.com\/es\/producto\/cables-calefactores\/uso-civil\/anticongelante-para-tuberias\/potencia-constante-es-2\/linus\/","title":{"rendered":"La cinta aislante t\u00e9rmica autoadhesiva"},"content":{"rendered":"<h4><span style=\"color: #e3001a;\">Linus<br \/>\nLa cinta aislante t\u00e9rmica autoadhesiva<\/span><\/h4>\n<p>Para ofrecer una soluci\u00f3n completa en el campo del trazado el\u00e9ctrico Raytech ha preparado un nuevo producto, LINUS, una cinta aislante para mantener la temperatura. Se trata de una cinta realizada en goma sint\u00e9tica expansiva con c\u00e9lulas cerradas, de baja conductividad t\u00e9rmica y extremadamente flexible, la cinta de goma es acoplada a una hoja de aluminio de protecci\u00f3n contra rupturas, para una mayor resistencia a la perforaci\u00f3n y para una mayor resistencia a la tracci\u00f3n. Adem\u00e1s protege fuertemente contra la radiaci\u00f3n UV. La cinta, para facilitar la aplicaci\u00f3n sobre el tubo trazado, es autoadhesiva. Las c\u00e9lulas cerradas y el tipo de material particular aportan elevadas caracter\u00edsticas aislantes as\u00ed como un \u00f3ptimo comportamiento en presencia de condensaci\u00f3n.<\/p>\n","protected":false},"excerpt":{"rendered":"<p>Linus La cinta aislante t\u00e9rmica autoadhesiva Para ofrecer una soluci\u00f3n completa en el campo del trazado el\u00e9ctrico Raytech ha preparado un nuevo producto, LINUS, una cinta aislante para mantener la<span class=\"excerpt-hellip\"> [\u2026]<\/span><\/p>\n","protected":false},"featured_media":4561,"template":"","meta":[],"product_cat":[264,269,272,416],"product_tag":[],"yoast_head":"<!-- This site is optimized with the Yoast SEO plugin v22.7 - https:\/\/yoast.com\/wordpress\/plugins\/seo\/ -->\n<title>La cinta aislante t\u00e9rmica autoadhesiva | Raytech<\/title>\n<meta name=\"robots\" content=\"index, follow, max-snippet:-1, max-image-preview:large, max-video-preview:-1\" \/>\n<link rel=\"canonical\" href=\"https:\/\/svilupporaytech.com\/es\/producto\/cables-calefactores\/uso-civil\/anticongelante-para-tuberias\/potencia-constante-es-2\/linus\/\" \/>\n<meta property=\"og:locale\" content=\"es_ES\" \/>\n<meta property=\"og:type\" content=\"article\" \/>\n<meta property=\"og:title\" content=\"La cinta aislante t\u00e9rmica autoadhesiva | Raytech\" \/>\n<meta property=\"og:description\" content=\"Linus La cinta aislante t\u00e9rmica autoadhesiva Para ofrecer una soluci\u00f3n completa en el campo del trazado el\u00e9ctrico Raytech ha preparado un nuevo producto, LINUS, una cinta aislante para mantener la [\u2026]\" \/>\n<meta property=\"og:url\" content=\"https:\/\/svilupporaytech.com\/es\/producto\/cables-calefactores\/uso-civil\/anticongelante-para-tuberias\/potencia-constante-es-2\/linus\/\" \/>\n<meta property=\"og:site_name\" content=\"Raytech\" \/>\n<meta property=\"article:modified_time\" content=\"2019-08-01T12:13:38+00:00\" \/>\n<meta property=\"og:image\" content=\"https:\/\/svilupporaytech.com\/wp-content\/uploads\/linus-1.jpg\" \/>\n\t<meta property=\"og:image:width\" content=\"1024\" \/>\n\t<meta property=\"og:image:height\" content=\"1024\" \/>\n\t<meta property=\"og:image:type\" content=\"image\/jpeg\" \/>\n<meta name=\"twitter:card\" content=\"summary_large_image\" \/>\n<meta name=\"twitter:label1\" content=\"Tiempo de lectura\" \/>\n\t<meta name=\"twitter:data1\" content=\"1 minuto\" \/>\n<script type=\"application\/ld+json\" class=\"yoast-schema-graph\">{\"@context\":\"https:\/\/schema.org\",\"@graph\":[{\"@type\":\"WebPage\",\"@id\":\"https:\/\/svilupporaytech.com\/es\/producto\/cables-calefactores\/uso-civil\/anticongelante-para-tuberias\/potencia-constante-es-2\/linus\/\",\"url\":\"https:\/\/svilupporaytech.com\/es\/producto\/cables-calefactores\/uso-civil\/anticongelante-para-tuberias\/potencia-constante-es-2\/linus\/\",\"name\":\"La cinta aislante t\u00e9rmica autoadhesiva | Raytech\",\"isPartOf\":{\"@id\":\"https:\/\/svilupporaytech.com\/#website\"},\"primaryImageOfPage\":{\"@id\":\"https:\/\/svilupporaytech.com\/es\/producto\/cables-calefactores\/uso-civil\/anticongelante-para-tuberias\/potencia-constante-es-2\/linus\/#primaryimage\"},\"image\":{\"@id\":\"https:\/\/svilupporaytech.com\/es\/producto\/cables-calefactores\/uso-civil\/anticongelante-para-tuberias\/potencia-constante-es-2\/linus\/#primaryimage\"},\"thumbnailUrl\":\"https:\/\/svilupporaytech.com\/wp-content\/uploads\/linus-1.jpg\",\"datePublished\":\"2015-12-17T16:09:30+00:00\",\"dateModified\":\"2019-08-01T12:13:38+00:00\",\"breadcrumb\":{\"@id\":\"https:\/\/svilupporaytech.com\/es\/producto\/cables-calefactores\/uso-civil\/anticongelante-para-tuberias\/potencia-constante-es-2\/linus\/#breadcrumb\"},\"inLanguage\":\"es\",\"potentialAction\":[{\"@type\":\"ReadAction\",\"target\":[\"https:\/\/svilupporaytech.com\/es\/producto\/cables-calefactores\/uso-civil\/anticongelante-para-tuberias\/potencia-constante-es-2\/linus\/\"]}]},{\"@type\":\"ImageObject\",\"inLanguage\":\"es\",\"@id\":\"https:\/\/svilupporaytech.com\/es\/producto\/cables-calefactores\/uso-civil\/anticongelante-para-tuberias\/potencia-constante-es-2\/linus\/#primaryimage\",\"url\":\"https:\/\/svilupporaytech.com\/wp-content\/uploads\/linus-1.jpg\",\"contentUrl\":\"https:\/\/svilupporaytech.com\/wp-content\/uploads\/linus-1.jpg\",\"width\":1024,\"height\":1024},{\"@type\":\"BreadcrumbList\",\"@id\":\"https:\/\/svilupporaytech.com\/es\/producto\/cables-calefactores\/uso-civil\/anticongelante-para-tuberias\/potencia-constante-es-2\/linus\/#breadcrumb\",\"itemListElement\":[{\"@type\":\"ListItem\",\"position\":1,\"name\":\"Home\",\"item\":\"https:\/\/svilupporaytech.com\/es\/\"},{\"@type\":\"ListItem\",\"position\":2,\"name\":\"Tienda\",\"item\":\"https:\/\/svilupporaytech.com\/es\/tienda\/\"},{\"@type\":\"ListItem\",\"position\":3,\"name\":\"La cinta aislante t\u00e9rmica autoadhesiva\"}]},{\"@type\":\"WebSite\",\"@id\":\"https:\/\/svilupporaytech.com\/#website\",\"url\":\"https:\/\/svilupporaytech.com\/\",\"name\":\"Raytech\",\"description\":\"Cable accessories company\",\"potentialAction\":[{\"@type\":\"SearchAction\",\"target\":{\"@type\":\"EntryPoint\",\"urlTemplate\":\"https:\/\/svilupporaytech.com\/?s={search_term_string}\"},\"query-input\":\"required name=search_term_string\"}],\"inLanguage\":\"es\"}]}<\/script>\n<!-- \/ Yoast SEO plugin. -->","yoast_head_json":{"title":"La cinta aislante t\u00e9rmica autoadhesiva | Raytech","robots":{"index":"index","follow":"follow","max-snippet":"max-snippet:-1","max-image-preview":"max-image-preview:large","max-video-preview":"max-video-preview:-1"},"canonical":"https:\/\/svilupporaytech.com\/es\/producto\/cables-calefactores\/uso-civil\/anticongelante-para-tuberias\/potencia-constante-es-2\/linus\/","og_locale":"es_ES","og_type":"article","og_title":"La cinta aislante t\u00e9rmica autoadhesiva | Raytech","og_description":"Linus La cinta aislante t\u00e9rmica autoadhesiva Para ofrecer una soluci\u00f3n completa en el campo del trazado el\u00e9ctrico Raytech ha preparado un nuevo producto, LINUS, una cinta aislante para mantener la [\u2026]","og_url":"https:\/\/svilupporaytech.com\/es\/producto\/cables-calefactores\/uso-civil\/anticongelante-para-tuberias\/potencia-constante-es-2\/linus\/","og_site_name":"Raytech","article_modified_time":"2019-08-01T12:13:38+00:00","og_image":[{"width":1024,"height":1024,"url":"https:\/\/svilupporaytech.com\/wp-content\/uploads\/linus-1.jpg","type":"image\/jpeg"}],"twitter_card":"summary_large_image","twitter_misc":{"Tiempo de lectura":"1 minuto"},"schema":{"@context":"https:\/\/schema.org","@graph":[{"@type":"WebPage","@id":"https:\/\/svilupporaytech.com\/es\/producto\/cables-calefactores\/uso-civil\/anticongelante-para-tuberias\/potencia-constante-es-2\/linus\/","url":"https:\/\/svilupporaytech.com\/es\/producto\/cables-calefactores\/uso-civil\/anticongelante-para-tuberias\/potencia-constante-es-2\/linus\/","name":"La cinta aislante t\u00e9rmica autoadhesiva | Raytech","isPartOf":{"@id":"https:\/\/svilupporaytech.com\/#website"},"primaryImageOfPage":{"@id":"https:\/\/svilupporaytech.com\/es\/producto\/cables-calefactores\/uso-civil\/anticongelante-para-tuberias\/potencia-constante-es-2\/linus\/#primaryimage"},"image":{"@id":"https:\/\/svilupporaytech.com\/es\/producto\/cables-calefactores\/uso-civil\/anticongelante-para-tuberias\/potencia-constante-es-2\/linus\/#primaryimage"},"thumbnailUrl":"https:\/\/svilupporaytech.com\/wp-content\/uploads\/linus-1.jpg","datePublished":"2015-12-17T16:09:30+00:00","dateModified":"2019-08-01T12:13:38+00:00","breadcrumb":{"@id":"https:\/\/svilupporaytech.com\/es\/producto\/cables-calefactores\/uso-civil\/anticongelante-para-tuberias\/potencia-constante-es-2\/linus\/#breadcrumb"},"inLanguage":"es","potentialAction":[{"@type":"ReadAction","target":["https:\/\/svilupporaytech.com\/es\/producto\/cables-calefactores\/uso-civil\/anticongelante-para-tuberias\/potencia-constante-es-2\/linus\/"]}]},{"@type":"ImageObject","inLanguage":"es","@id":"https:\/\/svilupporaytech.com\/es\/producto\/cables-calefactores\/uso-civil\/anticongelante-para-tuberias\/potencia-constante-es-2\/linus\/#primaryimage","url":"https:\/\/svilupporaytech.com\/wp-content\/uploads\/linus-1.jpg","contentUrl":"https:\/\/svilupporaytech.com\/wp-content\/uploads\/linus-1.jpg","width":1024,"height":1024},{"@type":"BreadcrumbList","@id":"https:\/\/svilupporaytech.com\/es\/producto\/cables-calefactores\/uso-civil\/anticongelante-para-tuberias\/potencia-constante-es-2\/linus\/#breadcrumb","itemListElement":[{"@type":"ListItem","position":1,"name":"Home","item":"https:\/\/svilupporaytech.com\/es\/"},{"@type":"ListItem","position":2,"name":"Tienda","item":"https:\/\/svilupporaytech.com\/es\/tienda\/"},{"@type":"ListItem","position":3,"name":"La cinta aislante t\u00e9rmica autoadhesiva"}]},{"@type":"WebSite","@id":"https:\/\/svilupporaytech.com\/#website","url":"https:\/\/svilupporaytech.com\/","name":"Raytech","description":"Cable accessories company","potentialAction":[{"@type":"SearchAction","target":{"@type":"EntryPoint","urlTemplate":"https:\/\/svilupporaytech.com\/?s={search_term_string}"},"query-input":"required name=search_term_string"}],"inLanguage":"es"}]}},"_links":{"self":[{"href":"https:\/\/svilupporaytech.com\/es\/wp-json\/wp\/v2\/product\/6453"}],"collection":[{"href":"https:\/\/svilupporaytech.com\/es\/wp-json\/wp\/v2\/product"}],"about":[{"href":"https:\/\/svilupporaytech.com\/es\/wp-json\/wp\/v2\/types\/product"}],"wp:featuredmedia":[{"embeddable":true,"href":"https:\/\/svilupporaytech.com\/es\/wp-json\/wp\/v2\/media\/4561"}],"wp:attachment":[{"href":"https:\/\/svilupporaytech.com\/es\/wp-json\/wp\/v2\/media?parent=6453"}],"wp:term":[{"taxonomy":"product_cat","embeddable":true,"href":"https:\/\/svilupporaytech.com\/es\/wp-json\/wp\/v2\/product_cat?post=6453"},{"taxonomy":"product_tag","embeddable":true,"href":"https:\/\/svilupporaytech.com\/es\/wp-json\/wp\/v2\/product_tag?post=6453"}],"curies":[{"name":"wp","href":"https:\/\/api.w.org\/{rel}","templated":true}]}}