{"id":6459,"date":"2015-07-16T14:07:15","date_gmt":"2015-12-17T16:21:30","guid":{"rendered":"https:\/\/svilupporaytech.com\/?post_type=product&#038;p=6459&#038;lang=es"},"modified":"2019-08-01T09:26:30","modified_gmt":"2019-08-01T09:26:30","slug":"ice-killer","status":"publish","type":"product","link":"https:\/\/svilupporaytech.com\/es\/producto\/cables-calefactores\/uso-civil\/anticongelante-para-tuberias\/autoregulante-es-2\/ice-killer\/","title":{"rendered":"Kit con cable auto regulado disponible para cortar a la medida y conectar a la alimentaci\u00f3n por un lado y libre de carga por el otro extremo"},"content":{"rendered":"<h4><span style=\"color: #e3001a;\">Ice Killer<br \/>\nKit con cable auto regulado disponible para cortar a la medida y conectar a la alimentaci\u00f3n por un lado y libre de carga por el otro extremo.<br \/>\n<\/span><\/h4>\n<p>El Kit Ice Killer est\u00e1 compuesto por una bobina de cable autoregulador de 30 m, compuesta por accesorios de terminal de conexi\u00f3n y por lado no alimentado: el cable puede ser cortado a la longitud que se desee, instalado sobre el tubo o sobre el dep\u00f3sito, conectado a la alimentaci\u00f3n y rematado al extremo opuesto. El kit Ice Killer, econ\u00f3mico y compacto, en un cautivador envase f\u00e1cil de transportar y de manipular en obra, es compacto, muy flexible y f\u00e1cil de adaptar a las curvas de las tuber\u00eda.<br \/>\nEl cable Ice Killer es colocado sobre la tuber\u00eda, de modo lineal o enrrollado dependiendo de la potencia necesaria espec\u00edfica, por lo tanto fijado a la misma a trav\u00e9s de una cinta adhesiva inextensible (tipo las cintas MCA-FV o MCA-ALL75 de Raytech), rematado con los accesorios MCA Universal contenidos en el kit y por lo tanto revestido con el material aislante. Alcanza en muy poco tiempo la temperatura de r\u00e9gimen, y la mantiene casi contante incluso si la temperatura ambiente var\u00eda.<\/p>\n","protected":false},"excerpt":{"rendered":"<p>Ice Killer Kit con cable auto regulado disponible para cortar a la medida y conectar a la alimentaci\u00f3n por un lado y libre de carga por el otro extremo. El<span class=\"excerpt-hellip\"> [\u2026]<\/span><\/p>\n","protected":false},"featured_media":4553,"template":"","meta":[],"product_cat":[264,269,272,413],"product_tag":[],"yoast_head":"<!-- This site is optimized with the Yoast SEO plugin v22.7 - https:\/\/yoast.com\/wordpress\/plugins\/seo\/ -->\n<title>Kit con cable auto regulado disponible para cortar a la medida y conectar a la alimentaci\u00f3n por un lado y libre de carga por el otro extremo | Raytech<\/title>\n<meta name=\"robots\" content=\"index, follow, max-snippet:-1, max-image-preview:large, max-video-preview:-1\" \/>\n<link rel=\"canonical\" href=\"https:\/\/svilupporaytech.com\/es\/producto\/cables-calefactores\/uso-civil\/anticongelante-para-tuberias\/autoregulante-es-2\/ice-killer\/\" \/>\n<meta property=\"og:locale\" content=\"es_ES\" \/>\n<meta property=\"og:type\" content=\"article\" \/>\n<meta property=\"og:title\" content=\"Kit con cable auto regulado disponible para cortar a la medida y conectar a la alimentaci\u00f3n por un lado y libre de carga por el otro extremo | Raytech\" \/>\n<meta property=\"og:description\" content=\"Ice Killer Kit con cable auto regulado disponible para cortar a la medida y conectar a la alimentaci\u00f3n por un lado y libre de carga por el otro extremo. El [\u2026]\" \/>\n<meta property=\"og:url\" content=\"https:\/\/svilupporaytech.com\/es\/producto\/cables-calefactores\/uso-civil\/anticongelante-para-tuberias\/autoregulante-es-2\/ice-killer\/\" \/>\n<meta property=\"og:site_name\" content=\"Raytech\" \/>\n<meta property=\"article:modified_time\" content=\"2019-08-01T09:26:30+00:00\" \/>\n<meta property=\"og:image\" content=\"https:\/\/svilupporaytech.com\/wp-content\/uploads\/ice-killer-1.jpg\" \/>\n\t<meta property=\"og:image:width\" content=\"1024\" \/>\n\t<meta property=\"og:image:height\" content=\"1024\" \/>\n\t<meta property=\"og:image:type\" content=\"image\/jpeg\" \/>\n<meta name=\"twitter:card\" content=\"summary_large_image\" \/>\n<meta name=\"twitter:label1\" content=\"Tiempo de lectura\" \/>\n\t<meta name=\"twitter:data1\" content=\"1 minuto\" \/>\n<script type=\"application\/ld+json\" class=\"yoast-schema-graph\">{\"@context\":\"https:\/\/schema.org\",\"@graph\":[{\"@type\":\"WebPage\",\"@id\":\"https:\/\/svilupporaytech.com\/es\/producto\/cables-calefactores\/uso-civil\/anticongelante-para-tuberias\/autoregulante-es-2\/ice-killer\/\",\"url\":\"https:\/\/svilupporaytech.com\/es\/producto\/cables-calefactores\/uso-civil\/anticongelante-para-tuberias\/autoregulante-es-2\/ice-killer\/\",\"name\":\"Kit con cable auto regulado disponible para cortar a la medida y conectar a la alimentaci\u00f3n por un lado y libre de carga por el otro extremo | Raytech\",\"isPartOf\":{\"@id\":\"https:\/\/svilupporaytech.com\/#website\"},\"primaryImageOfPage\":{\"@id\":\"https:\/\/svilupporaytech.com\/es\/producto\/cables-calefactores\/uso-civil\/anticongelante-para-tuberias\/autoregulante-es-2\/ice-killer\/#primaryimage\"},\"image\":{\"@id\":\"https:\/\/svilupporaytech.com\/es\/producto\/cables-calefactores\/uso-civil\/anticongelante-para-tuberias\/autoregulante-es-2\/ice-killer\/#primaryimage\"},\"thumbnailUrl\":\"https:\/\/svilupporaytech.com\/wp-content\/uploads\/ice-killer-1.jpg\",\"datePublished\":\"2015-12-17T16:21:30+00:00\",\"dateModified\":\"2019-08-01T09:26:30+00:00\",\"breadcrumb\":{\"@id\":\"https:\/\/svilupporaytech.com\/es\/producto\/cables-calefactores\/uso-civil\/anticongelante-para-tuberias\/autoregulante-es-2\/ice-killer\/#breadcrumb\"},\"inLanguage\":\"es\",\"potentialAction\":[{\"@type\":\"ReadAction\",\"target\":[\"https:\/\/svilupporaytech.com\/es\/producto\/cables-calefactores\/uso-civil\/anticongelante-para-tuberias\/autoregulante-es-2\/ice-killer\/\"]}]},{\"@type\":\"ImageObject\",\"inLanguage\":\"es\",\"@id\":\"https:\/\/svilupporaytech.com\/es\/producto\/cables-calefactores\/uso-civil\/anticongelante-para-tuberias\/autoregulante-es-2\/ice-killer\/#primaryimage\",\"url\":\"https:\/\/svilupporaytech.com\/wp-content\/uploads\/ice-killer-1.jpg\",\"contentUrl\":\"https:\/\/svilupporaytech.com\/wp-content\/uploads\/ice-killer-1.jpg\",\"width\":1024,\"height\":1024},{\"@type\":\"BreadcrumbList\",\"@id\":\"https:\/\/svilupporaytech.com\/es\/producto\/cables-calefactores\/uso-civil\/anticongelante-para-tuberias\/autoregulante-es-2\/ice-killer\/#breadcrumb\",\"itemListElement\":[{\"@type\":\"ListItem\",\"position\":1,\"name\":\"Home\",\"item\":\"https:\/\/svilupporaytech.com\/es\/\"},{\"@type\":\"ListItem\",\"position\":2,\"name\":\"Tienda\",\"item\":\"https:\/\/svilupporaytech.com\/es\/tienda\/\"},{\"@type\":\"ListItem\",\"position\":3,\"name\":\"Kit con cable auto regulado disponible para cortar a la medida y conectar a la alimentaci\u00f3n por un lado y libre de carga por el otro extremo\"}]},{\"@type\":\"WebSite\",\"@id\":\"https:\/\/svilupporaytech.com\/#website\",\"url\":\"https:\/\/svilupporaytech.com\/\",\"name\":\"Raytech\",\"description\":\"Cable accessories company\",\"potentialAction\":[{\"@type\":\"SearchAction\",\"target\":{\"@type\":\"EntryPoint\",\"urlTemplate\":\"https:\/\/svilupporaytech.com\/?s={search_term_string}\"},\"query-input\":\"required name=search_term_string\"}],\"inLanguage\":\"es\"}]}<\/script>\n<!-- \/ Yoast SEO plugin. -->","yoast_head_json":{"title":"Kit con cable auto regulado disponible para cortar a la medida y conectar a la alimentaci\u00f3n por un lado y libre de carga por el otro extremo | Raytech","robots":{"index":"index","follow":"follow","max-snippet":"max-snippet:-1","max-image-preview":"max-image-preview:large","max-video-preview":"max-video-preview:-1"},"canonical":"https:\/\/svilupporaytech.com\/es\/producto\/cables-calefactores\/uso-civil\/anticongelante-para-tuberias\/autoregulante-es-2\/ice-killer\/","og_locale":"es_ES","og_type":"article","og_title":"Kit con cable auto regulado disponible para cortar a la medida y conectar a la alimentaci\u00f3n por un lado y libre de carga por el otro extremo | Raytech","og_description":"Ice Killer Kit con cable auto regulado disponible para cortar a la medida y conectar a la alimentaci\u00f3n por un lado y libre de carga por el otro extremo. El [\u2026]","og_url":"https:\/\/svilupporaytech.com\/es\/producto\/cables-calefactores\/uso-civil\/anticongelante-para-tuberias\/autoregulante-es-2\/ice-killer\/","og_site_name":"Raytech","article_modified_time":"2019-08-01T09:26:30+00:00","og_image":[{"width":1024,"height":1024,"url":"https:\/\/svilupporaytech.com\/wp-content\/uploads\/ice-killer-1.jpg","type":"image\/jpeg"}],"twitter_card":"summary_large_image","twitter_misc":{"Tiempo de lectura":"1 minuto"},"schema":{"@context":"https:\/\/schema.org","@graph":[{"@type":"WebPage","@id":"https:\/\/svilupporaytech.com\/es\/producto\/cables-calefactores\/uso-civil\/anticongelante-para-tuberias\/autoregulante-es-2\/ice-killer\/","url":"https:\/\/svilupporaytech.com\/es\/producto\/cables-calefactores\/uso-civil\/anticongelante-para-tuberias\/autoregulante-es-2\/ice-killer\/","name":"Kit con cable auto regulado disponible para cortar a la medida y conectar a la alimentaci\u00f3n por un lado y libre de carga por el otro extremo | Raytech","isPartOf":{"@id":"https:\/\/svilupporaytech.com\/#website"},"primaryImageOfPage":{"@id":"https:\/\/svilupporaytech.com\/es\/producto\/cables-calefactores\/uso-civil\/anticongelante-para-tuberias\/autoregulante-es-2\/ice-killer\/#primaryimage"},"image":{"@id":"https:\/\/svilupporaytech.com\/es\/producto\/cables-calefactores\/uso-civil\/anticongelante-para-tuberias\/autoregulante-es-2\/ice-killer\/#primaryimage"},"thumbnailUrl":"https:\/\/svilupporaytech.com\/wp-content\/uploads\/ice-killer-1.jpg","datePublished":"2015-12-17T16:21:30+00:00","dateModified":"2019-08-01T09:26:30+00:00","breadcrumb":{"@id":"https:\/\/svilupporaytech.com\/es\/producto\/cables-calefactores\/uso-civil\/anticongelante-para-tuberias\/autoregulante-es-2\/ice-killer\/#breadcrumb"},"inLanguage":"es","potentialAction":[{"@type":"ReadAction","target":["https:\/\/svilupporaytech.com\/es\/producto\/cables-calefactores\/uso-civil\/anticongelante-para-tuberias\/autoregulante-es-2\/ice-killer\/"]}]},{"@type":"ImageObject","inLanguage":"es","@id":"https:\/\/svilupporaytech.com\/es\/producto\/cables-calefactores\/uso-civil\/anticongelante-para-tuberias\/autoregulante-es-2\/ice-killer\/#primaryimage","url":"https:\/\/svilupporaytech.com\/wp-content\/uploads\/ice-killer-1.jpg","contentUrl":"https:\/\/svilupporaytech.com\/wp-content\/uploads\/ice-killer-1.jpg","width":1024,"height":1024},{"@type":"BreadcrumbList","@id":"https:\/\/svilupporaytech.com\/es\/producto\/cables-calefactores\/uso-civil\/anticongelante-para-tuberias\/autoregulante-es-2\/ice-killer\/#breadcrumb","itemListElement":[{"@type":"ListItem","position":1,"name":"Home","item":"https:\/\/svilupporaytech.com\/es\/"},{"@type":"ListItem","position":2,"name":"Tienda","item":"https:\/\/svilupporaytech.com\/es\/tienda\/"},{"@type":"ListItem","position":3,"name":"Kit con cable auto regulado disponible para cortar a la medida y conectar a la alimentaci\u00f3n por un lado y libre de carga por el otro extremo"}]},{"@type":"WebSite","@id":"https:\/\/svilupporaytech.com\/#website","url":"https:\/\/svilupporaytech.com\/","name":"Raytech","description":"Cable accessories company","potentialAction":[{"@type":"SearchAction","target":{"@type":"EntryPoint","urlTemplate":"https:\/\/svilupporaytech.com\/?s={search_term_string}"},"query-input":"required name=search_term_string"}],"inLanguage":"es"}]}},"_links":{"self":[{"href":"https:\/\/svilupporaytech.com\/es\/wp-json\/wp\/v2\/product\/6459"}],"collection":[{"href":"https:\/\/svilupporaytech.com\/es\/wp-json\/wp\/v2\/product"}],"about":[{"href":"https:\/\/svilupporaytech.com\/es\/wp-json\/wp\/v2\/types\/product"}],"wp:featuredmedia":[{"embeddable":true,"href":"https:\/\/svilupporaytech.com\/es\/wp-json\/wp\/v2\/media\/4553"}],"wp:attachment":[{"href":"https:\/\/svilupporaytech.com\/es\/wp-json\/wp\/v2\/media?parent=6459"}],"wp:term":[{"taxonomy":"product_cat","embeddable":true,"href":"https:\/\/svilupporaytech.com\/es\/wp-json\/wp\/v2\/product_cat?post=6459"},{"taxonomy":"product_tag","embeddable":true,"href":"https:\/\/svilupporaytech.com\/es\/wp-json\/wp\/v2\/product_tag?post=6459"}],"curies":[{"name":"wp","href":"https:\/\/api.w.org\/{rel}","templated":true}]}}