{"id":6462,"date":"2015-07-16T14:06:23","date_gmt":"2015-12-17T16:27:36","guid":{"rendered":"https:\/\/svilupporaytech.com\/?post_type=product&#038;p=6462&#038;lang=es"},"modified":"2019-08-01T14:00:03","modified_gmt":"2019-08-01T14:00:03","slug":"easy-ramp","status":"publish","type":"product","link":"https:\/\/svilupporaytech.com\/es\/producto\/cables-calefactores\/uso-civil\/anticongelante-para-rampas\/potencia-constante-es\/easy-ramp\/","title":{"rendered":"Potencia constante alfombrilla de calefacci\u00f3n"},"content":{"rendered":"<h4><span style=\"color: #e3001a;\">Easy Ramp<br \/>\nPotencia constante alfombrilla de calefacci\u00f3n<\/span><\/h4>\n<p>Raytech Easy Ramp consta de un cable calefactor de potencia constante ensamblado con una cinta formando un tapete calefactor que se puede extender f\u00e1cil y r\u00e1pidamente sobre las superficies a proteger. Easy Ramp es indicado especialmente para resolver los problemas causados por la formaci\u00f3n de hielo y por la acumulaci\u00f3n de nieve en las rampas de acceso a garajes, caminos peatonales, estacionamientos al aire libre, aceras etc. Puede ser instalado en el cemento, asfalto, adoquines autobloqueantes o bajo ladrillos de p\u00f3rfido u otros materiales de cobertura fijados con cemento y arena. El ancho est\u00e1ndar de los tapetes Easy Ramp es de 60 cm.; este ancho es suficiente para eliminar el hielo y la nieve del rastro de la rueda de un coche o para crear un paso peatonal sumamente seguro. La potencia espec\u00edfica emitida por Easy Ramp es 300 W\/m2. El tapete est\u00e1 disponible en varias longitudes, que se pueden adaptar f\u00e1cilmente a las dimensiones de la superficie a trazar, en caso de que las dimensiones del tapete fueran superiores a las de la rampa, la parte excedente puede ser f\u00e1cilmente doblada en 90\u00b0. El tapete se entrega ya terminado, listo para ser instalado, con 4 metros de cable fr\u00edo (3&#215;1,5 mm\u00b2 o 3&#215;2,5 mm\u00b2) para la conexi\u00f3n a la alimentaci\u00f3n. El cable calefactor de potencia constante que constituye el tapete es un cable calefactor de 2 conductores, blindado; esto permite alimentar un s\u00f3lo extremo para que su instalaci\u00f3n sea a\u00fan m\u00e1s f\u00e1cil y r\u00e1pida.<\/p>\n","protected":false},"excerpt":{"rendered":"<p>Easy Ramp Potencia constante alfombrilla de calefacci\u00f3n Raytech Easy Ramp consta de un cable calefactor de potencia constante ensamblado con una cinta formando un tapete calefactor que se puede extender<span class=\"excerpt-hellip\"> [\u2026]<\/span><\/p>\n","protected":false},"featured_media":4464,"template":"","meta":[],"product_cat":[264,269,271,415],"product_tag":[],"yoast_head":"<!-- This site is optimized with the Yoast SEO plugin v22.7 - https:\/\/yoast.com\/wordpress\/plugins\/seo\/ -->\n<title>Potencia constante alfombrilla de calefacci\u00f3n | Raytech<\/title>\n<meta name=\"robots\" content=\"index, follow, max-snippet:-1, max-image-preview:large, max-video-preview:-1\" \/>\n<link rel=\"canonical\" href=\"https:\/\/svilupporaytech.com\/es\/producto\/cables-calefactores\/uso-civil\/anticongelante-para-rampas\/potencia-constante-es\/easy-ramp\/\" \/>\n<meta property=\"og:locale\" content=\"es_ES\" \/>\n<meta property=\"og:type\" content=\"article\" \/>\n<meta property=\"og:title\" content=\"Potencia constante alfombrilla de calefacci\u00f3n | Raytech\" \/>\n<meta property=\"og:description\" content=\"Easy Ramp Potencia constante alfombrilla de calefacci\u00f3n Raytech Easy Ramp consta de un cable calefactor de potencia constante ensamblado con una cinta formando un tapete calefactor que se puede extender [\u2026]\" \/>\n<meta property=\"og:url\" content=\"https:\/\/svilupporaytech.com\/es\/producto\/cables-calefactores\/uso-civil\/anticongelante-para-rampas\/potencia-constante-es\/easy-ramp\/\" \/>\n<meta property=\"og:site_name\" content=\"Raytech\" \/>\n<meta property=\"article:modified_time\" content=\"2019-08-01T14:00:03+00:00\" \/>\n<meta property=\"og:image\" content=\"https:\/\/svilupporaytech.com\/wp-content\/uploads\/easy-ramp-1.jpg\" \/>\n\t<meta property=\"og:image:width\" content=\"1024\" \/>\n\t<meta property=\"og:image:height\" content=\"1024\" \/>\n\t<meta property=\"og:image:type\" content=\"image\/jpeg\" \/>\n<meta name=\"twitter:card\" content=\"summary_large_image\" \/>\n<meta name=\"twitter:label1\" content=\"Tiempo de lectura\" \/>\n\t<meta name=\"twitter:data1\" content=\"1 minuto\" \/>\n<script type=\"application\/ld+json\" class=\"yoast-schema-graph\">{\"@context\":\"https:\/\/schema.org\",\"@graph\":[{\"@type\":\"WebPage\",\"@id\":\"https:\/\/svilupporaytech.com\/es\/producto\/cables-calefactores\/uso-civil\/anticongelante-para-rampas\/potencia-constante-es\/easy-ramp\/\",\"url\":\"https:\/\/svilupporaytech.com\/es\/producto\/cables-calefactores\/uso-civil\/anticongelante-para-rampas\/potencia-constante-es\/easy-ramp\/\",\"name\":\"Potencia constante alfombrilla de calefacci\u00f3n | Raytech\",\"isPartOf\":{\"@id\":\"https:\/\/svilupporaytech.com\/#website\"},\"primaryImageOfPage\":{\"@id\":\"https:\/\/svilupporaytech.com\/es\/producto\/cables-calefactores\/uso-civil\/anticongelante-para-rampas\/potencia-constante-es\/easy-ramp\/#primaryimage\"},\"image\":{\"@id\":\"https:\/\/svilupporaytech.com\/es\/producto\/cables-calefactores\/uso-civil\/anticongelante-para-rampas\/potencia-constante-es\/easy-ramp\/#primaryimage\"},\"thumbnailUrl\":\"https:\/\/svilupporaytech.com\/wp-content\/uploads\/easy-ramp-1.jpg\",\"datePublished\":\"2015-12-17T16:27:36+00:00\",\"dateModified\":\"2019-08-01T14:00:03+00:00\",\"breadcrumb\":{\"@id\":\"https:\/\/svilupporaytech.com\/es\/producto\/cables-calefactores\/uso-civil\/anticongelante-para-rampas\/potencia-constante-es\/easy-ramp\/#breadcrumb\"},\"inLanguage\":\"es\",\"potentialAction\":[{\"@type\":\"ReadAction\",\"target\":[\"https:\/\/svilupporaytech.com\/es\/producto\/cables-calefactores\/uso-civil\/anticongelante-para-rampas\/potencia-constante-es\/easy-ramp\/\"]}]},{\"@type\":\"ImageObject\",\"inLanguage\":\"es\",\"@id\":\"https:\/\/svilupporaytech.com\/es\/producto\/cables-calefactores\/uso-civil\/anticongelante-para-rampas\/potencia-constante-es\/easy-ramp\/#primaryimage\",\"url\":\"https:\/\/svilupporaytech.com\/wp-content\/uploads\/easy-ramp-1.jpg\",\"contentUrl\":\"https:\/\/svilupporaytech.com\/wp-content\/uploads\/easy-ramp-1.jpg\",\"width\":1024,\"height\":1024},{\"@type\":\"BreadcrumbList\",\"@id\":\"https:\/\/svilupporaytech.com\/es\/producto\/cables-calefactores\/uso-civil\/anticongelante-para-rampas\/potencia-constante-es\/easy-ramp\/#breadcrumb\",\"itemListElement\":[{\"@type\":\"ListItem\",\"position\":1,\"name\":\"Home\",\"item\":\"https:\/\/svilupporaytech.com\/es\/\"},{\"@type\":\"ListItem\",\"position\":2,\"name\":\"Tienda\",\"item\":\"https:\/\/svilupporaytech.com\/es\/tienda\/\"},{\"@type\":\"ListItem\",\"position\":3,\"name\":\"Potencia constante alfombrilla de calefacci\u00f3n\"}]},{\"@type\":\"WebSite\",\"@id\":\"https:\/\/svilupporaytech.com\/#website\",\"url\":\"https:\/\/svilupporaytech.com\/\",\"name\":\"Raytech\",\"description\":\"Cable accessories company\",\"potentialAction\":[{\"@type\":\"SearchAction\",\"target\":{\"@type\":\"EntryPoint\",\"urlTemplate\":\"https:\/\/svilupporaytech.com\/?s={search_term_string}\"},\"query-input\":\"required name=search_term_string\"}],\"inLanguage\":\"es\"}]}<\/script>\n<!-- \/ Yoast SEO plugin. -->","yoast_head_json":{"title":"Potencia constante alfombrilla de calefacci\u00f3n | Raytech","robots":{"index":"index","follow":"follow","max-snippet":"max-snippet:-1","max-image-preview":"max-image-preview:large","max-video-preview":"max-video-preview:-1"},"canonical":"https:\/\/svilupporaytech.com\/es\/producto\/cables-calefactores\/uso-civil\/anticongelante-para-rampas\/potencia-constante-es\/easy-ramp\/","og_locale":"es_ES","og_type":"article","og_title":"Potencia constante alfombrilla de calefacci\u00f3n | Raytech","og_description":"Easy Ramp Potencia constante alfombrilla de calefacci\u00f3n Raytech Easy Ramp consta de un cable calefactor de potencia constante ensamblado con una cinta formando un tapete calefactor que se puede extender [\u2026]","og_url":"https:\/\/svilupporaytech.com\/es\/producto\/cables-calefactores\/uso-civil\/anticongelante-para-rampas\/potencia-constante-es\/easy-ramp\/","og_site_name":"Raytech","article_modified_time":"2019-08-01T14:00:03+00:00","og_image":[{"width":1024,"height":1024,"url":"https:\/\/svilupporaytech.com\/wp-content\/uploads\/easy-ramp-1.jpg","type":"image\/jpeg"}],"twitter_card":"summary_large_image","twitter_misc":{"Tiempo de lectura":"1 minuto"},"schema":{"@context":"https:\/\/schema.org","@graph":[{"@type":"WebPage","@id":"https:\/\/svilupporaytech.com\/es\/producto\/cables-calefactores\/uso-civil\/anticongelante-para-rampas\/potencia-constante-es\/easy-ramp\/","url":"https:\/\/svilupporaytech.com\/es\/producto\/cables-calefactores\/uso-civil\/anticongelante-para-rampas\/potencia-constante-es\/easy-ramp\/","name":"Potencia constante alfombrilla de calefacci\u00f3n | Raytech","isPartOf":{"@id":"https:\/\/svilupporaytech.com\/#website"},"primaryImageOfPage":{"@id":"https:\/\/svilupporaytech.com\/es\/producto\/cables-calefactores\/uso-civil\/anticongelante-para-rampas\/potencia-constante-es\/easy-ramp\/#primaryimage"},"image":{"@id":"https:\/\/svilupporaytech.com\/es\/producto\/cables-calefactores\/uso-civil\/anticongelante-para-rampas\/potencia-constante-es\/easy-ramp\/#primaryimage"},"thumbnailUrl":"https:\/\/svilupporaytech.com\/wp-content\/uploads\/easy-ramp-1.jpg","datePublished":"2015-12-17T16:27:36+00:00","dateModified":"2019-08-01T14:00:03+00:00","breadcrumb":{"@id":"https:\/\/svilupporaytech.com\/es\/producto\/cables-calefactores\/uso-civil\/anticongelante-para-rampas\/potencia-constante-es\/easy-ramp\/#breadcrumb"},"inLanguage":"es","potentialAction":[{"@type":"ReadAction","target":["https:\/\/svilupporaytech.com\/es\/producto\/cables-calefactores\/uso-civil\/anticongelante-para-rampas\/potencia-constante-es\/easy-ramp\/"]}]},{"@type":"ImageObject","inLanguage":"es","@id":"https:\/\/svilupporaytech.com\/es\/producto\/cables-calefactores\/uso-civil\/anticongelante-para-rampas\/potencia-constante-es\/easy-ramp\/#primaryimage","url":"https:\/\/svilupporaytech.com\/wp-content\/uploads\/easy-ramp-1.jpg","contentUrl":"https:\/\/svilupporaytech.com\/wp-content\/uploads\/easy-ramp-1.jpg","width":1024,"height":1024},{"@type":"BreadcrumbList","@id":"https:\/\/svilupporaytech.com\/es\/producto\/cables-calefactores\/uso-civil\/anticongelante-para-rampas\/potencia-constante-es\/easy-ramp\/#breadcrumb","itemListElement":[{"@type":"ListItem","position":1,"name":"Home","item":"https:\/\/svilupporaytech.com\/es\/"},{"@type":"ListItem","position":2,"name":"Tienda","item":"https:\/\/svilupporaytech.com\/es\/tienda\/"},{"@type":"ListItem","position":3,"name":"Potencia constante alfombrilla de calefacci\u00f3n"}]},{"@type":"WebSite","@id":"https:\/\/svilupporaytech.com\/#website","url":"https:\/\/svilupporaytech.com\/","name":"Raytech","description":"Cable accessories company","potentialAction":[{"@type":"SearchAction","target":{"@type":"EntryPoint","urlTemplate":"https:\/\/svilupporaytech.com\/?s={search_term_string}"},"query-input":"required name=search_term_string"}],"inLanguage":"es"}]}},"_links":{"self":[{"href":"https:\/\/svilupporaytech.com\/es\/wp-json\/wp\/v2\/product\/6462"}],"collection":[{"href":"https:\/\/svilupporaytech.com\/es\/wp-json\/wp\/v2\/product"}],"about":[{"href":"https:\/\/svilupporaytech.com\/es\/wp-json\/wp\/v2\/types\/product"}],"wp:featuredmedia":[{"embeddable":true,"href":"https:\/\/svilupporaytech.com\/es\/wp-json\/wp\/v2\/media\/4464"}],"wp:attachment":[{"href":"https:\/\/svilupporaytech.com\/es\/wp-json\/wp\/v2\/media?parent=6462"}],"wp:term":[{"taxonomy":"product_cat","embeddable":true,"href":"https:\/\/svilupporaytech.com\/es\/wp-json\/wp\/v2\/product_cat?post=6462"},{"taxonomy":"product_tag","embeddable":true,"href":"https:\/\/svilupporaytech.com\/es\/wp-json\/wp\/v2\/product_tag?post=6462"}],"curies":[{"name":"wp","href":"https:\/\/api.w.org\/{rel}","templated":true}]}}