{"id":6465,"date":"2015-07-16T14:18:54","date_gmt":"2015-12-17T16:35:31","guid":{"rendered":"https:\/\/svilupporaytech.com\/?post_type=product&#038;p=6465&#038;lang=es"},"modified":"2019-07-31T15:19:21","modified_gmt":"2019-07-31T15:19:21","slug":"easy-frost","status":"publish","type":"product","link":"https:\/\/svilupporaytech.com\/es\/producto\/cables-calefactores\/uso-civil\/anticongelante-para-canalones\/potencia-constante\/easy-frost\/","title":{"rendered":"Easy Frost"},"content":{"rendered":"<h4><span style=\"color: #e3001a;\">Easy Frost<br \/>\nCable calefactor de potencia constante paratejados, canalones y bajantes<\/span><\/h4>\n<p>Raytech Easy Frost es un cable de potencia constante de 20 W\/m estudiado espec\u00edficamente para proteger tejados, canalones y bajantes de los da\u00f1os posibles causados por la acumulaci\u00f3n de nieve y por la formaci\u00f3n de hielo. Easy Frost se entrega ya terminado, listo para la instalaci\u00f3n, con 4 metros de cable fr\u00edo (3&#215;1,0 mm\u00b2 o 3&#215;1,5 mm\u00b2) para la conexi\u00f3n a la alimentaci\u00f3n.<\/p>\n","protected":false},"excerpt":{"rendered":"<p>Easy Frost Cable calefactor de potencia constante paratejados, canalones y bajantes Raytech Easy Frost es un cable de potencia constante de 20 W\/m estudiado espec\u00edficamente para proteger tejados, canalones y<span class=\"excerpt-hellip\"> [\u2026]<\/span><\/p>\n","protected":false},"featured_media":4416,"template":"","meta":[],"product_cat":[264,269,270,414],"product_tag":[],"yoast_head":"<!-- This site is optimized with the Yoast SEO plugin v22.7 - https:\/\/yoast.com\/wordpress\/plugins\/seo\/ -->\n<title>Easy Frost | Raytech<\/title>\n<meta name=\"robots\" content=\"index, follow, max-snippet:-1, max-image-preview:large, max-video-preview:-1\" \/>\n<link rel=\"canonical\" href=\"https:\/\/svilupporaytech.com\/es\/producto\/cables-calefactores\/uso-civil\/anticongelante-para-canalones\/potencia-constante\/easy-frost\/\" \/>\n<meta property=\"og:locale\" content=\"es_ES\" \/>\n<meta property=\"og:type\" content=\"article\" \/>\n<meta property=\"og:title\" content=\"Easy Frost | Raytech\" \/>\n<meta property=\"og:description\" content=\"Easy Frost Cable calefactor de potencia constante paratejados, canalones y bajantes Raytech Easy Frost es un cable de potencia constante de 20 W\/m estudiado espec\u00edficamente para proteger tejados, canalones y [\u2026]\" \/>\n<meta property=\"og:url\" content=\"https:\/\/svilupporaytech.com\/es\/producto\/cables-calefactores\/uso-civil\/anticongelante-para-canalones\/potencia-constante\/easy-frost\/\" \/>\n<meta property=\"og:site_name\" content=\"Raytech\" \/>\n<meta property=\"article:modified_time\" content=\"2019-07-31T15:19:21+00:00\" \/>\n<meta property=\"og:image\" content=\"https:\/\/svilupporaytech.com\/wp-content\/uploads\/easy-frost-1.jpg\" \/>\n\t<meta property=\"og:image:width\" content=\"1024\" \/>\n\t<meta property=\"og:image:height\" content=\"1024\" \/>\n\t<meta property=\"og:image:type\" content=\"image\/jpeg\" \/>\n<meta name=\"twitter:card\" content=\"summary_large_image\" \/>\n<script type=\"application\/ld+json\" class=\"yoast-schema-graph\">{\"@context\":\"https:\/\/schema.org\",\"@graph\":[{\"@type\":\"WebPage\",\"@id\":\"https:\/\/svilupporaytech.com\/es\/producto\/cables-calefactores\/uso-civil\/anticongelante-para-canalones\/potencia-constante\/easy-frost\/\",\"url\":\"https:\/\/svilupporaytech.com\/es\/producto\/cables-calefactores\/uso-civil\/anticongelante-para-canalones\/potencia-constante\/easy-frost\/\",\"name\":\"Easy Frost | Raytech\",\"isPartOf\":{\"@id\":\"https:\/\/svilupporaytech.com\/#website\"},\"primaryImageOfPage\":{\"@id\":\"https:\/\/svilupporaytech.com\/es\/producto\/cables-calefactores\/uso-civil\/anticongelante-para-canalones\/potencia-constante\/easy-frost\/#primaryimage\"},\"image\":{\"@id\":\"https:\/\/svilupporaytech.com\/es\/producto\/cables-calefactores\/uso-civil\/anticongelante-para-canalones\/potencia-constante\/easy-frost\/#primaryimage\"},\"thumbnailUrl\":\"https:\/\/svilupporaytech.com\/wp-content\/uploads\/easy-frost-1.jpg\",\"datePublished\":\"2015-12-17T16:35:31+00:00\",\"dateModified\":\"2019-07-31T15:19:21+00:00\",\"breadcrumb\":{\"@id\":\"https:\/\/svilupporaytech.com\/es\/producto\/cables-calefactores\/uso-civil\/anticongelante-para-canalones\/potencia-constante\/easy-frost\/#breadcrumb\"},\"inLanguage\":\"es\",\"potentialAction\":[{\"@type\":\"ReadAction\",\"target\":[\"https:\/\/svilupporaytech.com\/es\/producto\/cables-calefactores\/uso-civil\/anticongelante-para-canalones\/potencia-constante\/easy-frost\/\"]}]},{\"@type\":\"ImageObject\",\"inLanguage\":\"es\",\"@id\":\"https:\/\/svilupporaytech.com\/es\/producto\/cables-calefactores\/uso-civil\/anticongelante-para-canalones\/potencia-constante\/easy-frost\/#primaryimage\",\"url\":\"https:\/\/svilupporaytech.com\/wp-content\/uploads\/easy-frost-1.jpg\",\"contentUrl\":\"https:\/\/svilupporaytech.com\/wp-content\/uploads\/easy-frost-1.jpg\",\"width\":1024,\"height\":1024},{\"@type\":\"BreadcrumbList\",\"@id\":\"https:\/\/svilupporaytech.com\/es\/producto\/cables-calefactores\/uso-civil\/anticongelante-para-canalones\/potencia-constante\/easy-frost\/#breadcrumb\",\"itemListElement\":[{\"@type\":\"ListItem\",\"position\":1,\"name\":\"Home\",\"item\":\"https:\/\/svilupporaytech.com\/es\/\"},{\"@type\":\"ListItem\",\"position\":2,\"name\":\"Tienda\",\"item\":\"https:\/\/svilupporaytech.com\/es\/tienda\/\"},{\"@type\":\"ListItem\",\"position\":3,\"name\":\"Easy Frost\"}]},{\"@type\":\"WebSite\",\"@id\":\"https:\/\/svilupporaytech.com\/#website\",\"url\":\"https:\/\/svilupporaytech.com\/\",\"name\":\"Raytech\",\"description\":\"Cable accessories company\",\"potentialAction\":[{\"@type\":\"SearchAction\",\"target\":{\"@type\":\"EntryPoint\",\"urlTemplate\":\"https:\/\/svilupporaytech.com\/?s={search_term_string}\"},\"query-input\":\"required name=search_term_string\"}],\"inLanguage\":\"es\"}]}<\/script>\n<!-- \/ Yoast SEO plugin. -->","yoast_head_json":{"title":"Easy Frost | Raytech","robots":{"index":"index","follow":"follow","max-snippet":"max-snippet:-1","max-image-preview":"max-image-preview:large","max-video-preview":"max-video-preview:-1"},"canonical":"https:\/\/svilupporaytech.com\/es\/producto\/cables-calefactores\/uso-civil\/anticongelante-para-canalones\/potencia-constante\/easy-frost\/","og_locale":"es_ES","og_type":"article","og_title":"Easy Frost | Raytech","og_description":"Easy Frost Cable calefactor de potencia constante paratejados, canalones y bajantes Raytech Easy Frost es un cable de potencia constante de 20 W\/m estudiado espec\u00edficamente para proteger tejados, canalones y [\u2026]","og_url":"https:\/\/svilupporaytech.com\/es\/producto\/cables-calefactores\/uso-civil\/anticongelante-para-canalones\/potencia-constante\/easy-frost\/","og_site_name":"Raytech","article_modified_time":"2019-07-31T15:19:21+00:00","og_image":[{"width":1024,"height":1024,"url":"https:\/\/svilupporaytech.com\/wp-content\/uploads\/easy-frost-1.jpg","type":"image\/jpeg"}],"twitter_card":"summary_large_image","schema":{"@context":"https:\/\/schema.org","@graph":[{"@type":"WebPage","@id":"https:\/\/svilupporaytech.com\/es\/producto\/cables-calefactores\/uso-civil\/anticongelante-para-canalones\/potencia-constante\/easy-frost\/","url":"https:\/\/svilupporaytech.com\/es\/producto\/cables-calefactores\/uso-civil\/anticongelante-para-canalones\/potencia-constante\/easy-frost\/","name":"Easy Frost | Raytech","isPartOf":{"@id":"https:\/\/svilupporaytech.com\/#website"},"primaryImageOfPage":{"@id":"https:\/\/svilupporaytech.com\/es\/producto\/cables-calefactores\/uso-civil\/anticongelante-para-canalones\/potencia-constante\/easy-frost\/#primaryimage"},"image":{"@id":"https:\/\/svilupporaytech.com\/es\/producto\/cables-calefactores\/uso-civil\/anticongelante-para-canalones\/potencia-constante\/easy-frost\/#primaryimage"},"thumbnailUrl":"https:\/\/svilupporaytech.com\/wp-content\/uploads\/easy-frost-1.jpg","datePublished":"2015-12-17T16:35:31+00:00","dateModified":"2019-07-31T15:19:21+00:00","breadcrumb":{"@id":"https:\/\/svilupporaytech.com\/es\/producto\/cables-calefactores\/uso-civil\/anticongelante-para-canalones\/potencia-constante\/easy-frost\/#breadcrumb"},"inLanguage":"es","potentialAction":[{"@type":"ReadAction","target":["https:\/\/svilupporaytech.com\/es\/producto\/cables-calefactores\/uso-civil\/anticongelante-para-canalones\/potencia-constante\/easy-frost\/"]}]},{"@type":"ImageObject","inLanguage":"es","@id":"https:\/\/svilupporaytech.com\/es\/producto\/cables-calefactores\/uso-civil\/anticongelante-para-canalones\/potencia-constante\/easy-frost\/#primaryimage","url":"https:\/\/svilupporaytech.com\/wp-content\/uploads\/easy-frost-1.jpg","contentUrl":"https:\/\/svilupporaytech.com\/wp-content\/uploads\/easy-frost-1.jpg","width":1024,"height":1024},{"@type":"BreadcrumbList","@id":"https:\/\/svilupporaytech.com\/es\/producto\/cables-calefactores\/uso-civil\/anticongelante-para-canalones\/potencia-constante\/easy-frost\/#breadcrumb","itemListElement":[{"@type":"ListItem","position":1,"name":"Home","item":"https:\/\/svilupporaytech.com\/es\/"},{"@type":"ListItem","position":2,"name":"Tienda","item":"https:\/\/svilupporaytech.com\/es\/tienda\/"},{"@type":"ListItem","position":3,"name":"Easy Frost"}]},{"@type":"WebSite","@id":"https:\/\/svilupporaytech.com\/#website","url":"https:\/\/svilupporaytech.com\/","name":"Raytech","description":"Cable accessories company","potentialAction":[{"@type":"SearchAction","target":{"@type":"EntryPoint","urlTemplate":"https:\/\/svilupporaytech.com\/?s={search_term_string}"},"query-input":"required name=search_term_string"}],"inLanguage":"es"}]}},"_links":{"self":[{"href":"https:\/\/svilupporaytech.com\/es\/wp-json\/wp\/v2\/product\/6465"}],"collection":[{"href":"https:\/\/svilupporaytech.com\/es\/wp-json\/wp\/v2\/product"}],"about":[{"href":"https:\/\/svilupporaytech.com\/es\/wp-json\/wp\/v2\/types\/product"}],"wp:featuredmedia":[{"embeddable":true,"href":"https:\/\/svilupporaytech.com\/es\/wp-json\/wp\/v2\/media\/4416"}],"wp:attachment":[{"href":"https:\/\/svilupporaytech.com\/es\/wp-json\/wp\/v2\/media?parent=6465"}],"wp:term":[{"taxonomy":"product_cat","embeddable":true,"href":"https:\/\/svilupporaytech.com\/es\/wp-json\/wp\/v2\/product_cat?post=6465"},{"taxonomy":"product_tag","embeddable":true,"href":"https:\/\/svilupporaytech.com\/es\/wp-json\/wp\/v2\/product_tag?post=6465"}],"curies":[{"name":"wp","href":"https:\/\/api.w.org\/{rel}","templated":true}]}}