{"id":6483,"date":"2015-07-16T14:52:53","date_gmt":"2015-12-18T09:19:39","guid":{"rendered":"https:\/\/svilupporaytech.com\/?post_type=product&#038;p=6483&#038;lang=es"},"modified":"2015-12-30T13:46:03","modified_gmt":"2015-12-30T13:46:03","slug":"mca-ea","status":"publish","type":"product","link":"https:\/\/svilupporaytech.com\/es\/producto\/cables-calefactores\/accesorios\/mca-ea\/","title":{"rendered":"Etiqueta de se\u00f1alizaci\u00f3n"},"content":{"rendered":"<h4><span style=\"color: #e3001a;\">MCA-EA<br \/>\nEtiqueta de se\u00f1alizaci\u00f3n<\/span><\/h4>\n<p>A poner como advertencia en correspondencia de productos con trazado el\u00e9ctrico.<\/p>\n","protected":false},"excerpt":{"rendered":"<p>MCA-EA Etiqueta de se\u00f1alizaci\u00f3n A poner como advertencia en correspondencia de productos con trazado el\u00e9ctrico.<\/p>\n","protected":false},"featured_media":2525,"template":"","meta":[],"product_cat":[264,385],"product_tag":[],"yoast_head":"<!-- This site is optimized with the Yoast SEO plugin v22.7 - https:\/\/yoast.com\/wordpress\/plugins\/seo\/ -->\n<title>Etiqueta de se\u00f1alizaci\u00f3n | Raytech<\/title>\n<meta name=\"robots\" content=\"index, follow, max-snippet:-1, max-image-preview:large, max-video-preview:-1\" \/>\n<link rel=\"canonical\" href=\"https:\/\/svilupporaytech.com\/es\/producto\/cables-calefactores\/accesorios\/mca-ea\/\" \/>\n<meta property=\"og:locale\" content=\"es_ES\" \/>\n<meta property=\"og:type\" content=\"article\" \/>\n<meta property=\"og:title\" content=\"Etiqueta de se\u00f1alizaci\u00f3n | Raytech\" \/>\n<meta property=\"og:description\" content=\"MCA-EA Etiqueta de se\u00f1alizaci\u00f3n A poner como advertencia en correspondencia de productos con trazado el\u00e9ctrico.\" \/>\n<meta property=\"og:url\" content=\"https:\/\/svilupporaytech.com\/es\/producto\/cables-calefactores\/accesorios\/mca-ea\/\" \/>\n<meta property=\"og:site_name\" content=\"Raytech\" \/>\n<meta property=\"article:modified_time\" content=\"2015-12-30T13:46:03+00:00\" \/>\n<meta property=\"og:image\" content=\"https:\/\/svilupporaytech.com\/wp-content\/uploads\/MCA-EA1.jpg\" \/>\n\t<meta property=\"og:image:width\" content=\"1024\" \/>\n\t<meta property=\"og:image:height\" content=\"1024\" \/>\n\t<meta property=\"og:image:type\" content=\"image\/jpeg\" \/>\n<meta name=\"twitter:card\" content=\"summary_large_image\" \/>\n<script type=\"application\/ld+json\" class=\"yoast-schema-graph\">{\"@context\":\"https:\/\/schema.org\",\"@graph\":[{\"@type\":\"WebPage\",\"@id\":\"https:\/\/svilupporaytech.com\/es\/producto\/cables-calefactores\/accesorios\/mca-ea\/\",\"url\":\"https:\/\/svilupporaytech.com\/es\/producto\/cables-calefactores\/accesorios\/mca-ea\/\",\"name\":\"Etiqueta de se\u00f1alizaci\u00f3n | Raytech\",\"isPartOf\":{\"@id\":\"https:\/\/svilupporaytech.com\/#website\"},\"primaryImageOfPage\":{\"@id\":\"https:\/\/svilupporaytech.com\/es\/producto\/cables-calefactores\/accesorios\/mca-ea\/#primaryimage\"},\"image\":{\"@id\":\"https:\/\/svilupporaytech.com\/es\/producto\/cables-calefactores\/accesorios\/mca-ea\/#primaryimage\"},\"thumbnailUrl\":\"https:\/\/svilupporaytech.com\/wp-content\/uploads\/MCA-EA1.jpg\",\"datePublished\":\"2015-12-18T09:19:39+00:00\",\"dateModified\":\"2015-12-30T13:46:03+00:00\",\"breadcrumb\":{\"@id\":\"https:\/\/svilupporaytech.com\/es\/producto\/cables-calefactores\/accesorios\/mca-ea\/#breadcrumb\"},\"inLanguage\":\"es\",\"potentialAction\":[{\"@type\":\"ReadAction\",\"target\":[\"https:\/\/svilupporaytech.com\/es\/producto\/cables-calefactores\/accesorios\/mca-ea\/\"]}]},{\"@type\":\"ImageObject\",\"inLanguage\":\"es\",\"@id\":\"https:\/\/svilupporaytech.com\/es\/producto\/cables-calefactores\/accesorios\/mca-ea\/#primaryimage\",\"url\":\"https:\/\/svilupporaytech.com\/wp-content\/uploads\/MCA-EA1.jpg\",\"contentUrl\":\"https:\/\/svilupporaytech.com\/wp-content\/uploads\/MCA-EA1.jpg\",\"width\":1024,\"height\":1024},{\"@type\":\"BreadcrumbList\",\"@id\":\"https:\/\/svilupporaytech.com\/es\/producto\/cables-calefactores\/accesorios\/mca-ea\/#breadcrumb\",\"itemListElement\":[{\"@type\":\"ListItem\",\"position\":1,\"name\":\"Home\",\"item\":\"https:\/\/svilupporaytech.com\/es\/\"},{\"@type\":\"ListItem\",\"position\":2,\"name\":\"Tienda\",\"item\":\"https:\/\/svilupporaytech.com\/es\/tienda\/\"},{\"@type\":\"ListItem\",\"position\":3,\"name\":\"Etiqueta de se\u00f1alizaci\u00f3n\"}]},{\"@type\":\"WebSite\",\"@id\":\"https:\/\/svilupporaytech.com\/#website\",\"url\":\"https:\/\/svilupporaytech.com\/\",\"name\":\"Raytech\",\"description\":\"Cable accessories company\",\"potentialAction\":[{\"@type\":\"SearchAction\",\"target\":{\"@type\":\"EntryPoint\",\"urlTemplate\":\"https:\/\/svilupporaytech.com\/?s={search_term_string}\"},\"query-input\":\"required name=search_term_string\"}],\"inLanguage\":\"es\"}]}<\/script>\n<!-- \/ Yoast SEO plugin. -->","yoast_head_json":{"title":"Etiqueta de se\u00f1alizaci\u00f3n | Raytech","robots":{"index":"index","follow":"follow","max-snippet":"max-snippet:-1","max-image-preview":"max-image-preview:large","max-video-preview":"max-video-preview:-1"},"canonical":"https:\/\/svilupporaytech.com\/es\/producto\/cables-calefactores\/accesorios\/mca-ea\/","og_locale":"es_ES","og_type":"article","og_title":"Etiqueta de se\u00f1alizaci\u00f3n | Raytech","og_description":"MCA-EA Etiqueta de se\u00f1alizaci\u00f3n A poner como advertencia en correspondencia de productos con trazado el\u00e9ctrico.","og_url":"https:\/\/svilupporaytech.com\/es\/producto\/cables-calefactores\/accesorios\/mca-ea\/","og_site_name":"Raytech","article_modified_time":"2015-12-30T13:46:03+00:00","og_image":[{"width":1024,"height":1024,"url":"https:\/\/svilupporaytech.com\/wp-content\/uploads\/MCA-EA1.jpg","type":"image\/jpeg"}],"twitter_card":"summary_large_image","schema":{"@context":"https:\/\/schema.org","@graph":[{"@type":"WebPage","@id":"https:\/\/svilupporaytech.com\/es\/producto\/cables-calefactores\/accesorios\/mca-ea\/","url":"https:\/\/svilupporaytech.com\/es\/producto\/cables-calefactores\/accesorios\/mca-ea\/","name":"Etiqueta de se\u00f1alizaci\u00f3n | Raytech","isPartOf":{"@id":"https:\/\/svilupporaytech.com\/#website"},"primaryImageOfPage":{"@id":"https:\/\/svilupporaytech.com\/es\/producto\/cables-calefactores\/accesorios\/mca-ea\/#primaryimage"},"image":{"@id":"https:\/\/svilupporaytech.com\/es\/producto\/cables-calefactores\/accesorios\/mca-ea\/#primaryimage"},"thumbnailUrl":"https:\/\/svilupporaytech.com\/wp-content\/uploads\/MCA-EA1.jpg","datePublished":"2015-12-18T09:19:39+00:00","dateModified":"2015-12-30T13:46:03+00:00","breadcrumb":{"@id":"https:\/\/svilupporaytech.com\/es\/producto\/cables-calefactores\/accesorios\/mca-ea\/#breadcrumb"},"inLanguage":"es","potentialAction":[{"@type":"ReadAction","target":["https:\/\/svilupporaytech.com\/es\/producto\/cables-calefactores\/accesorios\/mca-ea\/"]}]},{"@type":"ImageObject","inLanguage":"es","@id":"https:\/\/svilupporaytech.com\/es\/producto\/cables-calefactores\/accesorios\/mca-ea\/#primaryimage","url":"https:\/\/svilupporaytech.com\/wp-content\/uploads\/MCA-EA1.jpg","contentUrl":"https:\/\/svilupporaytech.com\/wp-content\/uploads\/MCA-EA1.jpg","width":1024,"height":1024},{"@type":"BreadcrumbList","@id":"https:\/\/svilupporaytech.com\/es\/producto\/cables-calefactores\/accesorios\/mca-ea\/#breadcrumb","itemListElement":[{"@type":"ListItem","position":1,"name":"Home","item":"https:\/\/svilupporaytech.com\/es\/"},{"@type":"ListItem","position":2,"name":"Tienda","item":"https:\/\/svilupporaytech.com\/es\/tienda\/"},{"@type":"ListItem","position":3,"name":"Etiqueta de se\u00f1alizaci\u00f3n"}]},{"@type":"WebSite","@id":"https:\/\/svilupporaytech.com\/#website","url":"https:\/\/svilupporaytech.com\/","name":"Raytech","description":"Cable accessories company","potentialAction":[{"@type":"SearchAction","target":{"@type":"EntryPoint","urlTemplate":"https:\/\/svilupporaytech.com\/?s={search_term_string}"},"query-input":"required name=search_term_string"}],"inLanguage":"es"}]}},"_links":{"self":[{"href":"https:\/\/svilupporaytech.com\/es\/wp-json\/wp\/v2\/product\/6483"}],"collection":[{"href":"https:\/\/svilupporaytech.com\/es\/wp-json\/wp\/v2\/product"}],"about":[{"href":"https:\/\/svilupporaytech.com\/es\/wp-json\/wp\/v2\/types\/product"}],"wp:featuredmedia":[{"embeddable":true,"href":"https:\/\/svilupporaytech.com\/es\/wp-json\/wp\/v2\/media\/2525"}],"wp:attachment":[{"href":"https:\/\/svilupporaytech.com\/es\/wp-json\/wp\/v2\/media?parent=6483"}],"wp:term":[{"taxonomy":"product_cat","embeddable":true,"href":"https:\/\/svilupporaytech.com\/es\/wp-json\/wp\/v2\/product_cat?post=6483"},{"taxonomy":"product_tag","embeddable":true,"href":"https:\/\/svilupporaytech.com\/es\/wp-json\/wp\/v2\/product_tag?post=6483"}],"curies":[{"name":"wp","href":"https:\/\/api.w.org\/{rel}","templated":true}]}}