{"id":6490,"date":"2015-07-16T15:06:30","date_gmt":"2015-12-18T09:48:27","guid":{"rendered":"https:\/\/svilupporaytech.com\/?post_type=product&#038;p=6490&#038;lang=es"},"modified":"2019-08-01T13:19:19","modified_gmt":"2019-08-01T13:19:19","slug":"raytech-intelligent-display","status":"publish","type":"product","link":"https:\/\/svilupporaytech.com\/es\/producto\/cables-calefactores\/confort-es\/para-pavimento\/raytech-intelligent-display\/","title":{"rendered":"Raytech Intelligent Display"},"content":{"rendered":"<h4><span style=\"color: #e3001a;\">Cronotermostato inteligente para el ambiente<\/span><\/h4>\n<p>El crono termostato ambiente con microprocesador RID (Raytech Intelligent Display) es simple de utilizar gracias a la gu\u00eda de programaci\u00f3n paso a paso. La pantalla legible suministra despu\u00e9s de 10 segundos la explicaci\u00f3n completa de los par\u00e1metros configurados. Est\u00e1 compuesto por la funci\u00f3n parquet que limita la temperatura a 28\u00b0C para pavimentos de madera.<br \/>\nEl RID controla de modo aut\u00f3nomo todas las funciones ambientales, tanto que puede hacer superflua cualquier tipo de intervenci\u00f3n. Con la programaci\u00f3n semanal es capaz de mantener controladas, adem\u00e1s de la temperatura configurada que se desea mantener, el tipo y el espesor del pavimento, de las temperaturas limite que no pueden superarse, de las modalidades de incremento de la temperatura, etc.<br \/>\nDotado de funciones anti congelante cuando la casa est\u00e1 deshabitada, con bloqueo en caso de intervenciones intempestivas (por ejemplo de los ni\u00f1os), comunica a trav\u00e9s de alarmas las posibles anomal\u00edas de funcionamiento.<\/p>\n","protected":false},"excerpt":{"rendered":"<p>Cronotermostato inteligente para el ambiente El crono termostato ambiente con microprocesador RID (Raytech Intelligent Display) es simple de utilizar gracias a la gu\u00eda de programaci\u00f3n paso a paso. La pantalla<span class=\"excerpt-hellip\"> [\u2026]<\/span><\/p>\n","protected":false},"featured_media":1916,"template":"","meta":[],"product_cat":[264,265,266],"product_tag":[],"yoast_head":"<!-- This site is optimized with the Yoast SEO plugin v22.7 - https:\/\/yoast.com\/wordpress\/plugins\/seo\/ -->\n<title>Raytech Intelligent Display | Raytech<\/title>\n<meta name=\"robots\" content=\"index, follow, max-snippet:-1, max-image-preview:large, max-video-preview:-1\" \/>\n<link rel=\"canonical\" href=\"https:\/\/svilupporaytech.com\/es\/producto\/cables-calefactores\/confort-es\/para-pavimento\/raytech-intelligent-display\/\" \/>\n<meta property=\"og:locale\" content=\"es_ES\" \/>\n<meta property=\"og:type\" content=\"article\" \/>\n<meta property=\"og:title\" content=\"Raytech Intelligent Display | Raytech\" \/>\n<meta property=\"og:description\" content=\"Cronotermostato inteligente para el ambiente El crono termostato ambiente con microprocesador RID (Raytech Intelligent Display) es simple de utilizar gracias a la gu\u00eda de programaci\u00f3n paso a paso. La pantalla [\u2026]\" \/>\n<meta property=\"og:url\" content=\"https:\/\/svilupporaytech.com\/es\/producto\/cables-calefactores\/confort-es\/para-pavimento\/raytech-intelligent-display\/\" \/>\n<meta property=\"og:site_name\" content=\"Raytech\" \/>\n<meta property=\"article:modified_time\" content=\"2019-08-01T13:19:19+00:00\" \/>\n<meta property=\"og:image\" content=\"https:\/\/svilupporaytech.com\/wp-content\/uploads\/raytech-intelligent-display.jpg\" \/>\n\t<meta property=\"og:image:width\" content=\"500\" \/>\n\t<meta property=\"og:image:height\" content=\"500\" \/>\n\t<meta property=\"og:image:type\" content=\"image\/jpeg\" \/>\n<meta name=\"twitter:card\" content=\"summary_large_image\" \/>\n<meta name=\"twitter:label1\" content=\"Tiempo de lectura\" \/>\n\t<meta name=\"twitter:data1\" content=\"1 minuto\" \/>\n<script type=\"application\/ld+json\" class=\"yoast-schema-graph\">{\"@context\":\"https:\/\/schema.org\",\"@graph\":[{\"@type\":\"WebPage\",\"@id\":\"https:\/\/svilupporaytech.com\/es\/producto\/cables-calefactores\/confort-es\/para-pavimento\/raytech-intelligent-display\/\",\"url\":\"https:\/\/svilupporaytech.com\/es\/producto\/cables-calefactores\/confort-es\/para-pavimento\/raytech-intelligent-display\/\",\"name\":\"Raytech Intelligent Display | Raytech\",\"isPartOf\":{\"@id\":\"https:\/\/svilupporaytech.com\/#website\"},\"primaryImageOfPage\":{\"@id\":\"https:\/\/svilupporaytech.com\/es\/producto\/cables-calefactores\/confort-es\/para-pavimento\/raytech-intelligent-display\/#primaryimage\"},\"image\":{\"@id\":\"https:\/\/svilupporaytech.com\/es\/producto\/cables-calefactores\/confort-es\/para-pavimento\/raytech-intelligent-display\/#primaryimage\"},\"thumbnailUrl\":\"https:\/\/svilupporaytech.com\/wp-content\/uploads\/raytech-intelligent-display.jpg\",\"datePublished\":\"2015-12-18T09:48:27+00:00\",\"dateModified\":\"2019-08-01T13:19:19+00:00\",\"breadcrumb\":{\"@id\":\"https:\/\/svilupporaytech.com\/es\/producto\/cables-calefactores\/confort-es\/para-pavimento\/raytech-intelligent-display\/#breadcrumb\"},\"inLanguage\":\"es\",\"potentialAction\":[{\"@type\":\"ReadAction\",\"target\":[\"https:\/\/svilupporaytech.com\/es\/producto\/cables-calefactores\/confort-es\/para-pavimento\/raytech-intelligent-display\/\"]}]},{\"@type\":\"ImageObject\",\"inLanguage\":\"es\",\"@id\":\"https:\/\/svilupporaytech.com\/es\/producto\/cables-calefactores\/confort-es\/para-pavimento\/raytech-intelligent-display\/#primaryimage\",\"url\":\"https:\/\/svilupporaytech.com\/wp-content\/uploads\/raytech-intelligent-display.jpg\",\"contentUrl\":\"https:\/\/svilupporaytech.com\/wp-content\/uploads\/raytech-intelligent-display.jpg\",\"width\":500,\"height\":500},{\"@type\":\"BreadcrumbList\",\"@id\":\"https:\/\/svilupporaytech.com\/es\/producto\/cables-calefactores\/confort-es\/para-pavimento\/raytech-intelligent-display\/#breadcrumb\",\"itemListElement\":[{\"@type\":\"ListItem\",\"position\":1,\"name\":\"Home\",\"item\":\"https:\/\/svilupporaytech.com\/es\/\"},{\"@type\":\"ListItem\",\"position\":2,\"name\":\"Tienda\",\"item\":\"https:\/\/svilupporaytech.com\/es\/tienda\/\"},{\"@type\":\"ListItem\",\"position\":3,\"name\":\"Raytech Intelligent Display\"}]},{\"@type\":\"WebSite\",\"@id\":\"https:\/\/svilupporaytech.com\/#website\",\"url\":\"https:\/\/svilupporaytech.com\/\",\"name\":\"Raytech\",\"description\":\"Cable accessories company\",\"potentialAction\":[{\"@type\":\"SearchAction\",\"target\":{\"@type\":\"EntryPoint\",\"urlTemplate\":\"https:\/\/svilupporaytech.com\/?s={search_term_string}\"},\"query-input\":\"required name=search_term_string\"}],\"inLanguage\":\"es\"}]}<\/script>\n<!-- \/ Yoast SEO plugin. -->","yoast_head_json":{"title":"Raytech Intelligent Display | Raytech","robots":{"index":"index","follow":"follow","max-snippet":"max-snippet:-1","max-image-preview":"max-image-preview:large","max-video-preview":"max-video-preview:-1"},"canonical":"https:\/\/svilupporaytech.com\/es\/producto\/cables-calefactores\/confort-es\/para-pavimento\/raytech-intelligent-display\/","og_locale":"es_ES","og_type":"article","og_title":"Raytech Intelligent Display | Raytech","og_description":"Cronotermostato inteligente para el ambiente El crono termostato ambiente con microprocesador RID (Raytech Intelligent Display) es simple de utilizar gracias a la gu\u00eda de programaci\u00f3n paso a paso. La pantalla [\u2026]","og_url":"https:\/\/svilupporaytech.com\/es\/producto\/cables-calefactores\/confort-es\/para-pavimento\/raytech-intelligent-display\/","og_site_name":"Raytech","article_modified_time":"2019-08-01T13:19:19+00:00","og_image":[{"width":500,"height":500,"url":"https:\/\/svilupporaytech.com\/wp-content\/uploads\/raytech-intelligent-display.jpg","type":"image\/jpeg"}],"twitter_card":"summary_large_image","twitter_misc":{"Tiempo de lectura":"1 minuto"},"schema":{"@context":"https:\/\/schema.org","@graph":[{"@type":"WebPage","@id":"https:\/\/svilupporaytech.com\/es\/producto\/cables-calefactores\/confort-es\/para-pavimento\/raytech-intelligent-display\/","url":"https:\/\/svilupporaytech.com\/es\/producto\/cables-calefactores\/confort-es\/para-pavimento\/raytech-intelligent-display\/","name":"Raytech Intelligent Display | Raytech","isPartOf":{"@id":"https:\/\/svilupporaytech.com\/#website"},"primaryImageOfPage":{"@id":"https:\/\/svilupporaytech.com\/es\/producto\/cables-calefactores\/confort-es\/para-pavimento\/raytech-intelligent-display\/#primaryimage"},"image":{"@id":"https:\/\/svilupporaytech.com\/es\/producto\/cables-calefactores\/confort-es\/para-pavimento\/raytech-intelligent-display\/#primaryimage"},"thumbnailUrl":"https:\/\/svilupporaytech.com\/wp-content\/uploads\/raytech-intelligent-display.jpg","datePublished":"2015-12-18T09:48:27+00:00","dateModified":"2019-08-01T13:19:19+00:00","breadcrumb":{"@id":"https:\/\/svilupporaytech.com\/es\/producto\/cables-calefactores\/confort-es\/para-pavimento\/raytech-intelligent-display\/#breadcrumb"},"inLanguage":"es","potentialAction":[{"@type":"ReadAction","target":["https:\/\/svilupporaytech.com\/es\/producto\/cables-calefactores\/confort-es\/para-pavimento\/raytech-intelligent-display\/"]}]},{"@type":"ImageObject","inLanguage":"es","@id":"https:\/\/svilupporaytech.com\/es\/producto\/cables-calefactores\/confort-es\/para-pavimento\/raytech-intelligent-display\/#primaryimage","url":"https:\/\/svilupporaytech.com\/wp-content\/uploads\/raytech-intelligent-display.jpg","contentUrl":"https:\/\/svilupporaytech.com\/wp-content\/uploads\/raytech-intelligent-display.jpg","width":500,"height":500},{"@type":"BreadcrumbList","@id":"https:\/\/svilupporaytech.com\/es\/producto\/cables-calefactores\/confort-es\/para-pavimento\/raytech-intelligent-display\/#breadcrumb","itemListElement":[{"@type":"ListItem","position":1,"name":"Home","item":"https:\/\/svilupporaytech.com\/es\/"},{"@type":"ListItem","position":2,"name":"Tienda","item":"https:\/\/svilupporaytech.com\/es\/tienda\/"},{"@type":"ListItem","position":3,"name":"Raytech Intelligent Display"}]},{"@type":"WebSite","@id":"https:\/\/svilupporaytech.com\/#website","url":"https:\/\/svilupporaytech.com\/","name":"Raytech","description":"Cable accessories company","potentialAction":[{"@type":"SearchAction","target":{"@type":"EntryPoint","urlTemplate":"https:\/\/svilupporaytech.com\/?s={search_term_string}"},"query-input":"required name=search_term_string"}],"inLanguage":"es"}]}},"_links":{"self":[{"href":"https:\/\/svilupporaytech.com\/es\/wp-json\/wp\/v2\/product\/6490"}],"collection":[{"href":"https:\/\/svilupporaytech.com\/es\/wp-json\/wp\/v2\/product"}],"about":[{"href":"https:\/\/svilupporaytech.com\/es\/wp-json\/wp\/v2\/types\/product"}],"wp:featuredmedia":[{"embeddable":true,"href":"https:\/\/svilupporaytech.com\/es\/wp-json\/wp\/v2\/media\/1916"}],"wp:attachment":[{"href":"https:\/\/svilupporaytech.com\/es\/wp-json\/wp\/v2\/media?parent=6490"}],"wp:term":[{"taxonomy":"product_cat","embeddable":true,"href":"https:\/\/svilupporaytech.com\/es\/wp-json\/wp\/v2\/product_cat?post=6490"},{"taxonomy":"product_tag","embeddable":true,"href":"https:\/\/svilupporaytech.com\/es\/wp-json\/wp\/v2\/product_tag?post=6490"}],"curies":[{"name":"wp","href":"https:\/\/api.w.org\/{rel}","templated":true}]}}