{"id":17863,"date":"2019-08-22T13:04:26","date_gmt":"2019-08-22T13:04:26","guid":{"rendered":"https:\/\/svilupporaytech.com\/?page_id=17863"},"modified":"2019-08-22T13:43:03","modified_gmt":"2019-08-22T13:43:03","slug":"laboratoire-haute-tension","status":"publish","type":"page","link":"https:\/\/svilupporaytech.com\/fr\/qui-sommes-nous\/laboratoire-haute-tension\/","title":{"rendered":"Laboratoire haute tension"},"content":{"rendered":"<div class=\"wpb-content-wrapper\"><p>[vc_row css=\u00a0\u00bb.vc_custom_1564757943622{margin-bottom: 20px !important;}\u00a0\u00bb][vc_column][vc_custom_heading text=\u00a0\u00bbLaboratoire haute tension\u00a0\u00bb font_container=\u00a0\u00bbtag:h1|font_size:32px|text_align:left|color:%23e30613|line_height:38px\u00a0\u00bb use_theme_fonts=\u00a0\u00bbyes\u00a0\u00bb css=\u00a0\u00bb.vc_custom_1566481260943{margin-bottom: 30px !important;}\u00a0\u00bb][vc_row_inner][vc_column_inner width=\u00a0\u00bb1\/4&Prime;][vc_single_image image=\u00a0\u00bb954&Prime; img_size=\u00a0\u00bbmedium\u00a0\u00bb add_caption=\u00a0\u00bbyes\u00a0\u00bb alignment=\u00a0\u00bbcenter\u00a0\u00bb][vc_single_image image=\u00a0\u00bb946&Prime; img_size=\u00a0\u00bbmedium\u00a0\u00bb add_caption=\u00a0\u00bbyes\u00a0\u00bb alignment=\u00a0\u00bbcenter\u00a0\u00bb css=\u00a0\u00bb.vc_custom_1564760615914{margin-top: 30px !important;}\u00a0\u00bb][\/vc_column_inner][vc_column_inner width=\u00a0\u00bb3\/4&Prime;][vc_column_text]<\/p>\n<div class=\"wpb_text_column wpb_content_element \">\n<div class=\"wpb_wrapper\">\n<p>Equip\u00e9 pour tous les types d\u2019essai, en courant alternatif ou en courant continue, aux ondes de choque, aux cycles de charge avec le c\u00e2ble en tension en air et dans l\u2019eau, pour la mesure de la r\u00e9sistance d\u2019isolation, des d\u00e9charges partielles, pour v\u00e9rifier le comportement des mat\u00e9riaux isolants au tra\u00e7age \u00e9lectrique, pour les essais en chambre humide et en brouillard salin<\/p>\n<\/div>\n<\/div>\n<ul class=\"square\">\n<li class=\"\">G\u00e9n\u00e9rateur en courant continue de 120 kV<\/li>\n<li class=\"\">Transformateur pour essais \u00e0 fr\u00e9quence industriel de 100 kV, exempte da d\u00e9charges partielles<\/li>\n<li class=\"\">Transformateur pour essais de longue dur\u00e9e de 45 kV, 20 kVA<\/li>\n<li class=\"\">Transformateurs de mesure<\/li>\n<li class=\"\">G\u00e9n\u00e9rateur pour essais aux ondes de choque jusqu\u2019\u00e0 600 kV<\/li>\n<li class=\"\">Dispositif pour essais aux cycles de charge, chauffage par induction, avec bassin pour essais submerg\u00e9s<\/li>\n<li class=\"\">Dispositifs pour la mesure de niveau des d\u00e9charges partielles, m\u00e9thode direct et \u00e0 pont<\/li>\n<li class=\"\">Dispositif pour l\u2019\u00e9valuation de la r\u00e9sistance au tracage \u00e9lectrique des mat\u00e9riaux isolants selon la norme IEC (CEI) 60587<\/li>\n<li class=\"\">Chambre pour les essais en atmosph\u00e8re humide et en brouillard salin<\/li>\n<li class=\"\">Enregistreurs millivoltm\u00e9triques et de temp\u00e9rature<\/li>\n<\/ul>\n<p>[\/vc_column_text][vc_btn title=\u00a0\u00bbT\u00e9l\u00e9charger le certificat IMQ\u00a0\u00bb style=\u00a0\u00bbcustom\u00a0\u00bb custom_background=\u00a0\u00bb#e30613&Prime; custom_text=\u00a0\u00bb#ffffff\u00a0\u00bb shape=\u00a0\u00bbsquare\u00a0\u00bb i_align=\u00a0\u00bbright\u00a0\u00bb i_icon_fontawesome=\u00a0\u00bbfa fa-file-pdf-o\u00a0\u00bb add_icon=\u00a0\u00bbtrue\u00a0\u00bb link=\u00a0\u00bburl:https%3A%2F%2Fwww.raytech.it%2Fwp-content%2Fuploads%2FIMQ-340_CTF2_2018-07-24.pdf||target:%20_blank|\u00a0\u00bb css=\u00a0\u00bb.vc_custom_1566481297131{margin-top: 40px !important;}\u00a0\u00bb][\/vc_column_inner][\/vc_row_inner][\/vc_column][\/vc_row]<\/p>\n<\/div>","protected":false},"excerpt":{"rendered":"<p>[vc_row css=\u00a0\u00bb.vc_custom_1564757943622{margin-bottom: 20px !important;}\u00a0\u00bb][vc_column][vc_custom_heading text=\u00a0\u00bbLaboratoire haute tension\u00a0\u00bb font_container=\u00a0\u00bbtag:h1|font_size:32px|text_align:left|color:%23e30613|line_height:38px\u00a0\u00bb use_theme_fonts=\u00a0\u00bbyes\u00a0\u00bb css=\u00a0\u00bb.vc_custom_1566481260943{margin-bottom: 30px !important;}\u00a0\u00bb][vc_row_inner][vc_column_inner width=\u00a0\u00bb1\/4&Prime;][vc_single_image image=\u00a0\u00bb954&Prime; img_size=\u00a0\u00bbmedium\u00a0\u00bb add_caption=\u00a0\u00bbyes\u00a0\u00bb alignment=\u00a0\u00bbcenter\u00a0\u00bb][vc_single_image image=\u00a0\u00bb946&Prime; img_size=\u00a0\u00bbmedium\u00a0\u00bb add_caption=\u00a0\u00bbyes\u00a0\u00bb alignment=\u00a0\u00bbcenter\u00a0\u00bb css=\u00a0\u00bb.vc_custom_1564760615914{margin-top: 30px !important;}\u00a0\u00bb][\/vc_column_inner][vc_column_inner width=\u00a0\u00bb3\/4&Prime;][vc_column_text] Equip\u00e9 pour tous les types<span class=\"excerpt-hellip\"> [\u2026]<\/span><\/p>\n","protected":false},"author":1,"featured_media":0,"parent":7088,"menu_order":1,"comment_status":"closed","ping_status":"closed","template":"","meta":{"footnotes":""},"yoast_head":"<!-- This site is optimized with the Yoast SEO plugin v22.7 - https:\/\/yoast.com\/wordpress\/plugins\/seo\/ -->\n<title>Laboratoire haute tension | Raytech<\/title>\n<meta name=\"robots\" content=\"index, follow, max-snippet:-1, max-image-preview:large, max-video-preview:-1\" \/>\n<link rel=\"canonical\" href=\"https:\/\/svilupporaytech.com\/fr\/qui-sommes-nous\/laboratoire-haute-tension\/\" \/>\n<meta property=\"og:locale\" content=\"fr_FR\" \/>\n<meta property=\"og:type\" content=\"article\" \/>\n<meta property=\"og:title\" content=\"Laboratoire haute tension | Raytech\" \/>\n<meta property=\"og:description\" content=\"[vc_row css=\u00a0\u00bb.vc_custom_1564757943622{margin-bottom: 20px !important;}\u00a0\u00bb][vc_column][vc_custom_heading text=\u00a0\u00bbLaboratoire haute tension\u00a0\u00bb font_container=\u00a0\u00bbtag:h1|font_size:32px|text_align:left|color:%23e30613|line_height:38px\u00a0\u00bb use_theme_fonts=\u00a0\u00bbyes\u00a0\u00bb css=\u00a0\u00bb.vc_custom_1566481260943{margin-bottom: 30px !important;}\u00a0\u00bb][vc_row_inner][vc_column_inner width=\u00a0\u00bb1\/4&Prime;][vc_single_image image=\u00a0\u00bb954&Prime; img_size=\u00a0\u00bbmedium\u00a0\u00bb add_caption=\u00a0\u00bbyes\u00a0\u00bb alignment=\u00a0\u00bbcenter\u00a0\u00bb][vc_single_image image=\u00a0\u00bb946&Prime; img_size=\u00a0\u00bbmedium\u00a0\u00bb add_caption=\u00a0\u00bbyes\u00a0\u00bb alignment=\u00a0\u00bbcenter\u00a0\u00bb css=\u00a0\u00bb.vc_custom_1564760615914{margin-top: 30px !important;}\u00a0\u00bb][\/vc_column_inner][vc_column_inner width=\u00a0\u00bb3\/4&Prime;][vc_column_text] Equip\u00e9 pour tous les types [\u2026]\" \/>\n<meta property=\"og:url\" content=\"https:\/\/svilupporaytech.com\/fr\/qui-sommes-nous\/laboratoire-haute-tension\/\" \/>\n<meta property=\"og:site_name\" content=\"Raytech\" \/>\n<meta property=\"article:modified_time\" content=\"2019-08-22T13:43:03+00:00\" \/>\n<meta property=\"og:image\" content=\"https:\/\/svilupporaytech.com\/wp-content\/uploads\/logo_raytech.png\" \/>\n\t<meta property=\"og:image:width\" content=\"188\" \/>\n\t<meta property=\"og:image:height\" content=\"101\" \/>\n\t<meta property=\"og:image:type\" content=\"image\/png\" \/>\n<meta name=\"twitter:card\" content=\"summary_large_image\" \/>\n<meta name=\"twitter:label1\" content=\"Dur\u00e9e de lecture estim\u00e9e\" \/>\n\t<meta name=\"twitter:data1\" content=\"2 minutes\" \/>\n<script type=\"application\/ld+json\" class=\"yoast-schema-graph\">{\"@context\":\"https:\/\/schema.org\",\"@graph\":[{\"@type\":\"WebPage\",\"@id\":\"https:\/\/svilupporaytech.com\/fr\/qui-sommes-nous\/laboratoire-haute-tension\/\",\"url\":\"https:\/\/svilupporaytech.com\/fr\/qui-sommes-nous\/laboratoire-haute-tension\/\",\"name\":\"Laboratoire haute tension | Raytech\",\"isPartOf\":{\"@id\":\"https:\/\/svilupporaytech.com\/#website\"},\"datePublished\":\"2019-08-22T13:04:26+00:00\",\"dateModified\":\"2019-08-22T13:43:03+00:00\",\"breadcrumb\":{\"@id\":\"https:\/\/svilupporaytech.com\/fr\/qui-sommes-nous\/laboratoire-haute-tension\/#breadcrumb\"},\"inLanguage\":\"fr-FR\",\"potentialAction\":[{\"@type\":\"ReadAction\",\"target\":[\"https:\/\/svilupporaytech.com\/fr\/qui-sommes-nous\/laboratoire-haute-tension\/\"]}]},{\"@type\":\"BreadcrumbList\",\"@id\":\"https:\/\/svilupporaytech.com\/fr\/qui-sommes-nous\/laboratoire-haute-tension\/#breadcrumb\",\"itemListElement\":[{\"@type\":\"ListItem\",\"position\":1,\"name\":\"Home\",\"item\":\"https:\/\/svilupporaytech.com\/fr\/\"},{\"@type\":\"ListItem\",\"position\":2,\"name\":\"Qui sommes-nous\",\"item\":\"https:\/\/svilupporaytech.com\/fr\/qui-sommes-nous\/\"},{\"@type\":\"ListItem\",\"position\":3,\"name\":\"Laboratoire haute tension\"}]},{\"@type\":\"WebSite\",\"@id\":\"https:\/\/svilupporaytech.com\/#website\",\"url\":\"https:\/\/svilupporaytech.com\/\",\"name\":\"Raytech\",\"description\":\"Cable accessories company\",\"potentialAction\":[{\"@type\":\"SearchAction\",\"target\":{\"@type\":\"EntryPoint\",\"urlTemplate\":\"https:\/\/svilupporaytech.com\/?s={search_term_string}\"},\"query-input\":\"required name=search_term_string\"}],\"inLanguage\":\"fr-FR\"}]}<\/script>\n<!-- \/ Yoast SEO plugin. -->","yoast_head_json":{"title":"Laboratoire haute tension | Raytech","robots":{"index":"index","follow":"follow","max-snippet":"max-snippet:-1","max-image-preview":"max-image-preview:large","max-video-preview":"max-video-preview:-1"},"canonical":"https:\/\/svilupporaytech.com\/fr\/qui-sommes-nous\/laboratoire-haute-tension\/","og_locale":"fr_FR","og_type":"article","og_title":"Laboratoire haute tension | Raytech","og_description":"[vc_row css=\u00a0\u00bb.vc_custom_1564757943622{margin-bottom: 20px !important;}\u00a0\u00bb][vc_column][vc_custom_heading text=\u00a0\u00bbLaboratoire haute tension\u00a0\u00bb font_container=\u00a0\u00bbtag:h1|font_size:32px|text_align:left|color:%23e30613|line_height:38px\u00a0\u00bb use_theme_fonts=\u00a0\u00bbyes\u00a0\u00bb css=\u00a0\u00bb.vc_custom_1566481260943{margin-bottom: 30px !important;}\u00a0\u00bb][vc_row_inner][vc_column_inner width=\u00a0\u00bb1\/4&Prime;][vc_single_image image=\u00a0\u00bb954&Prime; img_size=\u00a0\u00bbmedium\u00a0\u00bb add_caption=\u00a0\u00bbyes\u00a0\u00bb alignment=\u00a0\u00bbcenter\u00a0\u00bb][vc_single_image image=\u00a0\u00bb946&Prime; img_size=\u00a0\u00bbmedium\u00a0\u00bb add_caption=\u00a0\u00bbyes\u00a0\u00bb alignment=\u00a0\u00bbcenter\u00a0\u00bb css=\u00a0\u00bb.vc_custom_1564760615914{margin-top: 30px !important;}\u00a0\u00bb][\/vc_column_inner][vc_column_inner width=\u00a0\u00bb3\/4&Prime;][vc_column_text] Equip\u00e9 pour tous les types [\u2026]","og_url":"https:\/\/svilupporaytech.com\/fr\/qui-sommes-nous\/laboratoire-haute-tension\/","og_site_name":"Raytech","article_modified_time":"2019-08-22T13:43:03+00:00","og_image":[{"width":188,"height":101,"url":"https:\/\/svilupporaytech.com\/wp-content\/uploads\/logo_raytech.png","type":"image\/png"}],"twitter_card":"summary_large_image","twitter_misc":{"Dur\u00e9e de lecture estim\u00e9e":"2 minutes"},"schema":{"@context":"https:\/\/schema.org","@graph":[{"@type":"WebPage","@id":"https:\/\/svilupporaytech.com\/fr\/qui-sommes-nous\/laboratoire-haute-tension\/","url":"https:\/\/svilupporaytech.com\/fr\/qui-sommes-nous\/laboratoire-haute-tension\/","name":"Laboratoire haute tension | Raytech","isPartOf":{"@id":"https:\/\/svilupporaytech.com\/#website"},"datePublished":"2019-08-22T13:04:26+00:00","dateModified":"2019-08-22T13:43:03+00:00","breadcrumb":{"@id":"https:\/\/svilupporaytech.com\/fr\/qui-sommes-nous\/laboratoire-haute-tension\/#breadcrumb"},"inLanguage":"fr-FR","potentialAction":[{"@type":"ReadAction","target":["https:\/\/svilupporaytech.com\/fr\/qui-sommes-nous\/laboratoire-haute-tension\/"]}]},{"@type":"BreadcrumbList","@id":"https:\/\/svilupporaytech.com\/fr\/qui-sommes-nous\/laboratoire-haute-tension\/#breadcrumb","itemListElement":[{"@type":"ListItem","position":1,"name":"Home","item":"https:\/\/svilupporaytech.com\/fr\/"},{"@type":"ListItem","position":2,"name":"Qui sommes-nous","item":"https:\/\/svilupporaytech.com\/fr\/qui-sommes-nous\/"},{"@type":"ListItem","position":3,"name":"Laboratoire haute tension"}]},{"@type":"WebSite","@id":"https:\/\/svilupporaytech.com\/#website","url":"https:\/\/svilupporaytech.com\/","name":"Raytech","description":"Cable accessories company","potentialAction":[{"@type":"SearchAction","target":{"@type":"EntryPoint","urlTemplate":"https:\/\/svilupporaytech.com\/?s={search_term_string}"},"query-input":"required name=search_term_string"}],"inLanguage":"fr-FR"}]}},"_links":{"self":[{"href":"https:\/\/svilupporaytech.com\/fr\/wp-json\/wp\/v2\/pages\/17863"}],"collection":[{"href":"https:\/\/svilupporaytech.com\/fr\/wp-json\/wp\/v2\/pages"}],"about":[{"href":"https:\/\/svilupporaytech.com\/fr\/wp-json\/wp\/v2\/types\/page"}],"author":[{"embeddable":true,"href":"https:\/\/svilupporaytech.com\/fr\/wp-json\/wp\/v2\/users\/1"}],"replies":[{"embeddable":true,"href":"https:\/\/svilupporaytech.com\/fr\/wp-json\/wp\/v2\/comments?post=17863"}],"version-history":[{"count":0,"href":"https:\/\/svilupporaytech.com\/fr\/wp-json\/wp\/v2\/pages\/17863\/revisions"}],"up":[{"embeddable":true,"href":"https:\/\/svilupporaytech.com\/fr\/wp-json\/wp\/v2\/pages\/7088"}],"wp:attachment":[{"href":"https:\/\/svilupporaytech.com\/fr\/wp-json\/wp\/v2\/media?parent=17863"}],"curies":[{"name":"wp","href":"https:\/\/api.w.org\/{rel}","templated":true}]}}