{"id":7089,"date":"2015-09-17T08:41:32","date_gmt":"2015-09-17T08:41:32","guid":{"rendered":"https:\/\/svilupporaytech.com\/?page_id=7089&#038;lang=fr"},"modified":"2023-12-13T13:25:00","modified_gmt":"2023-12-13T12:25:00","slug":"notre-entreprise","status":"publish","type":"page","link":"https:\/\/svilupporaytech.com\/fr\/qui-sommes-nous\/notre-entreprise\/","title":{"rendered":"Notre entreprise"},"content":{"rendered":"<div class=\"wpb-content-wrapper\"><p>[vc_row css=\u00a0\u00bb.vc_custom_1564757943622{margin-bottom: 20px !important;}\u00a0\u00bb][vc_column][vc_custom_heading text=\u00a0\u00bb25 ans de recherche et d\u00e9veloppement\u00a0\u00bb font_container=\u00a0\u00bbtag:h1|font_size:32px|text_align:left|color:%23e30613|line_height:38px\u00a0\u00bb use_theme_fonts=\u00a0\u00bbyes\u00a0\u00bb css=\u00a0\u00bb.vc_custom_1566815516840{margin-bottom: 30px !important;}\u00a0\u00bb][vc_row_inner][vc_column_inner width=\u00a0\u00bb1\/4&Prime;][vc_single_image image=\u00a0\u00bb34714&Prime; img_size=\u00a0\u00bbfull\u00a0\u00bb add_caption=\u00a0\u00bbyes\u00a0\u00bb alignment=\u00a0\u00bbcenter\u00a0\u00bb][vc_btn title=\u00a0\u00bbT\u00e9l\u00e9charger la certification\u00a0\u00bb style=\u00a0\u00bbcustom\u00a0\u00bb custom_background=\u00a0\u00bb#e30613&Prime; custom_text=\u00a0\u00bb#ffffff\u00a0\u00bb shape=\u00a0\u00bbsquare\u00a0\u00bb align=\u00a0\u00bbcenter\u00a0\u00bb i_align=\u00a0\u00bbright\u00a0\u00bb i_icon_fontawesome=\u00a0\u00bbfa fa-file-pdf-o\u00a0\u00bb add_icon=\u00a0\u00bbtrue\u00a0\u00bb link=\u00a0\u00bburl:https%3A%2F%2Fwww.raytech.it%2Fwp-content%2Fuploads%2Fraytech-srl-ecovadis-rating-certificate-2023-12-13-eng.pdf||target:%20_blank|\u00a0\u00bb css=\u00a0\u00bb.vc_custom_1702470269033{margin-top: 30px !important;margin-bottom: 60px !important;}\u00a0\u00bb][vc_single_image image=\u00a0\u00bb18685&Prime; img_size=\u00a0\u00bbfull\u00a0\u00bb add_caption=\u00a0\u00bbyes\u00a0\u00bb alignment=\u00a0\u00bbcenter\u00a0\u00bb css=\u00a0\u00bb.vc_custom_1702470107563{margin-top: 60px !important;}\u00a0\u00bb][\/vc_column_inner][vc_column_inner width=\u00a0\u00bb3\/4&Prime;][vc_column_text]Situ\u00e9e \u00e0 proximit\u00e9 de Milan, la zone \u00e9conomique et financi\u00e8re la plus importante d\u2019Italie,\u00a0<strong><span style=\"color: #ff0000;\"><em>Raytech<\/em><\/span>\u00a0<\/strong>est au niveau productif\u00a0<strong>la soci\u00e9t\u00e9 proposant la plus vaste gamme au monde d\u2019accessoires et composants pour c\u00e2bles \u00e9lectriques.<\/strong><\/p>\n<p>La passion et l\u2019innovation ont permis \u00e0 Raytech d\u2019\u00e9voluer et de s\u2019adapter aux exigences et aux normes d\u2019un march\u00e9 national et international constamment en expansion et de relever le d\u00e9fi de satisfaire et surprendre l\u2019utilisateur final avec des produits nouveaux ou meilleurs de ceux d\u00e9j\u00e0 existants, dans des temps extr\u00eamement rapides, sans pour autant ne jamais \u00e9conomiser sur <strong>un syst\u00e8me de qualit\u00e9 scrupuleux qui nous caract\u00e9rise depuis toujours dans le cadre productif.<\/strong><\/p>\n<p>Les performances techniques des produits Raytech sont test\u00e9es et certifi\u00e9es \u00e0 l\u2019int\u00e9rieur de notre laboratoire afin de garantir une fiabilit\u00e9 maximale aux installateurs les plus exigeants, qui peuvent trouver nos produits dans <strong>36 pays \u00e0 travers le monde<\/strong>, gr\u00e2ce \u00e0 un r\u00e9seau de distribution consolid\u00e9 et hautement qualifi\u00e9.<\/p>\n<p>Dans un march\u00e9 de plus en plus rapide et comp\u00e9titif, Raytech est reconnue comme pr\u00e9curseur <strong>des meilleures et des plus inventives technologies<\/strong>, pour son int\u00e9grit\u00e9 et la passion qui repr\u00e9sentent les piliers de ses vingt ans d\u2019activit\u00e9.[\/vc_column_text][vc_column_text css=\u00a0\u00bb.vc_custom_1566479714169{margin-top: 50px !important;}\u00a0\u00bb]La\u00a0<strong>qualit\u00e9\u00a0<\/strong>de l\u2019entreprise et des produits\u00a0<strong>Raytech<\/strong>\u00a0est soutenue par les organismes de certification suivants[\/vc_column_text][vc_separator css=\u00a0\u00bb.vc_custom_1564757906154{margin-top: 20px !important;margin-bottom: 20px !important;}\u00a0\u00bb][vc_column_text el_class=\u00a0\u00bblogo_gallery\u00a0\u00bb css=\u00a0\u00bb.vc_custom_1697719225213{margin-top: 20px !important;}\u00a0\u00bb]<div class=\"column one-fourth\"><img loading=\"lazy\" decoding=\"async\" class=\"alignleft size-full wp-image-18728\" src=\"https:\/\/svilupporaytech.com\/wp-content\/uploads\/imq-retina.jpg\" alt=\"Certification IMQ\" width=\"150\" height=\"150\" srcset=\"https:\/\/svilupporaytech.com\/wp-content\/uploads\/imq-retina.jpg 300w, https:\/\/svilupporaytech.com\/wp-content\/uploads\/imq-retina-150x150.jpg 150w, https:\/\/svilupporaytech.com\/wp-content\/uploads\/imq-retina-146x146.jpg 146w, https:\/\/svilupporaytech.com\/wp-content\/uploads\/imq-retina-50x50.jpg 50w, https:\/\/svilupporaytech.com\/wp-content\/uploads\/imq-retina-75x75.jpg 75w, https:\/\/svilupporaytech.com\/wp-content\/uploads\/imq-retina-85x85.jpg 85w, https:\/\/svilupporaytech.com\/wp-content\/uploads\/imq-retina-80x80.jpg 80w\" sizes=\"(max-width: 150px) 100vw, 150px\" \/><\/div>\n<div class=\"column one-fourth\"><img loading=\"lazy\" decoding=\"async\" class=\"alignleft size-full wp-image-23001\" src=\"https:\/\/svilupporaytech.com\/wp-content\/uploads\/csq-iso45001.jpg\" alt=\"Certification CSQ ISO 45001\" width=\"150\" height=\"150\" srcset=\"https:\/\/svilupporaytech.com\/wp-content\/uploads\/csq-iso45001.jpg 150w, https:\/\/svilupporaytech.com\/wp-content\/uploads\/csq-iso45001-146x146.jpg 146w, https:\/\/svilupporaytech.com\/wp-content\/uploads\/csq-iso45001-50x50.jpg 50w, https:\/\/svilupporaytech.com\/wp-content\/uploads\/csq-iso45001-75x75.jpg 75w, https:\/\/svilupporaytech.com\/wp-content\/uploads\/csq-iso45001-85x85.jpg 85w, https:\/\/svilupporaytech.com\/wp-content\/uploads\/csq-iso45001-80x80.jpg 80w\" sizes=\"(max-width: 150px) 100vw, 150px\" \/><\/div>\n<div class=\"column one-fourth\"><img loading=\"lazy\" decoding=\"async\" class=\"alignleft size-full wp-image-23008\" src=\"https:\/\/svilupporaytech.com\/wp-content\/uploads\/logo-iqnet.jpg\" alt=\"Certification IQNet\" width=\"150\" height=\"150\" srcset=\"https:\/\/svilupporaytech.com\/wp-content\/uploads\/logo-iqnet.jpg 150w, https:\/\/svilupporaytech.com\/wp-content\/uploads\/logo-iqnet-146x146.jpg 146w, https:\/\/svilupporaytech.com\/wp-content\/uploads\/logo-iqnet-50x50.jpg 50w, https:\/\/svilupporaytech.com\/wp-content\/uploads\/logo-iqnet-75x75.jpg 75w, https:\/\/svilupporaytech.com\/wp-content\/uploads\/logo-iqnet-85x85.jpg 85w, https:\/\/svilupporaytech.com\/wp-content\/uploads\/logo-iqnet-80x80.jpg 80w\" sizes=\"(max-width: 150px) 100vw, 150px\" \/><\/div>\n<div class=\"column one-fourth\"><img loading=\"lazy\" decoding=\"async\" class=\"alignleft size-full wp-image-22994\" src=\"https:\/\/svilupporaytech.com\/wp-content\/uploads\/csq-iso9001.jpg\" alt=\"Certification CSQ ISO 9001\" width=\"150\" height=\"150\" srcset=\"https:\/\/svilupporaytech.com\/wp-content\/uploads\/csq-iso9001.jpg 150w, https:\/\/svilupporaytech.com\/wp-content\/uploads\/csq-iso9001-146x146.jpg 146w, https:\/\/svilupporaytech.com\/wp-content\/uploads\/csq-iso9001-50x50.jpg 50w, https:\/\/svilupporaytech.com\/wp-content\/uploads\/csq-iso9001-75x75.jpg 75w, https:\/\/svilupporaytech.com\/wp-content\/uploads\/csq-iso9001-85x85.jpg 85w, https:\/\/svilupporaytech.com\/wp-content\/uploads\/csq-iso9001-80x80.jpg 80w\" sizes=\"(max-width: 150px) 100vw, 150px\" \/><\/div>\n<div class=\"column one-fourth\"><img loading=\"lazy\" decoding=\"async\" class=\"alignleft size-full wp-image-18742\" src=\"https:\/\/svilupporaytech.com\/wp-content\/uploads\/rse-retina.jpg\" alt=\"Certification RSE\" width=\"150\" height=\"150\" srcset=\"https:\/\/svilupporaytech.com\/wp-content\/uploads\/rse-retina.jpg 300w, https:\/\/svilupporaytech.com\/wp-content\/uploads\/rse-retina-150x150.jpg 150w, https:\/\/svilupporaytech.com\/wp-content\/uploads\/rse-retina-146x146.jpg 146w, https:\/\/svilupporaytech.com\/wp-content\/uploads\/rse-retina-50x50.jpg 50w, https:\/\/svilupporaytech.com\/wp-content\/uploads\/rse-retina-75x75.jpg 75w, https:\/\/svilupporaytech.com\/wp-content\/uploads\/rse-retina-85x85.jpg 85w, https:\/\/svilupporaytech.com\/wp-content\/uploads\/rse-retina-80x80.jpg 80w\" sizes=\"(max-width: 150px) 100vw, 150px\" \/><\/div>\n<div class=\"column one-fourth\"><img loading=\"lazy\" decoding=\"async\" class=\"alignleft size-full wp-image-18707\" src=\"https:\/\/svilupporaytech.com\/wp-content\/uploads\/bureau-retina.jpg\" alt=\"Certification Bureau Veritas\" width=\"150\" height=\"150\" srcset=\"https:\/\/svilupporaytech.com\/wp-content\/uploads\/bureau-retina.jpg 300w, https:\/\/svilupporaytech.com\/wp-content\/uploads\/bureau-retina-150x150.jpg 150w, https:\/\/svilupporaytech.com\/wp-content\/uploads\/bureau-retina-146x146.jpg 146w, https:\/\/svilupporaytech.com\/wp-content\/uploads\/bureau-retina-50x50.jpg 50w, https:\/\/svilupporaytech.com\/wp-content\/uploads\/bureau-retina-75x75.jpg 75w, https:\/\/svilupporaytech.com\/wp-content\/uploads\/bureau-retina-85x85.jpg 85w, https:\/\/svilupporaytech.com\/wp-content\/uploads\/bureau-retina-80x80.jpg 80w\" sizes=\"(max-width: 150px) 100vw, 150px\" \/><\/div>\n<div class=\"column one-fourth\"><img loading=\"lazy\" decoding=\"async\" class=\"alignleft size-full wp-image-18735\" src=\"https:\/\/svilupporaytech.com\/wp-content\/uploads\/kema-retina.jpg\" alt=\"Certification KEMA\" width=\"150\" height=\"150\" srcset=\"https:\/\/svilupporaytech.com\/wp-content\/uploads\/kema-retina-150x150.jpg 150w, https:\/\/svilupporaytech.com\/wp-content\/uploads\/kema-retina-85x85.jpg 85w, https:\/\/svilupporaytech.com\/wp-content\/uploads\/kema-retina-80x80.jpg 80w, https:\/\/svilupporaytech.com\/wp-content\/uploads\/kema-retina-300x300.jpg 300w\" sizes=\"(max-width: 150px) 100vw, 150px\" \/><\/div>\n<div class=\"column one-fourth\"><img loading=\"lazy\" decoding=\"async\" class=\"alignleft size-full wp-image-18721\" src=\"https:\/\/svilupporaytech.com\/wp-content\/uploads\/dekra-retina.jpg\" alt=\"Certification DEKRA\" width=\"150\" height=\"150\" srcset=\"https:\/\/svilupporaytech.com\/wp-content\/uploads\/dekra-retina-150x150.jpg 150w, https:\/\/svilupporaytech.com\/wp-content\/uploads\/dekra-retina-85x85.jpg 85w, https:\/\/svilupporaytech.com\/wp-content\/uploads\/dekra-retina-80x80.jpg 80w, https:\/\/svilupporaytech.com\/wp-content\/uploads\/dekra-retina-300x300.jpg 300w\" sizes=\"(max-width: 150px) 100vw, 150px\" \/><\/div>\n<div class=\"column one-fourth\"><img loading=\"lazy\" decoding=\"async\" class=\"alignleft size-full wp-image-18721\" src=\"https:\/\/svilupporaytech.com\/wp-content\/uploads\/csq-iso14001-v1.jpg\" alt=\"Certification CSQ ISO 14001\" width=\"150\" height=\"150\" \/><\/div>\n[\/vc_column_text][\/vc_column_inner][\/vc_row_inner][\/vc_column][\/vc_row]<\/p>\n<\/div>","protected":false},"excerpt":{"rendered":"<p>[vc_row css=\u00a0\u00bb.vc_custom_1564757943622{margin-bottom: 20px !important;}\u00a0\u00bb][vc_column][vc_custom_heading text=\u00a0\u00bb25 ans de recherche et d\u00e9veloppement\u00a0\u00bb font_container=\u00a0\u00bbtag:h1|font_size:32px|text_align:left|color:%23e30613|line_height:38px\u00a0\u00bb use_theme_fonts=\u00a0\u00bbyes\u00a0\u00bb css=\u00a0\u00bb.vc_custom_1566815516840{margin-bottom: 30px !important;}\u00a0\u00bb][vc_row_inner][vc_column_inner width=\u00a0\u00bb1\/4&Prime;][vc_single_image image=\u00a0\u00bb34714&Prime; img_size=\u00a0\u00bbfull\u00a0\u00bb add_caption=\u00a0\u00bbyes\u00a0\u00bb alignment=\u00a0\u00bbcenter\u00a0\u00bb][vc_btn title=\u00a0\u00bbT\u00e9l\u00e9charger la certification\u00a0\u00bb style=\u00a0\u00bbcustom\u00a0\u00bb custom_background=\u00a0\u00bb#e30613&Prime; custom_text=\u00a0\u00bb#ffffff\u00a0\u00bb shape=\u00a0\u00bbsquare\u00a0\u00bb align=\u00a0\u00bbcenter\u00a0\u00bb i_align=\u00a0\u00bbright\u00a0\u00bb i_icon_fontawesome=\u00a0\u00bbfa<span class=\"excerpt-hellip\"> [\u2026]<\/span><\/p>\n","protected":false},"author":1,"featured_media":0,"parent":7088,"menu_order":1,"comment_status":"closed","ping_status":"closed","template":"","meta":{"footnotes":""},"yoast_head":"<!-- This site is optimized with the Yoast SEO plugin v22.7 - https:\/\/yoast.com\/wordpress\/plugins\/seo\/ -->\n<title>Notre entreprise | Raytech<\/title>\n<meta name=\"robots\" content=\"index, follow, max-snippet:-1, max-image-preview:large, max-video-preview:-1\" \/>\n<link rel=\"canonical\" href=\"https:\/\/svilupporaytech.com\/fr\/qui-sommes-nous\/notre-entreprise\/\" \/>\n<meta property=\"og:locale\" content=\"fr_FR\" \/>\n<meta property=\"og:type\" content=\"article\" \/>\n<meta property=\"og:title\" content=\"Notre entreprise | Raytech\" \/>\n<meta property=\"og:description\" content=\"[vc_row css=\u00a0\u00bb.vc_custom_1564757943622{margin-bottom: 20px !important;}\u00a0\u00bb][vc_column][vc_custom_heading text=\u00a0\u00bb25 ans de recherche et d\u00e9veloppement\u00a0\u00bb font_container=\u00a0\u00bbtag:h1|font_size:32px|text_align:left|color:%23e30613|line_height:38px\u00a0\u00bb use_theme_fonts=\u00a0\u00bbyes\u00a0\u00bb css=\u00a0\u00bb.vc_custom_1566815516840{margin-bottom: 30px !important;}\u00a0\u00bb][vc_row_inner][vc_column_inner width=\u00a0\u00bb1\/4&Prime;][vc_single_image image=\u00a0\u00bb34714&Prime; img_size=\u00a0\u00bbfull\u00a0\u00bb add_caption=\u00a0\u00bbyes\u00a0\u00bb alignment=\u00a0\u00bbcenter\u00a0\u00bb][vc_btn title=\u00a0\u00bbT\u00e9l\u00e9charger la certification\u00a0\u00bb style=\u00a0\u00bbcustom\u00a0\u00bb custom_background=\u00a0\u00bb#e30613&Prime; custom_text=\u00a0\u00bb#ffffff\u00a0\u00bb shape=\u00a0\u00bbsquare\u00a0\u00bb align=\u00a0\u00bbcenter\u00a0\u00bb i_align=\u00a0\u00bbright\u00a0\u00bb i_icon_fontawesome=\u00a0\u00bbfa [\u2026]\" \/>\n<meta property=\"og:url\" content=\"https:\/\/svilupporaytech.com\/fr\/qui-sommes-nous\/notre-entreprise\/\" \/>\n<meta property=\"og:site_name\" content=\"Raytech\" \/>\n<meta property=\"article:modified_time\" content=\"2023-12-13T12:25:00+00:00\" \/>\n<meta property=\"og:image\" content=\"https:\/\/svilupporaytech.com\/wp-content\/uploads\/imq-retina.jpg\" \/>\n<meta name=\"twitter:card\" content=\"summary_large_image\" \/>\n<meta name=\"twitter:label1\" content=\"Dur\u00e9e de lecture estim\u00e9e\" \/>\n\t<meta name=\"twitter:data1\" content=\"3 minutes\" \/>\n<script type=\"application\/ld+json\" class=\"yoast-schema-graph\">{\"@context\":\"https:\/\/schema.org\",\"@graph\":[{\"@type\":\"WebPage\",\"@id\":\"https:\/\/svilupporaytech.com\/fr\/qui-sommes-nous\/notre-entreprise\/\",\"url\":\"https:\/\/svilupporaytech.com\/fr\/qui-sommes-nous\/notre-entreprise\/\",\"name\":\"Notre entreprise | Raytech\",\"isPartOf\":{\"@id\":\"https:\/\/svilupporaytech.com\/#website\"},\"primaryImageOfPage\":{\"@id\":\"https:\/\/svilupporaytech.com\/fr\/qui-sommes-nous\/notre-entreprise\/#primaryimage\"},\"image\":{\"@id\":\"https:\/\/svilupporaytech.com\/fr\/qui-sommes-nous\/notre-entreprise\/#primaryimage\"},\"thumbnailUrl\":\"https:\/\/svilupporaytech.com\/wp-content\/uploads\/imq-retina.jpg\",\"datePublished\":\"2015-09-17T08:41:32+00:00\",\"dateModified\":\"2023-12-13T12:25:00+00:00\",\"breadcrumb\":{\"@id\":\"https:\/\/svilupporaytech.com\/fr\/qui-sommes-nous\/notre-entreprise\/#breadcrumb\"},\"inLanguage\":\"fr-FR\",\"potentialAction\":[{\"@type\":\"ReadAction\",\"target\":[\"https:\/\/svilupporaytech.com\/fr\/qui-sommes-nous\/notre-entreprise\/\"]}]},{\"@type\":\"ImageObject\",\"inLanguage\":\"fr-FR\",\"@id\":\"https:\/\/svilupporaytech.com\/fr\/qui-sommes-nous\/notre-entreprise\/#primaryimage\",\"url\":\"https:\/\/svilupporaytech.com\/wp-content\/uploads\/imq-retina.jpg\",\"contentUrl\":\"https:\/\/svilupporaytech.com\/wp-content\/uploads\/imq-retina.jpg\"},{\"@type\":\"BreadcrumbList\",\"@id\":\"https:\/\/svilupporaytech.com\/fr\/qui-sommes-nous\/notre-entreprise\/#breadcrumb\",\"itemListElement\":[{\"@type\":\"ListItem\",\"position\":1,\"name\":\"Home\",\"item\":\"https:\/\/svilupporaytech.com\/fr\/\"},{\"@type\":\"ListItem\",\"position\":2,\"name\":\"Qui sommes-nous\",\"item\":\"https:\/\/svilupporaytech.com\/fr\/qui-sommes-nous\/\"},{\"@type\":\"ListItem\",\"position\":3,\"name\":\"Notre entreprise\"}]},{\"@type\":\"WebSite\",\"@id\":\"https:\/\/svilupporaytech.com\/#website\",\"url\":\"https:\/\/svilupporaytech.com\/\",\"name\":\"Raytech\",\"description\":\"Cable accessories company\",\"potentialAction\":[{\"@type\":\"SearchAction\",\"target\":{\"@type\":\"EntryPoint\",\"urlTemplate\":\"https:\/\/svilupporaytech.com\/?s={search_term_string}\"},\"query-input\":\"required name=search_term_string\"}],\"inLanguage\":\"fr-FR\"}]}<\/script>\n<!-- \/ Yoast SEO plugin. -->","yoast_head_json":{"title":"Notre entreprise | Raytech","robots":{"index":"index","follow":"follow","max-snippet":"max-snippet:-1","max-image-preview":"max-image-preview:large","max-video-preview":"max-video-preview:-1"},"canonical":"https:\/\/svilupporaytech.com\/fr\/qui-sommes-nous\/notre-entreprise\/","og_locale":"fr_FR","og_type":"article","og_title":"Notre entreprise | Raytech","og_description":"[vc_row css=\u00a0\u00bb.vc_custom_1564757943622{margin-bottom: 20px !important;}\u00a0\u00bb][vc_column][vc_custom_heading text=\u00a0\u00bb25 ans de recherche et d\u00e9veloppement\u00a0\u00bb font_container=\u00a0\u00bbtag:h1|font_size:32px|text_align:left|color:%23e30613|line_height:38px\u00a0\u00bb use_theme_fonts=\u00a0\u00bbyes\u00a0\u00bb css=\u00a0\u00bb.vc_custom_1566815516840{margin-bottom: 30px !important;}\u00a0\u00bb][vc_row_inner][vc_column_inner width=\u00a0\u00bb1\/4&Prime;][vc_single_image image=\u00a0\u00bb34714&Prime; img_size=\u00a0\u00bbfull\u00a0\u00bb add_caption=\u00a0\u00bbyes\u00a0\u00bb alignment=\u00a0\u00bbcenter\u00a0\u00bb][vc_btn title=\u00a0\u00bbT\u00e9l\u00e9charger la certification\u00a0\u00bb style=\u00a0\u00bbcustom\u00a0\u00bb custom_background=\u00a0\u00bb#e30613&Prime; custom_text=\u00a0\u00bb#ffffff\u00a0\u00bb shape=\u00a0\u00bbsquare\u00a0\u00bb align=\u00a0\u00bbcenter\u00a0\u00bb i_align=\u00a0\u00bbright\u00a0\u00bb i_icon_fontawesome=\u00a0\u00bbfa [\u2026]","og_url":"https:\/\/svilupporaytech.com\/fr\/qui-sommes-nous\/notre-entreprise\/","og_site_name":"Raytech","article_modified_time":"2023-12-13T12:25:00+00:00","og_image":[{"url":"https:\/\/svilupporaytech.com\/wp-content\/uploads\/imq-retina.jpg"}],"twitter_card":"summary_large_image","twitter_misc":{"Dur\u00e9e de lecture estim\u00e9e":"3 minutes"},"schema":{"@context":"https:\/\/schema.org","@graph":[{"@type":"WebPage","@id":"https:\/\/svilupporaytech.com\/fr\/qui-sommes-nous\/notre-entreprise\/","url":"https:\/\/svilupporaytech.com\/fr\/qui-sommes-nous\/notre-entreprise\/","name":"Notre entreprise | Raytech","isPartOf":{"@id":"https:\/\/svilupporaytech.com\/#website"},"primaryImageOfPage":{"@id":"https:\/\/svilupporaytech.com\/fr\/qui-sommes-nous\/notre-entreprise\/#primaryimage"},"image":{"@id":"https:\/\/svilupporaytech.com\/fr\/qui-sommes-nous\/notre-entreprise\/#primaryimage"},"thumbnailUrl":"https:\/\/svilupporaytech.com\/wp-content\/uploads\/imq-retina.jpg","datePublished":"2015-09-17T08:41:32+00:00","dateModified":"2023-12-13T12:25:00+00:00","breadcrumb":{"@id":"https:\/\/svilupporaytech.com\/fr\/qui-sommes-nous\/notre-entreprise\/#breadcrumb"},"inLanguage":"fr-FR","potentialAction":[{"@type":"ReadAction","target":["https:\/\/svilupporaytech.com\/fr\/qui-sommes-nous\/notre-entreprise\/"]}]},{"@type":"ImageObject","inLanguage":"fr-FR","@id":"https:\/\/svilupporaytech.com\/fr\/qui-sommes-nous\/notre-entreprise\/#primaryimage","url":"https:\/\/svilupporaytech.com\/wp-content\/uploads\/imq-retina.jpg","contentUrl":"https:\/\/svilupporaytech.com\/wp-content\/uploads\/imq-retina.jpg"},{"@type":"BreadcrumbList","@id":"https:\/\/svilupporaytech.com\/fr\/qui-sommes-nous\/notre-entreprise\/#breadcrumb","itemListElement":[{"@type":"ListItem","position":1,"name":"Home","item":"https:\/\/svilupporaytech.com\/fr\/"},{"@type":"ListItem","position":2,"name":"Qui sommes-nous","item":"https:\/\/svilupporaytech.com\/fr\/qui-sommes-nous\/"},{"@type":"ListItem","position":3,"name":"Notre entreprise"}]},{"@type":"WebSite","@id":"https:\/\/svilupporaytech.com\/#website","url":"https:\/\/svilupporaytech.com\/","name":"Raytech","description":"Cable accessories company","potentialAction":[{"@type":"SearchAction","target":{"@type":"EntryPoint","urlTemplate":"https:\/\/svilupporaytech.com\/?s={search_term_string}"},"query-input":"required name=search_term_string"}],"inLanguage":"fr-FR"}]}},"_links":{"self":[{"href":"https:\/\/svilupporaytech.com\/fr\/wp-json\/wp\/v2\/pages\/7089"}],"collection":[{"href":"https:\/\/svilupporaytech.com\/fr\/wp-json\/wp\/v2\/pages"}],"about":[{"href":"https:\/\/svilupporaytech.com\/fr\/wp-json\/wp\/v2\/types\/page"}],"author":[{"embeddable":true,"href":"https:\/\/svilupporaytech.com\/fr\/wp-json\/wp\/v2\/users\/1"}],"replies":[{"embeddable":true,"href":"https:\/\/svilupporaytech.com\/fr\/wp-json\/wp\/v2\/comments?post=7089"}],"version-history":[{"count":3,"href":"https:\/\/svilupporaytech.com\/fr\/wp-json\/wp\/v2\/pages\/7089\/revisions"}],"predecessor-version":[{"id":34737,"href":"https:\/\/svilupporaytech.com\/fr\/wp-json\/wp\/v2\/pages\/7089\/revisions\/34737"}],"up":[{"embeddable":true,"href":"https:\/\/svilupporaytech.com\/fr\/wp-json\/wp\/v2\/pages\/7088"}],"wp:attachment":[{"href":"https:\/\/svilupporaytech.com\/fr\/wp-json\/wp\/v2\/media?parent=7089"}],"curies":[{"name":"wp","href":"https:\/\/api.w.org\/{rel}","templated":true}]}}