{"id":7624,"date":"2015-07-14T09:52:39","date_gmt":"2015-07-14T09:52:39","guid":{"rendered":"https:\/\/svilupporaytech.com\/?page_id=7624&#038;lang=fr"},"modified":"2019-12-09T12:00:05","modified_gmt":"2019-12-09T12:00:05","slug":"tracages-en-ligne","status":"publish","type":"page","link":"https:\/\/svilupporaytech.com\/fr\/tracages-en-ligne\/","title":{"rendered":"Tra\u00e7ages en ligne"},"content":{"rendered":"<div class=\"wpb-content-wrapper\"><p>[vc_row css=\u00a0\u00bb.vc_custom_1565167862357{margin-bottom: 30px !important;}\u00a0\u00bb][vc_column][vc_custom_heading text=\u00a0\u00bbTra\u00e7ages en ligne<br \/>\n\u00a0\u00bb font_container=\u00a0\u00bbtag:h1|font_size:32px|text_align:left|color:%23e30613|line_height:38px\u00a0\u00bb use_theme_fonts=\u00a0\u00bbyes\u00a0\u00bb][\/vc_column][\/vc_row][vc_row css=\u00a0\u00bb.vc_custom_1565167873441{margin-bottom: 30px !important;}\u00a0\u00bb][vc_column][vc_column_text]Compilez le formulaire de demande tra\u00e7age qui fait \u00e0 votre cas, envoyez-le \u00e0 Raytech et en bref temps vous recevrez le tra\u00e7age avec le devis<\/p>\n<p>[\/vc_column_text][\/vc_column][\/vc_row][vc_row css=\u00a0\u00bb.vc_custom_1575892498917{margin-top: 0px !important;margin-bottom: 20px !important;}\u00a0\u00bb][vc_column][vc_column_text]Pour typologies de tra\u00e7age diff\u00e9rentes de celles indiqu\u00e9es, <a href=\"https:\/\/svilupporaytech.com\/fr\/contacts\/\">contactez-nous<\/a>.[\/vc_column_text][\/vc_column][\/vc_row][vc_row][vc_column width=\u00a0\u00bb1\/4&Prime;]<div class=\"icon_box icon_position_top no_border\"><a class=\"item-progetti-online\" href=\"\/fr\/tracages-en-ligne\/rampes\"  ><div class=\"image_wrapper\"><img loading=\"lazy\" decoding=\"async\" src=\"https:\/\/svilupporaytech.com\/wp-content\/uploads\/cavi-scaldanti-rampe-1.jpg\" class=\"scale-with-grid\" alt=\"cavi-scaldanti-rampe\" width=\"600\" height=\"600\"\/><\/div><div class=\"desc_wrapper\"><h4 class=\"title\">Rampes<\/h4><\/div><\/a><\/div>\n[\/vc_column][vc_column width=\u00a0\u00bb1\/4&Prime;]<div class=\"icon_box icon_position_top no_border\"><a class=\"item-progetti-online\" href=\"\/fr\/tracages-en-ligne\/passages-pietons\"  ><div class=\"image_wrapper\"><img loading=\"lazy\" decoding=\"async\" src=\"https:\/\/svilupporaytech.com\/wp-content\/uploads\/cavi-scaldanti-passaggi-1.jpg\" class=\"scale-with-grid\" alt=\"cavi-scaldanti-passaggi\" width=\"600\" height=\"600\"\/><\/div><div class=\"desc_wrapper\"><h4 class=\"title\">Passages pi\u00e9tons<\/h4><\/div><\/a><\/div>\n[\/vc_column][vc_column width=\u00a0\u00bb1\/4&Prime;]<div class=\"icon_box icon_position_top no_border\"><a class=\"item-progetti-online\" href=\"\/fr\/tracages-en-ligne\/gouttieres-et-tuyaux-de-descente\"  ><div class=\"image_wrapper\"><img loading=\"lazy\" decoding=\"async\" src=\"https:\/\/svilupporaytech.com\/wp-content\/uploads\/cavi-scaldanti-grondaie-1.jpg\" class=\"scale-with-grid\" alt=\"cavi-scaldanti-grondaie\" width=\"600\" height=\"600\"\/><\/div><div class=\"desc_wrapper\"><h4 class=\"title\">Goutti\u00e8res et tuyaux de descente<\/h4><\/div><\/a><\/div>\n[\/vc_column][vc_column width=\u00a0\u00bb1\/4&Prime;]<div class=\"icon_box icon_position_top no_border\"><a class=\"item-progetti-online\" href=\"\/fr\/tracages-en-ligne\/canalisations\"  ><div class=\"image_wrapper\"><img loading=\"lazy\" decoding=\"async\" src=\"https:\/\/svilupporaytech.com\/wp-content\/uploads\/cavi-scaldanti-tubazioni.jpg\" class=\"scale-with-grid\" alt=\"cavi-scaldanti-tubazioni\" width=\"600\" height=\"600\"\/><\/div><div class=\"desc_wrapper\"><h4 class=\"title\">Canalisations<\/h4><\/div><\/a><\/div>\n[\/vc_column][\/vc_row][vc_row][vc_column width=\u00a0\u00bb1\/4&Prime;]<div class=\"icon_box icon_position_top no_border\"><a class=\"item-progetti-online\" href=\"\/fr\/tracages-en-ligne\/silos-et-reservoirs\"  ><div class=\"image_wrapper\"><img loading=\"lazy\" decoding=\"async\" src=\"https:\/\/svilupporaytech.com\/wp-content\/uploads\/cavi-scaldanti-sili-1.jpg\" class=\"scale-with-grid\" alt=\"cavi-scaldanti-sili\" width=\"600\" height=\"600\"\/><\/div><div class=\"desc_wrapper\"><h4 class=\"title\">Silos et r\u00e9servoirs<\/h4><\/div><\/a><\/div>\n[\/vc_column][vc_column width=\u00a0\u00bb1\/4&Prime;]<div class=\"icon_box icon_position_top no_border\"><a class=\"item-progetti-online\" href=\"\/fr\/tracages-en-ligne\/terrasses\"  ><div class=\"image_wrapper\"><img loading=\"lazy\" decoding=\"async\" src=\"https:\/\/svilupporaytech.com\/wp-content\/uploads\/cavi-scaldanti-terrazzi-1.jpg\" class=\"scale-with-grid\" alt=\"cavi-scaldanti-terrazzi\" width=\"600\" height=\"600\"\/><\/div><div class=\"desc_wrapper\"><h4 class=\"title\">Terrasses<\/h4><\/div><\/a><\/div>\n[\/vc_column][vc_column width=\u00a0\u00bb1\/4&Prime;]<div class=\"icon_box icon_position_top no_border\"><a class=\"item-progetti-online\" href=\"\/fr\/tracages-en-ligne\/gradins\"  ><div class=\"image_wrapper\"><img loading=\"lazy\" decoding=\"async\" src=\"https:\/\/svilupporaytech.com\/wp-content\/uploads\/cavi-scaldanti-gradini-1.jpg\" class=\"scale-with-grid\" alt=\"cavi-scaldanti-gradini\" width=\"600\" height=\"600\"\/><\/div><div class=\"desc_wrapper\"><h4 class=\"title\">Gradins<\/h4><\/div><\/a><\/div>\n[\/vc_column][vc_column width=\u00a0\u00bb1\/4&Prime;]<div class=\"icon_box icon_position_top no_border\"><a class=\"item-progetti-online\" href=\"\/fr\/tracages-en-ligne\/sols-interieurs\"  ><div class=\"image_wrapper\"><img loading=\"lazy\" decoding=\"async\" src=\"https:\/\/svilupporaytech.com\/wp-content\/uploads\/cavi-scaldanti-pavimenti-1.jpg\" class=\"scale-with-grid\" alt=\"cavi-scaldanti-pavimenti\" width=\"600\" height=\"600\"\/><\/div><div class=\"desc_wrapper\"><h4 class=\"title\">Sols int\u00e9rieurs<\/h4><\/div><\/a><\/div>\n[\/vc_column][\/vc_row]<\/p>\n<\/div>","protected":false},"excerpt":{"rendered":"<p>[vc_row css=\u00a0\u00bb.vc_custom_1565167862357{margin-bottom: 30px !important;}\u00a0\u00bb][vc_column][vc_custom_heading text=\u00a0\u00bbTra\u00e7ages en ligne \u00a0\u00bb font_container=\u00a0\u00bbtag:h1|font_size:32px|text_align:left|color:%23e30613|line_height:38px\u00a0\u00bb use_theme_fonts=\u00a0\u00bbyes\u00a0\u00bb][\/vc_column][\/vc_row][vc_row css=\u00a0\u00bb.vc_custom_1565167873441{margin-bottom: 30px !important;}\u00a0\u00bb][vc_column][vc_column_text]Compilez le formulaire de demande tra\u00e7age qui fait \u00e0 votre cas, envoyez-le \u00e0 Raytech et en bref temps<span class=\"excerpt-hellip\"> [\u2026]<\/span><\/p>\n","protected":false},"author":1,"featured_media":0,"parent":0,"menu_order":0,"comment_status":"closed","ping_status":"open","template":"page-progetti.php","meta":{"footnotes":""},"yoast_head":"<!-- This site is optimized with the Yoast SEO plugin v22.7 - https:\/\/yoast.com\/wordpress\/plugins\/seo\/ -->\n<title>Cables chauffants - Tra\u00e7ages en ligne - Raytech Italia<\/title>\n<meta name=\"description\" content=\"Compilez le formulaire de demande tra\u00e7age qui fait \u00e0 votre cas, envoyez-le \u00e0 Raytech et en bref temps vous recevrez le tra\u00e7age avec le devis\" \/>\n<meta name=\"robots\" content=\"index, follow, max-snippet:-1, max-image-preview:large, max-video-preview:-1\" \/>\n<link rel=\"canonical\" href=\"https:\/\/svilupporaytech.com\/fr\/tracages-en-ligne\/\" \/>\n<meta property=\"og:locale\" content=\"fr_FR\" \/>\n<meta property=\"og:type\" content=\"article\" \/>\n<meta property=\"og:title\" content=\"Cables chauffants - Tra\u00e7ages en ligne - Raytech Italia\" \/>\n<meta property=\"og:description\" content=\"Compilez le formulaire de demande tra\u00e7age qui fait \u00e0 votre cas, envoyez-le \u00e0 Raytech et en bref temps vous recevrez le tra\u00e7age avec le devis\" \/>\n<meta property=\"og:url\" content=\"https:\/\/svilupporaytech.com\/fr\/tracages-en-ligne\/\" \/>\n<meta property=\"og:site_name\" content=\"Raytech\" \/>\n<meta property=\"article:modified_time\" content=\"2019-12-09T12:00:05+00:00\" \/>\n<meta property=\"og:image\" content=\"https:\/\/svilupporaytech.com\/wp-content\/uploads\/logo_raytech.png\" \/>\n\t<meta property=\"og:image:width\" content=\"188\" \/>\n\t<meta property=\"og:image:height\" content=\"101\" \/>\n\t<meta property=\"og:image:type\" content=\"image\/png\" \/>\n<meta name=\"twitter:card\" content=\"summary_large_image\" \/>\n<meta name=\"twitter:label1\" content=\"Dur\u00e9e de lecture estim\u00e9e\" \/>\n\t<meta name=\"twitter:data1\" content=\"1 minute\" \/>\n<script type=\"application\/ld+json\" class=\"yoast-schema-graph\">{\"@context\":\"https:\/\/schema.org\",\"@graph\":[{\"@type\":\"WebPage\",\"@id\":\"https:\/\/svilupporaytech.com\/fr\/tracages-en-ligne\/\",\"url\":\"https:\/\/svilupporaytech.com\/fr\/tracages-en-ligne\/\",\"name\":\"Cables chauffants - Tra\u00e7ages en ligne - Raytech Italia\",\"isPartOf\":{\"@id\":\"https:\/\/svilupporaytech.com\/#website\"},\"datePublished\":\"2015-07-14T09:52:39+00:00\",\"dateModified\":\"2019-12-09T12:00:05+00:00\",\"description\":\"Compilez le formulaire de demande tra\u00e7age qui fait \u00e0 votre cas, envoyez-le \u00e0 Raytech et en bref temps vous recevrez le tra\u00e7age avec le devis\",\"breadcrumb\":{\"@id\":\"https:\/\/svilupporaytech.com\/fr\/tracages-en-ligne\/#breadcrumb\"},\"inLanguage\":\"fr-FR\",\"potentialAction\":[{\"@type\":\"ReadAction\",\"target\":[\"https:\/\/svilupporaytech.com\/fr\/tracages-en-ligne\/\"]}]},{\"@type\":\"BreadcrumbList\",\"@id\":\"https:\/\/svilupporaytech.com\/fr\/tracages-en-ligne\/#breadcrumb\",\"itemListElement\":[{\"@type\":\"ListItem\",\"position\":1,\"name\":\"Home\",\"item\":\"https:\/\/svilupporaytech.com\/fr\/\"},{\"@type\":\"ListItem\",\"position\":2,\"name\":\"Tra\u00e7ages en ligne\"}]},{\"@type\":\"WebSite\",\"@id\":\"https:\/\/svilupporaytech.com\/#website\",\"url\":\"https:\/\/svilupporaytech.com\/\",\"name\":\"Raytech\",\"description\":\"Cable accessories company\",\"potentialAction\":[{\"@type\":\"SearchAction\",\"target\":{\"@type\":\"EntryPoint\",\"urlTemplate\":\"https:\/\/svilupporaytech.com\/?s={search_term_string}\"},\"query-input\":\"required name=search_term_string\"}],\"inLanguage\":\"fr-FR\"}]}<\/script>\n<!-- \/ Yoast SEO plugin. -->","yoast_head_json":{"title":"Cables chauffants - Tra\u00e7ages en ligne - Raytech Italia","description":"Compilez le formulaire de demande tra\u00e7age qui fait \u00e0 votre cas, envoyez-le \u00e0 Raytech et en bref temps vous recevrez le tra\u00e7age avec le devis","robots":{"index":"index","follow":"follow","max-snippet":"max-snippet:-1","max-image-preview":"max-image-preview:large","max-video-preview":"max-video-preview:-1"},"canonical":"https:\/\/svilupporaytech.com\/fr\/tracages-en-ligne\/","og_locale":"fr_FR","og_type":"article","og_title":"Cables chauffants - Tra\u00e7ages en ligne - Raytech Italia","og_description":"Compilez le formulaire de demande tra\u00e7age qui fait \u00e0 votre cas, envoyez-le \u00e0 Raytech et en bref temps vous recevrez le tra\u00e7age avec le devis","og_url":"https:\/\/svilupporaytech.com\/fr\/tracages-en-ligne\/","og_site_name":"Raytech","article_modified_time":"2019-12-09T12:00:05+00:00","og_image":[{"width":188,"height":101,"url":"https:\/\/svilupporaytech.com\/wp-content\/uploads\/logo_raytech.png","type":"image\/png"}],"twitter_card":"summary_large_image","twitter_misc":{"Dur\u00e9e de lecture estim\u00e9e":"1 minute"},"schema":{"@context":"https:\/\/schema.org","@graph":[{"@type":"WebPage","@id":"https:\/\/svilupporaytech.com\/fr\/tracages-en-ligne\/","url":"https:\/\/svilupporaytech.com\/fr\/tracages-en-ligne\/","name":"Cables chauffants - Tra\u00e7ages en ligne - Raytech Italia","isPartOf":{"@id":"https:\/\/svilupporaytech.com\/#website"},"datePublished":"2015-07-14T09:52:39+00:00","dateModified":"2019-12-09T12:00:05+00:00","description":"Compilez le formulaire de demande tra\u00e7age qui fait \u00e0 votre cas, envoyez-le \u00e0 Raytech et en bref temps vous recevrez le tra\u00e7age avec le devis","breadcrumb":{"@id":"https:\/\/svilupporaytech.com\/fr\/tracages-en-ligne\/#breadcrumb"},"inLanguage":"fr-FR","potentialAction":[{"@type":"ReadAction","target":["https:\/\/svilupporaytech.com\/fr\/tracages-en-ligne\/"]}]},{"@type":"BreadcrumbList","@id":"https:\/\/svilupporaytech.com\/fr\/tracages-en-ligne\/#breadcrumb","itemListElement":[{"@type":"ListItem","position":1,"name":"Home","item":"https:\/\/svilupporaytech.com\/fr\/"},{"@type":"ListItem","position":2,"name":"Tra\u00e7ages en ligne"}]},{"@type":"WebSite","@id":"https:\/\/svilupporaytech.com\/#website","url":"https:\/\/svilupporaytech.com\/","name":"Raytech","description":"Cable accessories company","potentialAction":[{"@type":"SearchAction","target":{"@type":"EntryPoint","urlTemplate":"https:\/\/svilupporaytech.com\/?s={search_term_string}"},"query-input":"required name=search_term_string"}],"inLanguage":"fr-FR"}]}},"_links":{"self":[{"href":"https:\/\/svilupporaytech.com\/fr\/wp-json\/wp\/v2\/pages\/7624"}],"collection":[{"href":"https:\/\/svilupporaytech.com\/fr\/wp-json\/wp\/v2\/pages"}],"about":[{"href":"https:\/\/svilupporaytech.com\/fr\/wp-json\/wp\/v2\/types\/page"}],"author":[{"embeddable":true,"href":"https:\/\/svilupporaytech.com\/fr\/wp-json\/wp\/v2\/users\/1"}],"replies":[{"embeddable":true,"href":"https:\/\/svilupporaytech.com\/fr\/wp-json\/wp\/v2\/comments?post=7624"}],"version-history":[{"count":3,"href":"https:\/\/svilupporaytech.com\/fr\/wp-json\/wp\/v2\/pages\/7624\/revisions"}],"predecessor-version":[{"id":21441,"href":"https:\/\/svilupporaytech.com\/fr\/wp-json\/wp\/v2\/pages\/7624\/revisions\/21441"}],"wp:attachment":[{"href":"https:\/\/svilupporaytech.com\/fr\/wp-json\/wp\/v2\/media?parent=7624"}],"curies":[{"name":"wp","href":"https:\/\/api.w.org\/{rel}","templated":true}]}}