{"id":13441,"date":"2018-11-05T11:26:54","date_gmt":"2018-11-05T11:26:58","guid":{"rendered":"http:\/\/raytech.it?post_type=product&#038;p=13441"},"modified":"2021-03-12T00:48:56","modified_gmt":"2021-03-11T23:48:56","slug":"fox-box-ip68","status":"publish","type":"product","link":"https:\/\/svilupporaytech.com\/fr\/produit\/basse-tension\/jonction\/pre-remplis\/fox-box-ip68\/","title":{"rendered":"Fox Box IP68"},"content":{"rendered":"<h4>Bo\u00eete de jonction \u00e0 3 ou 5 entr\u00e9es, contenant une<br \/>\np\u00e9riph\u00e9rie pr\u00e9remplie en gel qui conf\u00e8re au produit<br \/>\nune l\u00e9g\u00e8ret\u00e9 et capacit\u00e9 maximale. <\/h4>\n<p>Elle comprend un KIT d\u2019accessoires qui maximise son aspect polyvalent et permette son<br \/>\nutilisation avec des c\u00e2bles de 6 \u00e0 18 mm de diam\u00e8tre et avec des tubes de 16, 20 et 32 mm<br \/>\nde diam\u00e8tre. Le compartiment interne, sans gel, facilite les op\u00e9rations de connexion des<br \/>\nconducteurs et l\u2019\u00e9ventuelle d\u00e9connexion. Le gel, contenu dans le compartiment p\u00e9riph\u00e9rique de la bo\u00eete, contient, isole et scelle m\u00eame les connexions de continuit\u00e9 d\u2019armatures<br \/>\nou blindages.<\/p>\n<p><\/br><\/br><\/p>\n<ul>\n<li>Design fonctionnel et e\u0301le\u0301gant<\/li>\n<li>Ide\u0301ale pour des installations a\u0300 vue, de se\u0301curite\u0301 et vide\u0301o<\/li>\n<li>Pre\u0302te a\u0300 l\u2019usage<\/li>\n<li>Fermeture a\u0300 de\u0301clic, sans vis<\/li>\n<li>Pre\u0302te et pour tout type d\u2019environnement<\/li>\n<li>Convient e\u0301galement a\u0300 des environnements humides ou immerge\u0301s<\/li>\n<li>Sans date de pe\u0301remption<\/li>\n<li>Toujours re\u0301-accessible<\/li>\n<li>Syste\u0300me de fixation au paroi ou au plafond exte\u0301rieur<\/li>\n<li>Sans haloge\u0300nes &#038; re\u0301sistant aux UV<\/li>\n<\/ul>\n","protected":false},"excerpt":{"rendered":"<p>Bo\u00eete de jonction \u00e0 3 ou 5 entr\u00e9es, contenant une p\u00e9riph\u00e9rie pr\u00e9remplie en gel qui conf\u00e8re au produit une l\u00e9g\u00e8ret\u00e9 et capacit\u00e9 maximale. Elle comprend un KIT d\u2019accessoires qui maximise<span class=\"excerpt-hellip\"> [\u2026]<\/span><\/p>\n","protected":false},"featured_media":19398,"template":"","meta":[],"product_cat":[136,138,141,146],"product_tag":[],"yoast_head":"<!-- This site is optimized with the Yoast SEO plugin v22.7 - https:\/\/yoast.com\/wordpress\/plugins\/seo\/ -->\n<title>Fox Box IP68 | Raytech<\/title>\n<meta name=\"description\" content=\"Le microgiunzioni IP68, preriempite in gel, salvaspazio complete di connettore e a minimo impatto estetico\" \/>\n<meta name=\"robots\" content=\"index, follow, max-snippet:-1, max-image-preview:large, max-video-preview:-1\" \/>\n<link rel=\"canonical\" href=\"https:\/\/svilupporaytech.com\/fr\/produit\/basse-tension\/jonction\/pre-remplis\/fox-box-ip68\/\" \/>\n<meta property=\"og:locale\" content=\"fr_FR\" \/>\n<meta property=\"og:type\" content=\"article\" \/>\n<meta property=\"og:title\" content=\"Fox Box IP68 | Raytech\" \/>\n<meta property=\"og:description\" content=\"Le microgiunzioni IP68, preriempite in gel, salvaspazio complete di connettore e a minimo impatto estetico\" \/>\n<meta property=\"og:url\" content=\"https:\/\/svilupporaytech.com\/fr\/produit\/basse-tension\/jonction\/pre-remplis\/fox-box-ip68\/\" \/>\n<meta property=\"og:site_name\" content=\"Raytech\" \/>\n<meta property=\"article:modified_time\" content=\"2021-03-11T23:48:56+00:00\" \/>\n<meta property=\"og:image\" content=\"https:\/\/svilupporaytech.com\/wp-content\/uploads\/foxbox-1.jpg\" \/>\n\t<meta property=\"og:image:width\" content=\"1024\" \/>\n\t<meta property=\"og:image:height\" content=\"1024\" \/>\n\t<meta property=\"og:image:type\" content=\"image\/jpeg\" \/>\n<meta name=\"twitter:card\" content=\"summary_large_image\" \/>\n<meta name=\"twitter:label1\" content=\"Dur\u00e9e de lecture estim\u00e9e\" \/>\n\t<meta name=\"twitter:data1\" content=\"1 minute\" \/>\n<script type=\"application\/ld+json\" class=\"yoast-schema-graph\">{\"@context\":\"https:\/\/schema.org\",\"@graph\":[{\"@type\":\"WebPage\",\"@id\":\"https:\/\/svilupporaytech.com\/fr\/produit\/basse-tension\/jonction\/pre-remplis\/fox-box-ip68\/\",\"url\":\"https:\/\/svilupporaytech.com\/fr\/produit\/basse-tension\/jonction\/pre-remplis\/fox-box-ip68\/\",\"name\":\"Fox Box IP68 | Raytech\",\"isPartOf\":{\"@id\":\"https:\/\/svilupporaytech.com\/#website\"},\"primaryImageOfPage\":{\"@id\":\"https:\/\/svilupporaytech.com\/fr\/produit\/basse-tension\/jonction\/pre-remplis\/fox-box-ip68\/#primaryimage\"},\"image\":{\"@id\":\"https:\/\/svilupporaytech.com\/fr\/produit\/basse-tension\/jonction\/pre-remplis\/fox-box-ip68\/#primaryimage\"},\"thumbnailUrl\":\"https:\/\/svilupporaytech.com\/wp-content\/uploads\/foxbox-1.jpg\",\"datePublished\":\"2018-11-05T11:26:58+00:00\",\"dateModified\":\"2021-03-11T23:48:56+00:00\",\"description\":\"Le microgiunzioni IP68, preriempite in gel, salvaspazio complete di connettore e a minimo impatto estetico\",\"breadcrumb\":{\"@id\":\"https:\/\/svilupporaytech.com\/fr\/produit\/basse-tension\/jonction\/pre-remplis\/fox-box-ip68\/#breadcrumb\"},\"inLanguage\":\"fr-FR\",\"potentialAction\":[{\"@type\":\"ReadAction\",\"target\":[\"https:\/\/svilupporaytech.com\/fr\/produit\/basse-tension\/jonction\/pre-remplis\/fox-box-ip68\/\"]}]},{\"@type\":\"ImageObject\",\"inLanguage\":\"fr-FR\",\"@id\":\"https:\/\/svilupporaytech.com\/fr\/produit\/basse-tension\/jonction\/pre-remplis\/fox-box-ip68\/#primaryimage\",\"url\":\"https:\/\/svilupporaytech.com\/wp-content\/uploads\/foxbox-1.jpg\",\"contentUrl\":\"https:\/\/svilupporaytech.com\/wp-content\/uploads\/foxbox-1.jpg\",\"width\":1024,\"height\":1024},{\"@type\":\"BreadcrumbList\",\"@id\":\"https:\/\/svilupporaytech.com\/fr\/produit\/basse-tension\/jonction\/pre-remplis\/fox-box-ip68\/#breadcrumb\",\"itemListElement\":[{\"@type\":\"ListItem\",\"position\":1,\"name\":\"Home\",\"item\":\"https:\/\/svilupporaytech.com\/fr\/\"},{\"@type\":\"ListItem\",\"position\":2,\"name\":\"Boutique\",\"item\":\"https:\/\/svilupporaytech.com\/fr\/boutique\/\"},{\"@type\":\"ListItem\",\"position\":3,\"name\":\"Fox Box IP68\"}]},{\"@type\":\"WebSite\",\"@id\":\"https:\/\/svilupporaytech.com\/#website\",\"url\":\"https:\/\/svilupporaytech.com\/\",\"name\":\"Raytech\",\"description\":\"Cable accessories company\",\"potentialAction\":[{\"@type\":\"SearchAction\",\"target\":{\"@type\":\"EntryPoint\",\"urlTemplate\":\"https:\/\/svilupporaytech.com\/?s={search_term_string}\"},\"query-input\":\"required name=search_term_string\"}],\"inLanguage\":\"fr-FR\"}]}<\/script>\n<!-- \/ Yoast SEO plugin. -->","yoast_head_json":{"title":"Fox Box IP68 | Raytech","description":"Le microgiunzioni IP68, preriempite in gel, salvaspazio complete di connettore e a minimo impatto estetico","robots":{"index":"index","follow":"follow","max-snippet":"max-snippet:-1","max-image-preview":"max-image-preview:large","max-video-preview":"max-video-preview:-1"},"canonical":"https:\/\/svilupporaytech.com\/fr\/produit\/basse-tension\/jonction\/pre-remplis\/fox-box-ip68\/","og_locale":"fr_FR","og_type":"article","og_title":"Fox Box IP68 | Raytech","og_description":"Le microgiunzioni IP68, preriempite in gel, salvaspazio complete di connettore e a minimo impatto estetico","og_url":"https:\/\/svilupporaytech.com\/fr\/produit\/basse-tension\/jonction\/pre-remplis\/fox-box-ip68\/","og_site_name":"Raytech","article_modified_time":"2021-03-11T23:48:56+00:00","og_image":[{"width":1024,"height":1024,"url":"https:\/\/svilupporaytech.com\/wp-content\/uploads\/foxbox-1.jpg","type":"image\/jpeg"}],"twitter_card":"summary_large_image","twitter_misc":{"Dur\u00e9e de lecture estim\u00e9e":"1 minute"},"schema":{"@context":"https:\/\/schema.org","@graph":[{"@type":"WebPage","@id":"https:\/\/svilupporaytech.com\/fr\/produit\/basse-tension\/jonction\/pre-remplis\/fox-box-ip68\/","url":"https:\/\/svilupporaytech.com\/fr\/produit\/basse-tension\/jonction\/pre-remplis\/fox-box-ip68\/","name":"Fox Box IP68 | Raytech","isPartOf":{"@id":"https:\/\/svilupporaytech.com\/#website"},"primaryImageOfPage":{"@id":"https:\/\/svilupporaytech.com\/fr\/produit\/basse-tension\/jonction\/pre-remplis\/fox-box-ip68\/#primaryimage"},"image":{"@id":"https:\/\/svilupporaytech.com\/fr\/produit\/basse-tension\/jonction\/pre-remplis\/fox-box-ip68\/#primaryimage"},"thumbnailUrl":"https:\/\/svilupporaytech.com\/wp-content\/uploads\/foxbox-1.jpg","datePublished":"2018-11-05T11:26:58+00:00","dateModified":"2021-03-11T23:48:56+00:00","description":"Le microgiunzioni IP68, preriempite in gel, salvaspazio complete di connettore e a minimo impatto estetico","breadcrumb":{"@id":"https:\/\/svilupporaytech.com\/fr\/produit\/basse-tension\/jonction\/pre-remplis\/fox-box-ip68\/#breadcrumb"},"inLanguage":"fr-FR","potentialAction":[{"@type":"ReadAction","target":["https:\/\/svilupporaytech.com\/fr\/produit\/basse-tension\/jonction\/pre-remplis\/fox-box-ip68\/"]}]},{"@type":"ImageObject","inLanguage":"fr-FR","@id":"https:\/\/svilupporaytech.com\/fr\/produit\/basse-tension\/jonction\/pre-remplis\/fox-box-ip68\/#primaryimage","url":"https:\/\/svilupporaytech.com\/wp-content\/uploads\/foxbox-1.jpg","contentUrl":"https:\/\/svilupporaytech.com\/wp-content\/uploads\/foxbox-1.jpg","width":1024,"height":1024},{"@type":"BreadcrumbList","@id":"https:\/\/svilupporaytech.com\/fr\/produit\/basse-tension\/jonction\/pre-remplis\/fox-box-ip68\/#breadcrumb","itemListElement":[{"@type":"ListItem","position":1,"name":"Home","item":"https:\/\/svilupporaytech.com\/fr\/"},{"@type":"ListItem","position":2,"name":"Boutique","item":"https:\/\/svilupporaytech.com\/fr\/boutique\/"},{"@type":"ListItem","position":3,"name":"Fox Box IP68"}]},{"@type":"WebSite","@id":"https:\/\/svilupporaytech.com\/#website","url":"https:\/\/svilupporaytech.com\/","name":"Raytech","description":"Cable accessories company","potentialAction":[{"@type":"SearchAction","target":{"@type":"EntryPoint","urlTemplate":"https:\/\/svilupporaytech.com\/?s={search_term_string}"},"query-input":"required name=search_term_string"}],"inLanguage":"fr-FR"}]}},"_links":{"self":[{"href":"https:\/\/svilupporaytech.com\/fr\/wp-json\/wp\/v2\/product\/13441"}],"collection":[{"href":"https:\/\/svilupporaytech.com\/fr\/wp-json\/wp\/v2\/product"}],"about":[{"href":"https:\/\/svilupporaytech.com\/fr\/wp-json\/wp\/v2\/types\/product"}],"wp:featuredmedia":[{"embeddable":true,"href":"https:\/\/svilupporaytech.com\/fr\/wp-json\/wp\/v2\/media\/19398"}],"wp:attachment":[{"href":"https:\/\/svilupporaytech.com\/fr\/wp-json\/wp\/v2\/media?parent=13441"}],"wp:term":[{"taxonomy":"product_cat","embeddable":true,"href":"https:\/\/svilupporaytech.com\/fr\/wp-json\/wp\/v2\/product_cat?post=13441"},{"taxonomy":"product_tag","embeddable":true,"href":"https:\/\/svilupporaytech.com\/fr\/wp-json\/wp\/v2\/product_tag?post=13441"}],"curies":[{"name":"wp","href":"https:\/\/api.w.org\/{rel}","templated":true}]}}