{"id":22600,"date":"2019-12-19T14:42:05","date_gmt":"2019-12-19T13:42:06","guid":{"rendered":"https:\/\/svilupporaytech.com\/?post_type=product&#038;p=22600"},"modified":"2019-12-19T14:56:36","modified_gmt":"2019-12-19T13:56:36","slug":"mca-box","status":"publish","type":"product","link":"https:\/\/svilupporaytech.com\/fr\/produit\/cables-chauffants\/accessoires\/mca-box\/","title":{"rendered":"MCA BOX"},"content":{"rendered":"<h4>Bo\u00eetes de connexion pr\u00e9remplies avec gel, pour<br \/>\nsyst\u00e8mes de tra\u00e7age \u00e9lectrique.<\/h4>\n<p>Bo\u00eetes de connexion, multi usages, entre c\u00e2bles chauffants et entre c\u00e2ble chauffants et<br \/>\nc\u00e2bles de puissance. Pr\u00eates \u00e0 l\u2019emploi, pr\u00e9remplies avec gel, avec syst\u00e8me de connexion<br \/>\nisol\u00e9 int\u00e9gr\u00e9 et \u00e9crous \u00e0 vis, elles permettent la connexion entre c\u00e2bles chauffants et entre<br \/>\nc\u00e2ble chauffants et c\u00e2bles de puissance, en assurant un degr\u00e9 de protection IP68 et IP69-K.<br \/>\nElles conviennent aux c\u00e2bles de puissance de 8 \u00e0 18 mm de diam\u00e8tre, ou pour l\u2019alimentation avec fils isol\u00e9s en (tuyaux de) diam\u00e8tre de 16, 20, 25 et 32mm. Toujours r\u00e9<br \/>\naccessibles, elles sont conformes \u00e0 la norme EN 50393 (le cas \u00e9ch\u00e9ant) Indispensables<br \/>\ndans environnements humides, ou sujets \u00e0 la condensation ou aux inondations, elles<br \/>\nsont disponibles avec 3 ou 4 entr\u00e9es.<\/p>\n","protected":false},"excerpt":{"rendered":"<p>Bo\u00eetes de connexion pr\u00e9remplies avec gel, pour syst\u00e8mes de tra\u00e7age \u00e9lectrique. Bo\u00eetes de connexion, multi usages, entre c\u00e2bles chauffants et entre c\u00e2ble chauffants et c\u00e2bles de puissance. Pr\u00eates \u00e0 l\u2019emploi,<span class=\"excerpt-hellip\"> [\u2026]<\/span><\/p>\n","protected":false},"featured_media":22606,"template":"","meta":[],"product_cat":[161,382],"product_tag":[],"yoast_head":"<!-- This site is optimized with the Yoast SEO plugin v22.7 - https:\/\/yoast.com\/wordpress\/plugins\/seo\/ -->\n<title>MCA BOX | Raytech<\/title>\n<meta name=\"robots\" content=\"index, follow, max-snippet:-1, max-image-preview:large, max-video-preview:-1\" \/>\n<link rel=\"canonical\" href=\"https:\/\/svilupporaytech.com\/fr\/produit\/cables-chauffants\/accessoires\/mca-box\/\" \/>\n<meta property=\"og:locale\" content=\"fr_FR\" \/>\n<meta property=\"og:type\" content=\"article\" \/>\n<meta property=\"og:title\" content=\"MCA BOX | Raytech\" \/>\n<meta property=\"og:description\" content=\"Bo\u00eetes de connexion pr\u00e9remplies avec gel, pour syst\u00e8mes de tra\u00e7age \u00e9lectrique. Bo\u00eetes de connexion, multi usages, entre c\u00e2bles chauffants et entre c\u00e2ble chauffants et c\u00e2bles de puissance. Pr\u00eates \u00e0 l\u2019emploi, [\u2026]\" \/>\n<meta property=\"og:url\" content=\"https:\/\/svilupporaytech.com\/fr\/produit\/cables-chauffants\/accessoires\/mca-box\/\" \/>\n<meta property=\"og:site_name\" content=\"Raytech\" \/>\n<meta property=\"article:modified_time\" content=\"2019-12-19T13:56:36+00:00\" \/>\n<meta property=\"og:image\" content=\"https:\/\/svilupporaytech.com\/wp-content\/uploads\/mcabox-00.jpg\" \/>\n\t<meta property=\"og:image:width\" content=\"1024\" \/>\n\t<meta property=\"og:image:height\" content=\"1024\" \/>\n\t<meta property=\"og:image:type\" content=\"image\/jpeg\" \/>\n<meta name=\"twitter:card\" content=\"summary_large_image\" \/>\n<meta name=\"twitter:label1\" content=\"Dur\u00e9e de lecture estim\u00e9e\" \/>\n\t<meta name=\"twitter:data1\" content=\"1 minute\" \/>\n<script type=\"application\/ld+json\" class=\"yoast-schema-graph\">{\"@context\":\"https:\/\/schema.org\",\"@graph\":[{\"@type\":\"WebPage\",\"@id\":\"https:\/\/svilupporaytech.com\/fr\/produit\/cables-chauffants\/accessoires\/mca-box\/\",\"url\":\"https:\/\/svilupporaytech.com\/fr\/produit\/cables-chauffants\/accessoires\/mca-box\/\",\"name\":\"MCA BOX | Raytech\",\"isPartOf\":{\"@id\":\"https:\/\/svilupporaytech.com\/#website\"},\"primaryImageOfPage\":{\"@id\":\"https:\/\/svilupporaytech.com\/fr\/produit\/cables-chauffants\/accessoires\/mca-box\/#primaryimage\"},\"image\":{\"@id\":\"https:\/\/svilupporaytech.com\/fr\/produit\/cables-chauffants\/accessoires\/mca-box\/#primaryimage\"},\"thumbnailUrl\":\"https:\/\/svilupporaytech.com\/wp-content\/uploads\/mcabox-00.jpg\",\"datePublished\":\"2019-12-19T13:42:06+00:00\",\"dateModified\":\"2019-12-19T13:56:36+00:00\",\"breadcrumb\":{\"@id\":\"https:\/\/svilupporaytech.com\/fr\/produit\/cables-chauffants\/accessoires\/mca-box\/#breadcrumb\"},\"inLanguage\":\"fr-FR\",\"potentialAction\":[{\"@type\":\"ReadAction\",\"target\":[\"https:\/\/svilupporaytech.com\/fr\/produit\/cables-chauffants\/accessoires\/mca-box\/\"]}]},{\"@type\":\"ImageObject\",\"inLanguage\":\"fr-FR\",\"@id\":\"https:\/\/svilupporaytech.com\/fr\/produit\/cables-chauffants\/accessoires\/mca-box\/#primaryimage\",\"url\":\"https:\/\/svilupporaytech.com\/wp-content\/uploads\/mcabox-00.jpg\",\"contentUrl\":\"https:\/\/svilupporaytech.com\/wp-content\/uploads\/mcabox-00.jpg\",\"width\":1024,\"height\":1024},{\"@type\":\"BreadcrumbList\",\"@id\":\"https:\/\/svilupporaytech.com\/fr\/produit\/cables-chauffants\/accessoires\/mca-box\/#breadcrumb\",\"itemListElement\":[{\"@type\":\"ListItem\",\"position\":1,\"name\":\"Home\",\"item\":\"https:\/\/svilupporaytech.com\/fr\/\"},{\"@type\":\"ListItem\",\"position\":2,\"name\":\"Boutique\",\"item\":\"https:\/\/svilupporaytech.com\/fr\/boutique\/\"},{\"@type\":\"ListItem\",\"position\":3,\"name\":\"MCA BOX\"}]},{\"@type\":\"WebSite\",\"@id\":\"https:\/\/svilupporaytech.com\/#website\",\"url\":\"https:\/\/svilupporaytech.com\/\",\"name\":\"Raytech\",\"description\":\"Cable accessories company\",\"potentialAction\":[{\"@type\":\"SearchAction\",\"target\":{\"@type\":\"EntryPoint\",\"urlTemplate\":\"https:\/\/svilupporaytech.com\/?s={search_term_string}\"},\"query-input\":\"required name=search_term_string\"}],\"inLanguage\":\"fr-FR\"}]}<\/script>\n<!-- \/ Yoast SEO plugin. -->","yoast_head_json":{"title":"MCA BOX | Raytech","robots":{"index":"index","follow":"follow","max-snippet":"max-snippet:-1","max-image-preview":"max-image-preview:large","max-video-preview":"max-video-preview:-1"},"canonical":"https:\/\/svilupporaytech.com\/fr\/produit\/cables-chauffants\/accessoires\/mca-box\/","og_locale":"fr_FR","og_type":"article","og_title":"MCA BOX | Raytech","og_description":"Bo\u00eetes de connexion pr\u00e9remplies avec gel, pour syst\u00e8mes de tra\u00e7age \u00e9lectrique. Bo\u00eetes de connexion, multi usages, entre c\u00e2bles chauffants et entre c\u00e2ble chauffants et c\u00e2bles de puissance. Pr\u00eates \u00e0 l\u2019emploi, [\u2026]","og_url":"https:\/\/svilupporaytech.com\/fr\/produit\/cables-chauffants\/accessoires\/mca-box\/","og_site_name":"Raytech","article_modified_time":"2019-12-19T13:56:36+00:00","og_image":[{"width":1024,"height":1024,"url":"https:\/\/svilupporaytech.com\/wp-content\/uploads\/mcabox-00.jpg","type":"image\/jpeg"}],"twitter_card":"summary_large_image","twitter_misc":{"Dur\u00e9e de lecture estim\u00e9e":"1 minute"},"schema":{"@context":"https:\/\/schema.org","@graph":[{"@type":"WebPage","@id":"https:\/\/svilupporaytech.com\/fr\/produit\/cables-chauffants\/accessoires\/mca-box\/","url":"https:\/\/svilupporaytech.com\/fr\/produit\/cables-chauffants\/accessoires\/mca-box\/","name":"MCA BOX | Raytech","isPartOf":{"@id":"https:\/\/svilupporaytech.com\/#website"},"primaryImageOfPage":{"@id":"https:\/\/svilupporaytech.com\/fr\/produit\/cables-chauffants\/accessoires\/mca-box\/#primaryimage"},"image":{"@id":"https:\/\/svilupporaytech.com\/fr\/produit\/cables-chauffants\/accessoires\/mca-box\/#primaryimage"},"thumbnailUrl":"https:\/\/svilupporaytech.com\/wp-content\/uploads\/mcabox-00.jpg","datePublished":"2019-12-19T13:42:06+00:00","dateModified":"2019-12-19T13:56:36+00:00","breadcrumb":{"@id":"https:\/\/svilupporaytech.com\/fr\/produit\/cables-chauffants\/accessoires\/mca-box\/#breadcrumb"},"inLanguage":"fr-FR","potentialAction":[{"@type":"ReadAction","target":["https:\/\/svilupporaytech.com\/fr\/produit\/cables-chauffants\/accessoires\/mca-box\/"]}]},{"@type":"ImageObject","inLanguage":"fr-FR","@id":"https:\/\/svilupporaytech.com\/fr\/produit\/cables-chauffants\/accessoires\/mca-box\/#primaryimage","url":"https:\/\/svilupporaytech.com\/wp-content\/uploads\/mcabox-00.jpg","contentUrl":"https:\/\/svilupporaytech.com\/wp-content\/uploads\/mcabox-00.jpg","width":1024,"height":1024},{"@type":"BreadcrumbList","@id":"https:\/\/svilupporaytech.com\/fr\/produit\/cables-chauffants\/accessoires\/mca-box\/#breadcrumb","itemListElement":[{"@type":"ListItem","position":1,"name":"Home","item":"https:\/\/svilupporaytech.com\/fr\/"},{"@type":"ListItem","position":2,"name":"Boutique","item":"https:\/\/svilupporaytech.com\/fr\/boutique\/"},{"@type":"ListItem","position":3,"name":"MCA BOX"}]},{"@type":"WebSite","@id":"https:\/\/svilupporaytech.com\/#website","url":"https:\/\/svilupporaytech.com\/","name":"Raytech","description":"Cable accessories company","potentialAction":[{"@type":"SearchAction","target":{"@type":"EntryPoint","urlTemplate":"https:\/\/svilupporaytech.com\/?s={search_term_string}"},"query-input":"required name=search_term_string"}],"inLanguage":"fr-FR"}]}},"_links":{"self":[{"href":"https:\/\/svilupporaytech.com\/fr\/wp-json\/wp\/v2\/product\/22600"}],"collection":[{"href":"https:\/\/svilupporaytech.com\/fr\/wp-json\/wp\/v2\/product"}],"about":[{"href":"https:\/\/svilupporaytech.com\/fr\/wp-json\/wp\/v2\/types\/product"}],"wp:featuredmedia":[{"embeddable":true,"href":"https:\/\/svilupporaytech.com\/fr\/wp-json\/wp\/v2\/media\/22606"}],"wp:attachment":[{"href":"https:\/\/svilupporaytech.com\/fr\/wp-json\/wp\/v2\/media?parent=22600"}],"wp:term":[{"taxonomy":"product_cat","embeddable":true,"href":"https:\/\/svilupporaytech.com\/fr\/wp-json\/wp\/v2\/product_cat?post=22600"},{"taxonomy":"product_tag","embeddable":true,"href":"https:\/\/svilupporaytech.com\/fr\/wp-json\/wp\/v2\/product_tag?post=22600"}],"curies":[{"name":"wp","href":"https:\/\/api.w.org\/{rel}","templated":true}]}}