{"id":25693,"date":"2021-02-15T10:37:44","date_gmt":"2021-02-15T09:37:50","guid":{"rendered":"https:\/\/svilupporaytech.com\/?post_type=product&#038;p=25693"},"modified":"2023-06-16T10:55:10","modified_gmt":"2023-06-16T09:55:10","slug":"magic-gel-sprint","status":"publish","type":"product","link":"https:\/\/svilupporaytech.com\/fr\/produit\/basse-tension\/isolants-de-remplissage\/gel-fr\/magic-gel-sprint\/","title":{"rendered":"Magic Gel Sprint"},"content":{"rendered":"<p>Magic Gel Sprint, gel isolant d\u2019\u00e9tanch\u00e9it\u00e9 pour la protection des connexions \u00e9lectriques, est formul\u00e9 pour une polym\u00e9risation ultra rapide directement dans la bouteille et il combine les caract\u00e9ristiques di\u00e9lectrique, d&rsquo;\u00e9tanch\u00e9it\u00e9 et thermique qui ont fait Magic Gel le scellant le plus populaire pour les installateurs depuis 2005, avec la facilit\u00e9 d&rsquo;utilisation et avec un accent sur la durabilit\u00e9.<br \/>\n<\/br><\/br><\/p>\n<ul>\n<li>Pour C\u00c2BLES \u00c9NERGIE, C\u00c2BLES TELECOM et pour CIRCUITS \u00c9LECTRONIQUES<\/li>\n<li>Atoxique et s\u00fbr et pas classifi\u00e9 comme dangereux selon la Directive CLP<\/li>\n<li>Appropri\u00e9 \u00e0 l\u2019installation en eau sal\u00e9e (mer) et dans l\u2019eau chlor\u00e9e (piscines)<\/li>\n<li>Pour tout type d&rsquo;installation, pour int\u00e9rieur \/ pour ext\u00e9rieur et m\u00eame immerg\u00e9<\/li>\n<li>Appropri\u00e9 pour les hautes profondeurs<\/li>\n<li>Pour des installations jusqu\u2019\u00e0 1 kV<\/li>\n<li>Convient aux temp\u00e9ratures \u00e9lev\u00e9es<\/li>\n<li>Amovible<\/li>\n<li>Sans date de p\u00e9remption<\/li>\n<\/ul>\n","protected":false},"excerpt":{"rendered":"<p>Magic Gel Sprint, gel isolant d\u2019\u00e9tanch\u00e9it\u00e9 pour la protection des connexions \u00e9lectriques, est formul\u00e9 pour une polym\u00e9risation ultra rapide directement dans la bouteille et il combine les caract\u00e9ristiques di\u00e9lectrique, d&rsquo;\u00e9tanch\u00e9it\u00e9<span class=\"excerpt-hellip\"> [\u2026]<\/span><\/p>\n","protected":false},"featured_media":26569,"template":"","meta":[],"product_cat":[136,151,152],"product_tag":[],"yoast_head":"<!-- This site is optimized with the Yoast SEO plugin v22.7 - https:\/\/yoast.com\/wordpress\/plugins\/seo\/ -->\n<title>Magic Gel Sprint | Raytech<\/title>\n<meta name=\"robots\" content=\"index, follow, max-snippet:-1, max-image-preview:large, max-video-preview:-1\" \/>\n<link rel=\"canonical\" href=\"https:\/\/svilupporaytech.com\/fr\/produit\/basse-tension\/isolants-de-remplissage\/gel-fr\/magic-gel-sprint\/\" \/>\n<meta property=\"og:locale\" content=\"fr_FR\" \/>\n<meta property=\"og:type\" content=\"article\" \/>\n<meta property=\"og:title\" content=\"Magic Gel Sprint | Raytech\" \/>\n<meta property=\"og:description\" content=\"Magic Gel Sprint, gel isolant d\u2019\u00e9tanch\u00e9it\u00e9 pour la protection des connexions \u00e9lectriques, est formul\u00e9 pour une polym\u00e9risation ultra rapide directement dans la bouteille et il combine les caract\u00e9ristiques di\u00e9lectrique, d&rsquo;\u00e9tanch\u00e9it\u00e9 [\u2026]\" \/>\n<meta property=\"og:url\" content=\"https:\/\/svilupporaytech.com\/fr\/produit\/basse-tension\/isolants-de-remplissage\/gel-fr\/magic-gel-sprint\/\" \/>\n<meta property=\"og:site_name\" content=\"Raytech\" \/>\n<meta property=\"article:modified_time\" content=\"2023-06-16T09:55:10+00:00\" \/>\n<meta property=\"og:image\" content=\"https:\/\/svilupporaytech.com\/wp-content\/uploads\/magic_gel_sprint_001.jpg\" \/>\n\t<meta property=\"og:image:width\" content=\"1024\" \/>\n\t<meta property=\"og:image:height\" content=\"1024\" \/>\n\t<meta property=\"og:image:type\" content=\"image\/jpeg\" \/>\n<meta name=\"twitter:card\" content=\"summary_large_image\" \/>\n<meta name=\"twitter:label1\" content=\"Dur\u00e9e de lecture estim\u00e9e\" \/>\n\t<meta name=\"twitter:data1\" content=\"1 minute\" \/>\n<script type=\"application\/ld+json\" class=\"yoast-schema-graph\">{\"@context\":\"https:\/\/schema.org\",\"@graph\":[{\"@type\":\"WebPage\",\"@id\":\"https:\/\/svilupporaytech.com\/fr\/produit\/basse-tension\/isolants-de-remplissage\/gel-fr\/magic-gel-sprint\/\",\"url\":\"https:\/\/svilupporaytech.com\/fr\/produit\/basse-tension\/isolants-de-remplissage\/gel-fr\/magic-gel-sprint\/\",\"name\":\"Magic Gel Sprint | Raytech\",\"isPartOf\":{\"@id\":\"https:\/\/svilupporaytech.com\/#website\"},\"primaryImageOfPage\":{\"@id\":\"https:\/\/svilupporaytech.com\/fr\/produit\/basse-tension\/isolants-de-remplissage\/gel-fr\/magic-gel-sprint\/#primaryimage\"},\"image\":{\"@id\":\"https:\/\/svilupporaytech.com\/fr\/produit\/basse-tension\/isolants-de-remplissage\/gel-fr\/magic-gel-sprint\/#primaryimage\"},\"thumbnailUrl\":\"https:\/\/svilupporaytech.com\/wp-content\/uploads\/magic_gel_sprint_001.jpg\",\"datePublished\":\"2021-02-15T09:37:50+00:00\",\"dateModified\":\"2023-06-16T09:55:10+00:00\",\"breadcrumb\":{\"@id\":\"https:\/\/svilupporaytech.com\/fr\/produit\/basse-tension\/isolants-de-remplissage\/gel-fr\/magic-gel-sprint\/#breadcrumb\"},\"inLanguage\":\"fr-FR\",\"potentialAction\":[{\"@type\":\"ReadAction\",\"target\":[\"https:\/\/svilupporaytech.com\/fr\/produit\/basse-tension\/isolants-de-remplissage\/gel-fr\/magic-gel-sprint\/\"]}]},{\"@type\":\"ImageObject\",\"inLanguage\":\"fr-FR\",\"@id\":\"https:\/\/svilupporaytech.com\/fr\/produit\/basse-tension\/isolants-de-remplissage\/gel-fr\/magic-gel-sprint\/#primaryimage\",\"url\":\"https:\/\/svilupporaytech.com\/wp-content\/uploads\/magic_gel_sprint_001.jpg\",\"contentUrl\":\"https:\/\/svilupporaytech.com\/wp-content\/uploads\/magic_gel_sprint_001.jpg\",\"width\":1024,\"height\":1024,\"caption\":\"Magic Gel Sprint\"},{\"@type\":\"BreadcrumbList\",\"@id\":\"https:\/\/svilupporaytech.com\/fr\/produit\/basse-tension\/isolants-de-remplissage\/gel-fr\/magic-gel-sprint\/#breadcrumb\",\"itemListElement\":[{\"@type\":\"ListItem\",\"position\":1,\"name\":\"Home\",\"item\":\"https:\/\/svilupporaytech.com\/fr\/\"},{\"@type\":\"ListItem\",\"position\":2,\"name\":\"Boutique\",\"item\":\"https:\/\/svilupporaytech.com\/fr\/boutique\/\"},{\"@type\":\"ListItem\",\"position\":3,\"name\":\"Magic Gel Sprint\"}]},{\"@type\":\"WebSite\",\"@id\":\"https:\/\/svilupporaytech.com\/#website\",\"url\":\"https:\/\/svilupporaytech.com\/\",\"name\":\"Raytech\",\"description\":\"Cable accessories company\",\"potentialAction\":[{\"@type\":\"SearchAction\",\"target\":{\"@type\":\"EntryPoint\",\"urlTemplate\":\"https:\/\/svilupporaytech.com\/?s={search_term_string}\"},\"query-input\":\"required name=search_term_string\"}],\"inLanguage\":\"fr-FR\"}]}<\/script>\n<!-- \/ Yoast SEO plugin. -->","yoast_head_json":{"title":"Magic Gel Sprint | Raytech","robots":{"index":"index","follow":"follow","max-snippet":"max-snippet:-1","max-image-preview":"max-image-preview:large","max-video-preview":"max-video-preview:-1"},"canonical":"https:\/\/svilupporaytech.com\/fr\/produit\/basse-tension\/isolants-de-remplissage\/gel-fr\/magic-gel-sprint\/","og_locale":"fr_FR","og_type":"article","og_title":"Magic Gel Sprint | Raytech","og_description":"Magic Gel Sprint, gel isolant d\u2019\u00e9tanch\u00e9it\u00e9 pour la protection des connexions \u00e9lectriques, est formul\u00e9 pour une polym\u00e9risation ultra rapide directement dans la bouteille et il combine les caract\u00e9ristiques di\u00e9lectrique, d&rsquo;\u00e9tanch\u00e9it\u00e9 [\u2026]","og_url":"https:\/\/svilupporaytech.com\/fr\/produit\/basse-tension\/isolants-de-remplissage\/gel-fr\/magic-gel-sprint\/","og_site_name":"Raytech","article_modified_time":"2023-06-16T09:55:10+00:00","og_image":[{"width":1024,"height":1024,"url":"https:\/\/svilupporaytech.com\/wp-content\/uploads\/magic_gel_sprint_001.jpg","type":"image\/jpeg"}],"twitter_card":"summary_large_image","twitter_misc":{"Dur\u00e9e de lecture estim\u00e9e":"1 minute"},"schema":{"@context":"https:\/\/schema.org","@graph":[{"@type":"WebPage","@id":"https:\/\/svilupporaytech.com\/fr\/produit\/basse-tension\/isolants-de-remplissage\/gel-fr\/magic-gel-sprint\/","url":"https:\/\/svilupporaytech.com\/fr\/produit\/basse-tension\/isolants-de-remplissage\/gel-fr\/magic-gel-sprint\/","name":"Magic Gel Sprint | Raytech","isPartOf":{"@id":"https:\/\/svilupporaytech.com\/#website"},"primaryImageOfPage":{"@id":"https:\/\/svilupporaytech.com\/fr\/produit\/basse-tension\/isolants-de-remplissage\/gel-fr\/magic-gel-sprint\/#primaryimage"},"image":{"@id":"https:\/\/svilupporaytech.com\/fr\/produit\/basse-tension\/isolants-de-remplissage\/gel-fr\/magic-gel-sprint\/#primaryimage"},"thumbnailUrl":"https:\/\/svilupporaytech.com\/wp-content\/uploads\/magic_gel_sprint_001.jpg","datePublished":"2021-02-15T09:37:50+00:00","dateModified":"2023-06-16T09:55:10+00:00","breadcrumb":{"@id":"https:\/\/svilupporaytech.com\/fr\/produit\/basse-tension\/isolants-de-remplissage\/gel-fr\/magic-gel-sprint\/#breadcrumb"},"inLanguage":"fr-FR","potentialAction":[{"@type":"ReadAction","target":["https:\/\/svilupporaytech.com\/fr\/produit\/basse-tension\/isolants-de-remplissage\/gel-fr\/magic-gel-sprint\/"]}]},{"@type":"ImageObject","inLanguage":"fr-FR","@id":"https:\/\/svilupporaytech.com\/fr\/produit\/basse-tension\/isolants-de-remplissage\/gel-fr\/magic-gel-sprint\/#primaryimage","url":"https:\/\/svilupporaytech.com\/wp-content\/uploads\/magic_gel_sprint_001.jpg","contentUrl":"https:\/\/svilupporaytech.com\/wp-content\/uploads\/magic_gel_sprint_001.jpg","width":1024,"height":1024,"caption":"Magic Gel Sprint"},{"@type":"BreadcrumbList","@id":"https:\/\/svilupporaytech.com\/fr\/produit\/basse-tension\/isolants-de-remplissage\/gel-fr\/magic-gel-sprint\/#breadcrumb","itemListElement":[{"@type":"ListItem","position":1,"name":"Home","item":"https:\/\/svilupporaytech.com\/fr\/"},{"@type":"ListItem","position":2,"name":"Boutique","item":"https:\/\/svilupporaytech.com\/fr\/boutique\/"},{"@type":"ListItem","position":3,"name":"Magic Gel Sprint"}]},{"@type":"WebSite","@id":"https:\/\/svilupporaytech.com\/#website","url":"https:\/\/svilupporaytech.com\/","name":"Raytech","description":"Cable accessories company","potentialAction":[{"@type":"SearchAction","target":{"@type":"EntryPoint","urlTemplate":"https:\/\/svilupporaytech.com\/?s={search_term_string}"},"query-input":"required name=search_term_string"}],"inLanguage":"fr-FR"}]}},"_links":{"self":[{"href":"https:\/\/svilupporaytech.com\/fr\/wp-json\/wp\/v2\/product\/25693"}],"collection":[{"href":"https:\/\/svilupporaytech.com\/fr\/wp-json\/wp\/v2\/product"}],"about":[{"href":"https:\/\/svilupporaytech.com\/fr\/wp-json\/wp\/v2\/types\/product"}],"wp:featuredmedia":[{"embeddable":true,"href":"https:\/\/svilupporaytech.com\/fr\/wp-json\/wp\/v2\/media\/26569"}],"wp:attachment":[{"href":"https:\/\/svilupporaytech.com\/fr\/wp-json\/wp\/v2\/media?parent=25693"}],"wp:term":[{"taxonomy":"product_cat","embeddable":true,"href":"https:\/\/svilupporaytech.com\/fr\/wp-json\/wp\/v2\/product_cat?post=25693"},{"taxonomy":"product_tag","embeddable":true,"href":"https:\/\/svilupporaytech.com\/fr\/wp-json\/wp\/v2\/product_tag?post=25693"}],"curies":[{"name":"wp","href":"https:\/\/api.w.org\/{rel}","templated":true}]}}