{"id":33816,"date":"2023-06-08T10:51:03","date_gmt":"2023-06-08T09:51:03","guid":{"rendered":"https:\/\/svilupporaytech.com\/prodotto\/non%20class\u00e9\/little-joint-easy"},"modified":"2023-06-12T17:33:32","modified_gmt":"2023-06-12T16:33:32","slug":"little-joint-easy","status":"publish","type":"product","link":"https:\/\/svilupporaytech.com\/fr\/produit\/basse-tension\/jonction\/pre-remplis\/little-joint-easy\/","title":{"rendered":"LITTLE JOINT EASY"},"content":{"rendered":"<h4>Les mini jonctions IP68\/IP69K, pr\u00e9remplies en gel, avec connecteur \u00e0 levier in-out.<\/h4>\n<p>Gr\u00e2ce aux presse-\u00e9toupes int\u00e9gr\u00e9s, elles permettent le degr\u00e9 de protection IP68<br \/>\net IP69K et en m\u00eame temps le blocage de la jonction sur le c\u00e2ble. Adapt\u00e9es \u00e0 tout<br \/>\ntype d\u2019installation, m\u00eame aux plus extr\u00eames.<\/p>\n<ul>\n<li>Pr\u00e9-remplies avec du gel pas classifi\u00e9 comme dangereux selon la Directive<\/li>\n<li>CLP et sans date de p\u00e9remption.<\/li>\n<li>Ultra compactes et pr\u00eates \u00e0 l\u2019emploi.<\/li>\n<li>Produits id\u00e9als pour une connexion dans des \u00e9clairages de jardins, gradins et escaliers, all\u00e9es passantes, etc.<\/li>\n<li>Toujours r\u00e9-accessibles.<\/li>\n<\/ul>\n","protected":false},"excerpt":{"rendered":"<p>Les mini jonctions IP68\/IP69K, pr\u00e9remplies en gel, avec connecteur \u00e0 levier in-out. Gr\u00e2ce aux presse-\u00e9toupes int\u00e9gr\u00e9s, elles permettent le degr\u00e9 de protection IP68 et IP69K et en m\u00eame temps le<span class=\"excerpt-hellip\"> [\u2026]<\/span><\/p>\n","protected":false},"featured_media":33740,"template":"","meta":[],"product_cat":[136,138,141],"product_tag":[],"yoast_head":"<!-- This site is optimized with the Yoast SEO plugin v22.7 - https:\/\/yoast.com\/wordpress\/plugins\/seo\/ -->\n<title>LITTLE JOINT EASY - Mini giunti IP68 e IP69K pre-riempiti in gel | Raytech<\/title>\n<meta name=\"robots\" content=\"index, follow, max-snippet:-1, max-image-preview:large, max-video-preview:-1\" \/>\n<link rel=\"canonical\" href=\"https:\/\/svilupporaytech.com\/fr\/produit\/basse-tension\/jonction\/pre-remplis\/little-joint-easy\/\" \/>\n<meta property=\"og:locale\" content=\"fr_FR\" \/>\n<meta property=\"og:type\" content=\"article\" \/>\n<meta property=\"og:title\" content=\"LITTLE JOINT EASY - Mini giunti IP68 e IP69K pre-riempiti in gel | Raytech\" \/>\n<meta property=\"og:description\" content=\"Les mini jonctions IP68\/IP69K, pr\u00e9remplies en gel, avec connecteur \u00e0 levier in-out. Gr\u00e2ce aux presse-\u00e9toupes int\u00e9gr\u00e9s, elles permettent le degr\u00e9 de protection IP68 et IP69K et en m\u00eame temps le [\u2026]\" \/>\n<meta property=\"og:url\" content=\"https:\/\/svilupporaytech.com\/fr\/produit\/basse-tension\/jonction\/pre-remplis\/little-joint-easy\/\" \/>\n<meta property=\"og:site_name\" content=\"Raytech\" \/>\n<meta property=\"article:modified_time\" content=\"2023-06-12T16:33:32+00:00\" \/>\n<meta property=\"og:image\" content=\"https:\/\/svilupporaytech.com\/wp-content\/uploads\/LittleJoint-EASY.jpg\" \/>\n\t<meta property=\"og:image:width\" content=\"1024\" \/>\n\t<meta property=\"og:image:height\" content=\"1024\" \/>\n\t<meta property=\"og:image:type\" content=\"image\/jpeg\" \/>\n<meta name=\"twitter:card\" content=\"summary_large_image\" \/>\n<meta name=\"twitter:label1\" content=\"Dur\u00e9e de lecture estim\u00e9e\" \/>\n\t<meta name=\"twitter:data1\" content=\"1 minute\" \/>\n<script type=\"application\/ld+json\" class=\"yoast-schema-graph\">{\"@context\":\"https:\/\/schema.org\",\"@graph\":[{\"@type\":\"WebPage\",\"@id\":\"https:\/\/svilupporaytech.com\/fr\/produit\/basse-tension\/jonction\/pre-remplis\/little-joint-easy\/\",\"url\":\"https:\/\/svilupporaytech.com\/fr\/produit\/basse-tension\/jonction\/pre-remplis\/little-joint-easy\/\",\"name\":\"LITTLE JOINT EASY - Mini giunti IP68 e IP69K pre-riempiti in gel | Raytech\",\"isPartOf\":{\"@id\":\"https:\/\/svilupporaytech.com\/#website\"},\"primaryImageOfPage\":{\"@id\":\"https:\/\/svilupporaytech.com\/fr\/produit\/basse-tension\/jonction\/pre-remplis\/little-joint-easy\/#primaryimage\"},\"image\":{\"@id\":\"https:\/\/svilupporaytech.com\/fr\/produit\/basse-tension\/jonction\/pre-remplis\/little-joint-easy\/#primaryimage\"},\"thumbnailUrl\":\"https:\/\/svilupporaytech.com\/wp-content\/uploads\/LittleJoint-EASY.jpg\",\"datePublished\":\"2023-06-08T09:51:03+00:00\",\"dateModified\":\"2023-06-12T16:33:32+00:00\",\"breadcrumb\":{\"@id\":\"https:\/\/svilupporaytech.com\/fr\/produit\/basse-tension\/jonction\/pre-remplis\/little-joint-easy\/#breadcrumb\"},\"inLanguage\":\"fr-FR\",\"potentialAction\":[{\"@type\":\"ReadAction\",\"target\":[\"https:\/\/svilupporaytech.com\/fr\/produit\/basse-tension\/jonction\/pre-remplis\/little-joint-easy\/\"]}]},{\"@type\":\"ImageObject\",\"inLanguage\":\"fr-FR\",\"@id\":\"https:\/\/svilupporaytech.com\/fr\/produit\/basse-tension\/jonction\/pre-remplis\/little-joint-easy\/#primaryimage\",\"url\":\"https:\/\/svilupporaytech.com\/wp-content\/uploads\/LittleJoint-EASY.jpg\",\"contentUrl\":\"https:\/\/svilupporaytech.com\/wp-content\/uploads\/LittleJoint-EASY.jpg\",\"width\":1024,\"height\":1024},{\"@type\":\"BreadcrumbList\",\"@id\":\"https:\/\/svilupporaytech.com\/fr\/produit\/basse-tension\/jonction\/pre-remplis\/little-joint-easy\/#breadcrumb\",\"itemListElement\":[{\"@type\":\"ListItem\",\"position\":1,\"name\":\"Home\",\"item\":\"https:\/\/svilupporaytech.com\/fr\/\"},{\"@type\":\"ListItem\",\"position\":2,\"name\":\"Boutique\",\"item\":\"https:\/\/svilupporaytech.com\/fr\/boutique\/\"},{\"@type\":\"ListItem\",\"position\":3,\"name\":\"LITTLE JOINT EASY\"}]},{\"@type\":\"WebSite\",\"@id\":\"https:\/\/svilupporaytech.com\/#website\",\"url\":\"https:\/\/svilupporaytech.com\/\",\"name\":\"Raytech\",\"description\":\"Cable accessories company\",\"potentialAction\":[{\"@type\":\"SearchAction\",\"target\":{\"@type\":\"EntryPoint\",\"urlTemplate\":\"https:\/\/svilupporaytech.com\/?s={search_term_string}\"},\"query-input\":\"required name=search_term_string\"}],\"inLanguage\":\"fr-FR\"}]}<\/script>\n<!-- \/ Yoast SEO plugin. -->","yoast_head_json":{"title":"LITTLE JOINT EASY - Mini giunti IP68 e IP69K pre-riempiti in gel | Raytech","robots":{"index":"index","follow":"follow","max-snippet":"max-snippet:-1","max-image-preview":"max-image-preview:large","max-video-preview":"max-video-preview:-1"},"canonical":"https:\/\/svilupporaytech.com\/fr\/produit\/basse-tension\/jonction\/pre-remplis\/little-joint-easy\/","og_locale":"fr_FR","og_type":"article","og_title":"LITTLE JOINT EASY - Mini giunti IP68 e IP69K pre-riempiti in gel | Raytech","og_description":"Les mini jonctions IP68\/IP69K, pr\u00e9remplies en gel, avec connecteur \u00e0 levier in-out. Gr\u00e2ce aux presse-\u00e9toupes int\u00e9gr\u00e9s, elles permettent le degr\u00e9 de protection IP68 et IP69K et en m\u00eame temps le [\u2026]","og_url":"https:\/\/svilupporaytech.com\/fr\/produit\/basse-tension\/jonction\/pre-remplis\/little-joint-easy\/","og_site_name":"Raytech","article_modified_time":"2023-06-12T16:33:32+00:00","og_image":[{"width":1024,"height":1024,"url":"https:\/\/svilupporaytech.com\/wp-content\/uploads\/LittleJoint-EASY.jpg","type":"image\/jpeg"}],"twitter_card":"summary_large_image","twitter_misc":{"Dur\u00e9e de lecture estim\u00e9e":"1 minute"},"schema":{"@context":"https:\/\/schema.org","@graph":[{"@type":"WebPage","@id":"https:\/\/svilupporaytech.com\/fr\/produit\/basse-tension\/jonction\/pre-remplis\/little-joint-easy\/","url":"https:\/\/svilupporaytech.com\/fr\/produit\/basse-tension\/jonction\/pre-remplis\/little-joint-easy\/","name":"LITTLE JOINT EASY - Mini giunti IP68 e IP69K pre-riempiti in gel | Raytech","isPartOf":{"@id":"https:\/\/svilupporaytech.com\/#website"},"primaryImageOfPage":{"@id":"https:\/\/svilupporaytech.com\/fr\/produit\/basse-tension\/jonction\/pre-remplis\/little-joint-easy\/#primaryimage"},"image":{"@id":"https:\/\/svilupporaytech.com\/fr\/produit\/basse-tension\/jonction\/pre-remplis\/little-joint-easy\/#primaryimage"},"thumbnailUrl":"https:\/\/svilupporaytech.com\/wp-content\/uploads\/LittleJoint-EASY.jpg","datePublished":"2023-06-08T09:51:03+00:00","dateModified":"2023-06-12T16:33:32+00:00","breadcrumb":{"@id":"https:\/\/svilupporaytech.com\/fr\/produit\/basse-tension\/jonction\/pre-remplis\/little-joint-easy\/#breadcrumb"},"inLanguage":"fr-FR","potentialAction":[{"@type":"ReadAction","target":["https:\/\/svilupporaytech.com\/fr\/produit\/basse-tension\/jonction\/pre-remplis\/little-joint-easy\/"]}]},{"@type":"ImageObject","inLanguage":"fr-FR","@id":"https:\/\/svilupporaytech.com\/fr\/produit\/basse-tension\/jonction\/pre-remplis\/little-joint-easy\/#primaryimage","url":"https:\/\/svilupporaytech.com\/wp-content\/uploads\/LittleJoint-EASY.jpg","contentUrl":"https:\/\/svilupporaytech.com\/wp-content\/uploads\/LittleJoint-EASY.jpg","width":1024,"height":1024},{"@type":"BreadcrumbList","@id":"https:\/\/svilupporaytech.com\/fr\/produit\/basse-tension\/jonction\/pre-remplis\/little-joint-easy\/#breadcrumb","itemListElement":[{"@type":"ListItem","position":1,"name":"Home","item":"https:\/\/svilupporaytech.com\/fr\/"},{"@type":"ListItem","position":2,"name":"Boutique","item":"https:\/\/svilupporaytech.com\/fr\/boutique\/"},{"@type":"ListItem","position":3,"name":"LITTLE JOINT EASY"}]},{"@type":"WebSite","@id":"https:\/\/svilupporaytech.com\/#website","url":"https:\/\/svilupporaytech.com\/","name":"Raytech","description":"Cable accessories company","potentialAction":[{"@type":"SearchAction","target":{"@type":"EntryPoint","urlTemplate":"https:\/\/svilupporaytech.com\/?s={search_term_string}"},"query-input":"required name=search_term_string"}],"inLanguage":"fr-FR"}]}},"_links":{"self":[{"href":"https:\/\/svilupporaytech.com\/fr\/wp-json\/wp\/v2\/product\/33816"}],"collection":[{"href":"https:\/\/svilupporaytech.com\/fr\/wp-json\/wp\/v2\/product"}],"about":[{"href":"https:\/\/svilupporaytech.com\/fr\/wp-json\/wp\/v2\/types\/product"}],"wp:featuredmedia":[{"embeddable":true,"href":"https:\/\/svilupporaytech.com\/fr\/wp-json\/wp\/v2\/media\/33740"}],"wp:attachment":[{"href":"https:\/\/svilupporaytech.com\/fr\/wp-json\/wp\/v2\/media?parent=33816"}],"wp:term":[{"taxonomy":"product_cat","embeddable":true,"href":"https:\/\/svilupporaytech.com\/fr\/wp-json\/wp\/v2\/product_cat?post=33816"},{"taxonomy":"product_tag","embeddable":true,"href":"https:\/\/svilupporaytech.com\/fr\/wp-json\/wp\/v2\/product_tag?post=33816"}],"curies":[{"name":"wp","href":"https:\/\/api.w.org\/{rel}","templated":true}]}}