{"id":6031,"date":"2015-07-15T10:18:23","date_gmt":"2015-12-14T10:47:33","guid":{"rendered":"https:\/\/svilupporaytech.com\/?post_type=product&#038;p=6031&#038;lang=fr"},"modified":"2019-08-01T09:00:49","modified_gmt":"2019-08-01T09:00:49","slug":"king-joint","status":"publish","type":"product","link":"https:\/\/svilupporaytech.com\/fr\/produit\/basse-tension\/jonction\/pre-remplis\/king-joint\/","title":{"rendered":"King Joint"},"content":{"rendered":"<h4><span style=\"color: #009832;\">Gamme de jonctions rapides pr\u00e9-remplies en gel, de type droit et d\u00e9riv\u00e9, pour c\u00e2bles multipolaires 0,6\/1 kV jusqu\u2019\u00e0 5 brins<\/span><\/h4>\n<p>L\u2019isolation primaire, constitu\u00e9e d\u2019un gel polym\u00e9rique r\u00e9ticul\u00e9 et d\u2019une enveloppe en plastique isolante de robustesse exceptionnelle, fait que le joint est conforme \u00e0 la norme CEI 64-8 par la classe 2. Le joint, test\u00e9 selon les principes sp\u00e9cifiques internationaux, avec des cycles r\u00e9p\u00e9t\u00e9s de flexion, de torsion et d\u2019immersion dans l\u2019eau, a \u00e9t\u00e9 d\u00e9clar\u00e9 conforme aux qualit\u00e9s m\u00e9caniques, \u00e9lectriques et de et d\u2019\u00e9tanch\u00e9it\u00e9s n\u00e9cessaires aux accessoires pour c\u00e2bles plastiques. Le joint et ses composants sont sans p\u00e9remption de stockage, chimiquement inertes et donc absolument s\u00fbrs. Les connexions des conducteurs sont r\u00e9-accessibles m\u00eame apr\u00e8s des longues p\u00e9riodes d\u2019exploitation. Con\u00e7u avec du mat\u00e9riel auto-extinguible, il ne propage pas les flammes. Pour des c\u00e2bles ayant une temp\u00e9rature de fonctionnement de 90\u00b0C<\/p>\n<ul>\n<li><span style=\"color: #008b33;\">Pour c\u00e2bles multipolaires jusqu\u2019\u00e0 5 \u00e2mes<\/span><\/li>\n<li><span style=\"color: #008b33;\">Espaceur \u00e0 5 secteurs pour une parfaite connexion \u00e0 5 p\u00f4les<\/span><\/li>\n<li><span style=\"color: #008b33;\">Fournis avec connecteurs \u00e0 vis<\/span><\/li>\n<li><span style=\"color: #008b33;\">Pour des connexions droites et d\u00e9riv\u00e9es, m\u00eame de type arm\u00e9<\/span><\/li>\n<li><span style=\"color: #008b33;\">Pour <\/span><span style=\"color: #008b33;\">tout type d\u2019utilisation, m\u00eame immerg\u00e9e<\/span><\/li>\n<li><span style=\"color: #008b33;\">R\u00e9-accessibles et sans p\u00e9remption<\/span><\/li>\n<li><span style=\"color: #008b33;\">Non propagateurs de flamme<\/span><\/li>\n<li><span style=\"color: #008b33;\">Atoxiques et s\u00fbrs<\/span><\/li>\n<\/ul>\n","protected":false},"excerpt":{"rendered":"<p>Gamme de jonctions rapides pr\u00e9-remplies en gel, de type droit et d\u00e9riv\u00e9, pour c\u00e2bles multipolaires 0,6\/1 kV jusqu\u2019\u00e0 5 brins L\u2019isolation primaire, constitu\u00e9e d\u2019un gel polym\u00e9rique r\u00e9ticul\u00e9 et d\u2019une enveloppe<span class=\"excerpt-hellip\"> [\u2026]<\/span><\/p>\n","protected":false},"featured_media":2811,"template":"","meta":[],"product_cat":[136,138,141],"product_tag":[],"yoast_head":"<!-- This site is optimized with the Yoast SEO plugin v22.7 - https:\/\/yoast.com\/wordpress\/plugins\/seo\/ -->\n<title>King Joint | Raytech<\/title>\n<meta name=\"robots\" content=\"index, follow, max-snippet:-1, max-image-preview:large, max-video-preview:-1\" \/>\n<link rel=\"canonical\" href=\"https:\/\/svilupporaytech.com\/fr\/produit\/basse-tension\/jonction\/pre-remplis\/king-joint\/\" \/>\n<meta property=\"og:locale\" content=\"fr_FR\" \/>\n<meta property=\"og:type\" content=\"article\" \/>\n<meta property=\"og:title\" content=\"King Joint | Raytech\" \/>\n<meta property=\"og:description\" content=\"Gamme de jonctions rapides pr\u00e9-remplies en gel, de type droit et d\u00e9riv\u00e9, pour c\u00e2bles multipolaires 0,6\/1 kV jusqu\u2019\u00e0 5 brins L\u2019isolation primaire, constitu\u00e9e d\u2019un gel polym\u00e9rique r\u00e9ticul\u00e9 et d\u2019une enveloppe [\u2026]\" \/>\n<meta property=\"og:url\" content=\"https:\/\/svilupporaytech.com\/fr\/produit\/basse-tension\/jonction\/pre-remplis\/king-joint\/\" \/>\n<meta property=\"og:site_name\" content=\"Raytech\" \/>\n<meta property=\"article:modified_time\" content=\"2019-08-01T09:00:49+00:00\" \/>\n<meta property=\"og:image\" content=\"https:\/\/svilupporaytech.com\/wp-content\/uploads\/king-joint-1.jpg\" \/>\n\t<meta property=\"og:image:width\" content=\"1024\" \/>\n\t<meta property=\"og:image:height\" content=\"1024\" \/>\n\t<meta property=\"og:image:type\" content=\"image\/jpeg\" \/>\n<meta name=\"twitter:card\" content=\"summary_large_image\" \/>\n<meta name=\"twitter:label1\" content=\"Dur\u00e9e de lecture estim\u00e9e\" \/>\n\t<meta name=\"twitter:data1\" content=\"1 minute\" \/>\n<script type=\"application\/ld+json\" class=\"yoast-schema-graph\">{\"@context\":\"https:\/\/schema.org\",\"@graph\":[{\"@type\":\"WebPage\",\"@id\":\"https:\/\/svilupporaytech.com\/fr\/produit\/basse-tension\/jonction\/pre-remplis\/king-joint\/\",\"url\":\"https:\/\/svilupporaytech.com\/fr\/produit\/basse-tension\/jonction\/pre-remplis\/king-joint\/\",\"name\":\"King Joint | Raytech\",\"isPartOf\":{\"@id\":\"https:\/\/svilupporaytech.com\/#website\"},\"primaryImageOfPage\":{\"@id\":\"https:\/\/svilupporaytech.com\/fr\/produit\/basse-tension\/jonction\/pre-remplis\/king-joint\/#primaryimage\"},\"image\":{\"@id\":\"https:\/\/svilupporaytech.com\/fr\/produit\/basse-tension\/jonction\/pre-remplis\/king-joint\/#primaryimage\"},\"thumbnailUrl\":\"https:\/\/svilupporaytech.com\/wp-content\/uploads\/king-joint-1.jpg\",\"datePublished\":\"2015-12-14T10:47:33+00:00\",\"dateModified\":\"2019-08-01T09:00:49+00:00\",\"breadcrumb\":{\"@id\":\"https:\/\/svilupporaytech.com\/fr\/produit\/basse-tension\/jonction\/pre-remplis\/king-joint\/#breadcrumb\"},\"inLanguage\":\"fr-FR\",\"potentialAction\":[{\"@type\":\"ReadAction\",\"target\":[\"https:\/\/svilupporaytech.com\/fr\/produit\/basse-tension\/jonction\/pre-remplis\/king-joint\/\"]}]},{\"@type\":\"ImageObject\",\"inLanguage\":\"fr-FR\",\"@id\":\"https:\/\/svilupporaytech.com\/fr\/produit\/basse-tension\/jonction\/pre-remplis\/king-joint\/#primaryimage\",\"url\":\"https:\/\/svilupporaytech.com\/wp-content\/uploads\/king-joint-1.jpg\",\"contentUrl\":\"https:\/\/svilupporaytech.com\/wp-content\/uploads\/king-joint-1.jpg\",\"width\":1024,\"height\":1024},{\"@type\":\"BreadcrumbList\",\"@id\":\"https:\/\/svilupporaytech.com\/fr\/produit\/basse-tension\/jonction\/pre-remplis\/king-joint\/#breadcrumb\",\"itemListElement\":[{\"@type\":\"ListItem\",\"position\":1,\"name\":\"Home\",\"item\":\"https:\/\/svilupporaytech.com\/fr\/\"},{\"@type\":\"ListItem\",\"position\":2,\"name\":\"Boutique\",\"item\":\"https:\/\/svilupporaytech.com\/fr\/boutique\/\"},{\"@type\":\"ListItem\",\"position\":3,\"name\":\"King Joint\"}]},{\"@type\":\"WebSite\",\"@id\":\"https:\/\/svilupporaytech.com\/#website\",\"url\":\"https:\/\/svilupporaytech.com\/\",\"name\":\"Raytech\",\"description\":\"Cable accessories company\",\"potentialAction\":[{\"@type\":\"SearchAction\",\"target\":{\"@type\":\"EntryPoint\",\"urlTemplate\":\"https:\/\/svilupporaytech.com\/?s={search_term_string}\"},\"query-input\":\"required name=search_term_string\"}],\"inLanguage\":\"fr-FR\"}]}<\/script>\n<!-- \/ Yoast SEO plugin. -->","yoast_head_json":{"title":"King Joint | Raytech","robots":{"index":"index","follow":"follow","max-snippet":"max-snippet:-1","max-image-preview":"max-image-preview:large","max-video-preview":"max-video-preview:-1"},"canonical":"https:\/\/svilupporaytech.com\/fr\/produit\/basse-tension\/jonction\/pre-remplis\/king-joint\/","og_locale":"fr_FR","og_type":"article","og_title":"King Joint | Raytech","og_description":"Gamme de jonctions rapides pr\u00e9-remplies en gel, de type droit et d\u00e9riv\u00e9, pour c\u00e2bles multipolaires 0,6\/1 kV jusqu\u2019\u00e0 5 brins L\u2019isolation primaire, constitu\u00e9e d\u2019un gel polym\u00e9rique r\u00e9ticul\u00e9 et d\u2019une enveloppe [\u2026]","og_url":"https:\/\/svilupporaytech.com\/fr\/produit\/basse-tension\/jonction\/pre-remplis\/king-joint\/","og_site_name":"Raytech","article_modified_time":"2019-08-01T09:00:49+00:00","og_image":[{"width":1024,"height":1024,"url":"https:\/\/svilupporaytech.com\/wp-content\/uploads\/king-joint-1.jpg","type":"image\/jpeg"}],"twitter_card":"summary_large_image","twitter_misc":{"Dur\u00e9e de lecture estim\u00e9e":"1 minute"},"schema":{"@context":"https:\/\/schema.org","@graph":[{"@type":"WebPage","@id":"https:\/\/svilupporaytech.com\/fr\/produit\/basse-tension\/jonction\/pre-remplis\/king-joint\/","url":"https:\/\/svilupporaytech.com\/fr\/produit\/basse-tension\/jonction\/pre-remplis\/king-joint\/","name":"King Joint | Raytech","isPartOf":{"@id":"https:\/\/svilupporaytech.com\/#website"},"primaryImageOfPage":{"@id":"https:\/\/svilupporaytech.com\/fr\/produit\/basse-tension\/jonction\/pre-remplis\/king-joint\/#primaryimage"},"image":{"@id":"https:\/\/svilupporaytech.com\/fr\/produit\/basse-tension\/jonction\/pre-remplis\/king-joint\/#primaryimage"},"thumbnailUrl":"https:\/\/svilupporaytech.com\/wp-content\/uploads\/king-joint-1.jpg","datePublished":"2015-12-14T10:47:33+00:00","dateModified":"2019-08-01T09:00:49+00:00","breadcrumb":{"@id":"https:\/\/svilupporaytech.com\/fr\/produit\/basse-tension\/jonction\/pre-remplis\/king-joint\/#breadcrumb"},"inLanguage":"fr-FR","potentialAction":[{"@type":"ReadAction","target":["https:\/\/svilupporaytech.com\/fr\/produit\/basse-tension\/jonction\/pre-remplis\/king-joint\/"]}]},{"@type":"ImageObject","inLanguage":"fr-FR","@id":"https:\/\/svilupporaytech.com\/fr\/produit\/basse-tension\/jonction\/pre-remplis\/king-joint\/#primaryimage","url":"https:\/\/svilupporaytech.com\/wp-content\/uploads\/king-joint-1.jpg","contentUrl":"https:\/\/svilupporaytech.com\/wp-content\/uploads\/king-joint-1.jpg","width":1024,"height":1024},{"@type":"BreadcrumbList","@id":"https:\/\/svilupporaytech.com\/fr\/produit\/basse-tension\/jonction\/pre-remplis\/king-joint\/#breadcrumb","itemListElement":[{"@type":"ListItem","position":1,"name":"Home","item":"https:\/\/svilupporaytech.com\/fr\/"},{"@type":"ListItem","position":2,"name":"Boutique","item":"https:\/\/svilupporaytech.com\/fr\/boutique\/"},{"@type":"ListItem","position":3,"name":"King Joint"}]},{"@type":"WebSite","@id":"https:\/\/svilupporaytech.com\/#website","url":"https:\/\/svilupporaytech.com\/","name":"Raytech","description":"Cable accessories company","potentialAction":[{"@type":"SearchAction","target":{"@type":"EntryPoint","urlTemplate":"https:\/\/svilupporaytech.com\/?s={search_term_string}"},"query-input":"required name=search_term_string"}],"inLanguage":"fr-FR"}]}},"_links":{"self":[{"href":"https:\/\/svilupporaytech.com\/fr\/wp-json\/wp\/v2\/product\/6031"}],"collection":[{"href":"https:\/\/svilupporaytech.com\/fr\/wp-json\/wp\/v2\/product"}],"about":[{"href":"https:\/\/svilupporaytech.com\/fr\/wp-json\/wp\/v2\/types\/product"}],"wp:featuredmedia":[{"embeddable":true,"href":"https:\/\/svilupporaytech.com\/fr\/wp-json\/wp\/v2\/media\/2811"}],"wp:attachment":[{"href":"https:\/\/svilupporaytech.com\/fr\/wp-json\/wp\/v2\/media?parent=6031"}],"wp:term":[{"taxonomy":"product_cat","embeddable":true,"href":"https:\/\/svilupporaytech.com\/fr\/wp-json\/wp\/v2\/product_cat?post=6031"},{"taxonomy":"product_tag","embeddable":true,"href":"https:\/\/svilupporaytech.com\/fr\/wp-json\/wp\/v2\/product_tag?post=6031"}],"curies":[{"name":"wp","href":"https:\/\/api.w.org\/{rel}","templated":true}]}}