{"id":6056,"date":"2015-07-15T12:36:42","date_gmt":"2015-12-14T11:31:55","guid":{"rendered":"https:\/\/svilupporaytech.com\/?post_type=product&#038;p=6056&#038;lang=fr"},"modified":"2019-12-21T16:51:30","modified_gmt":"2019-12-21T15:51:30","slug":"gel-cover-line","status":"publish","type":"product","link":"https:\/\/svilupporaytech.com\/fr\/produit\/basse-tension\/jonction\/pre-remplis\/gel-cover-line\/","title":{"rendered":"Gel Cover Line"},"content":{"rendered":"<p>Accessoire pr\u00e9-rempli en gel pour des connexions droites pour la protection, la s\u00e9curit\u00e9 et la couverture de connexions \u00e9lectriques avec connecteurs<\/p>\n<ul>\n<li><span style=\"color: #009233;\">Pour des c\u00e2bles 3 x 1 \u00e0 6 mm2, ou de 3 fils isol\u00e9s<\/span><\/li>\n<li><span style=\"color: #009233;\">Pour des connexions civiles et industrielles<\/span><\/li>\n<li><span style=\"color: #009233;\">Pour ajuster les installations domestiques<\/span><\/li>\n<li><span style=\"color: #009233;\">\u00c9galement pour usage immerg\u00e9<\/span><\/li>\n<li><span style=\"color: #009233;\">Atoxique et sans p\u00e9remption<\/span><\/li>\n<li><span style=\"color: #009233;\">Pr\u00eat \u00e0 l\u2019emploi<\/span><\/li>\n<\/ul>\n","protected":false},"excerpt":{"rendered":"<p>Accessoire pr\u00e9-rempli en gel pour des connexions droites pour la protection, la s\u00e9curit\u00e9 et la couverture de connexions \u00e9lectriques avec connecteurs Pour des c\u00e2bles 3 x 1 \u00e0 6 mm2,<span class=\"excerpt-hellip\"> [\u2026]<\/span><\/p>\n","protected":false},"featured_media":8877,"template":"","meta":[],"product_cat":[136,138,141],"product_tag":[],"yoast_head":"<!-- This site is optimized with the Yoast SEO plugin v22.7 - https:\/\/yoast.com\/wordpress\/plugins\/seo\/ -->\n<title>Gel Cover Line | Raytech<\/title>\n<meta name=\"robots\" content=\"index, follow, max-snippet:-1, max-image-preview:large, max-video-preview:-1\" \/>\n<link rel=\"canonical\" href=\"https:\/\/svilupporaytech.com\/fr\/produit\/basse-tension\/jonction\/pre-remplis\/gel-cover-line\/\" \/>\n<meta property=\"og:locale\" content=\"fr_FR\" \/>\n<meta property=\"og:type\" content=\"article\" \/>\n<meta property=\"og:title\" content=\"Gel Cover Line | Raytech\" \/>\n<meta property=\"og:description\" content=\"Accessoire pr\u00e9-rempli en gel pour des connexions droites pour la protection, la s\u00e9curit\u00e9 et la couverture de connexions \u00e9lectriques avec connecteurs Pour des c\u00e2bles 3 x 1 \u00e0 6 mm2, [\u2026]\" \/>\n<meta property=\"og:url\" content=\"https:\/\/svilupporaytech.com\/fr\/produit\/basse-tension\/jonction\/pre-remplis\/gel-cover-line\/\" \/>\n<meta property=\"og:site_name\" content=\"Raytech\" \/>\n<meta property=\"article:modified_time\" content=\"2019-12-21T15:51:30+00:00\" \/>\n<meta property=\"og:image\" content=\"https:\/\/svilupporaytech.com\/wp-content\/uploads\/Gel-Cover-Line_con-cavo.jpg\" \/>\n\t<meta property=\"og:image:width\" content=\"1000\" \/>\n\t<meta property=\"og:image:height\" content=\"1000\" \/>\n\t<meta property=\"og:image:type\" content=\"image\/jpeg\" \/>\n<meta name=\"twitter:card\" content=\"summary_large_image\" \/>\n<script type=\"application\/ld+json\" class=\"yoast-schema-graph\">{\"@context\":\"https:\/\/schema.org\",\"@graph\":[{\"@type\":\"WebPage\",\"@id\":\"https:\/\/svilupporaytech.com\/fr\/produit\/basse-tension\/jonction\/pre-remplis\/gel-cover-line\/\",\"url\":\"https:\/\/svilupporaytech.com\/fr\/produit\/basse-tension\/jonction\/pre-remplis\/gel-cover-line\/\",\"name\":\"Gel Cover Line | Raytech\",\"isPartOf\":{\"@id\":\"https:\/\/svilupporaytech.com\/#website\"},\"primaryImageOfPage\":{\"@id\":\"https:\/\/svilupporaytech.com\/fr\/produit\/basse-tension\/jonction\/pre-remplis\/gel-cover-line\/#primaryimage\"},\"image\":{\"@id\":\"https:\/\/svilupporaytech.com\/fr\/produit\/basse-tension\/jonction\/pre-remplis\/gel-cover-line\/#primaryimage\"},\"thumbnailUrl\":\"https:\/\/svilupporaytech.com\/wp-content\/uploads\/Gel-Cover-Line_con-cavo.jpg\",\"datePublished\":\"2015-12-14T11:31:55+00:00\",\"dateModified\":\"2019-12-21T15:51:30+00:00\",\"breadcrumb\":{\"@id\":\"https:\/\/svilupporaytech.com\/fr\/produit\/basse-tension\/jonction\/pre-remplis\/gel-cover-line\/#breadcrumb\"},\"inLanguage\":\"fr-FR\",\"potentialAction\":[{\"@type\":\"ReadAction\",\"target\":[\"https:\/\/svilupporaytech.com\/fr\/produit\/basse-tension\/jonction\/pre-remplis\/gel-cover-line\/\"]}]},{\"@type\":\"ImageObject\",\"inLanguage\":\"fr-FR\",\"@id\":\"https:\/\/svilupporaytech.com\/fr\/produit\/basse-tension\/jonction\/pre-remplis\/gel-cover-line\/#primaryimage\",\"url\":\"https:\/\/svilupporaytech.com\/wp-content\/uploads\/Gel-Cover-Line_con-cavo.jpg\",\"contentUrl\":\"https:\/\/svilupporaytech.com\/wp-content\/uploads\/Gel-Cover-Line_con-cavo.jpg\",\"width\":1000,\"height\":1000},{\"@type\":\"BreadcrumbList\",\"@id\":\"https:\/\/svilupporaytech.com\/fr\/produit\/basse-tension\/jonction\/pre-remplis\/gel-cover-line\/#breadcrumb\",\"itemListElement\":[{\"@type\":\"ListItem\",\"position\":1,\"name\":\"Home\",\"item\":\"https:\/\/svilupporaytech.com\/fr\/\"},{\"@type\":\"ListItem\",\"position\":2,\"name\":\"Boutique\",\"item\":\"https:\/\/svilupporaytech.com\/fr\/boutique\/\"},{\"@type\":\"ListItem\",\"position\":3,\"name\":\"Gel Cover Line\"}]},{\"@type\":\"WebSite\",\"@id\":\"https:\/\/svilupporaytech.com\/#website\",\"url\":\"https:\/\/svilupporaytech.com\/\",\"name\":\"Raytech\",\"description\":\"Cable accessories company\",\"potentialAction\":[{\"@type\":\"SearchAction\",\"target\":{\"@type\":\"EntryPoint\",\"urlTemplate\":\"https:\/\/svilupporaytech.com\/?s={search_term_string}\"},\"query-input\":\"required name=search_term_string\"}],\"inLanguage\":\"fr-FR\"}]}<\/script>\n<!-- \/ Yoast SEO plugin. -->","yoast_head_json":{"title":"Gel Cover Line | Raytech","robots":{"index":"index","follow":"follow","max-snippet":"max-snippet:-1","max-image-preview":"max-image-preview:large","max-video-preview":"max-video-preview:-1"},"canonical":"https:\/\/svilupporaytech.com\/fr\/produit\/basse-tension\/jonction\/pre-remplis\/gel-cover-line\/","og_locale":"fr_FR","og_type":"article","og_title":"Gel Cover Line | Raytech","og_description":"Accessoire pr\u00e9-rempli en gel pour des connexions droites pour la protection, la s\u00e9curit\u00e9 et la couverture de connexions \u00e9lectriques avec connecteurs Pour des c\u00e2bles 3 x 1 \u00e0 6 mm2, [\u2026]","og_url":"https:\/\/svilupporaytech.com\/fr\/produit\/basse-tension\/jonction\/pre-remplis\/gel-cover-line\/","og_site_name":"Raytech","article_modified_time":"2019-12-21T15:51:30+00:00","og_image":[{"width":1000,"height":1000,"url":"https:\/\/svilupporaytech.com\/wp-content\/uploads\/Gel-Cover-Line_con-cavo.jpg","type":"image\/jpeg"}],"twitter_card":"summary_large_image","schema":{"@context":"https:\/\/schema.org","@graph":[{"@type":"WebPage","@id":"https:\/\/svilupporaytech.com\/fr\/produit\/basse-tension\/jonction\/pre-remplis\/gel-cover-line\/","url":"https:\/\/svilupporaytech.com\/fr\/produit\/basse-tension\/jonction\/pre-remplis\/gel-cover-line\/","name":"Gel Cover Line | Raytech","isPartOf":{"@id":"https:\/\/svilupporaytech.com\/#website"},"primaryImageOfPage":{"@id":"https:\/\/svilupporaytech.com\/fr\/produit\/basse-tension\/jonction\/pre-remplis\/gel-cover-line\/#primaryimage"},"image":{"@id":"https:\/\/svilupporaytech.com\/fr\/produit\/basse-tension\/jonction\/pre-remplis\/gel-cover-line\/#primaryimage"},"thumbnailUrl":"https:\/\/svilupporaytech.com\/wp-content\/uploads\/Gel-Cover-Line_con-cavo.jpg","datePublished":"2015-12-14T11:31:55+00:00","dateModified":"2019-12-21T15:51:30+00:00","breadcrumb":{"@id":"https:\/\/svilupporaytech.com\/fr\/produit\/basse-tension\/jonction\/pre-remplis\/gel-cover-line\/#breadcrumb"},"inLanguage":"fr-FR","potentialAction":[{"@type":"ReadAction","target":["https:\/\/svilupporaytech.com\/fr\/produit\/basse-tension\/jonction\/pre-remplis\/gel-cover-line\/"]}]},{"@type":"ImageObject","inLanguage":"fr-FR","@id":"https:\/\/svilupporaytech.com\/fr\/produit\/basse-tension\/jonction\/pre-remplis\/gel-cover-line\/#primaryimage","url":"https:\/\/svilupporaytech.com\/wp-content\/uploads\/Gel-Cover-Line_con-cavo.jpg","contentUrl":"https:\/\/svilupporaytech.com\/wp-content\/uploads\/Gel-Cover-Line_con-cavo.jpg","width":1000,"height":1000},{"@type":"BreadcrumbList","@id":"https:\/\/svilupporaytech.com\/fr\/produit\/basse-tension\/jonction\/pre-remplis\/gel-cover-line\/#breadcrumb","itemListElement":[{"@type":"ListItem","position":1,"name":"Home","item":"https:\/\/svilupporaytech.com\/fr\/"},{"@type":"ListItem","position":2,"name":"Boutique","item":"https:\/\/svilupporaytech.com\/fr\/boutique\/"},{"@type":"ListItem","position":3,"name":"Gel Cover Line"}]},{"@type":"WebSite","@id":"https:\/\/svilupporaytech.com\/#website","url":"https:\/\/svilupporaytech.com\/","name":"Raytech","description":"Cable accessories company","potentialAction":[{"@type":"SearchAction","target":{"@type":"EntryPoint","urlTemplate":"https:\/\/svilupporaytech.com\/?s={search_term_string}"},"query-input":"required name=search_term_string"}],"inLanguage":"fr-FR"}]}},"_links":{"self":[{"href":"https:\/\/svilupporaytech.com\/fr\/wp-json\/wp\/v2\/product\/6056"}],"collection":[{"href":"https:\/\/svilupporaytech.com\/fr\/wp-json\/wp\/v2\/product"}],"about":[{"href":"https:\/\/svilupporaytech.com\/fr\/wp-json\/wp\/v2\/types\/product"}],"wp:featuredmedia":[{"embeddable":true,"href":"https:\/\/svilupporaytech.com\/fr\/wp-json\/wp\/v2\/media\/8877"}],"wp:attachment":[{"href":"https:\/\/svilupporaytech.com\/fr\/wp-json\/wp\/v2\/media?parent=6056"}],"wp:term":[{"taxonomy":"product_cat","embeddable":true,"href":"https:\/\/svilupporaytech.com\/fr\/wp-json\/wp\/v2\/product_cat?post=6056"},{"taxonomy":"product_tag","embeddable":true,"href":"https:\/\/svilupporaytech.com\/fr\/wp-json\/wp\/v2\/product_tag?post=6056"}],"curies":[{"name":"wp","href":"https:\/\/api.w.org\/{rel}","templated":true}]}}