{"id":6073,"date":"2015-07-15T13:01:33","date_gmt":"2015-12-14T11:52:13","guid":{"rendered":"https:\/\/svilupporaytech.com\/?post_type=product&#038;p=6073&#038;lang=fr"},"modified":"2019-11-11T15:23:48","modified_gmt":"2019-11-11T15:23:48","slug":"magic-power-joint","status":"publish","type":"product","link":"https:\/\/svilupporaytech.com\/fr\/produit\/basse-tension\/jonction\/par-coulee\/magic-power-joint\/","title":{"rendered":"Magic Power Joint"},"content":{"rendered":"<h4><span style=\"color: #009832;\">Joint droit ou d\u00e9riv\u00e9 avec isolant de remplissage de type Magic Power Gel pour c\u00e2bles avec isolant extrud\u00e9 jusqu\u2019\u00e0 1 kV<\/span><\/h4>\n<p>Joints pour c\u00e2bles extrud\u00e9s F(R)G7OR 0.6\/1 kV. Faciles \u00e0 installer, ils sont compos\u00e9s de deux demi-coquilles en plastique incassable, \u00e0 remplir avec l\u2019isolant bi-composant atoxique \u00e0 r\u00e9ticulation rapide, de type Magic Power Gel. Adapt\u00e9s pour une installation en regards, caniveaux ou directement enterr\u00e9s ou immerg\u00e9s. Atoxiques, surs, l\u00e9gers et r\u00e9-accessibles, gr\u00e2ce \u00e0 la souplesse de l\u2019isolant, ils peuvent absorber les chocs externes sans se fissurer ; la viscosit\u00e9 \u00e9lev\u00e9e de l\u2019isolant, unie \u00e0 la souplesse qui permet de transmettre la pression de l\u2019eau, facilite la pose m\u00eame en grandes profondeurs.<\/p>\n<ul>\n<li><span style=\"color: #009832;\">Le joint r\u00e9-accessible et v\u00e9rifiable<\/span><\/li>\n<li><span style=\"color: #009832;\">Isol\u00e9 avec <strong>Magic Power Gel<\/strong> le gel innovant en flacon unique auto-agglom\u00e9rant<\/span><\/li>\n<li><span style=\"color: #009832;\">Pour des installations m\u00eame en conditions particuli\u00e8res et en grande profondeur<\/span><\/li>\n<li><span style=\"color: #009832;\">Adh\u00e8re et scelle parfaitement<\/span><\/li>\n<li><span style=\"color: #009832;\">Atoxique et s\u00fbr<\/span><\/li>\n<li><span style=\"color: #009832;\">Sans date limite<\/span><\/li>\n<\/ul>\n","protected":false},"excerpt":{"rendered":"<p>Joint droit ou d\u00e9riv\u00e9 avec isolant de remplissage de type Magic Power Gel pour c\u00e2bles avec isolant extrud\u00e9 jusqu\u2019\u00e0 1 kV Joints pour c\u00e2bles extrud\u00e9s F(R)G7OR 0.6\/1 kV. Faciles \u00e0<span class=\"excerpt-hellip\"> [\u2026]<\/span><\/p>\n","protected":false},"featured_media":3158,"template":"","meta":[],"product_cat":[136,138,140],"product_tag":[],"yoast_head":"<!-- This site is optimized with the Yoast SEO plugin v22.7 - https:\/\/yoast.com\/wordpress\/plugins\/seo\/ -->\n<title>Magic Power Joint | Raytech<\/title>\n<meta name=\"robots\" content=\"index, follow, max-snippet:-1, max-image-preview:large, max-video-preview:-1\" \/>\n<link rel=\"canonical\" href=\"https:\/\/svilupporaytech.com\/fr\/produit\/basse-tension\/jonction\/par-coulee\/magic-power-joint\/\" \/>\n<meta property=\"og:locale\" content=\"fr_FR\" \/>\n<meta property=\"og:type\" content=\"article\" \/>\n<meta property=\"og:title\" content=\"Magic Power Joint | Raytech\" \/>\n<meta property=\"og:description\" content=\"Joint droit ou d\u00e9riv\u00e9 avec isolant de remplissage de type Magic Power Gel pour c\u00e2bles avec isolant extrud\u00e9 jusqu\u2019\u00e0 1 kV Joints pour c\u00e2bles extrud\u00e9s F(R)G7OR 0.6\/1 kV. Faciles \u00e0 [\u2026]\" \/>\n<meta property=\"og:url\" content=\"https:\/\/svilupporaytech.com\/fr\/produit\/basse-tension\/jonction\/par-coulee\/magic-power-joint\/\" \/>\n<meta property=\"og:site_name\" content=\"Raytech\" \/>\n<meta property=\"article:modified_time\" content=\"2019-11-11T15:23:48+00:00\" \/>\n<meta property=\"og:image\" content=\"https:\/\/svilupporaytech.com\/wp-content\/uploads\/magic-power-joint-1.jpg\" \/>\n\t<meta property=\"og:image:width\" content=\"1024\" \/>\n\t<meta property=\"og:image:height\" content=\"1024\" \/>\n\t<meta property=\"og:image:type\" content=\"image\/jpeg\" \/>\n<meta name=\"twitter:card\" content=\"summary_large_image\" \/>\n<meta name=\"twitter:label1\" content=\"Dur\u00e9e de lecture estim\u00e9e\" \/>\n\t<meta name=\"twitter:data1\" content=\"1 minute\" \/>\n<script type=\"application\/ld+json\" class=\"yoast-schema-graph\">{\"@context\":\"https:\/\/schema.org\",\"@graph\":[{\"@type\":\"WebPage\",\"@id\":\"https:\/\/svilupporaytech.com\/fr\/produit\/basse-tension\/jonction\/par-coulee\/magic-power-joint\/\",\"url\":\"https:\/\/svilupporaytech.com\/fr\/produit\/basse-tension\/jonction\/par-coulee\/magic-power-joint\/\",\"name\":\"Magic Power Joint | Raytech\",\"isPartOf\":{\"@id\":\"https:\/\/svilupporaytech.com\/#website\"},\"primaryImageOfPage\":{\"@id\":\"https:\/\/svilupporaytech.com\/fr\/produit\/basse-tension\/jonction\/par-coulee\/magic-power-joint\/#primaryimage\"},\"image\":{\"@id\":\"https:\/\/svilupporaytech.com\/fr\/produit\/basse-tension\/jonction\/par-coulee\/magic-power-joint\/#primaryimage\"},\"thumbnailUrl\":\"https:\/\/svilupporaytech.com\/wp-content\/uploads\/magic-power-joint-1.jpg\",\"datePublished\":\"2015-12-14T11:52:13+00:00\",\"dateModified\":\"2019-11-11T15:23:48+00:00\",\"breadcrumb\":{\"@id\":\"https:\/\/svilupporaytech.com\/fr\/produit\/basse-tension\/jonction\/par-coulee\/magic-power-joint\/#breadcrumb\"},\"inLanguage\":\"fr-FR\",\"potentialAction\":[{\"@type\":\"ReadAction\",\"target\":[\"https:\/\/svilupporaytech.com\/fr\/produit\/basse-tension\/jonction\/par-coulee\/magic-power-joint\/\"]}]},{\"@type\":\"ImageObject\",\"inLanguage\":\"fr-FR\",\"@id\":\"https:\/\/svilupporaytech.com\/fr\/produit\/basse-tension\/jonction\/par-coulee\/magic-power-joint\/#primaryimage\",\"url\":\"https:\/\/svilupporaytech.com\/wp-content\/uploads\/magic-power-joint-1.jpg\",\"contentUrl\":\"https:\/\/svilupporaytech.com\/wp-content\/uploads\/magic-power-joint-1.jpg\",\"width\":1024,\"height\":1024},{\"@type\":\"BreadcrumbList\",\"@id\":\"https:\/\/svilupporaytech.com\/fr\/produit\/basse-tension\/jonction\/par-coulee\/magic-power-joint\/#breadcrumb\",\"itemListElement\":[{\"@type\":\"ListItem\",\"position\":1,\"name\":\"Home\",\"item\":\"https:\/\/svilupporaytech.com\/fr\/\"},{\"@type\":\"ListItem\",\"position\":2,\"name\":\"Boutique\",\"item\":\"https:\/\/svilupporaytech.com\/fr\/boutique\/\"},{\"@type\":\"ListItem\",\"position\":3,\"name\":\"Magic Power Joint\"}]},{\"@type\":\"WebSite\",\"@id\":\"https:\/\/svilupporaytech.com\/#website\",\"url\":\"https:\/\/svilupporaytech.com\/\",\"name\":\"Raytech\",\"description\":\"Cable accessories company\",\"potentialAction\":[{\"@type\":\"SearchAction\",\"target\":{\"@type\":\"EntryPoint\",\"urlTemplate\":\"https:\/\/svilupporaytech.com\/?s={search_term_string}\"},\"query-input\":\"required name=search_term_string\"}],\"inLanguage\":\"fr-FR\"}]}<\/script>\n<!-- \/ Yoast SEO plugin. -->","yoast_head_json":{"title":"Magic Power Joint | Raytech","robots":{"index":"index","follow":"follow","max-snippet":"max-snippet:-1","max-image-preview":"max-image-preview:large","max-video-preview":"max-video-preview:-1"},"canonical":"https:\/\/svilupporaytech.com\/fr\/produit\/basse-tension\/jonction\/par-coulee\/magic-power-joint\/","og_locale":"fr_FR","og_type":"article","og_title":"Magic Power Joint | Raytech","og_description":"Joint droit ou d\u00e9riv\u00e9 avec isolant de remplissage de type Magic Power Gel pour c\u00e2bles avec isolant extrud\u00e9 jusqu\u2019\u00e0 1 kV Joints pour c\u00e2bles extrud\u00e9s F(R)G7OR 0.6\/1 kV. Faciles \u00e0 [\u2026]","og_url":"https:\/\/svilupporaytech.com\/fr\/produit\/basse-tension\/jonction\/par-coulee\/magic-power-joint\/","og_site_name":"Raytech","article_modified_time":"2019-11-11T15:23:48+00:00","og_image":[{"width":1024,"height":1024,"url":"https:\/\/svilupporaytech.com\/wp-content\/uploads\/magic-power-joint-1.jpg","type":"image\/jpeg"}],"twitter_card":"summary_large_image","twitter_misc":{"Dur\u00e9e de lecture estim\u00e9e":"1 minute"},"schema":{"@context":"https:\/\/schema.org","@graph":[{"@type":"WebPage","@id":"https:\/\/svilupporaytech.com\/fr\/produit\/basse-tension\/jonction\/par-coulee\/magic-power-joint\/","url":"https:\/\/svilupporaytech.com\/fr\/produit\/basse-tension\/jonction\/par-coulee\/magic-power-joint\/","name":"Magic Power Joint | Raytech","isPartOf":{"@id":"https:\/\/svilupporaytech.com\/#website"},"primaryImageOfPage":{"@id":"https:\/\/svilupporaytech.com\/fr\/produit\/basse-tension\/jonction\/par-coulee\/magic-power-joint\/#primaryimage"},"image":{"@id":"https:\/\/svilupporaytech.com\/fr\/produit\/basse-tension\/jonction\/par-coulee\/magic-power-joint\/#primaryimage"},"thumbnailUrl":"https:\/\/svilupporaytech.com\/wp-content\/uploads\/magic-power-joint-1.jpg","datePublished":"2015-12-14T11:52:13+00:00","dateModified":"2019-11-11T15:23:48+00:00","breadcrumb":{"@id":"https:\/\/svilupporaytech.com\/fr\/produit\/basse-tension\/jonction\/par-coulee\/magic-power-joint\/#breadcrumb"},"inLanguage":"fr-FR","potentialAction":[{"@type":"ReadAction","target":["https:\/\/svilupporaytech.com\/fr\/produit\/basse-tension\/jonction\/par-coulee\/magic-power-joint\/"]}]},{"@type":"ImageObject","inLanguage":"fr-FR","@id":"https:\/\/svilupporaytech.com\/fr\/produit\/basse-tension\/jonction\/par-coulee\/magic-power-joint\/#primaryimage","url":"https:\/\/svilupporaytech.com\/wp-content\/uploads\/magic-power-joint-1.jpg","contentUrl":"https:\/\/svilupporaytech.com\/wp-content\/uploads\/magic-power-joint-1.jpg","width":1024,"height":1024},{"@type":"BreadcrumbList","@id":"https:\/\/svilupporaytech.com\/fr\/produit\/basse-tension\/jonction\/par-coulee\/magic-power-joint\/#breadcrumb","itemListElement":[{"@type":"ListItem","position":1,"name":"Home","item":"https:\/\/svilupporaytech.com\/fr\/"},{"@type":"ListItem","position":2,"name":"Boutique","item":"https:\/\/svilupporaytech.com\/fr\/boutique\/"},{"@type":"ListItem","position":3,"name":"Magic Power Joint"}]},{"@type":"WebSite","@id":"https:\/\/svilupporaytech.com\/#website","url":"https:\/\/svilupporaytech.com\/","name":"Raytech","description":"Cable accessories company","potentialAction":[{"@type":"SearchAction","target":{"@type":"EntryPoint","urlTemplate":"https:\/\/svilupporaytech.com\/?s={search_term_string}"},"query-input":"required name=search_term_string"}],"inLanguage":"fr-FR"}]}},"_links":{"self":[{"href":"https:\/\/svilupporaytech.com\/fr\/wp-json\/wp\/v2\/product\/6073"}],"collection":[{"href":"https:\/\/svilupporaytech.com\/fr\/wp-json\/wp\/v2\/product"}],"about":[{"href":"https:\/\/svilupporaytech.com\/fr\/wp-json\/wp\/v2\/types\/product"}],"wp:featuredmedia":[{"embeddable":true,"href":"https:\/\/svilupporaytech.com\/fr\/wp-json\/wp\/v2\/media\/3158"}],"wp:attachment":[{"href":"https:\/\/svilupporaytech.com\/fr\/wp-json\/wp\/v2\/media?parent=6073"}],"wp:term":[{"taxonomy":"product_cat","embeddable":true,"href":"https:\/\/svilupporaytech.com\/fr\/wp-json\/wp\/v2\/product_cat?post=6073"},{"taxonomy":"product_tag","embeddable":true,"href":"https:\/\/svilupporaytech.com\/fr\/wp-json\/wp\/v2\/product_tag?post=6073"}],"curies":[{"name":"wp","href":"https:\/\/api.w.org\/{rel}","templated":true}]}}