{"id":7213,"date":"2015-07-15T14:53:59","date_gmt":"2016-01-03T17:02:38","guid":{"rendered":"https:\/\/svilupporaytech.com\/?post_type=product&#038;p=7213&#038;lang=fr"},"modified":"2023-06-16T13:19:20","modified_gmt":"2023-06-16T12:19:20","slug":"magic-gel","status":"publish","type":"product","link":"https:\/\/svilupporaytech.com\/fr\/produit\/basse-tension\/isolants-de-remplissage\/gel-fr\/magic-gel\/","title":{"rendered":"Magic Gel"},"content":{"rendered":"<h4><span style=\"color: #009832;\">Gel bi-composant de caract\u00e9ristiques di\u00e9lectriques et thermiques hautement \u00e9lev\u00e9es, id\u00e9al pour les syst\u00e8mes de connexion (bo\u00eete de jonction ou bo\u00eetier) pour les c\u00e2bles de puissance<\/span><\/h4>\n<p>Le gel isolant et scellant coul\u00e9 dans des \u00e9tuis sp\u00e9cifiques, garantit un degr\u00e9 de protection IP68 et peut remplacer tout type de r\u00e9sine. Il s\u2019agit d\u2019un isolant auto-scellant de type polym\u00e8re, en deux flacons tr\u00e8s pratiques ou sachet mono usage, avec r\u00e9ticulation \u00e0 froid. Une fois coul\u00e9, l\u2019isolation, caract\u00e9ris\u00e9e par une viscosit\u00e9 tr\u00e8s basse, englobe et recouvre tout type de mat\u00e9riel en r\u00e9ticulant en moins de 10 minutes. Absolument atoxique, il r\u00e9ticule avec un pic isothermique tr\u00e8s bas sans solliciter de fa\u00e7on thermique les mat\u00e9riaux avec lesquels il est en contact.<\/p>\n<ul>\n<li><span style=\"color: #009832;\">Pour toutes les applications caract\u00e9ris\u00e9es par des tensions et des temp\u00e9ratures \u00e9lev\u00e9es!<\/span><\/li>\n<li><span style=\"color: #009832;\">R\u00e9ticulation rapide (seulement 10 minutes)<\/span><\/li>\n<li><span style=\"color: #009832;\">R\u00e9accessible m\u00eame apr\u00e8s des longues p\u00e9riodes de service<\/span><\/li>\n<li><span style=\"color: #009832;\">Atoxique et s\u00fbr, sans date de p\u00e9remption<\/span><\/li>\n<li><span style=\"color: #009832;\">Basse viscosit\u00e9<\/span><\/li>\n<\/ul>\n","protected":false},"excerpt":{"rendered":"<p>Gel bi-composant de caract\u00e9ristiques di\u00e9lectriques et thermiques hautement \u00e9lev\u00e9es, id\u00e9al pour les syst\u00e8mes de connexion (bo\u00eete de jonction ou bo\u00eetier) pour les c\u00e2bles de puissance Le gel isolant et scellant<span class=\"excerpt-hellip\"> [\u2026]<\/span><\/p>\n","protected":false},"featured_media":24975,"template":"","meta":[],"product_cat":[136,151,152],"product_tag":[],"yoast_head":"<!-- This site is optimized with the Yoast SEO plugin v22.7 - https:\/\/yoast.com\/wordpress\/plugins\/seo\/ -->\n<title>Magic Gel | Raytech<\/title>\n<meta name=\"robots\" content=\"index, follow, max-snippet:-1, max-image-preview:large, max-video-preview:-1\" \/>\n<link rel=\"canonical\" href=\"https:\/\/svilupporaytech.com\/fr\/produit\/basse-tension\/isolants-de-remplissage\/gel-fr\/magic-gel\/\" \/>\n<meta property=\"og:locale\" content=\"fr_FR\" \/>\n<meta property=\"og:type\" content=\"article\" \/>\n<meta property=\"og:title\" content=\"Magic Gel | Raytech\" \/>\n<meta property=\"og:description\" content=\"Gel bi-composant de caract\u00e9ristiques di\u00e9lectriques et thermiques hautement \u00e9lev\u00e9es, id\u00e9al pour les syst\u00e8mes de connexion (bo\u00eete de jonction ou bo\u00eetier) pour les c\u00e2bles de puissance Le gel isolant et scellant [\u2026]\" \/>\n<meta property=\"og:url\" content=\"https:\/\/svilupporaytech.com\/fr\/produit\/basse-tension\/isolants-de-remplissage\/gel-fr\/magic-gel\/\" \/>\n<meta property=\"og:site_name\" content=\"Raytech\" \/>\n<meta property=\"article:modified_time\" content=\"2023-06-16T12:19:20+00:00\" \/>\n<meta property=\"og:image\" content=\"https:\/\/svilupporaytech.com\/wp-content\/uploads\/magic-gel-5-1.jpg\" \/>\n\t<meta property=\"og:image:width\" content=\"1024\" \/>\n\t<meta property=\"og:image:height\" content=\"1024\" \/>\n\t<meta property=\"og:image:type\" content=\"image\/jpeg\" \/>\n<meta name=\"twitter:card\" content=\"summary_large_image\" \/>\n<meta name=\"twitter:label1\" content=\"Dur\u00e9e de lecture estim\u00e9e\" \/>\n\t<meta name=\"twitter:data1\" content=\"1 minute\" \/>\n<script type=\"application\/ld+json\" class=\"yoast-schema-graph\">{\"@context\":\"https:\/\/schema.org\",\"@graph\":[{\"@type\":\"WebPage\",\"@id\":\"https:\/\/svilupporaytech.com\/fr\/produit\/basse-tension\/isolants-de-remplissage\/gel-fr\/magic-gel\/\",\"url\":\"https:\/\/svilupporaytech.com\/fr\/produit\/basse-tension\/isolants-de-remplissage\/gel-fr\/magic-gel\/\",\"name\":\"Magic Gel | Raytech\",\"isPartOf\":{\"@id\":\"https:\/\/svilupporaytech.com\/#website\"},\"primaryImageOfPage\":{\"@id\":\"https:\/\/svilupporaytech.com\/fr\/produit\/basse-tension\/isolants-de-remplissage\/gel-fr\/magic-gel\/#primaryimage\"},\"image\":{\"@id\":\"https:\/\/svilupporaytech.com\/fr\/produit\/basse-tension\/isolants-de-remplissage\/gel-fr\/magic-gel\/#primaryimage\"},\"thumbnailUrl\":\"https:\/\/svilupporaytech.com\/wp-content\/uploads\/magic-gel-5-1.jpg\",\"datePublished\":\"2016-01-03T17:02:38+00:00\",\"dateModified\":\"2023-06-16T12:19:20+00:00\",\"breadcrumb\":{\"@id\":\"https:\/\/svilupporaytech.com\/fr\/produit\/basse-tension\/isolants-de-remplissage\/gel-fr\/magic-gel\/#breadcrumb\"},\"inLanguage\":\"fr-FR\",\"potentialAction\":[{\"@type\":\"ReadAction\",\"target\":[\"https:\/\/svilupporaytech.com\/fr\/produit\/basse-tension\/isolants-de-remplissage\/gel-fr\/magic-gel\/\"]}]},{\"@type\":\"ImageObject\",\"inLanguage\":\"fr-FR\",\"@id\":\"https:\/\/svilupporaytech.com\/fr\/produit\/basse-tension\/isolants-de-remplissage\/gel-fr\/magic-gel\/#primaryimage\",\"url\":\"https:\/\/svilupporaytech.com\/wp-content\/uploads\/magic-gel-5-1.jpg\",\"contentUrl\":\"https:\/\/svilupporaytech.com\/wp-content\/uploads\/magic-gel-5-1.jpg\",\"width\":1024,\"height\":1024},{\"@type\":\"BreadcrumbList\",\"@id\":\"https:\/\/svilupporaytech.com\/fr\/produit\/basse-tension\/isolants-de-remplissage\/gel-fr\/magic-gel\/#breadcrumb\",\"itemListElement\":[{\"@type\":\"ListItem\",\"position\":1,\"name\":\"Home\",\"item\":\"https:\/\/svilupporaytech.com\/fr\/\"},{\"@type\":\"ListItem\",\"position\":2,\"name\":\"Boutique\",\"item\":\"https:\/\/svilupporaytech.com\/fr\/boutique\/\"},{\"@type\":\"ListItem\",\"position\":3,\"name\":\"Magic Gel\"}]},{\"@type\":\"WebSite\",\"@id\":\"https:\/\/svilupporaytech.com\/#website\",\"url\":\"https:\/\/svilupporaytech.com\/\",\"name\":\"Raytech\",\"description\":\"Cable accessories company\",\"potentialAction\":[{\"@type\":\"SearchAction\",\"target\":{\"@type\":\"EntryPoint\",\"urlTemplate\":\"https:\/\/svilupporaytech.com\/?s={search_term_string}\"},\"query-input\":\"required name=search_term_string\"}],\"inLanguage\":\"fr-FR\"}]}<\/script>\n<!-- \/ Yoast SEO plugin. -->","yoast_head_json":{"title":"Magic Gel | Raytech","robots":{"index":"index","follow":"follow","max-snippet":"max-snippet:-1","max-image-preview":"max-image-preview:large","max-video-preview":"max-video-preview:-1"},"canonical":"https:\/\/svilupporaytech.com\/fr\/produit\/basse-tension\/isolants-de-remplissage\/gel-fr\/magic-gel\/","og_locale":"fr_FR","og_type":"article","og_title":"Magic Gel | Raytech","og_description":"Gel bi-composant de caract\u00e9ristiques di\u00e9lectriques et thermiques hautement \u00e9lev\u00e9es, id\u00e9al pour les syst\u00e8mes de connexion (bo\u00eete de jonction ou bo\u00eetier) pour les c\u00e2bles de puissance Le gel isolant et scellant [\u2026]","og_url":"https:\/\/svilupporaytech.com\/fr\/produit\/basse-tension\/isolants-de-remplissage\/gel-fr\/magic-gel\/","og_site_name":"Raytech","article_modified_time":"2023-06-16T12:19:20+00:00","og_image":[{"width":1024,"height":1024,"url":"https:\/\/svilupporaytech.com\/wp-content\/uploads\/magic-gel-5-1.jpg","type":"image\/jpeg"}],"twitter_card":"summary_large_image","twitter_misc":{"Dur\u00e9e de lecture estim\u00e9e":"1 minute"},"schema":{"@context":"https:\/\/schema.org","@graph":[{"@type":"WebPage","@id":"https:\/\/svilupporaytech.com\/fr\/produit\/basse-tension\/isolants-de-remplissage\/gel-fr\/magic-gel\/","url":"https:\/\/svilupporaytech.com\/fr\/produit\/basse-tension\/isolants-de-remplissage\/gel-fr\/magic-gel\/","name":"Magic Gel | Raytech","isPartOf":{"@id":"https:\/\/svilupporaytech.com\/#website"},"primaryImageOfPage":{"@id":"https:\/\/svilupporaytech.com\/fr\/produit\/basse-tension\/isolants-de-remplissage\/gel-fr\/magic-gel\/#primaryimage"},"image":{"@id":"https:\/\/svilupporaytech.com\/fr\/produit\/basse-tension\/isolants-de-remplissage\/gel-fr\/magic-gel\/#primaryimage"},"thumbnailUrl":"https:\/\/svilupporaytech.com\/wp-content\/uploads\/magic-gel-5-1.jpg","datePublished":"2016-01-03T17:02:38+00:00","dateModified":"2023-06-16T12:19:20+00:00","breadcrumb":{"@id":"https:\/\/svilupporaytech.com\/fr\/produit\/basse-tension\/isolants-de-remplissage\/gel-fr\/magic-gel\/#breadcrumb"},"inLanguage":"fr-FR","potentialAction":[{"@type":"ReadAction","target":["https:\/\/svilupporaytech.com\/fr\/produit\/basse-tension\/isolants-de-remplissage\/gel-fr\/magic-gel\/"]}]},{"@type":"ImageObject","inLanguage":"fr-FR","@id":"https:\/\/svilupporaytech.com\/fr\/produit\/basse-tension\/isolants-de-remplissage\/gel-fr\/magic-gel\/#primaryimage","url":"https:\/\/svilupporaytech.com\/wp-content\/uploads\/magic-gel-5-1.jpg","contentUrl":"https:\/\/svilupporaytech.com\/wp-content\/uploads\/magic-gel-5-1.jpg","width":1024,"height":1024},{"@type":"BreadcrumbList","@id":"https:\/\/svilupporaytech.com\/fr\/produit\/basse-tension\/isolants-de-remplissage\/gel-fr\/magic-gel\/#breadcrumb","itemListElement":[{"@type":"ListItem","position":1,"name":"Home","item":"https:\/\/svilupporaytech.com\/fr\/"},{"@type":"ListItem","position":2,"name":"Boutique","item":"https:\/\/svilupporaytech.com\/fr\/boutique\/"},{"@type":"ListItem","position":3,"name":"Magic Gel"}]},{"@type":"WebSite","@id":"https:\/\/svilupporaytech.com\/#website","url":"https:\/\/svilupporaytech.com\/","name":"Raytech","description":"Cable accessories company","potentialAction":[{"@type":"SearchAction","target":{"@type":"EntryPoint","urlTemplate":"https:\/\/svilupporaytech.com\/?s={search_term_string}"},"query-input":"required name=search_term_string"}],"inLanguage":"fr-FR"}]}},"_links":{"self":[{"href":"https:\/\/svilupporaytech.com\/fr\/wp-json\/wp\/v2\/product\/7213"}],"collection":[{"href":"https:\/\/svilupporaytech.com\/fr\/wp-json\/wp\/v2\/product"}],"about":[{"href":"https:\/\/svilupporaytech.com\/fr\/wp-json\/wp\/v2\/types\/product"}],"wp:featuredmedia":[{"embeddable":true,"href":"https:\/\/svilupporaytech.com\/fr\/wp-json\/wp\/v2\/media\/24975"}],"wp:attachment":[{"href":"https:\/\/svilupporaytech.com\/fr\/wp-json\/wp\/v2\/media?parent=7213"}],"wp:term":[{"taxonomy":"product_cat","embeddable":true,"href":"https:\/\/svilupporaytech.com\/fr\/wp-json\/wp\/v2\/product_cat?post=7213"},{"taxonomy":"product_tag","embeddable":true,"href":"https:\/\/svilupporaytech.com\/fr\/wp-json\/wp\/v2\/product_tag?post=7213"}],"curies":[{"name":"wp","href":"https:\/\/api.w.org\/{rel}","templated":true}]}}