{"id":7247,"date":"2015-07-15T15:27:16","date_gmt":"2016-01-03T19:21:41","guid":{"rendered":"https:\/\/svilupporaytech.com\/?post_type=product&#038;p=7247&#038;lang=fr"},"modified":"2023-06-16T11:55:37","modified_gmt":"2023-06-16T10:55:37","slug":"wonder-gel","status":"publish","type":"product","link":"https:\/\/svilupporaytech.com\/fr\/produit\/basse-tension\/isolants-de-remplissage\/gel-fr\/wonder-gel\/","title":{"rendered":"Wonder Gel"},"content":{"rendered":"<h4><span style=\"color: #009832;\">Gels isolants mono-composants en cartouche pour la mise en s\u00e9curit\u00e9 instantan\u00e9e des nouvelles installations et l\u2019entretien de tous les types de connexions \u00e9lectriques<\/span><\/h4>\n<p><strong>Les meilleurs amis de l\u2019installateur.<\/strong> Les connexions \u00e9lectriques qui se trouvent \u00e0 l\u2019int\u00e9rieur de bo\u00eetiers vides sont expos\u00e9es \u00e0 des risques de court circuit, d\u2019oxydation et de corrosion avec des dommages parfois irr\u00e9m\u00e9diables. Sans efforts ni temps d\u2019attente, <strong>WonderGel<\/strong> et <strong>WonderGel Invisible<\/strong> optimisent votre travail, en garantissant protection et s\u00e9curit\u00e9 aux installations selon la r\u00e8gle de l\u2019art pour un service de qualit\u00e9 maximale, rapide et parfait, pour votre satisfaction et pour celle de l\u2019utilisateur final.<\/p>\n<ul>\n<li><span style=\"color: #009832;\">Pr\u00eats \u00e0 l\u2019emploi! D\u00e9j\u00e0 r\u00e9ticul\u00e9s!Aucun m\u00e9lange! Aucun temps d\u2019attente!<\/span><\/li>\n<li><span style=\"color: #009832;\">R\u00e9solvent les probl\u00e8mes provenants d\u2019une mauvaise isolation ou \u00e9tanch\u00e9it\u00e9<\/span><\/li>\n<li><span style=\"color: #009832;\">\u00c9liminent les hors-services ennuyeux caus\u00e9s par l\u2019humidit\u00e9<\/span><\/li>\n<li><span style=\"color: #009832;\">Prot\u00e8gent vos installations de l\u2019intrusion d\u2019insectes<\/span><\/li>\n<li><span style=\"color: #009832;\">Pr\u00e9servent les connexions \u00e9lectriques contre l\u2019oxydation et la corrosion<\/span><\/li>\n<li><span style=\"color: #009832;\">Italian Utility Model<\/span><\/li>\n<\/ul>\n","protected":false},"excerpt":{"rendered":"<p>Gels isolants mono-composants en cartouche pour la mise en s\u00e9curit\u00e9 instantan\u00e9e des nouvelles installations et l\u2019entretien de tous les types de connexions \u00e9lectriques Les meilleurs amis de l\u2019installateur. Les connexions<span class=\"excerpt-hellip\"> [\u2026]<\/span><\/p>\n","protected":false},"featured_media":15633,"template":"","meta":[],"product_cat":[136,151,152],"product_tag":[],"yoast_head":"<!-- This site is optimized with the Yoast SEO plugin v22.7 - https:\/\/yoast.com\/wordpress\/plugins\/seo\/ -->\n<title>Wonder Gel | Raytech<\/title>\n<meta name=\"robots\" content=\"index, follow, max-snippet:-1, max-image-preview:large, max-video-preview:-1\" \/>\n<link rel=\"canonical\" href=\"https:\/\/svilupporaytech.com\/fr\/produit\/basse-tension\/isolants-de-remplissage\/gel-fr\/wonder-gel\/\" \/>\n<meta property=\"og:locale\" content=\"fr_FR\" \/>\n<meta property=\"og:type\" content=\"article\" \/>\n<meta property=\"og:title\" content=\"Wonder Gel | Raytech\" \/>\n<meta property=\"og:description\" content=\"Gels isolants mono-composants en cartouche pour la mise en s\u00e9curit\u00e9 instantan\u00e9e des nouvelles installations et l\u2019entretien de tous les types de connexions \u00e9lectriques Les meilleurs amis de l\u2019installateur. Les connexions [\u2026]\" \/>\n<meta property=\"og:url\" content=\"https:\/\/svilupporaytech.com\/fr\/produit\/basse-tension\/isolants-de-remplissage\/gel-fr\/wonder-gel\/\" \/>\n<meta property=\"og:site_name\" content=\"Raytech\" \/>\n<meta property=\"article:modified_time\" content=\"2023-06-16T10:55:37+00:00\" \/>\n<meta property=\"og:image\" content=\"https:\/\/svilupporaytech.com\/wp-content\/uploads\/Raytech-Wonder-Gel.jpg\" \/>\n\t<meta property=\"og:image:width\" content=\"1024\" \/>\n\t<meta property=\"og:image:height\" content=\"1024\" \/>\n\t<meta property=\"og:image:type\" content=\"image\/jpeg\" \/>\n<meta name=\"twitter:card\" content=\"summary_large_image\" \/>\n<meta name=\"twitter:label1\" content=\"Dur\u00e9e de lecture estim\u00e9e\" \/>\n\t<meta name=\"twitter:data1\" content=\"1 minute\" \/>\n<script type=\"application\/ld+json\" class=\"yoast-schema-graph\">{\"@context\":\"https:\/\/schema.org\",\"@graph\":[{\"@type\":\"WebPage\",\"@id\":\"https:\/\/svilupporaytech.com\/fr\/produit\/basse-tension\/isolants-de-remplissage\/gel-fr\/wonder-gel\/\",\"url\":\"https:\/\/svilupporaytech.com\/fr\/produit\/basse-tension\/isolants-de-remplissage\/gel-fr\/wonder-gel\/\",\"name\":\"Wonder Gel | Raytech\",\"isPartOf\":{\"@id\":\"https:\/\/svilupporaytech.com\/#website\"},\"primaryImageOfPage\":{\"@id\":\"https:\/\/svilupporaytech.com\/fr\/produit\/basse-tension\/isolants-de-remplissage\/gel-fr\/wonder-gel\/#primaryimage\"},\"image\":{\"@id\":\"https:\/\/svilupporaytech.com\/fr\/produit\/basse-tension\/isolants-de-remplissage\/gel-fr\/wonder-gel\/#primaryimage\"},\"thumbnailUrl\":\"https:\/\/svilupporaytech.com\/wp-content\/uploads\/Raytech-Wonder-Gel.jpg\",\"datePublished\":\"2016-01-03T19:21:41+00:00\",\"dateModified\":\"2023-06-16T10:55:37+00:00\",\"breadcrumb\":{\"@id\":\"https:\/\/svilupporaytech.com\/fr\/produit\/basse-tension\/isolants-de-remplissage\/gel-fr\/wonder-gel\/#breadcrumb\"},\"inLanguage\":\"fr-FR\",\"potentialAction\":[{\"@type\":\"ReadAction\",\"target\":[\"https:\/\/svilupporaytech.com\/fr\/produit\/basse-tension\/isolants-de-remplissage\/gel-fr\/wonder-gel\/\"]}]},{\"@type\":\"ImageObject\",\"inLanguage\":\"fr-FR\",\"@id\":\"https:\/\/svilupporaytech.com\/fr\/produit\/basse-tension\/isolants-de-remplissage\/gel-fr\/wonder-gel\/#primaryimage\",\"url\":\"https:\/\/svilupporaytech.com\/wp-content\/uploads\/Raytech-Wonder-Gel.jpg\",\"contentUrl\":\"https:\/\/svilupporaytech.com\/wp-content\/uploads\/Raytech-Wonder-Gel.jpg\",\"width\":1024,\"height\":1024},{\"@type\":\"BreadcrumbList\",\"@id\":\"https:\/\/svilupporaytech.com\/fr\/produit\/basse-tension\/isolants-de-remplissage\/gel-fr\/wonder-gel\/#breadcrumb\",\"itemListElement\":[{\"@type\":\"ListItem\",\"position\":1,\"name\":\"Home\",\"item\":\"https:\/\/svilupporaytech.com\/fr\/\"},{\"@type\":\"ListItem\",\"position\":2,\"name\":\"Boutique\",\"item\":\"https:\/\/svilupporaytech.com\/fr\/boutique\/\"},{\"@type\":\"ListItem\",\"position\":3,\"name\":\"Wonder Gel\"}]},{\"@type\":\"WebSite\",\"@id\":\"https:\/\/svilupporaytech.com\/#website\",\"url\":\"https:\/\/svilupporaytech.com\/\",\"name\":\"Raytech\",\"description\":\"Cable accessories company\",\"potentialAction\":[{\"@type\":\"SearchAction\",\"target\":{\"@type\":\"EntryPoint\",\"urlTemplate\":\"https:\/\/svilupporaytech.com\/?s={search_term_string}\"},\"query-input\":\"required name=search_term_string\"}],\"inLanguage\":\"fr-FR\"}]}<\/script>\n<!-- \/ Yoast SEO plugin. -->","yoast_head_json":{"title":"Wonder Gel | Raytech","robots":{"index":"index","follow":"follow","max-snippet":"max-snippet:-1","max-image-preview":"max-image-preview:large","max-video-preview":"max-video-preview:-1"},"canonical":"https:\/\/svilupporaytech.com\/fr\/produit\/basse-tension\/isolants-de-remplissage\/gel-fr\/wonder-gel\/","og_locale":"fr_FR","og_type":"article","og_title":"Wonder Gel | Raytech","og_description":"Gels isolants mono-composants en cartouche pour la mise en s\u00e9curit\u00e9 instantan\u00e9e des nouvelles installations et l\u2019entretien de tous les types de connexions \u00e9lectriques Les meilleurs amis de l\u2019installateur. Les connexions [\u2026]","og_url":"https:\/\/svilupporaytech.com\/fr\/produit\/basse-tension\/isolants-de-remplissage\/gel-fr\/wonder-gel\/","og_site_name":"Raytech","article_modified_time":"2023-06-16T10:55:37+00:00","og_image":[{"width":1024,"height":1024,"url":"https:\/\/svilupporaytech.com\/wp-content\/uploads\/Raytech-Wonder-Gel.jpg","type":"image\/jpeg"}],"twitter_card":"summary_large_image","twitter_misc":{"Dur\u00e9e de lecture estim\u00e9e":"1 minute"},"schema":{"@context":"https:\/\/schema.org","@graph":[{"@type":"WebPage","@id":"https:\/\/svilupporaytech.com\/fr\/produit\/basse-tension\/isolants-de-remplissage\/gel-fr\/wonder-gel\/","url":"https:\/\/svilupporaytech.com\/fr\/produit\/basse-tension\/isolants-de-remplissage\/gel-fr\/wonder-gel\/","name":"Wonder Gel | Raytech","isPartOf":{"@id":"https:\/\/svilupporaytech.com\/#website"},"primaryImageOfPage":{"@id":"https:\/\/svilupporaytech.com\/fr\/produit\/basse-tension\/isolants-de-remplissage\/gel-fr\/wonder-gel\/#primaryimage"},"image":{"@id":"https:\/\/svilupporaytech.com\/fr\/produit\/basse-tension\/isolants-de-remplissage\/gel-fr\/wonder-gel\/#primaryimage"},"thumbnailUrl":"https:\/\/svilupporaytech.com\/wp-content\/uploads\/Raytech-Wonder-Gel.jpg","datePublished":"2016-01-03T19:21:41+00:00","dateModified":"2023-06-16T10:55:37+00:00","breadcrumb":{"@id":"https:\/\/svilupporaytech.com\/fr\/produit\/basse-tension\/isolants-de-remplissage\/gel-fr\/wonder-gel\/#breadcrumb"},"inLanguage":"fr-FR","potentialAction":[{"@type":"ReadAction","target":["https:\/\/svilupporaytech.com\/fr\/produit\/basse-tension\/isolants-de-remplissage\/gel-fr\/wonder-gel\/"]}]},{"@type":"ImageObject","inLanguage":"fr-FR","@id":"https:\/\/svilupporaytech.com\/fr\/produit\/basse-tension\/isolants-de-remplissage\/gel-fr\/wonder-gel\/#primaryimage","url":"https:\/\/svilupporaytech.com\/wp-content\/uploads\/Raytech-Wonder-Gel.jpg","contentUrl":"https:\/\/svilupporaytech.com\/wp-content\/uploads\/Raytech-Wonder-Gel.jpg","width":1024,"height":1024},{"@type":"BreadcrumbList","@id":"https:\/\/svilupporaytech.com\/fr\/produit\/basse-tension\/isolants-de-remplissage\/gel-fr\/wonder-gel\/#breadcrumb","itemListElement":[{"@type":"ListItem","position":1,"name":"Home","item":"https:\/\/svilupporaytech.com\/fr\/"},{"@type":"ListItem","position":2,"name":"Boutique","item":"https:\/\/svilupporaytech.com\/fr\/boutique\/"},{"@type":"ListItem","position":3,"name":"Wonder Gel"}]},{"@type":"WebSite","@id":"https:\/\/svilupporaytech.com\/#website","url":"https:\/\/svilupporaytech.com\/","name":"Raytech","description":"Cable accessories company","potentialAction":[{"@type":"SearchAction","target":{"@type":"EntryPoint","urlTemplate":"https:\/\/svilupporaytech.com\/?s={search_term_string}"},"query-input":"required name=search_term_string"}],"inLanguage":"fr-FR"}]}},"_links":{"self":[{"href":"https:\/\/svilupporaytech.com\/fr\/wp-json\/wp\/v2\/product\/7247"}],"collection":[{"href":"https:\/\/svilupporaytech.com\/fr\/wp-json\/wp\/v2\/product"}],"about":[{"href":"https:\/\/svilupporaytech.com\/fr\/wp-json\/wp\/v2\/types\/product"}],"wp:featuredmedia":[{"embeddable":true,"href":"https:\/\/svilupporaytech.com\/fr\/wp-json\/wp\/v2\/media\/15633"}],"wp:attachment":[{"href":"https:\/\/svilupporaytech.com\/fr\/wp-json\/wp\/v2\/media?parent=7247"}],"wp:term":[{"taxonomy":"product_cat","embeddable":true,"href":"https:\/\/svilupporaytech.com\/fr\/wp-json\/wp\/v2\/product_cat?post=7247"},{"taxonomy":"product_tag","embeddable":true,"href":"https:\/\/svilupporaytech.com\/fr\/wp-json\/wp\/v2\/product_tag?post=7247"}],"curies":[{"name":"wp","href":"https:\/\/api.w.org\/{rel}","templated":true}]}}