{"id":7252,"date":"2015-11-09T10:50:09","date_gmt":"2016-01-03T19:34:07","guid":{"rendered":"https:\/\/svilupporaytech.com\/?post_type=product&#038;p=7252&#038;lang=fr"},"modified":"2023-06-16T13:36:02","modified_gmt":"2023-06-16T12:36:02","slug":"techno-gelgum","status":"publish","type":"product","link":"https:\/\/svilupporaytech.com\/fr\/produit\/basse-tension\/isolants-de-remplissage\/gelgum-fr\/techno-gelgum\/","title":{"rendered":"Techno GelGum"},"content":{"rendered":"<h4><span style=\"color: #009832;\">Isolant bi-composant en flacon unique aux caract\u00e9ristiques di\u00e9lectriques, \u00e9tanches et thermiques \u00e9lev\u00e9es. Imperm\u00e9able et r\u00e9utilisable!<\/span><\/h4>\n<p>TechnoGelGum est un \u00e9lastom\u00e8re flexible super \u00e9tanche dont la formule a \u00e9t\u00e9 optimis\u00e9e pour la protection de connexions de C\u00c2BLES \u00c9NERGIE, de C\u00c2BLES TELECOM et de CIRCUITS \u00c9LECTRONIQUES.Une nouvelle formule qui conf\u00e8re au produit une consistance surprenante et originale, qui unit les caract\u00e9ristiques du GEL \u00e0 celles du CAOUTCHOUC en les valorisant. Il est donc \u00e9lastique et flexible comme un gel mais au m\u00eame moment tenace et sec comme un caoutchouc.<\/p>\n<ul>\n<li><span style=\"color: #009832;\">Pour des installations jusqu\u2019\u00e0 1 kV<\/span><\/li>\n<li><span style=\"color: #009832;\">Convient aux temp\u00e9ratures \u00e9lev\u00e9es<\/span><\/li>\n<li><span style=\"color: #009832;\">Peut aussi \u00eatre utilis\u00e9 sous l\u2019eau \u00e0 de grandes profondeurs<\/span><\/li>\n<li><span style=\"color: #009832;\">Waterproof &gt; 1 MPa<\/span><\/li>\n<li><span style=\"color: #009832;\">R\u00e9sistant aux rayons UV<\/span><\/li>\n<li><span style=\"color: #009832;\">Amovible<\/span><\/li>\n<li><span style=\"color: #009832;\">R\u00e9sistant aux vibrations, peut avoir une fonction d\u2019amortisseur<\/span><\/li>\n<li><span style=\"color: #009832;\">Appropri\u00e9 \u00e0 l\u2019installation en eau sal\u00e9e (mer) et dans l\u2019eau chlor\u00e9e (piscines)<\/span><\/li>\n<li><span style=\"color: #009832;\">Atoxique et s\u00fbr<\/span><\/li>\n<\/ul>\n","protected":false},"excerpt":{"rendered":"<p>Isolant bi-composant en flacon unique aux caract\u00e9ristiques di\u00e9lectriques, \u00e9tanches et thermiques \u00e9lev\u00e9es. Imperm\u00e9able et r\u00e9utilisable! TechnoGelGum est un \u00e9lastom\u00e8re flexible super \u00e9tanche dont la formule a \u00e9t\u00e9 optimis\u00e9e pour la<span class=\"excerpt-hellip\"> [\u2026]<\/span><\/p>\n","protected":false},"featured_media":4219,"template":"","meta":[],"product_cat":[136,151,153],"product_tag":[],"yoast_head":"<!-- This site is optimized with the Yoast SEO plugin v22.7 - https:\/\/yoast.com\/wordpress\/plugins\/seo\/ -->\n<title>Techno GelGum | Raytech<\/title>\n<meta name=\"robots\" content=\"index, follow, max-snippet:-1, max-image-preview:large, max-video-preview:-1\" \/>\n<link rel=\"canonical\" href=\"https:\/\/svilupporaytech.com\/fr\/produit\/basse-tension\/isolants-de-remplissage\/gelgum-fr\/techno-gelgum\/\" \/>\n<meta property=\"og:locale\" content=\"fr_FR\" \/>\n<meta property=\"og:type\" content=\"article\" \/>\n<meta property=\"og:title\" content=\"Techno GelGum | Raytech\" \/>\n<meta property=\"og:description\" content=\"Isolant bi-composant en flacon unique aux caract\u00e9ristiques di\u00e9lectriques, \u00e9tanches et thermiques \u00e9lev\u00e9es. Imperm\u00e9able et r\u00e9utilisable! TechnoGelGum est un \u00e9lastom\u00e8re flexible super \u00e9tanche dont la formule a \u00e9t\u00e9 optimis\u00e9e pour la [\u2026]\" \/>\n<meta property=\"og:url\" content=\"https:\/\/svilupporaytech.com\/fr\/produit\/basse-tension\/isolants-de-remplissage\/gelgum-fr\/techno-gelgum\/\" \/>\n<meta property=\"og:site_name\" content=\"Raytech\" \/>\n<meta property=\"article:modified_time\" content=\"2023-06-16T12:36:02+00:00\" \/>\n<meta property=\"og:image\" content=\"https:\/\/svilupporaytech.com\/wp-content\/uploads\/GELGUM-1.jpg\" \/>\n\t<meta property=\"og:image:width\" content=\"1024\" \/>\n\t<meta property=\"og:image:height\" content=\"1024\" \/>\n\t<meta property=\"og:image:type\" content=\"image\/jpeg\" \/>\n<meta name=\"twitter:card\" content=\"summary_large_image\" \/>\n<meta name=\"twitter:label1\" content=\"Dur\u00e9e de lecture estim\u00e9e\" \/>\n\t<meta name=\"twitter:data1\" content=\"1 minute\" \/>\n<script type=\"application\/ld+json\" class=\"yoast-schema-graph\">{\"@context\":\"https:\/\/schema.org\",\"@graph\":[{\"@type\":\"WebPage\",\"@id\":\"https:\/\/svilupporaytech.com\/fr\/produit\/basse-tension\/isolants-de-remplissage\/gelgum-fr\/techno-gelgum\/\",\"url\":\"https:\/\/svilupporaytech.com\/fr\/produit\/basse-tension\/isolants-de-remplissage\/gelgum-fr\/techno-gelgum\/\",\"name\":\"Techno GelGum | Raytech\",\"isPartOf\":{\"@id\":\"https:\/\/svilupporaytech.com\/#website\"},\"primaryImageOfPage\":{\"@id\":\"https:\/\/svilupporaytech.com\/fr\/produit\/basse-tension\/isolants-de-remplissage\/gelgum-fr\/techno-gelgum\/#primaryimage\"},\"image\":{\"@id\":\"https:\/\/svilupporaytech.com\/fr\/produit\/basse-tension\/isolants-de-remplissage\/gelgum-fr\/techno-gelgum\/#primaryimage\"},\"thumbnailUrl\":\"https:\/\/svilupporaytech.com\/wp-content\/uploads\/GELGUM-1.jpg\",\"datePublished\":\"2016-01-03T19:34:07+00:00\",\"dateModified\":\"2023-06-16T12:36:02+00:00\",\"breadcrumb\":{\"@id\":\"https:\/\/svilupporaytech.com\/fr\/produit\/basse-tension\/isolants-de-remplissage\/gelgum-fr\/techno-gelgum\/#breadcrumb\"},\"inLanguage\":\"fr-FR\",\"potentialAction\":[{\"@type\":\"ReadAction\",\"target\":[\"https:\/\/svilupporaytech.com\/fr\/produit\/basse-tension\/isolants-de-remplissage\/gelgum-fr\/techno-gelgum\/\"]}]},{\"@type\":\"ImageObject\",\"inLanguage\":\"fr-FR\",\"@id\":\"https:\/\/svilupporaytech.com\/fr\/produit\/basse-tension\/isolants-de-remplissage\/gelgum-fr\/techno-gelgum\/#primaryimage\",\"url\":\"https:\/\/svilupporaytech.com\/wp-content\/uploads\/GELGUM-1.jpg\",\"contentUrl\":\"https:\/\/svilupporaytech.com\/wp-content\/uploads\/GELGUM-1.jpg\",\"width\":1024,\"height\":1024},{\"@type\":\"BreadcrumbList\",\"@id\":\"https:\/\/svilupporaytech.com\/fr\/produit\/basse-tension\/isolants-de-remplissage\/gelgum-fr\/techno-gelgum\/#breadcrumb\",\"itemListElement\":[{\"@type\":\"ListItem\",\"position\":1,\"name\":\"Home\",\"item\":\"https:\/\/svilupporaytech.com\/fr\/\"},{\"@type\":\"ListItem\",\"position\":2,\"name\":\"Boutique\",\"item\":\"https:\/\/svilupporaytech.com\/fr\/boutique\/\"},{\"@type\":\"ListItem\",\"position\":3,\"name\":\"Techno GelGum\"}]},{\"@type\":\"WebSite\",\"@id\":\"https:\/\/svilupporaytech.com\/#website\",\"url\":\"https:\/\/svilupporaytech.com\/\",\"name\":\"Raytech\",\"description\":\"Cable accessories company\",\"potentialAction\":[{\"@type\":\"SearchAction\",\"target\":{\"@type\":\"EntryPoint\",\"urlTemplate\":\"https:\/\/svilupporaytech.com\/?s={search_term_string}\"},\"query-input\":\"required name=search_term_string\"}],\"inLanguage\":\"fr-FR\"}]}<\/script>\n<!-- \/ Yoast SEO plugin. -->","yoast_head_json":{"title":"Techno GelGum | Raytech","robots":{"index":"index","follow":"follow","max-snippet":"max-snippet:-1","max-image-preview":"max-image-preview:large","max-video-preview":"max-video-preview:-1"},"canonical":"https:\/\/svilupporaytech.com\/fr\/produit\/basse-tension\/isolants-de-remplissage\/gelgum-fr\/techno-gelgum\/","og_locale":"fr_FR","og_type":"article","og_title":"Techno GelGum | Raytech","og_description":"Isolant bi-composant en flacon unique aux caract\u00e9ristiques di\u00e9lectriques, \u00e9tanches et thermiques \u00e9lev\u00e9es. Imperm\u00e9able et r\u00e9utilisable! TechnoGelGum est un \u00e9lastom\u00e8re flexible super \u00e9tanche dont la formule a \u00e9t\u00e9 optimis\u00e9e pour la [\u2026]","og_url":"https:\/\/svilupporaytech.com\/fr\/produit\/basse-tension\/isolants-de-remplissage\/gelgum-fr\/techno-gelgum\/","og_site_name":"Raytech","article_modified_time":"2023-06-16T12:36:02+00:00","og_image":[{"width":1024,"height":1024,"url":"https:\/\/svilupporaytech.com\/wp-content\/uploads\/GELGUM-1.jpg","type":"image\/jpeg"}],"twitter_card":"summary_large_image","twitter_misc":{"Dur\u00e9e de lecture estim\u00e9e":"1 minute"},"schema":{"@context":"https:\/\/schema.org","@graph":[{"@type":"WebPage","@id":"https:\/\/svilupporaytech.com\/fr\/produit\/basse-tension\/isolants-de-remplissage\/gelgum-fr\/techno-gelgum\/","url":"https:\/\/svilupporaytech.com\/fr\/produit\/basse-tension\/isolants-de-remplissage\/gelgum-fr\/techno-gelgum\/","name":"Techno GelGum | Raytech","isPartOf":{"@id":"https:\/\/svilupporaytech.com\/#website"},"primaryImageOfPage":{"@id":"https:\/\/svilupporaytech.com\/fr\/produit\/basse-tension\/isolants-de-remplissage\/gelgum-fr\/techno-gelgum\/#primaryimage"},"image":{"@id":"https:\/\/svilupporaytech.com\/fr\/produit\/basse-tension\/isolants-de-remplissage\/gelgum-fr\/techno-gelgum\/#primaryimage"},"thumbnailUrl":"https:\/\/svilupporaytech.com\/wp-content\/uploads\/GELGUM-1.jpg","datePublished":"2016-01-03T19:34:07+00:00","dateModified":"2023-06-16T12:36:02+00:00","breadcrumb":{"@id":"https:\/\/svilupporaytech.com\/fr\/produit\/basse-tension\/isolants-de-remplissage\/gelgum-fr\/techno-gelgum\/#breadcrumb"},"inLanguage":"fr-FR","potentialAction":[{"@type":"ReadAction","target":["https:\/\/svilupporaytech.com\/fr\/produit\/basse-tension\/isolants-de-remplissage\/gelgum-fr\/techno-gelgum\/"]}]},{"@type":"ImageObject","inLanguage":"fr-FR","@id":"https:\/\/svilupporaytech.com\/fr\/produit\/basse-tension\/isolants-de-remplissage\/gelgum-fr\/techno-gelgum\/#primaryimage","url":"https:\/\/svilupporaytech.com\/wp-content\/uploads\/GELGUM-1.jpg","contentUrl":"https:\/\/svilupporaytech.com\/wp-content\/uploads\/GELGUM-1.jpg","width":1024,"height":1024},{"@type":"BreadcrumbList","@id":"https:\/\/svilupporaytech.com\/fr\/produit\/basse-tension\/isolants-de-remplissage\/gelgum-fr\/techno-gelgum\/#breadcrumb","itemListElement":[{"@type":"ListItem","position":1,"name":"Home","item":"https:\/\/svilupporaytech.com\/fr\/"},{"@type":"ListItem","position":2,"name":"Boutique","item":"https:\/\/svilupporaytech.com\/fr\/boutique\/"},{"@type":"ListItem","position":3,"name":"Techno GelGum"}]},{"@type":"WebSite","@id":"https:\/\/svilupporaytech.com\/#website","url":"https:\/\/svilupporaytech.com\/","name":"Raytech","description":"Cable accessories company","potentialAction":[{"@type":"SearchAction","target":{"@type":"EntryPoint","urlTemplate":"https:\/\/svilupporaytech.com\/?s={search_term_string}"},"query-input":"required name=search_term_string"}],"inLanguage":"fr-FR"}]}},"_links":{"self":[{"href":"https:\/\/svilupporaytech.com\/fr\/wp-json\/wp\/v2\/product\/7252"}],"collection":[{"href":"https:\/\/svilupporaytech.com\/fr\/wp-json\/wp\/v2\/product"}],"about":[{"href":"https:\/\/svilupporaytech.com\/fr\/wp-json\/wp\/v2\/types\/product"}],"wp:featuredmedia":[{"embeddable":true,"href":"https:\/\/svilupporaytech.com\/fr\/wp-json\/wp\/v2\/media\/4219"}],"wp:attachment":[{"href":"https:\/\/svilupporaytech.com\/fr\/wp-json\/wp\/v2\/media?parent=7252"}],"wp:term":[{"taxonomy":"product_cat","embeddable":true,"href":"https:\/\/svilupporaytech.com\/fr\/wp-json\/wp\/v2\/product_cat?post=7252"},{"taxonomy":"product_tag","embeddable":true,"href":"https:\/\/svilupporaytech.com\/fr\/wp-json\/wp\/v2\/product_tag?post=7252"}],"curies":[{"name":"wp","href":"https:\/\/api.w.org\/{rel}","templated":true}]}}