{"id":7255,"date":"2015-07-15T15:42:09","date_gmt":"2016-01-03T20:24:36","guid":{"rendered":"https:\/\/svilupporaytech.com\/?post_type=product&#038;p=7255&#038;lang=fr"},"modified":"2016-01-03T20:31:07","modified_gmt":"2016-01-03T20:31:07","slug":"rayresin","status":"publish","type":"product","link":"https:\/\/svilupporaytech.com\/fr\/produit\/basse-tension\/isolants-de-remplissage\/resines\/rayresin\/","title":{"rendered":"Rayresin"},"content":{"rendered":"<div class=\"page\" title=\"Page 82\">\n<div class=\"layoutArea\">\n<div class=\"column\">\n<h4><span style=\"color: #009832;\">R\u00e9sine \u00e9poxyde bi-composant pour des installations jusqu\u2019\u00e0 1 kV<\/span><\/h4>\n<div class=\"page\" title=\"Page 82\">\n<div class=\"layoutArea\">\n<div class=\"column\">\n<p>R\u00e9sine pour l\u2019isolation \u00e9lectrique et la protection d\u2019accessoires BT et MT de type thermodurcissable. Les deux composants, r\u00e9sine de base et durcisseur, sont m\u00e9lang\u00e9s en contact intime pour d\u00e9clencher la r\u00e9action de r\u00e9ticulation. Excellente adh\u00e9sion aux composants m\u00e9talliques, mat\u00e9riaux plastiques et caoutchoucs.<\/p>\n<\/div>\n<\/div>\n<\/div>\n<\/div>\n<\/div>\n<\/div>\n","protected":false},"excerpt":{"rendered":"<p>R\u00e9sine \u00e9poxyde bi-composant pour des installations jusqu\u2019\u00e0 1 kV R\u00e9sine pour l\u2019isolation \u00e9lectrique et la protection d\u2019accessoires BT et MT de type thermodurcissable. Les deux composants, r\u00e9sine de base et<span class=\"excerpt-hellip\"> [\u2026]<\/span><\/p>\n","protected":false},"featured_media":33037,"template":"","meta":[],"product_cat":[136,151,155],"product_tag":[],"yoast_head":"<!-- This site is optimized with the Yoast SEO plugin v22.7 - https:\/\/yoast.com\/wordpress\/plugins\/seo\/ -->\n<title>Rayresin | Raytech<\/title>\n<meta name=\"robots\" content=\"index, follow, max-snippet:-1, max-image-preview:large, max-video-preview:-1\" \/>\n<link rel=\"canonical\" href=\"https:\/\/svilupporaytech.com\/fr\/produit\/basse-tension\/isolants-de-remplissage\/resines\/rayresin\/\" \/>\n<meta property=\"og:locale\" content=\"fr_FR\" \/>\n<meta property=\"og:type\" content=\"article\" \/>\n<meta property=\"og:title\" content=\"Rayresin | Raytech\" \/>\n<meta property=\"og:description\" content=\"R\u00e9sine \u00e9poxyde bi-composant pour des installations jusqu\u2019\u00e0 1 kV R\u00e9sine pour l\u2019isolation \u00e9lectrique et la protection d\u2019accessoires BT et MT de type thermodurcissable. Les deux composants, r\u00e9sine de base et [\u2026]\" \/>\n<meta property=\"og:url\" content=\"https:\/\/svilupporaytech.com\/fr\/produit\/basse-tension\/isolants-de-remplissage\/resines\/rayresin\/\" \/>\n<meta property=\"og:site_name\" content=\"Raytech\" \/>\n<meta property=\"article:modified_time\" content=\"2016-01-03T20:31:07+00:00\" \/>\n<meta property=\"og:image\" content=\"https:\/\/svilupporaytech.com\/wp-content\/uploads\/RAYRESIN-5.jpg\" \/>\n\t<meta property=\"og:image:width\" content=\"1024\" \/>\n\t<meta property=\"og:image:height\" content=\"773\" \/>\n\t<meta property=\"og:image:type\" content=\"image\/jpeg\" \/>\n<meta name=\"twitter:card\" content=\"summary_large_image\" \/>\n<script type=\"application\/ld+json\" class=\"yoast-schema-graph\">{\"@context\":\"https:\/\/schema.org\",\"@graph\":[{\"@type\":\"WebPage\",\"@id\":\"https:\/\/svilupporaytech.com\/fr\/produit\/basse-tension\/isolants-de-remplissage\/resines\/rayresin\/\",\"url\":\"https:\/\/svilupporaytech.com\/fr\/produit\/basse-tension\/isolants-de-remplissage\/resines\/rayresin\/\",\"name\":\"Rayresin | Raytech\",\"isPartOf\":{\"@id\":\"https:\/\/svilupporaytech.com\/#website\"},\"primaryImageOfPage\":{\"@id\":\"https:\/\/svilupporaytech.com\/fr\/produit\/basse-tension\/isolants-de-remplissage\/resines\/rayresin\/#primaryimage\"},\"image\":{\"@id\":\"https:\/\/svilupporaytech.com\/fr\/produit\/basse-tension\/isolants-de-remplissage\/resines\/rayresin\/#primaryimage\"},\"thumbnailUrl\":\"https:\/\/svilupporaytech.com\/wp-content\/uploads\/RAYRESIN-5.jpg\",\"datePublished\":\"2016-01-03T20:24:36+00:00\",\"dateModified\":\"2016-01-03T20:31:07+00:00\",\"breadcrumb\":{\"@id\":\"https:\/\/svilupporaytech.com\/fr\/produit\/basse-tension\/isolants-de-remplissage\/resines\/rayresin\/#breadcrumb\"},\"inLanguage\":\"fr-FR\",\"potentialAction\":[{\"@type\":\"ReadAction\",\"target\":[\"https:\/\/svilupporaytech.com\/fr\/produit\/basse-tension\/isolants-de-remplissage\/resines\/rayresin\/\"]}]},{\"@type\":\"ImageObject\",\"inLanguage\":\"fr-FR\",\"@id\":\"https:\/\/svilupporaytech.com\/fr\/produit\/basse-tension\/isolants-de-remplissage\/resines\/rayresin\/#primaryimage\",\"url\":\"https:\/\/svilupporaytech.com\/wp-content\/uploads\/RAYRESIN-5.jpg\",\"contentUrl\":\"https:\/\/svilupporaytech.com\/wp-content\/uploads\/RAYRESIN-5.jpg\",\"width\":1024,\"height\":773},{\"@type\":\"BreadcrumbList\",\"@id\":\"https:\/\/svilupporaytech.com\/fr\/produit\/basse-tension\/isolants-de-remplissage\/resines\/rayresin\/#breadcrumb\",\"itemListElement\":[{\"@type\":\"ListItem\",\"position\":1,\"name\":\"Home\",\"item\":\"https:\/\/svilupporaytech.com\/fr\/\"},{\"@type\":\"ListItem\",\"position\":2,\"name\":\"Boutique\",\"item\":\"https:\/\/svilupporaytech.com\/fr\/boutique\/\"},{\"@type\":\"ListItem\",\"position\":3,\"name\":\"Rayresin\"}]},{\"@type\":\"WebSite\",\"@id\":\"https:\/\/svilupporaytech.com\/#website\",\"url\":\"https:\/\/svilupporaytech.com\/\",\"name\":\"Raytech\",\"description\":\"Cable accessories company\",\"potentialAction\":[{\"@type\":\"SearchAction\",\"target\":{\"@type\":\"EntryPoint\",\"urlTemplate\":\"https:\/\/svilupporaytech.com\/?s={search_term_string}\"},\"query-input\":\"required name=search_term_string\"}],\"inLanguage\":\"fr-FR\"}]}<\/script>\n<!-- \/ Yoast SEO plugin. -->","yoast_head_json":{"title":"Rayresin | Raytech","robots":{"index":"index","follow":"follow","max-snippet":"max-snippet:-1","max-image-preview":"max-image-preview:large","max-video-preview":"max-video-preview:-1"},"canonical":"https:\/\/svilupporaytech.com\/fr\/produit\/basse-tension\/isolants-de-remplissage\/resines\/rayresin\/","og_locale":"fr_FR","og_type":"article","og_title":"Rayresin | Raytech","og_description":"R\u00e9sine \u00e9poxyde bi-composant pour des installations jusqu\u2019\u00e0 1 kV R\u00e9sine pour l\u2019isolation \u00e9lectrique et la protection d\u2019accessoires BT et MT de type thermodurcissable. Les deux composants, r\u00e9sine de base et [\u2026]","og_url":"https:\/\/svilupporaytech.com\/fr\/produit\/basse-tension\/isolants-de-remplissage\/resines\/rayresin\/","og_site_name":"Raytech","article_modified_time":"2016-01-03T20:31:07+00:00","og_image":[{"width":1024,"height":773,"url":"https:\/\/svilupporaytech.com\/wp-content\/uploads\/RAYRESIN-5.jpg","type":"image\/jpeg"}],"twitter_card":"summary_large_image","schema":{"@context":"https:\/\/schema.org","@graph":[{"@type":"WebPage","@id":"https:\/\/svilupporaytech.com\/fr\/produit\/basse-tension\/isolants-de-remplissage\/resines\/rayresin\/","url":"https:\/\/svilupporaytech.com\/fr\/produit\/basse-tension\/isolants-de-remplissage\/resines\/rayresin\/","name":"Rayresin | Raytech","isPartOf":{"@id":"https:\/\/svilupporaytech.com\/#website"},"primaryImageOfPage":{"@id":"https:\/\/svilupporaytech.com\/fr\/produit\/basse-tension\/isolants-de-remplissage\/resines\/rayresin\/#primaryimage"},"image":{"@id":"https:\/\/svilupporaytech.com\/fr\/produit\/basse-tension\/isolants-de-remplissage\/resines\/rayresin\/#primaryimage"},"thumbnailUrl":"https:\/\/svilupporaytech.com\/wp-content\/uploads\/RAYRESIN-5.jpg","datePublished":"2016-01-03T20:24:36+00:00","dateModified":"2016-01-03T20:31:07+00:00","breadcrumb":{"@id":"https:\/\/svilupporaytech.com\/fr\/produit\/basse-tension\/isolants-de-remplissage\/resines\/rayresin\/#breadcrumb"},"inLanguage":"fr-FR","potentialAction":[{"@type":"ReadAction","target":["https:\/\/svilupporaytech.com\/fr\/produit\/basse-tension\/isolants-de-remplissage\/resines\/rayresin\/"]}]},{"@type":"ImageObject","inLanguage":"fr-FR","@id":"https:\/\/svilupporaytech.com\/fr\/produit\/basse-tension\/isolants-de-remplissage\/resines\/rayresin\/#primaryimage","url":"https:\/\/svilupporaytech.com\/wp-content\/uploads\/RAYRESIN-5.jpg","contentUrl":"https:\/\/svilupporaytech.com\/wp-content\/uploads\/RAYRESIN-5.jpg","width":1024,"height":773},{"@type":"BreadcrumbList","@id":"https:\/\/svilupporaytech.com\/fr\/produit\/basse-tension\/isolants-de-remplissage\/resines\/rayresin\/#breadcrumb","itemListElement":[{"@type":"ListItem","position":1,"name":"Home","item":"https:\/\/svilupporaytech.com\/fr\/"},{"@type":"ListItem","position":2,"name":"Boutique","item":"https:\/\/svilupporaytech.com\/fr\/boutique\/"},{"@type":"ListItem","position":3,"name":"Rayresin"}]},{"@type":"WebSite","@id":"https:\/\/svilupporaytech.com\/#website","url":"https:\/\/svilupporaytech.com\/","name":"Raytech","description":"Cable accessories company","potentialAction":[{"@type":"SearchAction","target":{"@type":"EntryPoint","urlTemplate":"https:\/\/svilupporaytech.com\/?s={search_term_string}"},"query-input":"required name=search_term_string"}],"inLanguage":"fr-FR"}]}},"_links":{"self":[{"href":"https:\/\/svilupporaytech.com\/fr\/wp-json\/wp\/v2\/product\/7255"}],"collection":[{"href":"https:\/\/svilupporaytech.com\/fr\/wp-json\/wp\/v2\/product"}],"about":[{"href":"https:\/\/svilupporaytech.com\/fr\/wp-json\/wp\/v2\/types\/product"}],"wp:featuredmedia":[{"embeddable":true,"href":"https:\/\/svilupporaytech.com\/fr\/wp-json\/wp\/v2\/media\/33037"}],"wp:attachment":[{"href":"https:\/\/svilupporaytech.com\/fr\/wp-json\/wp\/v2\/media?parent=7255"}],"wp:term":[{"taxonomy":"product_cat","embeddable":true,"href":"https:\/\/svilupporaytech.com\/fr\/wp-json\/wp\/v2\/product_cat?post=7255"},{"taxonomy":"product_tag","embeddable":true,"href":"https:\/\/svilupporaytech.com\/fr\/wp-json\/wp\/v2\/product_tag?post=7255"}],"curies":[{"name":"wp","href":"https:\/\/api.w.org\/{rel}","templated":true}]}}