{"id":7262,"date":"2015-07-15T15:47:56","date_gmt":"2016-01-03T21:01:27","guid":{"rendered":"https:\/\/svilupporaytech.com\/?post_type=product&#038;p=7262&#038;lang=fr"},"modified":"2019-11-11T10:16:58","modified_gmt":"2019-11-11T10:16:58","slug":"power-kit-ip68","status":"publish","type":"product","link":"https:\/\/svilupporaytech.com\/fr\/produit\/basse-tension\/boites\/power-kit-ip68\/","title":{"rendered":"Power Kit IP68"},"content":{"rendered":"<h4><span style=\"color: #009832;\">Le seul kit IP68 retirable et r\u00e9utilisable m\u00eame si le bo\u00eetier est install\u00e9 au plafond ou encastr\u00e9<\/span><\/h4>\n<p>Voici la solution \u00e9lectrique la plus s\u00fbre pour des connexions dans un bo\u00eetier totalement prot\u00e9g\u00e9es par un degr\u00e9 IP68 ; gr\u00e2ce au Magic Power, gel de nouvelle conception, de r\u00e9ticulation rapide, s\u00fbr et fiable, extr\u00eamement collant, auto-agglom\u00e9rant, avec des caract\u00e9ristiques \u00e9lectriques, thermiques et \u00e9lastiques tr\u00e8s \u00e9lev\u00e9es, le scellage est assur\u00e9 dans toutes les conditions de pose, m\u00eame immerg\u00e9e. En effet le Power Kit IP68 solution, est un produit unique! Non seulement parce que l\u2019isolant peut \u00eatre utilis\u00e9 de deux fa\u00e7ons diff\u00e9rentes, c\u2019est \u00e0 dire comme un produit traditionnel \u00abcoul\u00e9\u00bb dans le bo\u00eetier, ou comme un produit \u00abr\u00e9ticul\u00e9 et coll\u00e9\u00bb (en le faisant r\u00e9ticuler avant), mais aussi parce qu\u2019\u00e9tant retirable et r\u00e9utilisable, il permet d\u2019\u00e9conomiser du temps et de l\u2019argent!<\/p>\n<ul>\n<li><span style=\"color: #009832;\">Kit complet pour une parfaite connexion IP68<\/span><\/li>\n<li><span style=\"color: #009832;\">Isol\u00e9 avec Magic Power Gel le gel innovant en un seul flacon auto-agglom\u00e9rant<\/span><\/li>\n<li><span style=\"color: #009832;\">Utilisable aussi dans des conditions environnementales difficiles<\/span><\/li>\n<li><span style=\"color: #009832;\">Adapt\u00e9 pour de grandes profondeurs<\/span><\/li>\n<li><span style=\"color: #009832;\">Aucun gaspillage<\/span><\/li>\n<li><span style=\"color: #009832;\">Sans date limite<\/span><\/li>\n<\/ul>\n","protected":false},"excerpt":{"rendered":"<p>Le seul kit IP68 retirable et r\u00e9utilisable m\u00eame si le bo\u00eetier est install\u00e9 au plafond ou encastr\u00e9 Voici la solution \u00e9lectrique la plus s\u00fbre pour des connexions dans un bo\u00eetier<span class=\"excerpt-hellip\"> [\u2026]<\/span><\/p>\n","protected":false},"featured_media":3335,"template":"","meta":[],"product_cat":[136,146],"product_tag":[],"yoast_head":"<!-- This site is optimized with the Yoast SEO plugin v22.7 - https:\/\/yoast.com\/wordpress\/plugins\/seo\/ -->\n<title>Power Kit IP68 | Raytech<\/title>\n<meta name=\"robots\" content=\"index, follow, max-snippet:-1, max-image-preview:large, max-video-preview:-1\" \/>\n<link rel=\"canonical\" href=\"https:\/\/svilupporaytech.com\/fr\/produit\/basse-tension\/boites\/power-kit-ip68\/\" \/>\n<meta property=\"og:locale\" content=\"fr_FR\" \/>\n<meta property=\"og:type\" content=\"article\" \/>\n<meta property=\"og:title\" content=\"Power Kit IP68 | Raytech\" \/>\n<meta property=\"og:description\" content=\"Le seul kit IP68 retirable et r\u00e9utilisable m\u00eame si le bo\u00eetier est install\u00e9 au plafond ou encastr\u00e9 Voici la solution \u00e9lectrique la plus s\u00fbre pour des connexions dans un bo\u00eetier [\u2026]\" \/>\n<meta property=\"og:url\" content=\"https:\/\/svilupporaytech.com\/fr\/produit\/basse-tension\/boites\/power-kit-ip68\/\" \/>\n<meta property=\"og:site_name\" content=\"Raytech\" \/>\n<meta property=\"article:modified_time\" content=\"2019-11-11T10:16:58+00:00\" \/>\n<meta property=\"og:image\" content=\"https:\/\/svilupporaytech.com\/wp-content\/uploads\/power-kit-IP68-2.jpg\" \/>\n\t<meta property=\"og:image:width\" content=\"1024\" \/>\n\t<meta property=\"og:image:height\" content=\"1024\" \/>\n\t<meta property=\"og:image:type\" content=\"image\/jpeg\" \/>\n<meta name=\"twitter:card\" content=\"summary_large_image\" \/>\n<meta name=\"twitter:label1\" content=\"Dur\u00e9e de lecture estim\u00e9e\" \/>\n\t<meta name=\"twitter:data1\" content=\"1 minute\" \/>\n<script type=\"application\/ld+json\" class=\"yoast-schema-graph\">{\"@context\":\"https:\/\/schema.org\",\"@graph\":[{\"@type\":\"WebPage\",\"@id\":\"https:\/\/svilupporaytech.com\/fr\/produit\/basse-tension\/boites\/power-kit-ip68\/\",\"url\":\"https:\/\/svilupporaytech.com\/fr\/produit\/basse-tension\/boites\/power-kit-ip68\/\",\"name\":\"Power Kit IP68 | Raytech\",\"isPartOf\":{\"@id\":\"https:\/\/svilupporaytech.com\/#website\"},\"primaryImageOfPage\":{\"@id\":\"https:\/\/svilupporaytech.com\/fr\/produit\/basse-tension\/boites\/power-kit-ip68\/#primaryimage\"},\"image\":{\"@id\":\"https:\/\/svilupporaytech.com\/fr\/produit\/basse-tension\/boites\/power-kit-ip68\/#primaryimage\"},\"thumbnailUrl\":\"https:\/\/svilupporaytech.com\/wp-content\/uploads\/power-kit-IP68-2.jpg\",\"datePublished\":\"2016-01-03T21:01:27+00:00\",\"dateModified\":\"2019-11-11T10:16:58+00:00\",\"breadcrumb\":{\"@id\":\"https:\/\/svilupporaytech.com\/fr\/produit\/basse-tension\/boites\/power-kit-ip68\/#breadcrumb\"},\"inLanguage\":\"fr-FR\",\"potentialAction\":[{\"@type\":\"ReadAction\",\"target\":[\"https:\/\/svilupporaytech.com\/fr\/produit\/basse-tension\/boites\/power-kit-ip68\/\"]}]},{\"@type\":\"ImageObject\",\"inLanguage\":\"fr-FR\",\"@id\":\"https:\/\/svilupporaytech.com\/fr\/produit\/basse-tension\/boites\/power-kit-ip68\/#primaryimage\",\"url\":\"https:\/\/svilupporaytech.com\/wp-content\/uploads\/power-kit-IP68-2.jpg\",\"contentUrl\":\"https:\/\/svilupporaytech.com\/wp-content\/uploads\/power-kit-IP68-2.jpg\",\"width\":1024,\"height\":1024},{\"@type\":\"BreadcrumbList\",\"@id\":\"https:\/\/svilupporaytech.com\/fr\/produit\/basse-tension\/boites\/power-kit-ip68\/#breadcrumb\",\"itemListElement\":[{\"@type\":\"ListItem\",\"position\":1,\"name\":\"Home\",\"item\":\"https:\/\/svilupporaytech.com\/fr\/\"},{\"@type\":\"ListItem\",\"position\":2,\"name\":\"Boutique\",\"item\":\"https:\/\/svilupporaytech.com\/fr\/boutique\/\"},{\"@type\":\"ListItem\",\"position\":3,\"name\":\"Power Kit IP68\"}]},{\"@type\":\"WebSite\",\"@id\":\"https:\/\/svilupporaytech.com\/#website\",\"url\":\"https:\/\/svilupporaytech.com\/\",\"name\":\"Raytech\",\"description\":\"Cable accessories company\",\"potentialAction\":[{\"@type\":\"SearchAction\",\"target\":{\"@type\":\"EntryPoint\",\"urlTemplate\":\"https:\/\/svilupporaytech.com\/?s={search_term_string}\"},\"query-input\":\"required name=search_term_string\"}],\"inLanguage\":\"fr-FR\"}]}<\/script>\n<!-- \/ Yoast SEO plugin. -->","yoast_head_json":{"title":"Power Kit IP68 | Raytech","robots":{"index":"index","follow":"follow","max-snippet":"max-snippet:-1","max-image-preview":"max-image-preview:large","max-video-preview":"max-video-preview:-1"},"canonical":"https:\/\/svilupporaytech.com\/fr\/produit\/basse-tension\/boites\/power-kit-ip68\/","og_locale":"fr_FR","og_type":"article","og_title":"Power Kit IP68 | Raytech","og_description":"Le seul kit IP68 retirable et r\u00e9utilisable m\u00eame si le bo\u00eetier est install\u00e9 au plafond ou encastr\u00e9 Voici la solution \u00e9lectrique la plus s\u00fbre pour des connexions dans un bo\u00eetier [\u2026]","og_url":"https:\/\/svilupporaytech.com\/fr\/produit\/basse-tension\/boites\/power-kit-ip68\/","og_site_name":"Raytech","article_modified_time":"2019-11-11T10:16:58+00:00","og_image":[{"width":1024,"height":1024,"url":"https:\/\/svilupporaytech.com\/wp-content\/uploads\/power-kit-IP68-2.jpg","type":"image\/jpeg"}],"twitter_card":"summary_large_image","twitter_misc":{"Dur\u00e9e de lecture estim\u00e9e":"1 minute"},"schema":{"@context":"https:\/\/schema.org","@graph":[{"@type":"WebPage","@id":"https:\/\/svilupporaytech.com\/fr\/produit\/basse-tension\/boites\/power-kit-ip68\/","url":"https:\/\/svilupporaytech.com\/fr\/produit\/basse-tension\/boites\/power-kit-ip68\/","name":"Power Kit IP68 | Raytech","isPartOf":{"@id":"https:\/\/svilupporaytech.com\/#website"},"primaryImageOfPage":{"@id":"https:\/\/svilupporaytech.com\/fr\/produit\/basse-tension\/boites\/power-kit-ip68\/#primaryimage"},"image":{"@id":"https:\/\/svilupporaytech.com\/fr\/produit\/basse-tension\/boites\/power-kit-ip68\/#primaryimage"},"thumbnailUrl":"https:\/\/svilupporaytech.com\/wp-content\/uploads\/power-kit-IP68-2.jpg","datePublished":"2016-01-03T21:01:27+00:00","dateModified":"2019-11-11T10:16:58+00:00","breadcrumb":{"@id":"https:\/\/svilupporaytech.com\/fr\/produit\/basse-tension\/boites\/power-kit-ip68\/#breadcrumb"},"inLanguage":"fr-FR","potentialAction":[{"@type":"ReadAction","target":["https:\/\/svilupporaytech.com\/fr\/produit\/basse-tension\/boites\/power-kit-ip68\/"]}]},{"@type":"ImageObject","inLanguage":"fr-FR","@id":"https:\/\/svilupporaytech.com\/fr\/produit\/basse-tension\/boites\/power-kit-ip68\/#primaryimage","url":"https:\/\/svilupporaytech.com\/wp-content\/uploads\/power-kit-IP68-2.jpg","contentUrl":"https:\/\/svilupporaytech.com\/wp-content\/uploads\/power-kit-IP68-2.jpg","width":1024,"height":1024},{"@type":"BreadcrumbList","@id":"https:\/\/svilupporaytech.com\/fr\/produit\/basse-tension\/boites\/power-kit-ip68\/#breadcrumb","itemListElement":[{"@type":"ListItem","position":1,"name":"Home","item":"https:\/\/svilupporaytech.com\/fr\/"},{"@type":"ListItem","position":2,"name":"Boutique","item":"https:\/\/svilupporaytech.com\/fr\/boutique\/"},{"@type":"ListItem","position":3,"name":"Power Kit IP68"}]},{"@type":"WebSite","@id":"https:\/\/svilupporaytech.com\/#website","url":"https:\/\/svilupporaytech.com\/","name":"Raytech","description":"Cable accessories company","potentialAction":[{"@type":"SearchAction","target":{"@type":"EntryPoint","urlTemplate":"https:\/\/svilupporaytech.com\/?s={search_term_string}"},"query-input":"required name=search_term_string"}],"inLanguage":"fr-FR"}]}},"_links":{"self":[{"href":"https:\/\/svilupporaytech.com\/fr\/wp-json\/wp\/v2\/product\/7262"}],"collection":[{"href":"https:\/\/svilupporaytech.com\/fr\/wp-json\/wp\/v2\/product"}],"about":[{"href":"https:\/\/svilupporaytech.com\/fr\/wp-json\/wp\/v2\/types\/product"}],"wp:featuredmedia":[{"embeddable":true,"href":"https:\/\/svilupporaytech.com\/fr\/wp-json\/wp\/v2\/media\/3335"}],"wp:attachment":[{"href":"https:\/\/svilupporaytech.com\/fr\/wp-json\/wp\/v2\/media?parent=7262"}],"wp:term":[{"taxonomy":"product_cat","embeddable":true,"href":"https:\/\/svilupporaytech.com\/fr\/wp-json\/wp\/v2\/product_cat?post=7262"},{"taxonomy":"product_tag","embeddable":true,"href":"https:\/\/svilupporaytech.com\/fr\/wp-json\/wp\/v2\/product_tag?post=7262"}],"curies":[{"name":"wp","href":"https:\/\/api.w.org\/{rel}","templated":true}]}}