{"id":7265,"date":"2015-07-15T16:01:38","date_gmt":"2016-01-03T21:09:11","guid":{"rendered":"https:\/\/svilupporaytech.com\/?post_type=product&#038;p=7265&#038;lang=fr"},"modified":"2019-12-21T16:55:06","modified_gmt":"2019-12-21T15:55:06","slug":"j-box","status":"publish","type":"product","link":"https:\/\/svilupporaytech.com\/fr\/produit\/basse-tension\/boites\/j-box\/","title":{"rendered":"J-Box"},"content":{"rendered":"<div class=\"page\" title=\"Page 91\">\n<div class=\"layoutArea\">\n<div class=\"column\">\n<h4><span style=\"color: #009832;\">Bo\u00eete de d\u00e9rivation avec fermeture \u00e0 d\u00e9clic<\/span><\/h4>\n<p>Bo\u00eetes de d\u00e9rivation avec fermeture du couvercle \u00e0 d\u00e9clic, parois perfor\u00e9es pour d\u00e9foncement pour un logement plus rapide des presse-\u00e9toupes ou passe-c\u00e2ble ; aux caract\u00e9ristiques m\u00e9caniques et de r\u00e9sistance \u00e0 la flamme tr\u00e8s \u00e9lev\u00e9es. Atoxiques, elles sont r\u00e9-accessibles \u00e0 l\u2019aide d\u2019un simple outil. Elles \u00e9vitent l\u2019utilisation de vis qui, dans le temps et en pr\u00e9sence d\u2019humidit\u00e9, s\u2019oxydent en rendant leur r\u00e9ouverture impossible. Elles sont en outre dot\u00e9es de bouchons de couverture des vis de fixation aux parois, 3 presse-\u00e8toupes pour l\u2019entr\u00e9e des c\u00e2bles et permettent l\u2019\u00e9ventuel remplissage \u00e0 la verticale.<\/p>\n<ul>\n<li><span style=\"color: #009832;\">Isolables avec <em><strong>Magic Power Gel, Magic Gel, Wonder Gel (IP68)<\/strong><\/em><\/span><\/li>\n<li><span style=\"color: #009832;\">Accessible seulement avec un outil<\/span><\/li>\n<li><span style=\"color: #009832;\">Fermeture \u00e0 d\u00e8clic (sans utiliser de vis)<\/span><\/li>\n<li><span style=\"color: #009832;\">Adapt\u00e9es aussi pour le remplissage \u00e0 la verticale<\/span><\/li>\n<li><span style=\"color: #009832;\">Excellentes r\u00e9sistances aux chocs<\/span><\/li>\n<li><span style=\"color: #009832;\">Auto extinguible<\/span><\/li>\n<li><span style=\"color: #009832;\">Sans Halog\u00e8ne<\/span><\/li>\n<\/ul>\n<\/div>\n<\/div>\n<\/div>\n","protected":false},"excerpt":{"rendered":"<p>Bo\u00eete de d\u00e9rivation avec fermeture \u00e0 d\u00e9clic Bo\u00eetes de d\u00e9rivation avec fermeture du couvercle \u00e0 d\u00e9clic, parois perfor\u00e9es pour d\u00e9foncement pour un logement plus rapide des presse-\u00e9toupes ou passe-c\u00e2ble ;<span class=\"excerpt-hellip\"> [\u2026]<\/span><\/p>\n","protected":false},"featured_media":1381,"template":"","meta":[],"product_cat":[136,146],"product_tag":[],"yoast_head":"<!-- This site is optimized with the Yoast SEO plugin v22.7 - https:\/\/yoast.com\/wordpress\/plugins\/seo\/ -->\n<title>J-Box | Raytech<\/title>\n<meta name=\"robots\" content=\"index, follow, max-snippet:-1, max-image-preview:large, max-video-preview:-1\" \/>\n<link rel=\"canonical\" href=\"https:\/\/svilupporaytech.com\/fr\/produit\/basse-tension\/boites\/j-box\/\" \/>\n<meta property=\"og:locale\" content=\"fr_FR\" \/>\n<meta property=\"og:type\" content=\"article\" \/>\n<meta property=\"og:title\" content=\"J-Box | Raytech\" \/>\n<meta property=\"og:description\" content=\"Bo\u00eete de d\u00e9rivation avec fermeture \u00e0 d\u00e9clic Bo\u00eetes de d\u00e9rivation avec fermeture du couvercle \u00e0 d\u00e9clic, parois perfor\u00e9es pour d\u00e9foncement pour un logement plus rapide des presse-\u00e9toupes ou passe-c\u00e2ble ; [\u2026]\" \/>\n<meta property=\"og:url\" content=\"https:\/\/svilupporaytech.com\/fr\/produit\/basse-tension\/boites\/j-box\/\" \/>\n<meta property=\"og:site_name\" content=\"Raytech\" \/>\n<meta property=\"article:modified_time\" content=\"2019-12-21T15:55:06+00:00\" \/>\n<meta property=\"og:image\" content=\"https:\/\/svilupporaytech.com\/wp-content\/uploads\/j-box.jpg\" \/>\n\t<meta property=\"og:image:width\" content=\"500\" \/>\n\t<meta property=\"og:image:height\" content=\"500\" \/>\n\t<meta property=\"og:image:type\" content=\"image\/jpeg\" \/>\n<meta name=\"twitter:card\" content=\"summary_large_image\" \/>\n<meta name=\"twitter:label1\" content=\"Dur\u00e9e de lecture estim\u00e9e\" \/>\n\t<meta name=\"twitter:data1\" content=\"1 minute\" \/>\n<script type=\"application\/ld+json\" class=\"yoast-schema-graph\">{\"@context\":\"https:\/\/schema.org\",\"@graph\":[{\"@type\":\"WebPage\",\"@id\":\"https:\/\/svilupporaytech.com\/fr\/produit\/basse-tension\/boites\/j-box\/\",\"url\":\"https:\/\/svilupporaytech.com\/fr\/produit\/basse-tension\/boites\/j-box\/\",\"name\":\"J-Box | Raytech\",\"isPartOf\":{\"@id\":\"https:\/\/svilupporaytech.com\/#website\"},\"primaryImageOfPage\":{\"@id\":\"https:\/\/svilupporaytech.com\/fr\/produit\/basse-tension\/boites\/j-box\/#primaryimage\"},\"image\":{\"@id\":\"https:\/\/svilupporaytech.com\/fr\/produit\/basse-tension\/boites\/j-box\/#primaryimage\"},\"thumbnailUrl\":\"https:\/\/svilupporaytech.com\/wp-content\/uploads\/j-box.jpg\",\"datePublished\":\"2016-01-03T21:09:11+00:00\",\"dateModified\":\"2019-12-21T15:55:06+00:00\",\"breadcrumb\":{\"@id\":\"https:\/\/svilupporaytech.com\/fr\/produit\/basse-tension\/boites\/j-box\/#breadcrumb\"},\"inLanguage\":\"fr-FR\",\"potentialAction\":[{\"@type\":\"ReadAction\",\"target\":[\"https:\/\/svilupporaytech.com\/fr\/produit\/basse-tension\/boites\/j-box\/\"]}]},{\"@type\":\"ImageObject\",\"inLanguage\":\"fr-FR\",\"@id\":\"https:\/\/svilupporaytech.com\/fr\/produit\/basse-tension\/boites\/j-box\/#primaryimage\",\"url\":\"https:\/\/svilupporaytech.com\/wp-content\/uploads\/j-box.jpg\",\"contentUrl\":\"https:\/\/svilupporaytech.com\/wp-content\/uploads\/j-box.jpg\",\"width\":500,\"height\":500},{\"@type\":\"BreadcrumbList\",\"@id\":\"https:\/\/svilupporaytech.com\/fr\/produit\/basse-tension\/boites\/j-box\/#breadcrumb\",\"itemListElement\":[{\"@type\":\"ListItem\",\"position\":1,\"name\":\"Home\",\"item\":\"https:\/\/svilupporaytech.com\/fr\/\"},{\"@type\":\"ListItem\",\"position\":2,\"name\":\"Boutique\",\"item\":\"https:\/\/svilupporaytech.com\/fr\/boutique\/\"},{\"@type\":\"ListItem\",\"position\":3,\"name\":\"J-Box\"}]},{\"@type\":\"WebSite\",\"@id\":\"https:\/\/svilupporaytech.com\/#website\",\"url\":\"https:\/\/svilupporaytech.com\/\",\"name\":\"Raytech\",\"description\":\"Cable accessories company\",\"potentialAction\":[{\"@type\":\"SearchAction\",\"target\":{\"@type\":\"EntryPoint\",\"urlTemplate\":\"https:\/\/svilupporaytech.com\/?s={search_term_string}\"},\"query-input\":\"required name=search_term_string\"}],\"inLanguage\":\"fr-FR\"}]}<\/script>\n<!-- \/ Yoast SEO plugin. -->","yoast_head_json":{"title":"J-Box | Raytech","robots":{"index":"index","follow":"follow","max-snippet":"max-snippet:-1","max-image-preview":"max-image-preview:large","max-video-preview":"max-video-preview:-1"},"canonical":"https:\/\/svilupporaytech.com\/fr\/produit\/basse-tension\/boites\/j-box\/","og_locale":"fr_FR","og_type":"article","og_title":"J-Box | Raytech","og_description":"Bo\u00eete de d\u00e9rivation avec fermeture \u00e0 d\u00e9clic Bo\u00eetes de d\u00e9rivation avec fermeture du couvercle \u00e0 d\u00e9clic, parois perfor\u00e9es pour d\u00e9foncement pour un logement plus rapide des presse-\u00e9toupes ou passe-c\u00e2ble ; [\u2026]","og_url":"https:\/\/svilupporaytech.com\/fr\/produit\/basse-tension\/boites\/j-box\/","og_site_name":"Raytech","article_modified_time":"2019-12-21T15:55:06+00:00","og_image":[{"width":500,"height":500,"url":"https:\/\/svilupporaytech.com\/wp-content\/uploads\/j-box.jpg","type":"image\/jpeg"}],"twitter_card":"summary_large_image","twitter_misc":{"Dur\u00e9e de lecture estim\u00e9e":"1 minute"},"schema":{"@context":"https:\/\/schema.org","@graph":[{"@type":"WebPage","@id":"https:\/\/svilupporaytech.com\/fr\/produit\/basse-tension\/boites\/j-box\/","url":"https:\/\/svilupporaytech.com\/fr\/produit\/basse-tension\/boites\/j-box\/","name":"J-Box | Raytech","isPartOf":{"@id":"https:\/\/svilupporaytech.com\/#website"},"primaryImageOfPage":{"@id":"https:\/\/svilupporaytech.com\/fr\/produit\/basse-tension\/boites\/j-box\/#primaryimage"},"image":{"@id":"https:\/\/svilupporaytech.com\/fr\/produit\/basse-tension\/boites\/j-box\/#primaryimage"},"thumbnailUrl":"https:\/\/svilupporaytech.com\/wp-content\/uploads\/j-box.jpg","datePublished":"2016-01-03T21:09:11+00:00","dateModified":"2019-12-21T15:55:06+00:00","breadcrumb":{"@id":"https:\/\/svilupporaytech.com\/fr\/produit\/basse-tension\/boites\/j-box\/#breadcrumb"},"inLanguage":"fr-FR","potentialAction":[{"@type":"ReadAction","target":["https:\/\/svilupporaytech.com\/fr\/produit\/basse-tension\/boites\/j-box\/"]}]},{"@type":"ImageObject","inLanguage":"fr-FR","@id":"https:\/\/svilupporaytech.com\/fr\/produit\/basse-tension\/boites\/j-box\/#primaryimage","url":"https:\/\/svilupporaytech.com\/wp-content\/uploads\/j-box.jpg","contentUrl":"https:\/\/svilupporaytech.com\/wp-content\/uploads\/j-box.jpg","width":500,"height":500},{"@type":"BreadcrumbList","@id":"https:\/\/svilupporaytech.com\/fr\/produit\/basse-tension\/boites\/j-box\/#breadcrumb","itemListElement":[{"@type":"ListItem","position":1,"name":"Home","item":"https:\/\/svilupporaytech.com\/fr\/"},{"@type":"ListItem","position":2,"name":"Boutique","item":"https:\/\/svilupporaytech.com\/fr\/boutique\/"},{"@type":"ListItem","position":3,"name":"J-Box"}]},{"@type":"WebSite","@id":"https:\/\/svilupporaytech.com\/#website","url":"https:\/\/svilupporaytech.com\/","name":"Raytech","description":"Cable accessories company","potentialAction":[{"@type":"SearchAction","target":{"@type":"EntryPoint","urlTemplate":"https:\/\/svilupporaytech.com\/?s={search_term_string}"},"query-input":"required name=search_term_string"}],"inLanguage":"fr-FR"}]}},"_links":{"self":[{"href":"https:\/\/svilupporaytech.com\/fr\/wp-json\/wp\/v2\/product\/7265"}],"collection":[{"href":"https:\/\/svilupporaytech.com\/fr\/wp-json\/wp\/v2\/product"}],"about":[{"href":"https:\/\/svilupporaytech.com\/fr\/wp-json\/wp\/v2\/types\/product"}],"wp:featuredmedia":[{"embeddable":true,"href":"https:\/\/svilupporaytech.com\/fr\/wp-json\/wp\/v2\/media\/1381"}],"wp:attachment":[{"href":"https:\/\/svilupporaytech.com\/fr\/wp-json\/wp\/v2\/media?parent=7265"}],"wp:term":[{"taxonomy":"product_cat","embeddable":true,"href":"https:\/\/svilupporaytech.com\/fr\/wp-json\/wp\/v2\/product_cat?post=7265"},{"taxonomy":"product_tag","embeddable":true,"href":"https:\/\/svilupporaytech.com\/fr\/wp-json\/wp\/v2\/product_tag?post=7265"}],"curies":[{"name":"wp","href":"https:\/\/api.w.org\/{rel}","templated":true}]}}