{"id":7289,"date":"2015-07-15T14:46:35","date_gmt":"2016-01-04T09:26:43","guid":{"rendered":"https:\/\/svilupporaytech.com\/?post_type=product&#038;p=7289&#038;lang=fr"},"modified":"2016-01-26T09:04:36","modified_gmt":"2016-01-26T09:04:36","slug":"thermo-retractable-dans-une-boite-distributrice-pour-usage-industriel","status":"publish","type":"product","link":"https:\/\/svilupporaytech.com\/fr\/produit\/basse-tension\/thermo-retractables-fr-2\/gaines\/avec-des-parois-fines\/thermo-retractable-dans-une-boite-distributrice-pour-usage-industriel\/","title":{"rendered":"Thermo-r\u00e9tractable, dans une bo\u00eete distributrice pour usage industriel"},"content":{"rendered":"<h4><span style=\"color: #009832;\">RayRoll<br \/>\nThermo-r\u00e9tractable, dans une bo\u00eete distributrice\u00a0pour usage industriel<br \/>\n<\/span><\/h4>\n<p>Gaines thermo-r\u00e9tractables flexibles en polyol\u00e9fine modifi\u00e9e et r\u00e9ticul\u00e9e par radiation.\u00a0Raccourcissement longitudinal jusqu\u2019\u00e0 15%. Adapt\u00e9es \u00e0 l\u2019isolation et \u00e0 la protection des\u00a0conducteurs et de leurs connexions, de barres, etc&#8230; elles remplacent les rubans isolants\u00a0auto-adh\u00e9sifs ou auto-agglom\u00e9rants.<\/p>\n","protected":false},"excerpt":{"rendered":"<div class=\"page\" title=\"Page 55\"><\/div>\n","protected":false},"featured_media":2312,"template":"","meta":[],"product_cat":[136,145,468,499],"product_tag":[],"yoast_head":"<!-- This site is optimized with the Yoast SEO plugin v22.7 - https:\/\/yoast.com\/wordpress\/plugins\/seo\/ -->\n<title>Thermo-r\u00e9tractable, dans une bo\u00eete distributrice pour usage industriel | Raytech<\/title>\n<meta name=\"robots\" content=\"index, follow, max-snippet:-1, max-image-preview:large, max-video-preview:-1\" \/>\n<link rel=\"canonical\" href=\"https:\/\/svilupporaytech.com\/fr\/produit\/basse-tension\/thermo-retractables-fr-2\/gaines\/avec-des-parois-fines\/thermo-retractable-dans-une-boite-distributrice-pour-usage-industriel\/\" \/>\n<meta property=\"og:locale\" content=\"fr_FR\" \/>\n<meta property=\"og:type\" content=\"article\" \/>\n<meta property=\"og:title\" content=\"Thermo-r\u00e9tractable, dans une bo\u00eete distributrice pour usage industriel | Raytech\" \/>\n<meta property=\"og:url\" content=\"https:\/\/svilupporaytech.com\/fr\/produit\/basse-tension\/thermo-retractables-fr-2\/gaines\/avec-des-parois-fines\/thermo-retractable-dans-une-boite-distributrice-pour-usage-industriel\/\" \/>\n<meta property=\"og:site_name\" content=\"Raytech\" \/>\n<meta property=\"article:modified_time\" content=\"2016-01-26T09:04:36+00:00\" \/>\n<meta property=\"og:image\" content=\"https:\/\/svilupporaytech.com\/wp-content\/uploads\/rayroll.jpg\" \/>\n\t<meta property=\"og:image:width\" content=\"1024\" \/>\n\t<meta property=\"og:image:height\" content=\"1024\" \/>\n\t<meta property=\"og:image:type\" content=\"image\/jpeg\" \/>\n<meta name=\"twitter:card\" content=\"summary_large_image\" \/>\n<script type=\"application\/ld+json\" class=\"yoast-schema-graph\">{\"@context\":\"https:\/\/schema.org\",\"@graph\":[{\"@type\":\"WebPage\",\"@id\":\"https:\/\/svilupporaytech.com\/fr\/produit\/basse-tension\/thermo-retractables-fr-2\/gaines\/avec-des-parois-fines\/thermo-retractable-dans-une-boite-distributrice-pour-usage-industriel\/\",\"url\":\"https:\/\/svilupporaytech.com\/fr\/produit\/basse-tension\/thermo-retractables-fr-2\/gaines\/avec-des-parois-fines\/thermo-retractable-dans-une-boite-distributrice-pour-usage-industriel\/\",\"name\":\"Thermo-r\u00e9tractable, dans une bo\u00eete distributrice pour usage industriel | Raytech\",\"isPartOf\":{\"@id\":\"https:\/\/svilupporaytech.com\/#website\"},\"primaryImageOfPage\":{\"@id\":\"https:\/\/svilupporaytech.com\/fr\/produit\/basse-tension\/thermo-retractables-fr-2\/gaines\/avec-des-parois-fines\/thermo-retractable-dans-une-boite-distributrice-pour-usage-industriel\/#primaryimage\"},\"image\":{\"@id\":\"https:\/\/svilupporaytech.com\/fr\/produit\/basse-tension\/thermo-retractables-fr-2\/gaines\/avec-des-parois-fines\/thermo-retractable-dans-une-boite-distributrice-pour-usage-industriel\/#primaryimage\"},\"thumbnailUrl\":\"https:\/\/svilupporaytech.com\/wp-content\/uploads\/rayroll.jpg\",\"datePublished\":\"2016-01-04T09:26:43+00:00\",\"dateModified\":\"2016-01-26T09:04:36+00:00\",\"breadcrumb\":{\"@id\":\"https:\/\/svilupporaytech.com\/fr\/produit\/basse-tension\/thermo-retractables-fr-2\/gaines\/avec-des-parois-fines\/thermo-retractable-dans-une-boite-distributrice-pour-usage-industriel\/#breadcrumb\"},\"inLanguage\":\"fr-FR\",\"potentialAction\":[{\"@type\":\"ReadAction\",\"target\":[\"https:\/\/svilupporaytech.com\/fr\/produit\/basse-tension\/thermo-retractables-fr-2\/gaines\/avec-des-parois-fines\/thermo-retractable-dans-une-boite-distributrice-pour-usage-industriel\/\"]}]},{\"@type\":\"ImageObject\",\"inLanguage\":\"fr-FR\",\"@id\":\"https:\/\/svilupporaytech.com\/fr\/produit\/basse-tension\/thermo-retractables-fr-2\/gaines\/avec-des-parois-fines\/thermo-retractable-dans-une-boite-distributrice-pour-usage-industriel\/#primaryimage\",\"url\":\"https:\/\/svilupporaytech.com\/wp-content\/uploads\/rayroll.jpg\",\"contentUrl\":\"https:\/\/svilupporaytech.com\/wp-content\/uploads\/rayroll.jpg\",\"width\":1024,\"height\":1024},{\"@type\":\"BreadcrumbList\",\"@id\":\"https:\/\/svilupporaytech.com\/fr\/produit\/basse-tension\/thermo-retractables-fr-2\/gaines\/avec-des-parois-fines\/thermo-retractable-dans-une-boite-distributrice-pour-usage-industriel\/#breadcrumb\",\"itemListElement\":[{\"@type\":\"ListItem\",\"position\":1,\"name\":\"Home\",\"item\":\"https:\/\/svilupporaytech.com\/fr\/\"},{\"@type\":\"ListItem\",\"position\":2,\"name\":\"Boutique\",\"item\":\"https:\/\/svilupporaytech.com\/fr\/boutique\/\"},{\"@type\":\"ListItem\",\"position\":3,\"name\":\"Thermo-r\u00e9tractable, dans une bo\u00eete distributrice pour usage industriel\"}]},{\"@type\":\"WebSite\",\"@id\":\"https:\/\/svilupporaytech.com\/#website\",\"url\":\"https:\/\/svilupporaytech.com\/\",\"name\":\"Raytech\",\"description\":\"Cable accessories company\",\"potentialAction\":[{\"@type\":\"SearchAction\",\"target\":{\"@type\":\"EntryPoint\",\"urlTemplate\":\"https:\/\/svilupporaytech.com\/?s={search_term_string}\"},\"query-input\":\"required name=search_term_string\"}],\"inLanguage\":\"fr-FR\"}]}<\/script>\n<!-- \/ Yoast SEO plugin. -->","yoast_head_json":{"title":"Thermo-r\u00e9tractable, dans une bo\u00eete distributrice pour usage industriel | Raytech","robots":{"index":"index","follow":"follow","max-snippet":"max-snippet:-1","max-image-preview":"max-image-preview:large","max-video-preview":"max-video-preview:-1"},"canonical":"https:\/\/svilupporaytech.com\/fr\/produit\/basse-tension\/thermo-retractables-fr-2\/gaines\/avec-des-parois-fines\/thermo-retractable-dans-une-boite-distributrice-pour-usage-industriel\/","og_locale":"fr_FR","og_type":"article","og_title":"Thermo-r\u00e9tractable, dans une bo\u00eete distributrice pour usage industriel | Raytech","og_url":"https:\/\/svilupporaytech.com\/fr\/produit\/basse-tension\/thermo-retractables-fr-2\/gaines\/avec-des-parois-fines\/thermo-retractable-dans-une-boite-distributrice-pour-usage-industriel\/","og_site_name":"Raytech","article_modified_time":"2016-01-26T09:04:36+00:00","og_image":[{"width":1024,"height":1024,"url":"https:\/\/svilupporaytech.com\/wp-content\/uploads\/rayroll.jpg","type":"image\/jpeg"}],"twitter_card":"summary_large_image","schema":{"@context":"https:\/\/schema.org","@graph":[{"@type":"WebPage","@id":"https:\/\/svilupporaytech.com\/fr\/produit\/basse-tension\/thermo-retractables-fr-2\/gaines\/avec-des-parois-fines\/thermo-retractable-dans-une-boite-distributrice-pour-usage-industriel\/","url":"https:\/\/svilupporaytech.com\/fr\/produit\/basse-tension\/thermo-retractables-fr-2\/gaines\/avec-des-parois-fines\/thermo-retractable-dans-une-boite-distributrice-pour-usage-industriel\/","name":"Thermo-r\u00e9tractable, dans une bo\u00eete distributrice pour usage industriel | Raytech","isPartOf":{"@id":"https:\/\/svilupporaytech.com\/#website"},"primaryImageOfPage":{"@id":"https:\/\/svilupporaytech.com\/fr\/produit\/basse-tension\/thermo-retractables-fr-2\/gaines\/avec-des-parois-fines\/thermo-retractable-dans-une-boite-distributrice-pour-usage-industriel\/#primaryimage"},"image":{"@id":"https:\/\/svilupporaytech.com\/fr\/produit\/basse-tension\/thermo-retractables-fr-2\/gaines\/avec-des-parois-fines\/thermo-retractable-dans-une-boite-distributrice-pour-usage-industriel\/#primaryimage"},"thumbnailUrl":"https:\/\/svilupporaytech.com\/wp-content\/uploads\/rayroll.jpg","datePublished":"2016-01-04T09:26:43+00:00","dateModified":"2016-01-26T09:04:36+00:00","breadcrumb":{"@id":"https:\/\/svilupporaytech.com\/fr\/produit\/basse-tension\/thermo-retractables-fr-2\/gaines\/avec-des-parois-fines\/thermo-retractable-dans-une-boite-distributrice-pour-usage-industriel\/#breadcrumb"},"inLanguage":"fr-FR","potentialAction":[{"@type":"ReadAction","target":["https:\/\/svilupporaytech.com\/fr\/produit\/basse-tension\/thermo-retractables-fr-2\/gaines\/avec-des-parois-fines\/thermo-retractable-dans-une-boite-distributrice-pour-usage-industriel\/"]}]},{"@type":"ImageObject","inLanguage":"fr-FR","@id":"https:\/\/svilupporaytech.com\/fr\/produit\/basse-tension\/thermo-retractables-fr-2\/gaines\/avec-des-parois-fines\/thermo-retractable-dans-une-boite-distributrice-pour-usage-industriel\/#primaryimage","url":"https:\/\/svilupporaytech.com\/wp-content\/uploads\/rayroll.jpg","contentUrl":"https:\/\/svilupporaytech.com\/wp-content\/uploads\/rayroll.jpg","width":1024,"height":1024},{"@type":"BreadcrumbList","@id":"https:\/\/svilupporaytech.com\/fr\/produit\/basse-tension\/thermo-retractables-fr-2\/gaines\/avec-des-parois-fines\/thermo-retractable-dans-une-boite-distributrice-pour-usage-industriel\/#breadcrumb","itemListElement":[{"@type":"ListItem","position":1,"name":"Home","item":"https:\/\/svilupporaytech.com\/fr\/"},{"@type":"ListItem","position":2,"name":"Boutique","item":"https:\/\/svilupporaytech.com\/fr\/boutique\/"},{"@type":"ListItem","position":3,"name":"Thermo-r\u00e9tractable, dans une bo\u00eete distributrice pour usage industriel"}]},{"@type":"WebSite","@id":"https:\/\/svilupporaytech.com\/#website","url":"https:\/\/svilupporaytech.com\/","name":"Raytech","description":"Cable accessories company","potentialAction":[{"@type":"SearchAction","target":{"@type":"EntryPoint","urlTemplate":"https:\/\/svilupporaytech.com\/?s={search_term_string}"},"query-input":"required name=search_term_string"}],"inLanguage":"fr-FR"}]}},"_links":{"self":[{"href":"https:\/\/svilupporaytech.com\/fr\/wp-json\/wp\/v2\/product\/7289"}],"collection":[{"href":"https:\/\/svilupporaytech.com\/fr\/wp-json\/wp\/v2\/product"}],"about":[{"href":"https:\/\/svilupporaytech.com\/fr\/wp-json\/wp\/v2\/types\/product"}],"wp:featuredmedia":[{"embeddable":true,"href":"https:\/\/svilupporaytech.com\/fr\/wp-json\/wp\/v2\/media\/2312"}],"wp:attachment":[{"href":"https:\/\/svilupporaytech.com\/fr\/wp-json\/wp\/v2\/media?parent=7289"}],"wp:term":[{"taxonomy":"product_cat","embeddable":true,"href":"https:\/\/svilupporaytech.com\/fr\/wp-json\/wp\/v2\/product_cat?post=7289"},{"taxonomy":"product_tag","embeddable":true,"href":"https:\/\/svilupporaytech.com\/fr\/wp-json\/wp\/v2\/product_tag?post=7289"}],"curies":[{"name":"wp","href":"https:\/\/api.w.org\/{rel}","templated":true}]}}