{"id":7293,"date":"2015-07-15T15:39:05","date_gmt":"2016-01-04T09:40:05","guid":{"rendered":"https:\/\/svilupporaytech.com\/?post_type=product&#038;p=7293&#038;lang=fr"},"modified":"2016-01-04T09:40:05","modified_gmt":"2016-01-04T09:40:05","slug":"gaine-adaptee-au-revetement-des-cables-de-mise-a-la-terre","status":"publish","type":"product","link":"https:\/\/svilupporaytech.com\/fr\/produit\/basse-tension\/thermo-retractables-fr-2\/gaines\/avec-des-parois-fines\/gaine-adaptee-au-revetement-des-cables-de-mise-a-la-terre\/","title":{"rendered":"Gaine adapt\u00e9e au rev\u00eatement des c\u00e2bles de mise \u00e0 la terre"},"content":{"rendered":"<h4><span style=\"color: #009832;\">DCP-TEC<br \/>\nGaine adapt\u00e9e au rev\u00eatement des c\u00e2bles de mise \u00e0 la terre<br \/>\n<\/span><\/h4>\n<p>Gaines thermo-r\u00e9tractables flexibles en polyol\u00e9fine modifi\u00e9e et r\u00e9ticul\u00e9e par radiation. Raccourcissement longitudinal jusqu\u2019\u00e0 15%. Adapt\u00e9es \u00e0 l\u2019isolation et \u00e0 la protection des conducteurs et de leurs connexions, de barres, etc\u2026 elles remplacent les rubans isolants auto-adh\u00e9sifs ou auto-agglom\u00e9rants.<\/p>\n","protected":false},"excerpt":{"rendered":"<p>DCP-TEC Gaine adapt\u00e9e au rev\u00eatement des c\u00e2bles de mise \u00e0 la terre Gaines thermo-r\u00e9tractables flexibles en polyol\u00e9fine modifi\u00e9e et r\u00e9ticul\u00e9e par radiation. Raccourcissement longitudinal jusqu\u2019\u00e0 15%. Adapt\u00e9es \u00e0 l\u2019isolation et<span class=\"excerpt-hellip\"> [\u2026]<\/span><\/p>\n","protected":false},"featured_media":2228,"template":"","meta":[],"product_cat":[136,145,468,499],"product_tag":[],"yoast_head":"<!-- This site is optimized with the Yoast SEO plugin v22.7 - https:\/\/yoast.com\/wordpress\/plugins\/seo\/ -->\n<title>Gaine adapt\u00e9e au rev\u00eatement des c\u00e2bles de mise \u00e0 la terre | Raytech<\/title>\n<meta name=\"robots\" content=\"index, follow, max-snippet:-1, max-image-preview:large, max-video-preview:-1\" \/>\n<link rel=\"canonical\" href=\"https:\/\/svilupporaytech.com\/fr\/produit\/basse-tension\/thermo-retractables-fr-2\/gaines\/avec-des-parois-fines\/gaine-adaptee-au-revetement-des-cables-de-mise-a-la-terre\/\" \/>\n<meta property=\"og:locale\" content=\"fr_FR\" \/>\n<meta property=\"og:type\" content=\"article\" \/>\n<meta property=\"og:title\" content=\"Gaine adapt\u00e9e au rev\u00eatement des c\u00e2bles de mise \u00e0 la terre | Raytech\" \/>\n<meta property=\"og:description\" content=\"DCP-TEC Gaine adapt\u00e9e au rev\u00eatement des c\u00e2bles de mise \u00e0 la terre Gaines thermo-r\u00e9tractables flexibles en polyol\u00e9fine modifi\u00e9e et r\u00e9ticul\u00e9e par radiation. Raccourcissement longitudinal jusqu\u2019\u00e0 15%. Adapt\u00e9es \u00e0 l\u2019isolation et [\u2026]\" \/>\n<meta property=\"og:url\" content=\"https:\/\/svilupporaytech.com\/fr\/produit\/basse-tension\/thermo-retractables-fr-2\/gaines\/avec-des-parois-fines\/gaine-adaptee-au-revetement-des-cables-de-mise-a-la-terre\/\" \/>\n<meta property=\"og:site_name\" content=\"Raytech\" \/>\n<meta property=\"og:image\" content=\"https:\/\/svilupporaytech.com\/wp-content\/uploads\/dcp-tec.jpg\" \/>\n\t<meta property=\"og:image:width\" content=\"1024\" \/>\n\t<meta property=\"og:image:height\" content=\"1024\" \/>\n\t<meta property=\"og:image:type\" content=\"image\/jpeg\" \/>\n<meta name=\"twitter:card\" content=\"summary_large_image\" \/>\n<script type=\"application\/ld+json\" class=\"yoast-schema-graph\">{\"@context\":\"https:\/\/schema.org\",\"@graph\":[{\"@type\":\"WebPage\",\"@id\":\"https:\/\/svilupporaytech.com\/fr\/produit\/basse-tension\/thermo-retractables-fr-2\/gaines\/avec-des-parois-fines\/gaine-adaptee-au-revetement-des-cables-de-mise-a-la-terre\/\",\"url\":\"https:\/\/svilupporaytech.com\/fr\/produit\/basse-tension\/thermo-retractables-fr-2\/gaines\/avec-des-parois-fines\/gaine-adaptee-au-revetement-des-cables-de-mise-a-la-terre\/\",\"name\":\"Gaine adapt\u00e9e au rev\u00eatement des c\u00e2bles de mise \u00e0 la terre | Raytech\",\"isPartOf\":{\"@id\":\"https:\/\/svilupporaytech.com\/#website\"},\"primaryImageOfPage\":{\"@id\":\"https:\/\/svilupporaytech.com\/fr\/produit\/basse-tension\/thermo-retractables-fr-2\/gaines\/avec-des-parois-fines\/gaine-adaptee-au-revetement-des-cables-de-mise-a-la-terre\/#primaryimage\"},\"image\":{\"@id\":\"https:\/\/svilupporaytech.com\/fr\/produit\/basse-tension\/thermo-retractables-fr-2\/gaines\/avec-des-parois-fines\/gaine-adaptee-au-revetement-des-cables-de-mise-a-la-terre\/#primaryimage\"},\"thumbnailUrl\":\"https:\/\/svilupporaytech.com\/wp-content\/uploads\/dcp-tec.jpg\",\"datePublished\":\"2016-01-04T09:40:05+00:00\",\"dateModified\":\"2016-01-04T09:40:05+00:00\",\"breadcrumb\":{\"@id\":\"https:\/\/svilupporaytech.com\/fr\/produit\/basse-tension\/thermo-retractables-fr-2\/gaines\/avec-des-parois-fines\/gaine-adaptee-au-revetement-des-cables-de-mise-a-la-terre\/#breadcrumb\"},\"inLanguage\":\"fr-FR\",\"potentialAction\":[{\"@type\":\"ReadAction\",\"target\":[\"https:\/\/svilupporaytech.com\/fr\/produit\/basse-tension\/thermo-retractables-fr-2\/gaines\/avec-des-parois-fines\/gaine-adaptee-au-revetement-des-cables-de-mise-a-la-terre\/\"]}]},{\"@type\":\"ImageObject\",\"inLanguage\":\"fr-FR\",\"@id\":\"https:\/\/svilupporaytech.com\/fr\/produit\/basse-tension\/thermo-retractables-fr-2\/gaines\/avec-des-parois-fines\/gaine-adaptee-au-revetement-des-cables-de-mise-a-la-terre\/#primaryimage\",\"url\":\"https:\/\/svilupporaytech.com\/wp-content\/uploads\/dcp-tec.jpg\",\"contentUrl\":\"https:\/\/svilupporaytech.com\/wp-content\/uploads\/dcp-tec.jpg\",\"width\":1024,\"height\":1024},{\"@type\":\"BreadcrumbList\",\"@id\":\"https:\/\/svilupporaytech.com\/fr\/produit\/basse-tension\/thermo-retractables-fr-2\/gaines\/avec-des-parois-fines\/gaine-adaptee-au-revetement-des-cables-de-mise-a-la-terre\/#breadcrumb\",\"itemListElement\":[{\"@type\":\"ListItem\",\"position\":1,\"name\":\"Home\",\"item\":\"https:\/\/svilupporaytech.com\/fr\/\"},{\"@type\":\"ListItem\",\"position\":2,\"name\":\"Boutique\",\"item\":\"https:\/\/svilupporaytech.com\/fr\/boutique\/\"},{\"@type\":\"ListItem\",\"position\":3,\"name\":\"Gaine adapt\u00e9e au rev\u00eatement des c\u00e2bles de mise \u00e0 la terre\"}]},{\"@type\":\"WebSite\",\"@id\":\"https:\/\/svilupporaytech.com\/#website\",\"url\":\"https:\/\/svilupporaytech.com\/\",\"name\":\"Raytech\",\"description\":\"Cable accessories company\",\"potentialAction\":[{\"@type\":\"SearchAction\",\"target\":{\"@type\":\"EntryPoint\",\"urlTemplate\":\"https:\/\/svilupporaytech.com\/?s={search_term_string}\"},\"query-input\":\"required name=search_term_string\"}],\"inLanguage\":\"fr-FR\"}]}<\/script>\n<!-- \/ Yoast SEO plugin. -->","yoast_head_json":{"title":"Gaine adapt\u00e9e au rev\u00eatement des c\u00e2bles de mise \u00e0 la terre | Raytech","robots":{"index":"index","follow":"follow","max-snippet":"max-snippet:-1","max-image-preview":"max-image-preview:large","max-video-preview":"max-video-preview:-1"},"canonical":"https:\/\/svilupporaytech.com\/fr\/produit\/basse-tension\/thermo-retractables-fr-2\/gaines\/avec-des-parois-fines\/gaine-adaptee-au-revetement-des-cables-de-mise-a-la-terre\/","og_locale":"fr_FR","og_type":"article","og_title":"Gaine adapt\u00e9e au rev\u00eatement des c\u00e2bles de mise \u00e0 la terre | Raytech","og_description":"DCP-TEC Gaine adapt\u00e9e au rev\u00eatement des c\u00e2bles de mise \u00e0 la terre Gaines thermo-r\u00e9tractables flexibles en polyol\u00e9fine modifi\u00e9e et r\u00e9ticul\u00e9e par radiation. Raccourcissement longitudinal jusqu\u2019\u00e0 15%. Adapt\u00e9es \u00e0 l\u2019isolation et [\u2026]","og_url":"https:\/\/svilupporaytech.com\/fr\/produit\/basse-tension\/thermo-retractables-fr-2\/gaines\/avec-des-parois-fines\/gaine-adaptee-au-revetement-des-cables-de-mise-a-la-terre\/","og_site_name":"Raytech","og_image":[{"width":1024,"height":1024,"url":"https:\/\/svilupporaytech.com\/wp-content\/uploads\/dcp-tec.jpg","type":"image\/jpeg"}],"twitter_card":"summary_large_image","schema":{"@context":"https:\/\/schema.org","@graph":[{"@type":"WebPage","@id":"https:\/\/svilupporaytech.com\/fr\/produit\/basse-tension\/thermo-retractables-fr-2\/gaines\/avec-des-parois-fines\/gaine-adaptee-au-revetement-des-cables-de-mise-a-la-terre\/","url":"https:\/\/svilupporaytech.com\/fr\/produit\/basse-tension\/thermo-retractables-fr-2\/gaines\/avec-des-parois-fines\/gaine-adaptee-au-revetement-des-cables-de-mise-a-la-terre\/","name":"Gaine adapt\u00e9e au rev\u00eatement des c\u00e2bles de mise \u00e0 la terre | Raytech","isPartOf":{"@id":"https:\/\/svilupporaytech.com\/#website"},"primaryImageOfPage":{"@id":"https:\/\/svilupporaytech.com\/fr\/produit\/basse-tension\/thermo-retractables-fr-2\/gaines\/avec-des-parois-fines\/gaine-adaptee-au-revetement-des-cables-de-mise-a-la-terre\/#primaryimage"},"image":{"@id":"https:\/\/svilupporaytech.com\/fr\/produit\/basse-tension\/thermo-retractables-fr-2\/gaines\/avec-des-parois-fines\/gaine-adaptee-au-revetement-des-cables-de-mise-a-la-terre\/#primaryimage"},"thumbnailUrl":"https:\/\/svilupporaytech.com\/wp-content\/uploads\/dcp-tec.jpg","datePublished":"2016-01-04T09:40:05+00:00","dateModified":"2016-01-04T09:40:05+00:00","breadcrumb":{"@id":"https:\/\/svilupporaytech.com\/fr\/produit\/basse-tension\/thermo-retractables-fr-2\/gaines\/avec-des-parois-fines\/gaine-adaptee-au-revetement-des-cables-de-mise-a-la-terre\/#breadcrumb"},"inLanguage":"fr-FR","potentialAction":[{"@type":"ReadAction","target":["https:\/\/svilupporaytech.com\/fr\/produit\/basse-tension\/thermo-retractables-fr-2\/gaines\/avec-des-parois-fines\/gaine-adaptee-au-revetement-des-cables-de-mise-a-la-terre\/"]}]},{"@type":"ImageObject","inLanguage":"fr-FR","@id":"https:\/\/svilupporaytech.com\/fr\/produit\/basse-tension\/thermo-retractables-fr-2\/gaines\/avec-des-parois-fines\/gaine-adaptee-au-revetement-des-cables-de-mise-a-la-terre\/#primaryimage","url":"https:\/\/svilupporaytech.com\/wp-content\/uploads\/dcp-tec.jpg","contentUrl":"https:\/\/svilupporaytech.com\/wp-content\/uploads\/dcp-tec.jpg","width":1024,"height":1024},{"@type":"BreadcrumbList","@id":"https:\/\/svilupporaytech.com\/fr\/produit\/basse-tension\/thermo-retractables-fr-2\/gaines\/avec-des-parois-fines\/gaine-adaptee-au-revetement-des-cables-de-mise-a-la-terre\/#breadcrumb","itemListElement":[{"@type":"ListItem","position":1,"name":"Home","item":"https:\/\/svilupporaytech.com\/fr\/"},{"@type":"ListItem","position":2,"name":"Boutique","item":"https:\/\/svilupporaytech.com\/fr\/boutique\/"},{"@type":"ListItem","position":3,"name":"Gaine adapt\u00e9e au rev\u00eatement des c\u00e2bles de mise \u00e0 la terre"}]},{"@type":"WebSite","@id":"https:\/\/svilupporaytech.com\/#website","url":"https:\/\/svilupporaytech.com\/","name":"Raytech","description":"Cable accessories company","potentialAction":[{"@type":"SearchAction","target":{"@type":"EntryPoint","urlTemplate":"https:\/\/svilupporaytech.com\/?s={search_term_string}"},"query-input":"required name=search_term_string"}],"inLanguage":"fr-FR"}]}},"_links":{"self":[{"href":"https:\/\/svilupporaytech.com\/fr\/wp-json\/wp\/v2\/product\/7293"}],"collection":[{"href":"https:\/\/svilupporaytech.com\/fr\/wp-json\/wp\/v2\/product"}],"about":[{"href":"https:\/\/svilupporaytech.com\/fr\/wp-json\/wp\/v2\/types\/product"}],"wp:featuredmedia":[{"embeddable":true,"href":"https:\/\/svilupporaytech.com\/fr\/wp-json\/wp\/v2\/media\/2228"}],"wp:attachment":[{"href":"https:\/\/svilupporaytech.com\/fr\/wp-json\/wp\/v2\/media?parent=7293"}],"wp:term":[{"taxonomy":"product_cat","embeddable":true,"href":"https:\/\/svilupporaytech.com\/fr\/wp-json\/wp\/v2\/product_cat?post=7293"},{"taxonomy":"product_tag","embeddable":true,"href":"https:\/\/svilupporaytech.com\/fr\/wp-json\/wp\/v2\/product_tag?post=7293"}],"curies":[{"name":"wp","href":"https:\/\/api.w.org\/{rel}","templated":true}]}}