{"id":7301,"date":"2015-07-15T15:45:06","date_gmt":"2016-01-04T09:58:43","guid":{"rendered":"https:\/\/svilupporaytech.com\/?post_type=product&#038;p=7301&#038;lang=fr"},"modified":"2016-01-04T09:58:43","modified_gmt":"2016-01-04T09:58:43","slug":"gaines-de-large-epaisseur","status":"publish","type":"product","link":"https:\/\/svilupporaytech.com\/fr\/produit\/basse-tension\/thermo-retractables-fr-2\/gaines\/moyenne-large-epaisseur\/gaines-de-large-epaisseur\/","title":{"rendered":"Gaines de large \u00e9paisseur"},"content":{"rendered":"<h4><span style=\"color: #009832;\">Gaines de large \u00e9paisseur<\/span><\/h4>\n<p>La gaine tubulaire thermo-r\u00e9tractable RAY-CSM est de large \u00e9paisseur et con\u00e7ue pour des\u00a0usages qui exigent d\u2019exceptionnelles caract\u00e9ristiques m\u00e9caniques. Ses champs d\u2019application\u00a0id\u00e9aux sont les endroits immerg\u00e9s ou directement enterr\u00e9s, ou bien ceux qui exigent une\u00a0parfaite r\u00e9sistance \u00e0 l\u2019abrasion et \u00e0 l\u2019impact, mais aussi d\u2019exceptionnelles caract\u00e9ristiques de\u00a0r\u00e9sistance aux agents atmosph\u00e9riques dont la radiation UV, de scellement, en particulier si\u00a0elle est associ\u00e9e \u00e0 l\u2019adh\u00e9sif thermo-fusible, et de protection anticorrosive.<\/p>\n","protected":false},"excerpt":{"rendered":"<p>Gaines de large \u00e9paisseur La gaine tubulaire thermo-r\u00e9tractable RAY-CSM est de large \u00e9paisseur et con\u00e7ue pour des\u00a0usages qui exigent d\u2019exceptionnelles caract\u00e9ristiques m\u00e9caniques. Ses champs d\u2019application\u00a0id\u00e9aux sont les endroits immerg\u00e9s ou<span class=\"excerpt-hellip\"> [\u2026]<\/span><\/p>\n","protected":false},"featured_media":2270,"template":"","meta":[],"product_cat":[136,145,468,479],"product_tag":[],"yoast_head":"<!-- This site is optimized with the Yoast SEO plugin v22.7 - https:\/\/yoast.com\/wordpress\/plugins\/seo\/ -->\n<title>Gaines de large \u00e9paisseur | Raytech<\/title>\n<meta name=\"robots\" content=\"index, follow, max-snippet:-1, max-image-preview:large, max-video-preview:-1\" \/>\n<link rel=\"canonical\" href=\"https:\/\/svilupporaytech.com\/fr\/produit\/basse-tension\/thermo-retractables-fr-2\/gaines\/moyenne-large-epaisseur\/gaines-de-large-epaisseur\/\" \/>\n<meta property=\"og:locale\" content=\"fr_FR\" \/>\n<meta property=\"og:type\" content=\"article\" \/>\n<meta property=\"og:title\" content=\"Gaines de large \u00e9paisseur | Raytech\" \/>\n<meta property=\"og:description\" content=\"Gaines de large \u00e9paisseur La gaine tubulaire thermo-r\u00e9tractable RAY-CSM est de large \u00e9paisseur et con\u00e7ue pour des\u00a0usages qui exigent d\u2019exceptionnelles caract\u00e9ristiques m\u00e9caniques. Ses champs d\u2019application\u00a0id\u00e9aux sont les endroits immerg\u00e9s ou [\u2026]\" \/>\n<meta property=\"og:url\" content=\"https:\/\/svilupporaytech.com\/fr\/produit\/basse-tension\/thermo-retractables-fr-2\/gaines\/moyenne-large-epaisseur\/gaines-de-large-epaisseur\/\" \/>\n<meta property=\"og:site_name\" content=\"Raytech\" \/>\n<meta property=\"og:image\" content=\"https:\/\/svilupporaytech.com\/wp-content\/uploads\/ray-csm.jpg\" \/>\n\t<meta property=\"og:image:width\" content=\"1024\" \/>\n\t<meta property=\"og:image:height\" content=\"1024\" \/>\n\t<meta property=\"og:image:type\" content=\"image\/jpeg\" \/>\n<meta name=\"twitter:card\" content=\"summary_large_image\" \/>\n<script type=\"application\/ld+json\" class=\"yoast-schema-graph\">{\"@context\":\"https:\/\/schema.org\",\"@graph\":[{\"@type\":\"WebPage\",\"@id\":\"https:\/\/svilupporaytech.com\/fr\/produit\/basse-tension\/thermo-retractables-fr-2\/gaines\/moyenne-large-epaisseur\/gaines-de-large-epaisseur\/\",\"url\":\"https:\/\/svilupporaytech.com\/fr\/produit\/basse-tension\/thermo-retractables-fr-2\/gaines\/moyenne-large-epaisseur\/gaines-de-large-epaisseur\/\",\"name\":\"Gaines de large \u00e9paisseur | Raytech\",\"isPartOf\":{\"@id\":\"https:\/\/svilupporaytech.com\/#website\"},\"primaryImageOfPage\":{\"@id\":\"https:\/\/svilupporaytech.com\/fr\/produit\/basse-tension\/thermo-retractables-fr-2\/gaines\/moyenne-large-epaisseur\/gaines-de-large-epaisseur\/#primaryimage\"},\"image\":{\"@id\":\"https:\/\/svilupporaytech.com\/fr\/produit\/basse-tension\/thermo-retractables-fr-2\/gaines\/moyenne-large-epaisseur\/gaines-de-large-epaisseur\/#primaryimage\"},\"thumbnailUrl\":\"https:\/\/svilupporaytech.com\/wp-content\/uploads\/ray-csm.jpg\",\"datePublished\":\"2016-01-04T09:58:43+00:00\",\"dateModified\":\"2016-01-04T09:58:43+00:00\",\"breadcrumb\":{\"@id\":\"https:\/\/svilupporaytech.com\/fr\/produit\/basse-tension\/thermo-retractables-fr-2\/gaines\/moyenne-large-epaisseur\/gaines-de-large-epaisseur\/#breadcrumb\"},\"inLanguage\":\"fr-FR\",\"potentialAction\":[{\"@type\":\"ReadAction\",\"target\":[\"https:\/\/svilupporaytech.com\/fr\/produit\/basse-tension\/thermo-retractables-fr-2\/gaines\/moyenne-large-epaisseur\/gaines-de-large-epaisseur\/\"]}]},{\"@type\":\"ImageObject\",\"inLanguage\":\"fr-FR\",\"@id\":\"https:\/\/svilupporaytech.com\/fr\/produit\/basse-tension\/thermo-retractables-fr-2\/gaines\/moyenne-large-epaisseur\/gaines-de-large-epaisseur\/#primaryimage\",\"url\":\"https:\/\/svilupporaytech.com\/wp-content\/uploads\/ray-csm.jpg\",\"contentUrl\":\"https:\/\/svilupporaytech.com\/wp-content\/uploads\/ray-csm.jpg\",\"width\":1024,\"height\":1024},{\"@type\":\"BreadcrumbList\",\"@id\":\"https:\/\/svilupporaytech.com\/fr\/produit\/basse-tension\/thermo-retractables-fr-2\/gaines\/moyenne-large-epaisseur\/gaines-de-large-epaisseur\/#breadcrumb\",\"itemListElement\":[{\"@type\":\"ListItem\",\"position\":1,\"name\":\"Home\",\"item\":\"https:\/\/svilupporaytech.com\/fr\/\"},{\"@type\":\"ListItem\",\"position\":2,\"name\":\"Boutique\",\"item\":\"https:\/\/svilupporaytech.com\/fr\/boutique\/\"},{\"@type\":\"ListItem\",\"position\":3,\"name\":\"Gaines de large \u00e9paisseur\"}]},{\"@type\":\"WebSite\",\"@id\":\"https:\/\/svilupporaytech.com\/#website\",\"url\":\"https:\/\/svilupporaytech.com\/\",\"name\":\"Raytech\",\"description\":\"Cable accessories company\",\"potentialAction\":[{\"@type\":\"SearchAction\",\"target\":{\"@type\":\"EntryPoint\",\"urlTemplate\":\"https:\/\/svilupporaytech.com\/?s={search_term_string}\"},\"query-input\":\"required name=search_term_string\"}],\"inLanguage\":\"fr-FR\"}]}<\/script>\n<!-- \/ Yoast SEO plugin. -->","yoast_head_json":{"title":"Gaines de large \u00e9paisseur | Raytech","robots":{"index":"index","follow":"follow","max-snippet":"max-snippet:-1","max-image-preview":"max-image-preview:large","max-video-preview":"max-video-preview:-1"},"canonical":"https:\/\/svilupporaytech.com\/fr\/produit\/basse-tension\/thermo-retractables-fr-2\/gaines\/moyenne-large-epaisseur\/gaines-de-large-epaisseur\/","og_locale":"fr_FR","og_type":"article","og_title":"Gaines de large \u00e9paisseur | Raytech","og_description":"Gaines de large \u00e9paisseur La gaine tubulaire thermo-r\u00e9tractable RAY-CSM est de large \u00e9paisseur et con\u00e7ue pour des\u00a0usages qui exigent d\u2019exceptionnelles caract\u00e9ristiques m\u00e9caniques. Ses champs d\u2019application\u00a0id\u00e9aux sont les endroits immerg\u00e9s ou [\u2026]","og_url":"https:\/\/svilupporaytech.com\/fr\/produit\/basse-tension\/thermo-retractables-fr-2\/gaines\/moyenne-large-epaisseur\/gaines-de-large-epaisseur\/","og_site_name":"Raytech","og_image":[{"width":1024,"height":1024,"url":"https:\/\/svilupporaytech.com\/wp-content\/uploads\/ray-csm.jpg","type":"image\/jpeg"}],"twitter_card":"summary_large_image","schema":{"@context":"https:\/\/schema.org","@graph":[{"@type":"WebPage","@id":"https:\/\/svilupporaytech.com\/fr\/produit\/basse-tension\/thermo-retractables-fr-2\/gaines\/moyenne-large-epaisseur\/gaines-de-large-epaisseur\/","url":"https:\/\/svilupporaytech.com\/fr\/produit\/basse-tension\/thermo-retractables-fr-2\/gaines\/moyenne-large-epaisseur\/gaines-de-large-epaisseur\/","name":"Gaines de large \u00e9paisseur | Raytech","isPartOf":{"@id":"https:\/\/svilupporaytech.com\/#website"},"primaryImageOfPage":{"@id":"https:\/\/svilupporaytech.com\/fr\/produit\/basse-tension\/thermo-retractables-fr-2\/gaines\/moyenne-large-epaisseur\/gaines-de-large-epaisseur\/#primaryimage"},"image":{"@id":"https:\/\/svilupporaytech.com\/fr\/produit\/basse-tension\/thermo-retractables-fr-2\/gaines\/moyenne-large-epaisseur\/gaines-de-large-epaisseur\/#primaryimage"},"thumbnailUrl":"https:\/\/svilupporaytech.com\/wp-content\/uploads\/ray-csm.jpg","datePublished":"2016-01-04T09:58:43+00:00","dateModified":"2016-01-04T09:58:43+00:00","breadcrumb":{"@id":"https:\/\/svilupporaytech.com\/fr\/produit\/basse-tension\/thermo-retractables-fr-2\/gaines\/moyenne-large-epaisseur\/gaines-de-large-epaisseur\/#breadcrumb"},"inLanguage":"fr-FR","potentialAction":[{"@type":"ReadAction","target":["https:\/\/svilupporaytech.com\/fr\/produit\/basse-tension\/thermo-retractables-fr-2\/gaines\/moyenne-large-epaisseur\/gaines-de-large-epaisseur\/"]}]},{"@type":"ImageObject","inLanguage":"fr-FR","@id":"https:\/\/svilupporaytech.com\/fr\/produit\/basse-tension\/thermo-retractables-fr-2\/gaines\/moyenne-large-epaisseur\/gaines-de-large-epaisseur\/#primaryimage","url":"https:\/\/svilupporaytech.com\/wp-content\/uploads\/ray-csm.jpg","contentUrl":"https:\/\/svilupporaytech.com\/wp-content\/uploads\/ray-csm.jpg","width":1024,"height":1024},{"@type":"BreadcrumbList","@id":"https:\/\/svilupporaytech.com\/fr\/produit\/basse-tension\/thermo-retractables-fr-2\/gaines\/moyenne-large-epaisseur\/gaines-de-large-epaisseur\/#breadcrumb","itemListElement":[{"@type":"ListItem","position":1,"name":"Home","item":"https:\/\/svilupporaytech.com\/fr\/"},{"@type":"ListItem","position":2,"name":"Boutique","item":"https:\/\/svilupporaytech.com\/fr\/boutique\/"},{"@type":"ListItem","position":3,"name":"Gaines de large \u00e9paisseur"}]},{"@type":"WebSite","@id":"https:\/\/svilupporaytech.com\/#website","url":"https:\/\/svilupporaytech.com\/","name":"Raytech","description":"Cable accessories company","potentialAction":[{"@type":"SearchAction","target":{"@type":"EntryPoint","urlTemplate":"https:\/\/svilupporaytech.com\/?s={search_term_string}"},"query-input":"required name=search_term_string"}],"inLanguage":"fr-FR"}]}},"_links":{"self":[{"href":"https:\/\/svilupporaytech.com\/fr\/wp-json\/wp\/v2\/product\/7301"}],"collection":[{"href":"https:\/\/svilupporaytech.com\/fr\/wp-json\/wp\/v2\/product"}],"about":[{"href":"https:\/\/svilupporaytech.com\/fr\/wp-json\/wp\/v2\/types\/product"}],"wp:featuredmedia":[{"embeddable":true,"href":"https:\/\/svilupporaytech.com\/fr\/wp-json\/wp\/v2\/media\/2270"}],"wp:attachment":[{"href":"https:\/\/svilupporaytech.com\/fr\/wp-json\/wp\/v2\/media?parent=7301"}],"wp:term":[{"taxonomy":"product_cat","embeddable":true,"href":"https:\/\/svilupporaytech.com\/fr\/wp-json\/wp\/v2\/product_cat?post=7301"},{"taxonomy":"product_tag","embeddable":true,"href":"https:\/\/svilupporaytech.com\/fr\/wp-json\/wp\/v2\/product_tag?post=7301"}],"curies":[{"name":"wp","href":"https:\/\/api.w.org\/{rel}","templated":true}]}}