{"id":7304,"date":"2015-07-15T15:48:44","date_gmt":"2016-01-04T10:28:04","guid":{"rendered":"https:\/\/svilupporaytech.com\/?post_type=product&#038;p=7304&#038;lang=fr"},"modified":"2016-01-04T10:28:04","modified_gmt":"2016-01-04T10:28:04","slug":"capuchon-auto-scellant","status":"publish","type":"product","link":"https:\/\/svilupporaytech.com\/fr\/produit\/basse-tension\/thermo-retractables-fr-2\/pieces-moulees\/capuchon-auto-scellant\/","title":{"rendered":"Capuchon auto-scellant"},"content":{"rendered":"<h4><span style=\"color: #009832;\">Capuchon auto-scellant<\/span><\/h4>\n<p>Gaine thermo-r\u00e9tractable enveloppante pour la r\u00e9paration des gaines plastiques ou m\u00e9talliques\u00a0des c\u00e2bles. Elle allie ses caract\u00e9ristiques m\u00e9caniques, de protection et de scellement\u00a0des jonctions tubulaires vues pr\u00e9c\u00e9demment \u00e0 la facilit\u00e9 d\u2019application et de fermeture.\u00a0Indispensable lorsqu\u2019il n\u2019est pas possible de couper le c\u00e2ble ; du fait qu\u2019il ne doit pas \u00eatre\u00a0pr\u00e9-enfil\u00e9, cela r\u00e9duit l\u2019espace pour son application.<\/p>\n","protected":false},"excerpt":{"rendered":"<p>Capuchon auto-scellant Gaine thermo-r\u00e9tractable enveloppante pour la r\u00e9paration des gaines plastiques ou m\u00e9talliques\u00a0des c\u00e2bles. Elle allie ses caract\u00e9ristiques m\u00e9caniques, de protection et de scellement\u00a0des jonctions tubulaires vues pr\u00e9c\u00e9demment \u00e0 la<span class=\"excerpt-hellip\"> [\u2026]<\/span><\/p>\n","protected":false},"featured_media":2291,"template":"","meta":[],"product_cat":[136,145,501],"product_tag":[],"yoast_head":"<!-- This site is optimized with the Yoast SEO plugin v22.7 - https:\/\/yoast.com\/wordpress\/plugins\/seo\/ -->\n<title>Capuchon auto-scellant | Raytech<\/title>\n<meta name=\"robots\" content=\"index, follow, max-snippet:-1, max-image-preview:large, max-video-preview:-1\" \/>\n<link rel=\"canonical\" href=\"https:\/\/svilupporaytech.com\/fr\/produit\/basse-tension\/thermo-retractables-fr-2\/pieces-moulees\/capuchon-auto-scellant\/\" \/>\n<meta property=\"og:locale\" content=\"fr_FR\" \/>\n<meta property=\"og:type\" content=\"article\" \/>\n<meta property=\"og:title\" content=\"Capuchon auto-scellant | Raytech\" \/>\n<meta property=\"og:description\" content=\"Capuchon auto-scellant Gaine thermo-r\u00e9tractable enveloppante pour la r\u00e9paration des gaines plastiques ou m\u00e9talliques\u00a0des c\u00e2bles. Elle allie ses caract\u00e9ristiques m\u00e9caniques, de protection et de scellement\u00a0des jonctions tubulaires vues pr\u00e9c\u00e9demment \u00e0 la [\u2026]\" \/>\n<meta property=\"og:url\" content=\"https:\/\/svilupporaytech.com\/fr\/produit\/basse-tension\/thermo-retractables-fr-2\/pieces-moulees\/capuchon-auto-scellant\/\" \/>\n<meta property=\"og:site_name\" content=\"Raytech\" \/>\n<meta property=\"og:image\" content=\"https:\/\/svilupporaytech.com\/wp-content\/uploads\/cappucci.jpg\" \/>\n\t<meta property=\"og:image:width\" content=\"1024\" \/>\n\t<meta property=\"og:image:height\" content=\"1024\" \/>\n\t<meta property=\"og:image:type\" content=\"image\/jpeg\" \/>\n<meta name=\"twitter:card\" content=\"summary_large_image\" \/>\n<script type=\"application\/ld+json\" class=\"yoast-schema-graph\">{\"@context\":\"https:\/\/schema.org\",\"@graph\":[{\"@type\":\"WebPage\",\"@id\":\"https:\/\/svilupporaytech.com\/fr\/produit\/basse-tension\/thermo-retractables-fr-2\/pieces-moulees\/capuchon-auto-scellant\/\",\"url\":\"https:\/\/svilupporaytech.com\/fr\/produit\/basse-tension\/thermo-retractables-fr-2\/pieces-moulees\/capuchon-auto-scellant\/\",\"name\":\"Capuchon auto-scellant | Raytech\",\"isPartOf\":{\"@id\":\"https:\/\/svilupporaytech.com\/#website\"},\"primaryImageOfPage\":{\"@id\":\"https:\/\/svilupporaytech.com\/fr\/produit\/basse-tension\/thermo-retractables-fr-2\/pieces-moulees\/capuchon-auto-scellant\/#primaryimage\"},\"image\":{\"@id\":\"https:\/\/svilupporaytech.com\/fr\/produit\/basse-tension\/thermo-retractables-fr-2\/pieces-moulees\/capuchon-auto-scellant\/#primaryimage\"},\"thumbnailUrl\":\"https:\/\/svilupporaytech.com\/wp-content\/uploads\/cappucci.jpg\",\"datePublished\":\"2016-01-04T10:28:04+00:00\",\"dateModified\":\"2016-01-04T10:28:04+00:00\",\"breadcrumb\":{\"@id\":\"https:\/\/svilupporaytech.com\/fr\/produit\/basse-tension\/thermo-retractables-fr-2\/pieces-moulees\/capuchon-auto-scellant\/#breadcrumb\"},\"inLanguage\":\"fr-FR\",\"potentialAction\":[{\"@type\":\"ReadAction\",\"target\":[\"https:\/\/svilupporaytech.com\/fr\/produit\/basse-tension\/thermo-retractables-fr-2\/pieces-moulees\/capuchon-auto-scellant\/\"]}]},{\"@type\":\"ImageObject\",\"inLanguage\":\"fr-FR\",\"@id\":\"https:\/\/svilupporaytech.com\/fr\/produit\/basse-tension\/thermo-retractables-fr-2\/pieces-moulees\/capuchon-auto-scellant\/#primaryimage\",\"url\":\"https:\/\/svilupporaytech.com\/wp-content\/uploads\/cappucci.jpg\",\"contentUrl\":\"https:\/\/svilupporaytech.com\/wp-content\/uploads\/cappucci.jpg\",\"width\":1024,\"height\":1024},{\"@type\":\"BreadcrumbList\",\"@id\":\"https:\/\/svilupporaytech.com\/fr\/produit\/basse-tension\/thermo-retractables-fr-2\/pieces-moulees\/capuchon-auto-scellant\/#breadcrumb\",\"itemListElement\":[{\"@type\":\"ListItem\",\"position\":1,\"name\":\"Home\",\"item\":\"https:\/\/svilupporaytech.com\/fr\/\"},{\"@type\":\"ListItem\",\"position\":2,\"name\":\"Boutique\",\"item\":\"https:\/\/svilupporaytech.com\/fr\/boutique\/\"},{\"@type\":\"ListItem\",\"position\":3,\"name\":\"Capuchon auto-scellant\"}]},{\"@type\":\"WebSite\",\"@id\":\"https:\/\/svilupporaytech.com\/#website\",\"url\":\"https:\/\/svilupporaytech.com\/\",\"name\":\"Raytech\",\"description\":\"Cable accessories company\",\"potentialAction\":[{\"@type\":\"SearchAction\",\"target\":{\"@type\":\"EntryPoint\",\"urlTemplate\":\"https:\/\/svilupporaytech.com\/?s={search_term_string}\"},\"query-input\":\"required name=search_term_string\"}],\"inLanguage\":\"fr-FR\"}]}<\/script>\n<!-- \/ Yoast SEO plugin. -->","yoast_head_json":{"title":"Capuchon auto-scellant | Raytech","robots":{"index":"index","follow":"follow","max-snippet":"max-snippet:-1","max-image-preview":"max-image-preview:large","max-video-preview":"max-video-preview:-1"},"canonical":"https:\/\/svilupporaytech.com\/fr\/produit\/basse-tension\/thermo-retractables-fr-2\/pieces-moulees\/capuchon-auto-scellant\/","og_locale":"fr_FR","og_type":"article","og_title":"Capuchon auto-scellant | Raytech","og_description":"Capuchon auto-scellant Gaine thermo-r\u00e9tractable enveloppante pour la r\u00e9paration des gaines plastiques ou m\u00e9talliques\u00a0des c\u00e2bles. Elle allie ses caract\u00e9ristiques m\u00e9caniques, de protection et de scellement\u00a0des jonctions tubulaires vues pr\u00e9c\u00e9demment \u00e0 la [\u2026]","og_url":"https:\/\/svilupporaytech.com\/fr\/produit\/basse-tension\/thermo-retractables-fr-2\/pieces-moulees\/capuchon-auto-scellant\/","og_site_name":"Raytech","og_image":[{"width":1024,"height":1024,"url":"https:\/\/svilupporaytech.com\/wp-content\/uploads\/cappucci.jpg","type":"image\/jpeg"}],"twitter_card":"summary_large_image","schema":{"@context":"https:\/\/schema.org","@graph":[{"@type":"WebPage","@id":"https:\/\/svilupporaytech.com\/fr\/produit\/basse-tension\/thermo-retractables-fr-2\/pieces-moulees\/capuchon-auto-scellant\/","url":"https:\/\/svilupporaytech.com\/fr\/produit\/basse-tension\/thermo-retractables-fr-2\/pieces-moulees\/capuchon-auto-scellant\/","name":"Capuchon auto-scellant | Raytech","isPartOf":{"@id":"https:\/\/svilupporaytech.com\/#website"},"primaryImageOfPage":{"@id":"https:\/\/svilupporaytech.com\/fr\/produit\/basse-tension\/thermo-retractables-fr-2\/pieces-moulees\/capuchon-auto-scellant\/#primaryimage"},"image":{"@id":"https:\/\/svilupporaytech.com\/fr\/produit\/basse-tension\/thermo-retractables-fr-2\/pieces-moulees\/capuchon-auto-scellant\/#primaryimage"},"thumbnailUrl":"https:\/\/svilupporaytech.com\/wp-content\/uploads\/cappucci.jpg","datePublished":"2016-01-04T10:28:04+00:00","dateModified":"2016-01-04T10:28:04+00:00","breadcrumb":{"@id":"https:\/\/svilupporaytech.com\/fr\/produit\/basse-tension\/thermo-retractables-fr-2\/pieces-moulees\/capuchon-auto-scellant\/#breadcrumb"},"inLanguage":"fr-FR","potentialAction":[{"@type":"ReadAction","target":["https:\/\/svilupporaytech.com\/fr\/produit\/basse-tension\/thermo-retractables-fr-2\/pieces-moulees\/capuchon-auto-scellant\/"]}]},{"@type":"ImageObject","inLanguage":"fr-FR","@id":"https:\/\/svilupporaytech.com\/fr\/produit\/basse-tension\/thermo-retractables-fr-2\/pieces-moulees\/capuchon-auto-scellant\/#primaryimage","url":"https:\/\/svilupporaytech.com\/wp-content\/uploads\/cappucci.jpg","contentUrl":"https:\/\/svilupporaytech.com\/wp-content\/uploads\/cappucci.jpg","width":1024,"height":1024},{"@type":"BreadcrumbList","@id":"https:\/\/svilupporaytech.com\/fr\/produit\/basse-tension\/thermo-retractables-fr-2\/pieces-moulees\/capuchon-auto-scellant\/#breadcrumb","itemListElement":[{"@type":"ListItem","position":1,"name":"Home","item":"https:\/\/svilupporaytech.com\/fr\/"},{"@type":"ListItem","position":2,"name":"Boutique","item":"https:\/\/svilupporaytech.com\/fr\/boutique\/"},{"@type":"ListItem","position":3,"name":"Capuchon auto-scellant"}]},{"@type":"WebSite","@id":"https:\/\/svilupporaytech.com\/#website","url":"https:\/\/svilupporaytech.com\/","name":"Raytech","description":"Cable accessories company","potentialAction":[{"@type":"SearchAction","target":{"@type":"EntryPoint","urlTemplate":"https:\/\/svilupporaytech.com\/?s={search_term_string}"},"query-input":"required name=search_term_string"}],"inLanguage":"fr-FR"}]}},"_links":{"self":[{"href":"https:\/\/svilupporaytech.com\/fr\/wp-json\/wp\/v2\/product\/7304"}],"collection":[{"href":"https:\/\/svilupporaytech.com\/fr\/wp-json\/wp\/v2\/product"}],"about":[{"href":"https:\/\/svilupporaytech.com\/fr\/wp-json\/wp\/v2\/types\/product"}],"wp:featuredmedia":[{"embeddable":true,"href":"https:\/\/svilupporaytech.com\/fr\/wp-json\/wp\/v2\/media\/2291"}],"wp:attachment":[{"href":"https:\/\/svilupporaytech.com\/fr\/wp-json\/wp\/v2\/media?parent=7304"}],"wp:term":[{"taxonomy":"product_cat","embeddable":true,"href":"https:\/\/svilupporaytech.com\/fr\/wp-json\/wp\/v2\/product_cat?post=7304"},{"taxonomy":"product_tag","embeddable":true,"href":"https:\/\/svilupporaytech.com\/fr\/wp-json\/wp\/v2\/product_tag?post=7304"}],"curies":[{"name":"wp","href":"https:\/\/api.w.org\/{rel}","templated":true}]}}