{"id":7306,"date":"2015-07-16T09:50:39","date_gmt":"2016-01-04T10:30:39","guid":{"rendered":"https:\/\/svilupporaytech.com\/?post_type=product&#038;p=7306&#038;lang=fr"},"modified":"2016-01-04T10:30:39","modified_gmt":"2016-01-04T10:30:39","slug":"rayteam","status":"publish","type":"product","link":"https:\/\/svilupporaytech.com\/fr\/produit\/basse-tension\/rubans-isolants\/rubans-auto-adhesifs-en-pvc\/rayteam\/","title":{"rendered":"Rayteam"},"content":{"rendered":"<h4><span style=\"color: #009832;\">Auto-adh\u00e9sif pour usage g\u00e9n\u00e9ral<\/span><\/h4>\n<p>Ruban isolant auto-adh\u00e9sif en PVC pour applications \u00e9lectriques et de protection m\u00e9canique\u00a0pour utilisation normale. Indiqu\u00e9 comme isolant de jonctions de basse tension et comme\u00a0rev\u00eatement de c\u00e2bles, d\u2019accessoires et de produits manufactur\u00e9s en g\u00e9n\u00e9ral. Retard\u00e9 \u00e0 la\u00a0flamme, il ne propage pas le feu. Il a une bonne r\u00e9sistance au vieillissement, \u00e0 l\u2019exposition aux\u00a0agents atmosph\u00e9riques, aux hydrocarbures, aux solvants chimiques en g\u00e9n\u00e9ral et \u00e0 l\u2019abrasion.<\/p>\n","protected":false},"excerpt":{"rendered":"<p>Auto-adh\u00e9sif pour usage g\u00e9n\u00e9ral Ruban isolant auto-adh\u00e9sif en PVC pour applications \u00e9lectriques et de protection m\u00e9canique\u00a0pour utilisation normale. Indiqu\u00e9 comme isolant de jonctions de basse tension et comme\u00a0rev\u00eatement de c\u00e2bles,<span class=\"excerpt-hellip\"> [\u2026]<\/span><\/p>\n","protected":false},"featured_media":1388,"template":"","meta":[],"product_cat":[136,147,149],"product_tag":[],"yoast_head":"<!-- This site is optimized with the Yoast SEO plugin v22.7 - https:\/\/yoast.com\/wordpress\/plugins\/seo\/ -->\n<title>Rayteam | Raytech<\/title>\n<meta name=\"robots\" content=\"index, follow, max-snippet:-1, max-image-preview:large, max-video-preview:-1\" \/>\n<link rel=\"canonical\" href=\"https:\/\/svilupporaytech.com\/fr\/produit\/basse-tension\/rubans-isolants\/rubans-auto-adhesifs-en-pvc\/rayteam\/\" \/>\n<meta property=\"og:locale\" content=\"fr_FR\" \/>\n<meta property=\"og:type\" content=\"article\" \/>\n<meta property=\"og:title\" content=\"Rayteam | Raytech\" \/>\n<meta property=\"og:description\" content=\"Auto-adh\u00e9sif pour usage g\u00e9n\u00e9ral Ruban isolant auto-adh\u00e9sif en PVC pour applications \u00e9lectriques et de protection m\u00e9canique\u00a0pour utilisation normale. Indiqu\u00e9 comme isolant de jonctions de basse tension et comme\u00a0rev\u00eatement de c\u00e2bles, [\u2026]\" \/>\n<meta property=\"og:url\" content=\"https:\/\/svilupporaytech.com\/fr\/produit\/basse-tension\/rubans-isolants\/rubans-auto-adhesifs-en-pvc\/rayteam\/\" \/>\n<meta property=\"og:site_name\" content=\"Raytech\" \/>\n<meta property=\"og:image\" content=\"https:\/\/svilupporaytech.com\/wp-content\/uploads\/rayteam.jpg\" \/>\n\t<meta property=\"og:image:width\" content=\"500\" \/>\n\t<meta property=\"og:image:height\" content=\"500\" \/>\n\t<meta property=\"og:image:type\" content=\"image\/jpeg\" \/>\n<meta name=\"twitter:card\" content=\"summary_large_image\" \/>\n<script type=\"application\/ld+json\" class=\"yoast-schema-graph\">{\"@context\":\"https:\/\/schema.org\",\"@graph\":[{\"@type\":\"WebPage\",\"@id\":\"https:\/\/svilupporaytech.com\/fr\/produit\/basse-tension\/rubans-isolants\/rubans-auto-adhesifs-en-pvc\/rayteam\/\",\"url\":\"https:\/\/svilupporaytech.com\/fr\/produit\/basse-tension\/rubans-isolants\/rubans-auto-adhesifs-en-pvc\/rayteam\/\",\"name\":\"Rayteam | Raytech\",\"isPartOf\":{\"@id\":\"https:\/\/svilupporaytech.com\/#website\"},\"primaryImageOfPage\":{\"@id\":\"https:\/\/svilupporaytech.com\/fr\/produit\/basse-tension\/rubans-isolants\/rubans-auto-adhesifs-en-pvc\/rayteam\/#primaryimage\"},\"image\":{\"@id\":\"https:\/\/svilupporaytech.com\/fr\/produit\/basse-tension\/rubans-isolants\/rubans-auto-adhesifs-en-pvc\/rayteam\/#primaryimage\"},\"thumbnailUrl\":\"https:\/\/svilupporaytech.com\/wp-content\/uploads\/rayteam.jpg\",\"datePublished\":\"2016-01-04T10:30:39+00:00\",\"dateModified\":\"2016-01-04T10:30:39+00:00\",\"breadcrumb\":{\"@id\":\"https:\/\/svilupporaytech.com\/fr\/produit\/basse-tension\/rubans-isolants\/rubans-auto-adhesifs-en-pvc\/rayteam\/#breadcrumb\"},\"inLanguage\":\"fr-FR\",\"potentialAction\":[{\"@type\":\"ReadAction\",\"target\":[\"https:\/\/svilupporaytech.com\/fr\/produit\/basse-tension\/rubans-isolants\/rubans-auto-adhesifs-en-pvc\/rayteam\/\"]}]},{\"@type\":\"ImageObject\",\"inLanguage\":\"fr-FR\",\"@id\":\"https:\/\/svilupporaytech.com\/fr\/produit\/basse-tension\/rubans-isolants\/rubans-auto-adhesifs-en-pvc\/rayteam\/#primaryimage\",\"url\":\"https:\/\/svilupporaytech.com\/wp-content\/uploads\/rayteam.jpg\",\"contentUrl\":\"https:\/\/svilupporaytech.com\/wp-content\/uploads\/rayteam.jpg\",\"width\":500,\"height\":500},{\"@type\":\"BreadcrumbList\",\"@id\":\"https:\/\/svilupporaytech.com\/fr\/produit\/basse-tension\/rubans-isolants\/rubans-auto-adhesifs-en-pvc\/rayteam\/#breadcrumb\",\"itemListElement\":[{\"@type\":\"ListItem\",\"position\":1,\"name\":\"Home\",\"item\":\"https:\/\/svilupporaytech.com\/fr\/\"},{\"@type\":\"ListItem\",\"position\":2,\"name\":\"Boutique\",\"item\":\"https:\/\/svilupporaytech.com\/fr\/boutique\/\"},{\"@type\":\"ListItem\",\"position\":3,\"name\":\"Rayteam\"}]},{\"@type\":\"WebSite\",\"@id\":\"https:\/\/svilupporaytech.com\/#website\",\"url\":\"https:\/\/svilupporaytech.com\/\",\"name\":\"Raytech\",\"description\":\"Cable accessories company\",\"potentialAction\":[{\"@type\":\"SearchAction\",\"target\":{\"@type\":\"EntryPoint\",\"urlTemplate\":\"https:\/\/svilupporaytech.com\/?s={search_term_string}\"},\"query-input\":\"required name=search_term_string\"}],\"inLanguage\":\"fr-FR\"}]}<\/script>\n<!-- \/ Yoast SEO plugin. -->","yoast_head_json":{"title":"Rayteam | Raytech","robots":{"index":"index","follow":"follow","max-snippet":"max-snippet:-1","max-image-preview":"max-image-preview:large","max-video-preview":"max-video-preview:-1"},"canonical":"https:\/\/svilupporaytech.com\/fr\/produit\/basse-tension\/rubans-isolants\/rubans-auto-adhesifs-en-pvc\/rayteam\/","og_locale":"fr_FR","og_type":"article","og_title":"Rayteam | Raytech","og_description":"Auto-adh\u00e9sif pour usage g\u00e9n\u00e9ral Ruban isolant auto-adh\u00e9sif en PVC pour applications \u00e9lectriques et de protection m\u00e9canique\u00a0pour utilisation normale. Indiqu\u00e9 comme isolant de jonctions de basse tension et comme\u00a0rev\u00eatement de c\u00e2bles, [\u2026]","og_url":"https:\/\/svilupporaytech.com\/fr\/produit\/basse-tension\/rubans-isolants\/rubans-auto-adhesifs-en-pvc\/rayteam\/","og_site_name":"Raytech","og_image":[{"width":500,"height":500,"url":"https:\/\/svilupporaytech.com\/wp-content\/uploads\/rayteam.jpg","type":"image\/jpeg"}],"twitter_card":"summary_large_image","schema":{"@context":"https:\/\/schema.org","@graph":[{"@type":"WebPage","@id":"https:\/\/svilupporaytech.com\/fr\/produit\/basse-tension\/rubans-isolants\/rubans-auto-adhesifs-en-pvc\/rayteam\/","url":"https:\/\/svilupporaytech.com\/fr\/produit\/basse-tension\/rubans-isolants\/rubans-auto-adhesifs-en-pvc\/rayteam\/","name":"Rayteam | Raytech","isPartOf":{"@id":"https:\/\/svilupporaytech.com\/#website"},"primaryImageOfPage":{"@id":"https:\/\/svilupporaytech.com\/fr\/produit\/basse-tension\/rubans-isolants\/rubans-auto-adhesifs-en-pvc\/rayteam\/#primaryimage"},"image":{"@id":"https:\/\/svilupporaytech.com\/fr\/produit\/basse-tension\/rubans-isolants\/rubans-auto-adhesifs-en-pvc\/rayteam\/#primaryimage"},"thumbnailUrl":"https:\/\/svilupporaytech.com\/wp-content\/uploads\/rayteam.jpg","datePublished":"2016-01-04T10:30:39+00:00","dateModified":"2016-01-04T10:30:39+00:00","breadcrumb":{"@id":"https:\/\/svilupporaytech.com\/fr\/produit\/basse-tension\/rubans-isolants\/rubans-auto-adhesifs-en-pvc\/rayteam\/#breadcrumb"},"inLanguage":"fr-FR","potentialAction":[{"@type":"ReadAction","target":["https:\/\/svilupporaytech.com\/fr\/produit\/basse-tension\/rubans-isolants\/rubans-auto-adhesifs-en-pvc\/rayteam\/"]}]},{"@type":"ImageObject","inLanguage":"fr-FR","@id":"https:\/\/svilupporaytech.com\/fr\/produit\/basse-tension\/rubans-isolants\/rubans-auto-adhesifs-en-pvc\/rayteam\/#primaryimage","url":"https:\/\/svilupporaytech.com\/wp-content\/uploads\/rayteam.jpg","contentUrl":"https:\/\/svilupporaytech.com\/wp-content\/uploads\/rayteam.jpg","width":500,"height":500},{"@type":"BreadcrumbList","@id":"https:\/\/svilupporaytech.com\/fr\/produit\/basse-tension\/rubans-isolants\/rubans-auto-adhesifs-en-pvc\/rayteam\/#breadcrumb","itemListElement":[{"@type":"ListItem","position":1,"name":"Home","item":"https:\/\/svilupporaytech.com\/fr\/"},{"@type":"ListItem","position":2,"name":"Boutique","item":"https:\/\/svilupporaytech.com\/fr\/boutique\/"},{"@type":"ListItem","position":3,"name":"Rayteam"}]},{"@type":"WebSite","@id":"https:\/\/svilupporaytech.com\/#website","url":"https:\/\/svilupporaytech.com\/","name":"Raytech","description":"Cable accessories company","potentialAction":[{"@type":"SearchAction","target":{"@type":"EntryPoint","urlTemplate":"https:\/\/svilupporaytech.com\/?s={search_term_string}"},"query-input":"required name=search_term_string"}],"inLanguage":"fr-FR"}]}},"_links":{"self":[{"href":"https:\/\/svilupporaytech.com\/fr\/wp-json\/wp\/v2\/product\/7306"}],"collection":[{"href":"https:\/\/svilupporaytech.com\/fr\/wp-json\/wp\/v2\/product"}],"about":[{"href":"https:\/\/svilupporaytech.com\/fr\/wp-json\/wp\/v2\/types\/product"}],"wp:featuredmedia":[{"embeddable":true,"href":"https:\/\/svilupporaytech.com\/fr\/wp-json\/wp\/v2\/media\/1388"}],"wp:attachment":[{"href":"https:\/\/svilupporaytech.com\/fr\/wp-json\/wp\/v2\/media?parent=7306"}],"wp:term":[{"taxonomy":"product_cat","embeddable":true,"href":"https:\/\/svilupporaytech.com\/fr\/wp-json\/wp\/v2\/product_cat?post=7306"},{"taxonomy":"product_tag","embeddable":true,"href":"https:\/\/svilupporaytech.com\/fr\/wp-json\/wp\/v2\/product_tag?post=7306"}],"curies":[{"name":"wp","href":"https:\/\/api.w.org\/{rel}","templated":true}]}}