{"id":7307,"date":"2015-07-16T09:53:42","date_gmt":"2016-01-04T10:32:21","guid":{"rendered":"https:\/\/svilupporaytech.com\/?post_type=product&#038;p=7307&#038;lang=fr"},"modified":"2016-01-04T10:32:21","modified_gmt":"2016-01-04T10:32:21","slug":"raytech-super-3-3","status":"publish","type":"product","link":"https:\/\/svilupporaytech.com\/fr\/produit\/basse-tension\/rubans-isolants\/rubans-auto-adhesifs-en-pvc\/raytech-super-3-3\/","title":{"rendered":"Raytech Super 3-3"},"content":{"rendered":"<h4><span style=\"color: #009832;\">Auto-adh\u00e9sif pour une utilisation \u00e0 basses\u00a0et hautes temp\u00e9ratures<\/span><\/h4>\n<p>Ruban isolant en PVC ayant d\u2019excellentes caract\u00e9ristiques \u00e9lectriques et m\u00e9caniques, peut\u00a0\u00eatre utilis\u00e9 \u00e0 une temp\u00e9rature allant de -18\u00b0C \u00e0 105\u00b0C. Particuli\u00e8rement indiqu\u00e9 pour l\u2019utilisation\u00a0\u00e0 basses temp\u00e9ratures et pour toutes conditions atmosph\u00e9riques, m\u00eame les plus\u00a0difficiles. Retard\u00e9 \u00e0 la flamme. Il est indiqu\u00e9 comme isolant primaire pour les jonctions jusqu\u2019\u00e0\u00a00.6\/1kV, comme rev\u00eatement ext\u00e9rieur de jonctions et autres produits manufactur\u00e9s, et pour\u00a0toutes les applications \u00e0 basse temp\u00e9rature.<\/p>\n","protected":false},"excerpt":{"rendered":"<p>Auto-adh\u00e9sif pour une utilisation \u00e0 basses\u00a0et hautes temp\u00e9ratures Ruban isolant en PVC ayant d\u2019excellentes caract\u00e9ristiques \u00e9lectriques et m\u00e9caniques, peut\u00a0\u00eatre utilis\u00e9 \u00e0 une temp\u00e9rature allant de -18\u00b0C \u00e0 105\u00b0C. Particuli\u00e8rement indiqu\u00e9<span class=\"excerpt-hellip\"> [\u2026]<\/span><\/p>\n","protected":false},"featured_media":1395,"template":"","meta":[],"product_cat":[136,147,149],"product_tag":[],"yoast_head":"<!-- This site is optimized with the Yoast SEO plugin v22.7 - https:\/\/yoast.com\/wordpress\/plugins\/seo\/ -->\n<title>Raytech Super 3-3 | Raytech<\/title>\n<meta name=\"robots\" content=\"index, follow, max-snippet:-1, max-image-preview:large, max-video-preview:-1\" \/>\n<link rel=\"canonical\" href=\"https:\/\/svilupporaytech.com\/fr\/produit\/basse-tension\/rubans-isolants\/rubans-auto-adhesifs-en-pvc\/raytech-super-3-3\/\" \/>\n<meta property=\"og:locale\" content=\"fr_FR\" \/>\n<meta property=\"og:type\" content=\"article\" \/>\n<meta property=\"og:title\" content=\"Raytech Super 3-3 | Raytech\" \/>\n<meta property=\"og:description\" content=\"Auto-adh\u00e9sif pour une utilisation \u00e0 basses\u00a0et hautes temp\u00e9ratures Ruban isolant en PVC ayant d\u2019excellentes caract\u00e9ristiques \u00e9lectriques et m\u00e9caniques, peut\u00a0\u00eatre utilis\u00e9 \u00e0 une temp\u00e9rature allant de -18\u00b0C \u00e0 105\u00b0C. Particuli\u00e8rement indiqu\u00e9 [\u2026]\" \/>\n<meta property=\"og:url\" content=\"https:\/\/svilupporaytech.com\/fr\/produit\/basse-tension\/rubans-isolants\/rubans-auto-adhesifs-en-pvc\/raytech-super-3-3\/\" \/>\n<meta property=\"og:site_name\" content=\"Raytech\" \/>\n<meta property=\"og:image\" content=\"https:\/\/svilupporaytech.com\/wp-content\/uploads\/raytech-super-3-3.jpg\" \/>\n\t<meta property=\"og:image:width\" content=\"500\" \/>\n\t<meta property=\"og:image:height\" content=\"500\" \/>\n\t<meta property=\"og:image:type\" content=\"image\/jpeg\" \/>\n<meta name=\"twitter:card\" content=\"summary_large_image\" \/>\n<script type=\"application\/ld+json\" class=\"yoast-schema-graph\">{\"@context\":\"https:\/\/schema.org\",\"@graph\":[{\"@type\":\"WebPage\",\"@id\":\"https:\/\/svilupporaytech.com\/fr\/produit\/basse-tension\/rubans-isolants\/rubans-auto-adhesifs-en-pvc\/raytech-super-3-3\/\",\"url\":\"https:\/\/svilupporaytech.com\/fr\/produit\/basse-tension\/rubans-isolants\/rubans-auto-adhesifs-en-pvc\/raytech-super-3-3\/\",\"name\":\"Raytech Super 3-3 | Raytech\",\"isPartOf\":{\"@id\":\"https:\/\/svilupporaytech.com\/#website\"},\"primaryImageOfPage\":{\"@id\":\"https:\/\/svilupporaytech.com\/fr\/produit\/basse-tension\/rubans-isolants\/rubans-auto-adhesifs-en-pvc\/raytech-super-3-3\/#primaryimage\"},\"image\":{\"@id\":\"https:\/\/svilupporaytech.com\/fr\/produit\/basse-tension\/rubans-isolants\/rubans-auto-adhesifs-en-pvc\/raytech-super-3-3\/#primaryimage\"},\"thumbnailUrl\":\"https:\/\/svilupporaytech.com\/wp-content\/uploads\/raytech-super-3-3.jpg\",\"datePublished\":\"2016-01-04T10:32:21+00:00\",\"dateModified\":\"2016-01-04T10:32:21+00:00\",\"breadcrumb\":{\"@id\":\"https:\/\/svilupporaytech.com\/fr\/produit\/basse-tension\/rubans-isolants\/rubans-auto-adhesifs-en-pvc\/raytech-super-3-3\/#breadcrumb\"},\"inLanguage\":\"fr-FR\",\"potentialAction\":[{\"@type\":\"ReadAction\",\"target\":[\"https:\/\/svilupporaytech.com\/fr\/produit\/basse-tension\/rubans-isolants\/rubans-auto-adhesifs-en-pvc\/raytech-super-3-3\/\"]}]},{\"@type\":\"ImageObject\",\"inLanguage\":\"fr-FR\",\"@id\":\"https:\/\/svilupporaytech.com\/fr\/produit\/basse-tension\/rubans-isolants\/rubans-auto-adhesifs-en-pvc\/raytech-super-3-3\/#primaryimage\",\"url\":\"https:\/\/svilupporaytech.com\/wp-content\/uploads\/raytech-super-3-3.jpg\",\"contentUrl\":\"https:\/\/svilupporaytech.com\/wp-content\/uploads\/raytech-super-3-3.jpg\",\"width\":500,\"height\":500},{\"@type\":\"BreadcrumbList\",\"@id\":\"https:\/\/svilupporaytech.com\/fr\/produit\/basse-tension\/rubans-isolants\/rubans-auto-adhesifs-en-pvc\/raytech-super-3-3\/#breadcrumb\",\"itemListElement\":[{\"@type\":\"ListItem\",\"position\":1,\"name\":\"Home\",\"item\":\"https:\/\/svilupporaytech.com\/fr\/\"},{\"@type\":\"ListItem\",\"position\":2,\"name\":\"Boutique\",\"item\":\"https:\/\/svilupporaytech.com\/fr\/boutique\/\"},{\"@type\":\"ListItem\",\"position\":3,\"name\":\"Raytech Super 3-3\"}]},{\"@type\":\"WebSite\",\"@id\":\"https:\/\/svilupporaytech.com\/#website\",\"url\":\"https:\/\/svilupporaytech.com\/\",\"name\":\"Raytech\",\"description\":\"Cable accessories company\",\"potentialAction\":[{\"@type\":\"SearchAction\",\"target\":{\"@type\":\"EntryPoint\",\"urlTemplate\":\"https:\/\/svilupporaytech.com\/?s={search_term_string}\"},\"query-input\":\"required name=search_term_string\"}],\"inLanguage\":\"fr-FR\"}]}<\/script>\n<!-- \/ Yoast SEO plugin. -->","yoast_head_json":{"title":"Raytech Super 3-3 | Raytech","robots":{"index":"index","follow":"follow","max-snippet":"max-snippet:-1","max-image-preview":"max-image-preview:large","max-video-preview":"max-video-preview:-1"},"canonical":"https:\/\/svilupporaytech.com\/fr\/produit\/basse-tension\/rubans-isolants\/rubans-auto-adhesifs-en-pvc\/raytech-super-3-3\/","og_locale":"fr_FR","og_type":"article","og_title":"Raytech Super 3-3 | Raytech","og_description":"Auto-adh\u00e9sif pour une utilisation \u00e0 basses\u00a0et hautes temp\u00e9ratures Ruban isolant en PVC ayant d\u2019excellentes caract\u00e9ristiques \u00e9lectriques et m\u00e9caniques, peut\u00a0\u00eatre utilis\u00e9 \u00e0 une temp\u00e9rature allant de -18\u00b0C \u00e0 105\u00b0C. Particuli\u00e8rement indiqu\u00e9 [\u2026]","og_url":"https:\/\/svilupporaytech.com\/fr\/produit\/basse-tension\/rubans-isolants\/rubans-auto-adhesifs-en-pvc\/raytech-super-3-3\/","og_site_name":"Raytech","og_image":[{"width":500,"height":500,"url":"https:\/\/svilupporaytech.com\/wp-content\/uploads\/raytech-super-3-3.jpg","type":"image\/jpeg"}],"twitter_card":"summary_large_image","schema":{"@context":"https:\/\/schema.org","@graph":[{"@type":"WebPage","@id":"https:\/\/svilupporaytech.com\/fr\/produit\/basse-tension\/rubans-isolants\/rubans-auto-adhesifs-en-pvc\/raytech-super-3-3\/","url":"https:\/\/svilupporaytech.com\/fr\/produit\/basse-tension\/rubans-isolants\/rubans-auto-adhesifs-en-pvc\/raytech-super-3-3\/","name":"Raytech Super 3-3 | Raytech","isPartOf":{"@id":"https:\/\/svilupporaytech.com\/#website"},"primaryImageOfPage":{"@id":"https:\/\/svilupporaytech.com\/fr\/produit\/basse-tension\/rubans-isolants\/rubans-auto-adhesifs-en-pvc\/raytech-super-3-3\/#primaryimage"},"image":{"@id":"https:\/\/svilupporaytech.com\/fr\/produit\/basse-tension\/rubans-isolants\/rubans-auto-adhesifs-en-pvc\/raytech-super-3-3\/#primaryimage"},"thumbnailUrl":"https:\/\/svilupporaytech.com\/wp-content\/uploads\/raytech-super-3-3.jpg","datePublished":"2016-01-04T10:32:21+00:00","dateModified":"2016-01-04T10:32:21+00:00","breadcrumb":{"@id":"https:\/\/svilupporaytech.com\/fr\/produit\/basse-tension\/rubans-isolants\/rubans-auto-adhesifs-en-pvc\/raytech-super-3-3\/#breadcrumb"},"inLanguage":"fr-FR","potentialAction":[{"@type":"ReadAction","target":["https:\/\/svilupporaytech.com\/fr\/produit\/basse-tension\/rubans-isolants\/rubans-auto-adhesifs-en-pvc\/raytech-super-3-3\/"]}]},{"@type":"ImageObject","inLanguage":"fr-FR","@id":"https:\/\/svilupporaytech.com\/fr\/produit\/basse-tension\/rubans-isolants\/rubans-auto-adhesifs-en-pvc\/raytech-super-3-3\/#primaryimage","url":"https:\/\/svilupporaytech.com\/wp-content\/uploads\/raytech-super-3-3.jpg","contentUrl":"https:\/\/svilupporaytech.com\/wp-content\/uploads\/raytech-super-3-3.jpg","width":500,"height":500},{"@type":"BreadcrumbList","@id":"https:\/\/svilupporaytech.com\/fr\/produit\/basse-tension\/rubans-isolants\/rubans-auto-adhesifs-en-pvc\/raytech-super-3-3\/#breadcrumb","itemListElement":[{"@type":"ListItem","position":1,"name":"Home","item":"https:\/\/svilupporaytech.com\/fr\/"},{"@type":"ListItem","position":2,"name":"Boutique","item":"https:\/\/svilupporaytech.com\/fr\/boutique\/"},{"@type":"ListItem","position":3,"name":"Raytech Super 3-3"}]},{"@type":"WebSite","@id":"https:\/\/svilupporaytech.com\/#website","url":"https:\/\/svilupporaytech.com\/","name":"Raytech","description":"Cable accessories company","potentialAction":[{"@type":"SearchAction","target":{"@type":"EntryPoint","urlTemplate":"https:\/\/svilupporaytech.com\/?s={search_term_string}"},"query-input":"required name=search_term_string"}],"inLanguage":"fr-FR"}]}},"_links":{"self":[{"href":"https:\/\/svilupporaytech.com\/fr\/wp-json\/wp\/v2\/product\/7307"}],"collection":[{"href":"https:\/\/svilupporaytech.com\/fr\/wp-json\/wp\/v2\/product"}],"about":[{"href":"https:\/\/svilupporaytech.com\/fr\/wp-json\/wp\/v2\/types\/product"}],"wp:featuredmedia":[{"embeddable":true,"href":"https:\/\/svilupporaytech.com\/fr\/wp-json\/wp\/v2\/media\/1395"}],"wp:attachment":[{"href":"https:\/\/svilupporaytech.com\/fr\/wp-json\/wp\/v2\/media?parent=7307"}],"wp:term":[{"taxonomy":"product_cat","embeddable":true,"href":"https:\/\/svilupporaytech.com\/fr\/wp-json\/wp\/v2\/product_cat?post=7307"},{"taxonomy":"product_tag","embeddable":true,"href":"https:\/\/svilupporaytech.com\/fr\/wp-json\/wp\/v2\/product_tag?post=7307"}],"curies":[{"name":"wp","href":"https:\/\/api.w.org\/{rel}","templated":true}]}}