{"id":7310,"date":"2015-07-16T10:00:26","date_gmt":"2016-01-04T10:36:48","guid":{"rendered":"https:\/\/svilupporaytech.com\/?post_type=product&#038;p=7310&#038;lang=fr"},"modified":"2016-01-26T13:49:16","modified_gmt":"2016-01-26T13:49:16","slug":"raytech-23-bt","status":"publish","type":"product","link":"https:\/\/svilupporaytech.com\/fr\/produit\/basse-tension\/rubans-isolants\/autoagglomerant\/raytech-23-bt\/","title":{"rendered":"Raytech 23 BT"},"content":{"rendered":"<h4><span style=\"color: #009832;\">Ruban isolant auto-agglom\u00e9rant BT<\/span><\/h4>\n<p>Ruban isolant auto-agglom\u00e9rant en caoutchouc pour basse tension (0.6\/1 kV). Employ\u00e9 pour\u00a0isoler et \u00e9tancher des connexions \u00e9lectriques de BT. Il amalgame rapidement en s\u2019adaptant au\u00a0produit manufactur\u00e9 qu\u2019il recouvre et formant avec celui-ci un corps compact. Les assemblages\u00a0doivent \u00eatre prot\u00e9g\u00e9s avec du ruban en PVC. Les caract\u00e9ristiques sont stables dans le temps.<\/p>\n","protected":false},"excerpt":{"rendered":"<p><strong>Approvazioni<\/strong> UL 510<\/p>\n","protected":false},"featured_media":1416,"template":"","meta":[],"product_cat":[136,147,150],"product_tag":[],"yoast_head":"<!-- This site is optimized with the Yoast SEO plugin v22.7 - https:\/\/yoast.com\/wordpress\/plugins\/seo\/ -->\n<title>Raytech 23 BT | Raytech<\/title>\n<meta name=\"robots\" content=\"index, follow, max-snippet:-1, max-image-preview:large, max-video-preview:-1\" \/>\n<link rel=\"canonical\" href=\"https:\/\/svilupporaytech.com\/fr\/produit\/basse-tension\/rubans-isolants\/autoagglomerant\/raytech-23-bt\/\" \/>\n<meta property=\"og:locale\" content=\"fr_FR\" \/>\n<meta property=\"og:type\" content=\"article\" \/>\n<meta property=\"og:title\" content=\"Raytech 23 BT | Raytech\" \/>\n<meta property=\"og:description\" content=\"Approvazioni UL 510\" \/>\n<meta property=\"og:url\" content=\"https:\/\/svilupporaytech.com\/fr\/produit\/basse-tension\/rubans-isolants\/autoagglomerant\/raytech-23-bt\/\" \/>\n<meta property=\"og:site_name\" content=\"Raytech\" \/>\n<meta property=\"article:modified_time\" content=\"2016-01-26T13:49:16+00:00\" \/>\n<meta property=\"og:image\" content=\"https:\/\/svilupporaytech.com\/wp-content\/uploads\/raytech-23-bt.jpg\" \/>\n\t<meta property=\"og:image:width\" content=\"500\" \/>\n\t<meta property=\"og:image:height\" content=\"500\" \/>\n\t<meta property=\"og:image:type\" content=\"image\/jpeg\" \/>\n<meta name=\"twitter:card\" content=\"summary_large_image\" \/>\n<script type=\"application\/ld+json\" class=\"yoast-schema-graph\">{\"@context\":\"https:\/\/schema.org\",\"@graph\":[{\"@type\":\"WebPage\",\"@id\":\"https:\/\/svilupporaytech.com\/fr\/produit\/basse-tension\/rubans-isolants\/autoagglomerant\/raytech-23-bt\/\",\"url\":\"https:\/\/svilupporaytech.com\/fr\/produit\/basse-tension\/rubans-isolants\/autoagglomerant\/raytech-23-bt\/\",\"name\":\"Raytech 23 BT | Raytech\",\"isPartOf\":{\"@id\":\"https:\/\/svilupporaytech.com\/#website\"},\"primaryImageOfPage\":{\"@id\":\"https:\/\/svilupporaytech.com\/fr\/produit\/basse-tension\/rubans-isolants\/autoagglomerant\/raytech-23-bt\/#primaryimage\"},\"image\":{\"@id\":\"https:\/\/svilupporaytech.com\/fr\/produit\/basse-tension\/rubans-isolants\/autoagglomerant\/raytech-23-bt\/#primaryimage\"},\"thumbnailUrl\":\"https:\/\/svilupporaytech.com\/wp-content\/uploads\/raytech-23-bt.jpg\",\"datePublished\":\"2016-01-04T10:36:48+00:00\",\"dateModified\":\"2016-01-26T13:49:16+00:00\",\"breadcrumb\":{\"@id\":\"https:\/\/svilupporaytech.com\/fr\/produit\/basse-tension\/rubans-isolants\/autoagglomerant\/raytech-23-bt\/#breadcrumb\"},\"inLanguage\":\"fr-FR\",\"potentialAction\":[{\"@type\":\"ReadAction\",\"target\":[\"https:\/\/svilupporaytech.com\/fr\/produit\/basse-tension\/rubans-isolants\/autoagglomerant\/raytech-23-bt\/\"]}]},{\"@type\":\"ImageObject\",\"inLanguage\":\"fr-FR\",\"@id\":\"https:\/\/svilupporaytech.com\/fr\/produit\/basse-tension\/rubans-isolants\/autoagglomerant\/raytech-23-bt\/#primaryimage\",\"url\":\"https:\/\/svilupporaytech.com\/wp-content\/uploads\/raytech-23-bt.jpg\",\"contentUrl\":\"https:\/\/svilupporaytech.com\/wp-content\/uploads\/raytech-23-bt.jpg\",\"width\":500,\"height\":500},{\"@type\":\"BreadcrumbList\",\"@id\":\"https:\/\/svilupporaytech.com\/fr\/produit\/basse-tension\/rubans-isolants\/autoagglomerant\/raytech-23-bt\/#breadcrumb\",\"itemListElement\":[{\"@type\":\"ListItem\",\"position\":1,\"name\":\"Home\",\"item\":\"https:\/\/svilupporaytech.com\/fr\/\"},{\"@type\":\"ListItem\",\"position\":2,\"name\":\"Boutique\",\"item\":\"https:\/\/svilupporaytech.com\/fr\/boutique\/\"},{\"@type\":\"ListItem\",\"position\":3,\"name\":\"Raytech 23 BT\"}]},{\"@type\":\"WebSite\",\"@id\":\"https:\/\/svilupporaytech.com\/#website\",\"url\":\"https:\/\/svilupporaytech.com\/\",\"name\":\"Raytech\",\"description\":\"Cable accessories company\",\"potentialAction\":[{\"@type\":\"SearchAction\",\"target\":{\"@type\":\"EntryPoint\",\"urlTemplate\":\"https:\/\/svilupporaytech.com\/?s={search_term_string}\"},\"query-input\":\"required name=search_term_string\"}],\"inLanguage\":\"fr-FR\"}]}<\/script>\n<!-- \/ Yoast SEO plugin. -->","yoast_head_json":{"title":"Raytech 23 BT | Raytech","robots":{"index":"index","follow":"follow","max-snippet":"max-snippet:-1","max-image-preview":"max-image-preview:large","max-video-preview":"max-video-preview:-1"},"canonical":"https:\/\/svilupporaytech.com\/fr\/produit\/basse-tension\/rubans-isolants\/autoagglomerant\/raytech-23-bt\/","og_locale":"fr_FR","og_type":"article","og_title":"Raytech 23 BT | Raytech","og_description":"Approvazioni UL 510","og_url":"https:\/\/svilupporaytech.com\/fr\/produit\/basse-tension\/rubans-isolants\/autoagglomerant\/raytech-23-bt\/","og_site_name":"Raytech","article_modified_time":"2016-01-26T13:49:16+00:00","og_image":[{"width":500,"height":500,"url":"https:\/\/svilupporaytech.com\/wp-content\/uploads\/raytech-23-bt.jpg","type":"image\/jpeg"}],"twitter_card":"summary_large_image","schema":{"@context":"https:\/\/schema.org","@graph":[{"@type":"WebPage","@id":"https:\/\/svilupporaytech.com\/fr\/produit\/basse-tension\/rubans-isolants\/autoagglomerant\/raytech-23-bt\/","url":"https:\/\/svilupporaytech.com\/fr\/produit\/basse-tension\/rubans-isolants\/autoagglomerant\/raytech-23-bt\/","name":"Raytech 23 BT | Raytech","isPartOf":{"@id":"https:\/\/svilupporaytech.com\/#website"},"primaryImageOfPage":{"@id":"https:\/\/svilupporaytech.com\/fr\/produit\/basse-tension\/rubans-isolants\/autoagglomerant\/raytech-23-bt\/#primaryimage"},"image":{"@id":"https:\/\/svilupporaytech.com\/fr\/produit\/basse-tension\/rubans-isolants\/autoagglomerant\/raytech-23-bt\/#primaryimage"},"thumbnailUrl":"https:\/\/svilupporaytech.com\/wp-content\/uploads\/raytech-23-bt.jpg","datePublished":"2016-01-04T10:36:48+00:00","dateModified":"2016-01-26T13:49:16+00:00","breadcrumb":{"@id":"https:\/\/svilupporaytech.com\/fr\/produit\/basse-tension\/rubans-isolants\/autoagglomerant\/raytech-23-bt\/#breadcrumb"},"inLanguage":"fr-FR","potentialAction":[{"@type":"ReadAction","target":["https:\/\/svilupporaytech.com\/fr\/produit\/basse-tension\/rubans-isolants\/autoagglomerant\/raytech-23-bt\/"]}]},{"@type":"ImageObject","inLanguage":"fr-FR","@id":"https:\/\/svilupporaytech.com\/fr\/produit\/basse-tension\/rubans-isolants\/autoagglomerant\/raytech-23-bt\/#primaryimage","url":"https:\/\/svilupporaytech.com\/wp-content\/uploads\/raytech-23-bt.jpg","contentUrl":"https:\/\/svilupporaytech.com\/wp-content\/uploads\/raytech-23-bt.jpg","width":500,"height":500},{"@type":"BreadcrumbList","@id":"https:\/\/svilupporaytech.com\/fr\/produit\/basse-tension\/rubans-isolants\/autoagglomerant\/raytech-23-bt\/#breadcrumb","itemListElement":[{"@type":"ListItem","position":1,"name":"Home","item":"https:\/\/svilupporaytech.com\/fr\/"},{"@type":"ListItem","position":2,"name":"Boutique","item":"https:\/\/svilupporaytech.com\/fr\/boutique\/"},{"@type":"ListItem","position":3,"name":"Raytech 23 BT"}]},{"@type":"WebSite","@id":"https:\/\/svilupporaytech.com\/#website","url":"https:\/\/svilupporaytech.com\/","name":"Raytech","description":"Cable accessories company","potentialAction":[{"@type":"SearchAction","target":{"@type":"EntryPoint","urlTemplate":"https:\/\/svilupporaytech.com\/?s={search_term_string}"},"query-input":"required name=search_term_string"}],"inLanguage":"fr-FR"}]}},"_links":{"self":[{"href":"https:\/\/svilupporaytech.com\/fr\/wp-json\/wp\/v2\/product\/7310"}],"collection":[{"href":"https:\/\/svilupporaytech.com\/fr\/wp-json\/wp\/v2\/product"}],"about":[{"href":"https:\/\/svilupporaytech.com\/fr\/wp-json\/wp\/v2\/types\/product"}],"wp:featuredmedia":[{"embeddable":true,"href":"https:\/\/svilupporaytech.com\/fr\/wp-json\/wp\/v2\/media\/1416"}],"wp:attachment":[{"href":"https:\/\/svilupporaytech.com\/fr\/wp-json\/wp\/v2\/media?parent=7310"}],"wp:term":[{"taxonomy":"product_cat","embeddable":true,"href":"https:\/\/svilupporaytech.com\/fr\/wp-json\/wp\/v2\/product_cat?post=7310"},{"taxonomy":"product_tag","embeddable":true,"href":"https:\/\/svilupporaytech.com\/fr\/wp-json\/wp\/v2\/product_tag?post=7310"}],"curies":[{"name":"wp","href":"https:\/\/api.w.org\/{rel}","templated":true}]}}