{"id":7311,"date":"2015-07-16T10:02:32","date_gmt":"2016-01-04T10:37:56","guid":{"rendered":"https:\/\/svilupporaytech.com\/?post_type=product&#038;p=7311&#038;lang=fr"},"modified":"2016-01-04T10:37:56","modified_gmt":"2016-01-04T10:37:56","slug":"raytech-super-23","status":"publish","type":"product","link":"https:\/\/svilupporaytech.com\/fr\/produit\/basse-tension\/rubans-isolants\/autoagglomerant\/raytech-super-23\/","title":{"rendered":"Raytech Super 23"},"content":{"rendered":"<h4><span style=\"color: #009832;\">Ruban isolant auto-agglom\u00e9rant pour des utilisations difficiles<\/span><\/h4>\n<p>Le ruban Raytech Super 23 est un ruban \u00e9lastom\u00e8re de type auto-fusible \u00e0 temp\u00e9rature ambiante: les couches fondent par simple contact afin de donner une masse compacte aux\u00a0excellentes caract\u00e9ristiques physiques, thermiques et \u00e9lectriques. Gr\u00e2ce \u00e0 ses caract\u00e9ristiques\u00a0hydrofuges, il est id\u00e9al pour l\u2019isolation et la protection de composants \u00e9lectriques, m\u00eame en\u00a0pr\u00e9sence d\u2019humidit\u00e9 ou en cas d\u2019exposition aux intemp\u00e9ries. Il suffit de nettoyer soigneusement\u00a0les surfaces \u00e0 recouvrir et d\u2019appliquer le ruban en le tirant l\u00e9g\u00e8rement, et en \u00e9liminant\u00a0le s\u00e9parateur.<\/p>\n<ul>\n<li><span style=\"color: #009832;\">Imperm\u00e9able et hydrofuge<\/span><\/li>\n<li><span style=\"color: #009832;\">Excellentes caract\u00e9ristiques de r\u00e9sistance au vieillissement<\/span><\/li>\n<li><span style=\"color: #009832;\">Hautement auto-fusible<\/span><\/li>\n<li><span style=\"color: #009832;\">Hautement flexible<\/span><\/li>\n<li><span style=\"color: #009832;\">Une fois appliqu\u00e9, il conserve ses caract\u00e9ristiques dans le temps<\/span><\/li>\n<li><span style=\"color: #009832;\">R\u00e9sistant aux hautes temp\u00e9ratures<\/span><\/li>\n<\/ul>\n","protected":false},"excerpt":{"rendered":"<p>Ruban isolant auto-agglom\u00e9rant pour des utilisations difficiles Le ruban Raytech Super 23 est un ruban \u00e9lastom\u00e8re de type auto-fusible \u00e0 temp\u00e9rature ambiante: les couches fondent par simple contact afin de<span class=\"excerpt-hellip\"> [\u2026]<\/span><\/p>\n","protected":false},"featured_media":1423,"template":"","meta":[],"product_cat":[136,147,150],"product_tag":[],"yoast_head":"<!-- This site is optimized with the Yoast SEO plugin v22.7 - https:\/\/yoast.com\/wordpress\/plugins\/seo\/ -->\n<title>Raytech Super 23 | Raytech<\/title>\n<meta name=\"robots\" content=\"index, follow, max-snippet:-1, max-image-preview:large, max-video-preview:-1\" \/>\n<link rel=\"canonical\" href=\"https:\/\/svilupporaytech.com\/fr\/produit\/basse-tension\/rubans-isolants\/autoagglomerant\/raytech-super-23\/\" \/>\n<meta property=\"og:locale\" content=\"fr_FR\" \/>\n<meta property=\"og:type\" content=\"article\" \/>\n<meta property=\"og:title\" content=\"Raytech Super 23 | Raytech\" \/>\n<meta property=\"og:description\" content=\"Ruban isolant auto-agglom\u00e9rant pour des utilisations difficiles Le ruban Raytech Super 23 est un ruban \u00e9lastom\u00e8re de type auto-fusible \u00e0 temp\u00e9rature ambiante: les couches fondent par simple contact afin de [\u2026]\" \/>\n<meta property=\"og:url\" content=\"https:\/\/svilupporaytech.com\/fr\/produit\/basse-tension\/rubans-isolants\/autoagglomerant\/raytech-super-23\/\" \/>\n<meta property=\"og:site_name\" content=\"Raytech\" \/>\n<meta property=\"og:image\" content=\"https:\/\/svilupporaytech.com\/wp-content\/uploads\/raytech-super-23.jpg\" \/>\n\t<meta property=\"og:image:width\" content=\"500\" \/>\n\t<meta property=\"og:image:height\" content=\"500\" \/>\n\t<meta property=\"og:image:type\" content=\"image\/jpeg\" \/>\n<meta name=\"twitter:card\" content=\"summary_large_image\" \/>\n<meta name=\"twitter:label1\" content=\"Dur\u00e9e de lecture estim\u00e9e\" \/>\n\t<meta name=\"twitter:data1\" content=\"1 minute\" \/>\n<script type=\"application\/ld+json\" class=\"yoast-schema-graph\">{\"@context\":\"https:\/\/schema.org\",\"@graph\":[{\"@type\":\"WebPage\",\"@id\":\"https:\/\/svilupporaytech.com\/fr\/produit\/basse-tension\/rubans-isolants\/autoagglomerant\/raytech-super-23\/\",\"url\":\"https:\/\/svilupporaytech.com\/fr\/produit\/basse-tension\/rubans-isolants\/autoagglomerant\/raytech-super-23\/\",\"name\":\"Raytech Super 23 | Raytech\",\"isPartOf\":{\"@id\":\"https:\/\/svilupporaytech.com\/#website\"},\"primaryImageOfPage\":{\"@id\":\"https:\/\/svilupporaytech.com\/fr\/produit\/basse-tension\/rubans-isolants\/autoagglomerant\/raytech-super-23\/#primaryimage\"},\"image\":{\"@id\":\"https:\/\/svilupporaytech.com\/fr\/produit\/basse-tension\/rubans-isolants\/autoagglomerant\/raytech-super-23\/#primaryimage\"},\"thumbnailUrl\":\"https:\/\/svilupporaytech.com\/wp-content\/uploads\/raytech-super-23.jpg\",\"datePublished\":\"2016-01-04T10:37:56+00:00\",\"dateModified\":\"2016-01-04T10:37:56+00:00\",\"breadcrumb\":{\"@id\":\"https:\/\/svilupporaytech.com\/fr\/produit\/basse-tension\/rubans-isolants\/autoagglomerant\/raytech-super-23\/#breadcrumb\"},\"inLanguage\":\"fr-FR\",\"potentialAction\":[{\"@type\":\"ReadAction\",\"target\":[\"https:\/\/svilupporaytech.com\/fr\/produit\/basse-tension\/rubans-isolants\/autoagglomerant\/raytech-super-23\/\"]}]},{\"@type\":\"ImageObject\",\"inLanguage\":\"fr-FR\",\"@id\":\"https:\/\/svilupporaytech.com\/fr\/produit\/basse-tension\/rubans-isolants\/autoagglomerant\/raytech-super-23\/#primaryimage\",\"url\":\"https:\/\/svilupporaytech.com\/wp-content\/uploads\/raytech-super-23.jpg\",\"contentUrl\":\"https:\/\/svilupporaytech.com\/wp-content\/uploads\/raytech-super-23.jpg\",\"width\":500,\"height\":500},{\"@type\":\"BreadcrumbList\",\"@id\":\"https:\/\/svilupporaytech.com\/fr\/produit\/basse-tension\/rubans-isolants\/autoagglomerant\/raytech-super-23\/#breadcrumb\",\"itemListElement\":[{\"@type\":\"ListItem\",\"position\":1,\"name\":\"Home\",\"item\":\"https:\/\/svilupporaytech.com\/fr\/\"},{\"@type\":\"ListItem\",\"position\":2,\"name\":\"Boutique\",\"item\":\"https:\/\/svilupporaytech.com\/fr\/boutique\/\"},{\"@type\":\"ListItem\",\"position\":3,\"name\":\"Raytech Super 23\"}]},{\"@type\":\"WebSite\",\"@id\":\"https:\/\/svilupporaytech.com\/#website\",\"url\":\"https:\/\/svilupporaytech.com\/\",\"name\":\"Raytech\",\"description\":\"Cable accessories company\",\"potentialAction\":[{\"@type\":\"SearchAction\",\"target\":{\"@type\":\"EntryPoint\",\"urlTemplate\":\"https:\/\/svilupporaytech.com\/?s={search_term_string}\"},\"query-input\":\"required name=search_term_string\"}],\"inLanguage\":\"fr-FR\"}]}<\/script>\n<!-- \/ Yoast SEO plugin. -->","yoast_head_json":{"title":"Raytech Super 23 | Raytech","robots":{"index":"index","follow":"follow","max-snippet":"max-snippet:-1","max-image-preview":"max-image-preview:large","max-video-preview":"max-video-preview:-1"},"canonical":"https:\/\/svilupporaytech.com\/fr\/produit\/basse-tension\/rubans-isolants\/autoagglomerant\/raytech-super-23\/","og_locale":"fr_FR","og_type":"article","og_title":"Raytech Super 23 | Raytech","og_description":"Ruban isolant auto-agglom\u00e9rant pour des utilisations difficiles Le ruban Raytech Super 23 est un ruban \u00e9lastom\u00e8re de type auto-fusible \u00e0 temp\u00e9rature ambiante: les couches fondent par simple contact afin de [\u2026]","og_url":"https:\/\/svilupporaytech.com\/fr\/produit\/basse-tension\/rubans-isolants\/autoagglomerant\/raytech-super-23\/","og_site_name":"Raytech","og_image":[{"width":500,"height":500,"url":"https:\/\/svilupporaytech.com\/wp-content\/uploads\/raytech-super-23.jpg","type":"image\/jpeg"}],"twitter_card":"summary_large_image","twitter_misc":{"Dur\u00e9e de lecture estim\u00e9e":"1 minute"},"schema":{"@context":"https:\/\/schema.org","@graph":[{"@type":"WebPage","@id":"https:\/\/svilupporaytech.com\/fr\/produit\/basse-tension\/rubans-isolants\/autoagglomerant\/raytech-super-23\/","url":"https:\/\/svilupporaytech.com\/fr\/produit\/basse-tension\/rubans-isolants\/autoagglomerant\/raytech-super-23\/","name":"Raytech Super 23 | Raytech","isPartOf":{"@id":"https:\/\/svilupporaytech.com\/#website"},"primaryImageOfPage":{"@id":"https:\/\/svilupporaytech.com\/fr\/produit\/basse-tension\/rubans-isolants\/autoagglomerant\/raytech-super-23\/#primaryimage"},"image":{"@id":"https:\/\/svilupporaytech.com\/fr\/produit\/basse-tension\/rubans-isolants\/autoagglomerant\/raytech-super-23\/#primaryimage"},"thumbnailUrl":"https:\/\/svilupporaytech.com\/wp-content\/uploads\/raytech-super-23.jpg","datePublished":"2016-01-04T10:37:56+00:00","dateModified":"2016-01-04T10:37:56+00:00","breadcrumb":{"@id":"https:\/\/svilupporaytech.com\/fr\/produit\/basse-tension\/rubans-isolants\/autoagglomerant\/raytech-super-23\/#breadcrumb"},"inLanguage":"fr-FR","potentialAction":[{"@type":"ReadAction","target":["https:\/\/svilupporaytech.com\/fr\/produit\/basse-tension\/rubans-isolants\/autoagglomerant\/raytech-super-23\/"]}]},{"@type":"ImageObject","inLanguage":"fr-FR","@id":"https:\/\/svilupporaytech.com\/fr\/produit\/basse-tension\/rubans-isolants\/autoagglomerant\/raytech-super-23\/#primaryimage","url":"https:\/\/svilupporaytech.com\/wp-content\/uploads\/raytech-super-23.jpg","contentUrl":"https:\/\/svilupporaytech.com\/wp-content\/uploads\/raytech-super-23.jpg","width":500,"height":500},{"@type":"BreadcrumbList","@id":"https:\/\/svilupporaytech.com\/fr\/produit\/basse-tension\/rubans-isolants\/autoagglomerant\/raytech-super-23\/#breadcrumb","itemListElement":[{"@type":"ListItem","position":1,"name":"Home","item":"https:\/\/svilupporaytech.com\/fr\/"},{"@type":"ListItem","position":2,"name":"Boutique","item":"https:\/\/svilupporaytech.com\/fr\/boutique\/"},{"@type":"ListItem","position":3,"name":"Raytech Super 23"}]},{"@type":"WebSite","@id":"https:\/\/svilupporaytech.com\/#website","url":"https:\/\/svilupporaytech.com\/","name":"Raytech","description":"Cable accessories company","potentialAction":[{"@type":"SearchAction","target":{"@type":"EntryPoint","urlTemplate":"https:\/\/svilupporaytech.com\/?s={search_term_string}"},"query-input":"required name=search_term_string"}],"inLanguage":"fr-FR"}]}},"_links":{"self":[{"href":"https:\/\/svilupporaytech.com\/fr\/wp-json\/wp\/v2\/product\/7311"}],"collection":[{"href":"https:\/\/svilupporaytech.com\/fr\/wp-json\/wp\/v2\/product"}],"about":[{"href":"https:\/\/svilupporaytech.com\/fr\/wp-json\/wp\/v2\/types\/product"}],"wp:featuredmedia":[{"embeddable":true,"href":"https:\/\/svilupporaytech.com\/fr\/wp-json\/wp\/v2\/media\/1423"}],"wp:attachment":[{"href":"https:\/\/svilupporaytech.com\/fr\/wp-json\/wp\/v2\/media?parent=7311"}],"wp:term":[{"taxonomy":"product_cat","embeddable":true,"href":"https:\/\/svilupporaytech.com\/fr\/wp-json\/wp\/v2\/product_cat?post=7311"},{"taxonomy":"product_tag","embeddable":true,"href":"https:\/\/svilupporaytech.com\/fr\/wp-json\/wp\/v2\/product_tag?post=7311"}],"curies":[{"name":"wp","href":"https:\/\/api.w.org\/{rel}","templated":true}]}}