{"id":7314,"date":"2015-07-16T10:05:17","date_gmt":"2016-01-04T10:40:53","guid":{"rendered":"https:\/\/svilupporaytech.com\/?post_type=product&#038;p=7314&#038;lang=fr"},"modified":"2016-01-04T10:40:53","modified_gmt":"2016-01-04T10:40:53","slug":"raytefill","status":"publish","type":"product","link":"https:\/\/svilupporaytech.com\/fr\/produit\/basse-tension\/rubans-isolants\/autoagglomerant\/raytefill\/","title":{"rendered":"Raytefill"},"content":{"rendered":"<h4><span style=\"color: #009832;\">Ruban isolant auto-agglom\u00e9rant BT \u00e0 forte \u00e9paisseur<\/span><\/h4>\n<p>Ruban auto-agglom\u00e9rant isolant pour basse tension. Particuli\u00e8rement indiqu\u00e9, du fait de\u00a0son \u00e9paisseur importante (3.2 mm), pour une reconstitution rapide de l\u2019isolant de c\u00e2bles de\u00a0basse tension, pour le rev\u00eatement de formes complexes (isolation et rev\u00eatement de jonctions\u00a0de barres et boulons relatifs, de bornes etc.), pour \u00e9tancher contre l\u2019humidit\u00e9. Apr\u00e8s\u00a0l\u2019application, il constitue une masse compacte, absolument non poreuse, ayant d\u2019excellentes\u00a0caract\u00e9ristiques \u00e9lectriques et de r\u00e9sistance au vieillissement et qui adh\u00e8re parfaitement aux\u00a0produits manufactur\u00e9s qu\u2019elle recouvre.<\/p>\n","protected":false},"excerpt":{"rendered":"<p>Ruban isolant auto-agglom\u00e9rant BT \u00e0 forte \u00e9paisseur Ruban auto-agglom\u00e9rant isolant pour basse tension. Particuli\u00e8rement indiqu\u00e9, du fait de\u00a0son \u00e9paisseur importante (3.2 mm), pour une reconstitution rapide de l\u2019isolant de c\u00e2bles<span class=\"excerpt-hellip\"> [\u2026]<\/span><\/p>\n","protected":false},"featured_media":1430,"template":"","meta":[],"product_cat":[136,147,150],"product_tag":[],"yoast_head":"<!-- This site is optimized with the Yoast SEO plugin v22.7 - https:\/\/yoast.com\/wordpress\/plugins\/seo\/ -->\n<title>Raytefill | Raytech<\/title>\n<meta name=\"robots\" content=\"index, follow, max-snippet:-1, max-image-preview:large, max-video-preview:-1\" \/>\n<link rel=\"canonical\" href=\"https:\/\/svilupporaytech.com\/fr\/produit\/basse-tension\/rubans-isolants\/autoagglomerant\/raytefill\/\" \/>\n<meta property=\"og:locale\" content=\"fr_FR\" \/>\n<meta property=\"og:type\" content=\"article\" \/>\n<meta property=\"og:title\" content=\"Raytefill | Raytech\" \/>\n<meta property=\"og:description\" content=\"Ruban isolant auto-agglom\u00e9rant BT \u00e0 forte \u00e9paisseur Ruban auto-agglom\u00e9rant isolant pour basse tension. Particuli\u00e8rement indiqu\u00e9, du fait de\u00a0son \u00e9paisseur importante (3.2 mm), pour une reconstitution rapide de l\u2019isolant de c\u00e2bles [\u2026]\" \/>\n<meta property=\"og:url\" content=\"https:\/\/svilupporaytech.com\/fr\/produit\/basse-tension\/rubans-isolants\/autoagglomerant\/raytefill\/\" \/>\n<meta property=\"og:site_name\" content=\"Raytech\" \/>\n<meta property=\"og:image\" content=\"https:\/\/svilupporaytech.com\/wp-content\/uploads\/raytefill.jpg\" \/>\n\t<meta property=\"og:image:width\" content=\"500\" \/>\n\t<meta property=\"og:image:height\" content=\"500\" \/>\n\t<meta property=\"og:image:type\" content=\"image\/jpeg\" \/>\n<meta name=\"twitter:card\" content=\"summary_large_image\" \/>\n<script type=\"application\/ld+json\" class=\"yoast-schema-graph\">{\"@context\":\"https:\/\/schema.org\",\"@graph\":[{\"@type\":\"WebPage\",\"@id\":\"https:\/\/svilupporaytech.com\/fr\/produit\/basse-tension\/rubans-isolants\/autoagglomerant\/raytefill\/\",\"url\":\"https:\/\/svilupporaytech.com\/fr\/produit\/basse-tension\/rubans-isolants\/autoagglomerant\/raytefill\/\",\"name\":\"Raytefill | Raytech\",\"isPartOf\":{\"@id\":\"https:\/\/svilupporaytech.com\/#website\"},\"primaryImageOfPage\":{\"@id\":\"https:\/\/svilupporaytech.com\/fr\/produit\/basse-tension\/rubans-isolants\/autoagglomerant\/raytefill\/#primaryimage\"},\"image\":{\"@id\":\"https:\/\/svilupporaytech.com\/fr\/produit\/basse-tension\/rubans-isolants\/autoagglomerant\/raytefill\/#primaryimage\"},\"thumbnailUrl\":\"https:\/\/svilupporaytech.com\/wp-content\/uploads\/raytefill.jpg\",\"datePublished\":\"2016-01-04T10:40:53+00:00\",\"dateModified\":\"2016-01-04T10:40:53+00:00\",\"breadcrumb\":{\"@id\":\"https:\/\/svilupporaytech.com\/fr\/produit\/basse-tension\/rubans-isolants\/autoagglomerant\/raytefill\/#breadcrumb\"},\"inLanguage\":\"fr-FR\",\"potentialAction\":[{\"@type\":\"ReadAction\",\"target\":[\"https:\/\/svilupporaytech.com\/fr\/produit\/basse-tension\/rubans-isolants\/autoagglomerant\/raytefill\/\"]}]},{\"@type\":\"ImageObject\",\"inLanguage\":\"fr-FR\",\"@id\":\"https:\/\/svilupporaytech.com\/fr\/produit\/basse-tension\/rubans-isolants\/autoagglomerant\/raytefill\/#primaryimage\",\"url\":\"https:\/\/svilupporaytech.com\/wp-content\/uploads\/raytefill.jpg\",\"contentUrl\":\"https:\/\/svilupporaytech.com\/wp-content\/uploads\/raytefill.jpg\",\"width\":500,\"height\":500},{\"@type\":\"BreadcrumbList\",\"@id\":\"https:\/\/svilupporaytech.com\/fr\/produit\/basse-tension\/rubans-isolants\/autoagglomerant\/raytefill\/#breadcrumb\",\"itemListElement\":[{\"@type\":\"ListItem\",\"position\":1,\"name\":\"Home\",\"item\":\"https:\/\/svilupporaytech.com\/fr\/\"},{\"@type\":\"ListItem\",\"position\":2,\"name\":\"Boutique\",\"item\":\"https:\/\/svilupporaytech.com\/fr\/boutique\/\"},{\"@type\":\"ListItem\",\"position\":3,\"name\":\"Raytefill\"}]},{\"@type\":\"WebSite\",\"@id\":\"https:\/\/svilupporaytech.com\/#website\",\"url\":\"https:\/\/svilupporaytech.com\/\",\"name\":\"Raytech\",\"description\":\"Cable accessories company\",\"potentialAction\":[{\"@type\":\"SearchAction\",\"target\":{\"@type\":\"EntryPoint\",\"urlTemplate\":\"https:\/\/svilupporaytech.com\/?s={search_term_string}\"},\"query-input\":\"required name=search_term_string\"}],\"inLanguage\":\"fr-FR\"}]}<\/script>\n<!-- \/ Yoast SEO plugin. -->","yoast_head_json":{"title":"Raytefill | Raytech","robots":{"index":"index","follow":"follow","max-snippet":"max-snippet:-1","max-image-preview":"max-image-preview:large","max-video-preview":"max-video-preview:-1"},"canonical":"https:\/\/svilupporaytech.com\/fr\/produit\/basse-tension\/rubans-isolants\/autoagglomerant\/raytefill\/","og_locale":"fr_FR","og_type":"article","og_title":"Raytefill | Raytech","og_description":"Ruban isolant auto-agglom\u00e9rant BT \u00e0 forte \u00e9paisseur Ruban auto-agglom\u00e9rant isolant pour basse tension. Particuli\u00e8rement indiqu\u00e9, du fait de\u00a0son \u00e9paisseur importante (3.2 mm), pour une reconstitution rapide de l\u2019isolant de c\u00e2bles [\u2026]","og_url":"https:\/\/svilupporaytech.com\/fr\/produit\/basse-tension\/rubans-isolants\/autoagglomerant\/raytefill\/","og_site_name":"Raytech","og_image":[{"width":500,"height":500,"url":"https:\/\/svilupporaytech.com\/wp-content\/uploads\/raytefill.jpg","type":"image\/jpeg"}],"twitter_card":"summary_large_image","schema":{"@context":"https:\/\/schema.org","@graph":[{"@type":"WebPage","@id":"https:\/\/svilupporaytech.com\/fr\/produit\/basse-tension\/rubans-isolants\/autoagglomerant\/raytefill\/","url":"https:\/\/svilupporaytech.com\/fr\/produit\/basse-tension\/rubans-isolants\/autoagglomerant\/raytefill\/","name":"Raytefill | Raytech","isPartOf":{"@id":"https:\/\/svilupporaytech.com\/#website"},"primaryImageOfPage":{"@id":"https:\/\/svilupporaytech.com\/fr\/produit\/basse-tension\/rubans-isolants\/autoagglomerant\/raytefill\/#primaryimage"},"image":{"@id":"https:\/\/svilupporaytech.com\/fr\/produit\/basse-tension\/rubans-isolants\/autoagglomerant\/raytefill\/#primaryimage"},"thumbnailUrl":"https:\/\/svilupporaytech.com\/wp-content\/uploads\/raytefill.jpg","datePublished":"2016-01-04T10:40:53+00:00","dateModified":"2016-01-04T10:40:53+00:00","breadcrumb":{"@id":"https:\/\/svilupporaytech.com\/fr\/produit\/basse-tension\/rubans-isolants\/autoagglomerant\/raytefill\/#breadcrumb"},"inLanguage":"fr-FR","potentialAction":[{"@type":"ReadAction","target":["https:\/\/svilupporaytech.com\/fr\/produit\/basse-tension\/rubans-isolants\/autoagglomerant\/raytefill\/"]}]},{"@type":"ImageObject","inLanguage":"fr-FR","@id":"https:\/\/svilupporaytech.com\/fr\/produit\/basse-tension\/rubans-isolants\/autoagglomerant\/raytefill\/#primaryimage","url":"https:\/\/svilupporaytech.com\/wp-content\/uploads\/raytefill.jpg","contentUrl":"https:\/\/svilupporaytech.com\/wp-content\/uploads\/raytefill.jpg","width":500,"height":500},{"@type":"BreadcrumbList","@id":"https:\/\/svilupporaytech.com\/fr\/produit\/basse-tension\/rubans-isolants\/autoagglomerant\/raytefill\/#breadcrumb","itemListElement":[{"@type":"ListItem","position":1,"name":"Home","item":"https:\/\/svilupporaytech.com\/fr\/"},{"@type":"ListItem","position":2,"name":"Boutique","item":"https:\/\/svilupporaytech.com\/fr\/boutique\/"},{"@type":"ListItem","position":3,"name":"Raytefill"}]},{"@type":"WebSite","@id":"https:\/\/svilupporaytech.com\/#website","url":"https:\/\/svilupporaytech.com\/","name":"Raytech","description":"Cable accessories company","potentialAction":[{"@type":"SearchAction","target":{"@type":"EntryPoint","urlTemplate":"https:\/\/svilupporaytech.com\/?s={search_term_string}"},"query-input":"required name=search_term_string"}],"inLanguage":"fr-FR"}]}},"_links":{"self":[{"href":"https:\/\/svilupporaytech.com\/fr\/wp-json\/wp\/v2\/product\/7314"}],"collection":[{"href":"https:\/\/svilupporaytech.com\/fr\/wp-json\/wp\/v2\/product"}],"about":[{"href":"https:\/\/svilupporaytech.com\/fr\/wp-json\/wp\/v2\/types\/product"}],"wp:featuredmedia":[{"embeddable":true,"href":"https:\/\/svilupporaytech.com\/fr\/wp-json\/wp\/v2\/media\/1430"}],"wp:attachment":[{"href":"https:\/\/svilupporaytech.com\/fr\/wp-json\/wp\/v2\/media?parent=7314"}],"wp:term":[{"taxonomy":"product_cat","embeddable":true,"href":"https:\/\/svilupporaytech.com\/fr\/wp-json\/wp\/v2\/product_cat?post=7314"},{"taxonomy":"product_tag","embeddable":true,"href":"https:\/\/svilupporaytech.com\/fr\/wp-json\/wp\/v2\/product_tag?post=7314"}],"curies":[{"name":"wp","href":"https:\/\/api.w.org\/{rel}","templated":true}]}}