{"id":7316,"date":"2015-07-16T10:08:43","date_gmt":"2016-01-04T10:42:10","guid":{"rendered":"https:\/\/svilupporaytech.com\/?post_type=product&#038;p=7316&#038;lang=fr"},"modified":"2016-01-04T10:42:10","modified_gmt":"2016-01-04T10:42:10","slug":"mca-fv","status":"publish","type":"product","link":"https:\/\/svilupporaytech.com\/fr\/produit\/basse-tension\/rubans-isolants\/rubans-speciaux\/mca-fv\/","title":{"rendered":"MCA-FV"},"content":{"rendered":"<h4><span style=\"color: #009832;\">Ruban en fibre de verre auto-adh\u00e9sif<\/span><\/h4>\n<p>Ruban en fibre de verre mono-directionnel avec un support de polypropyl\u00e8ne. Il est utilis\u00e9\u00a0pour fixer des c\u00e2bles sur tuyaux (voir le c\u00e2ble chauffant Raytech MCA \u2026) et pour toutes\u00a0fixation fortes. Inextensible, il est bien utilis\u00e9 \u00e0 temp\u00e9ratures jusqu\u2019\u00e0 130\u00b0 C.<\/p>\n","protected":false},"excerpt":{"rendered":"<p>Ruban en fibre de verre auto-adh\u00e9sif Ruban en fibre de verre mono-directionnel avec un support de polypropyl\u00e8ne. Il est utilis\u00e9\u00a0pour fixer des c\u00e2bles sur tuyaux (voir le c\u00e2ble chauffant Raytech<span class=\"excerpt-hellip\"> [\u2026]<\/span><\/p>\n","protected":false},"featured_media":1451,"template":"","meta":[],"product_cat":[136,147,148],"product_tag":[],"yoast_head":"<!-- This site is optimized with the Yoast SEO plugin v22.7 - https:\/\/yoast.com\/wordpress\/plugins\/seo\/ -->\n<title>MCA-FV | Raytech<\/title>\n<meta name=\"robots\" content=\"index, follow, max-snippet:-1, max-image-preview:large, max-video-preview:-1\" \/>\n<link rel=\"canonical\" href=\"https:\/\/svilupporaytech.com\/fr\/produit\/basse-tension\/rubans-isolants\/rubans-speciaux\/mca-fv\/\" \/>\n<meta property=\"og:locale\" content=\"fr_FR\" \/>\n<meta property=\"og:type\" content=\"article\" \/>\n<meta property=\"og:title\" content=\"MCA-FV | Raytech\" \/>\n<meta property=\"og:description\" content=\"Ruban en fibre de verre auto-adh\u00e9sif Ruban en fibre de verre mono-directionnel avec un support de polypropyl\u00e8ne. Il est utilis\u00e9\u00a0pour fixer des c\u00e2bles sur tuyaux (voir le c\u00e2ble chauffant Raytech [\u2026]\" \/>\n<meta property=\"og:url\" content=\"https:\/\/svilupporaytech.com\/fr\/produit\/basse-tension\/rubans-isolants\/rubans-speciaux\/mca-fv\/\" \/>\n<meta property=\"og:site_name\" content=\"Raytech\" \/>\n<meta property=\"og:image\" content=\"https:\/\/svilupporaytech.com\/wp-content\/uploads\/mca-fv.jpg\" \/>\n\t<meta property=\"og:image:width\" content=\"500\" \/>\n\t<meta property=\"og:image:height\" content=\"500\" \/>\n\t<meta property=\"og:image:type\" content=\"image\/jpeg\" \/>\n<meta name=\"twitter:card\" content=\"summary_large_image\" \/>\n<script type=\"application\/ld+json\" class=\"yoast-schema-graph\">{\"@context\":\"https:\/\/schema.org\",\"@graph\":[{\"@type\":\"WebPage\",\"@id\":\"https:\/\/svilupporaytech.com\/fr\/produit\/basse-tension\/rubans-isolants\/rubans-speciaux\/mca-fv\/\",\"url\":\"https:\/\/svilupporaytech.com\/fr\/produit\/basse-tension\/rubans-isolants\/rubans-speciaux\/mca-fv\/\",\"name\":\"MCA-FV | Raytech\",\"isPartOf\":{\"@id\":\"https:\/\/svilupporaytech.com\/#website\"},\"primaryImageOfPage\":{\"@id\":\"https:\/\/svilupporaytech.com\/fr\/produit\/basse-tension\/rubans-isolants\/rubans-speciaux\/mca-fv\/#primaryimage\"},\"image\":{\"@id\":\"https:\/\/svilupporaytech.com\/fr\/produit\/basse-tension\/rubans-isolants\/rubans-speciaux\/mca-fv\/#primaryimage\"},\"thumbnailUrl\":\"https:\/\/svilupporaytech.com\/wp-content\/uploads\/mca-fv.jpg\",\"datePublished\":\"2016-01-04T10:42:10+00:00\",\"dateModified\":\"2016-01-04T10:42:10+00:00\",\"breadcrumb\":{\"@id\":\"https:\/\/svilupporaytech.com\/fr\/produit\/basse-tension\/rubans-isolants\/rubans-speciaux\/mca-fv\/#breadcrumb\"},\"inLanguage\":\"fr-FR\",\"potentialAction\":[{\"@type\":\"ReadAction\",\"target\":[\"https:\/\/svilupporaytech.com\/fr\/produit\/basse-tension\/rubans-isolants\/rubans-speciaux\/mca-fv\/\"]}]},{\"@type\":\"ImageObject\",\"inLanguage\":\"fr-FR\",\"@id\":\"https:\/\/svilupporaytech.com\/fr\/produit\/basse-tension\/rubans-isolants\/rubans-speciaux\/mca-fv\/#primaryimage\",\"url\":\"https:\/\/svilupporaytech.com\/wp-content\/uploads\/mca-fv.jpg\",\"contentUrl\":\"https:\/\/svilupporaytech.com\/wp-content\/uploads\/mca-fv.jpg\",\"width\":500,\"height\":500},{\"@type\":\"BreadcrumbList\",\"@id\":\"https:\/\/svilupporaytech.com\/fr\/produit\/basse-tension\/rubans-isolants\/rubans-speciaux\/mca-fv\/#breadcrumb\",\"itemListElement\":[{\"@type\":\"ListItem\",\"position\":1,\"name\":\"Home\",\"item\":\"https:\/\/svilupporaytech.com\/fr\/\"},{\"@type\":\"ListItem\",\"position\":2,\"name\":\"Boutique\",\"item\":\"https:\/\/svilupporaytech.com\/fr\/boutique\/\"},{\"@type\":\"ListItem\",\"position\":3,\"name\":\"MCA-FV\"}]},{\"@type\":\"WebSite\",\"@id\":\"https:\/\/svilupporaytech.com\/#website\",\"url\":\"https:\/\/svilupporaytech.com\/\",\"name\":\"Raytech\",\"description\":\"Cable accessories company\",\"potentialAction\":[{\"@type\":\"SearchAction\",\"target\":{\"@type\":\"EntryPoint\",\"urlTemplate\":\"https:\/\/svilupporaytech.com\/?s={search_term_string}\"},\"query-input\":\"required name=search_term_string\"}],\"inLanguage\":\"fr-FR\"}]}<\/script>\n<!-- \/ Yoast SEO plugin. -->","yoast_head_json":{"title":"MCA-FV | Raytech","robots":{"index":"index","follow":"follow","max-snippet":"max-snippet:-1","max-image-preview":"max-image-preview:large","max-video-preview":"max-video-preview:-1"},"canonical":"https:\/\/svilupporaytech.com\/fr\/produit\/basse-tension\/rubans-isolants\/rubans-speciaux\/mca-fv\/","og_locale":"fr_FR","og_type":"article","og_title":"MCA-FV | Raytech","og_description":"Ruban en fibre de verre auto-adh\u00e9sif Ruban en fibre de verre mono-directionnel avec un support de polypropyl\u00e8ne. Il est utilis\u00e9\u00a0pour fixer des c\u00e2bles sur tuyaux (voir le c\u00e2ble chauffant Raytech [\u2026]","og_url":"https:\/\/svilupporaytech.com\/fr\/produit\/basse-tension\/rubans-isolants\/rubans-speciaux\/mca-fv\/","og_site_name":"Raytech","og_image":[{"width":500,"height":500,"url":"https:\/\/svilupporaytech.com\/wp-content\/uploads\/mca-fv.jpg","type":"image\/jpeg"}],"twitter_card":"summary_large_image","schema":{"@context":"https:\/\/schema.org","@graph":[{"@type":"WebPage","@id":"https:\/\/svilupporaytech.com\/fr\/produit\/basse-tension\/rubans-isolants\/rubans-speciaux\/mca-fv\/","url":"https:\/\/svilupporaytech.com\/fr\/produit\/basse-tension\/rubans-isolants\/rubans-speciaux\/mca-fv\/","name":"MCA-FV | Raytech","isPartOf":{"@id":"https:\/\/svilupporaytech.com\/#website"},"primaryImageOfPage":{"@id":"https:\/\/svilupporaytech.com\/fr\/produit\/basse-tension\/rubans-isolants\/rubans-speciaux\/mca-fv\/#primaryimage"},"image":{"@id":"https:\/\/svilupporaytech.com\/fr\/produit\/basse-tension\/rubans-isolants\/rubans-speciaux\/mca-fv\/#primaryimage"},"thumbnailUrl":"https:\/\/svilupporaytech.com\/wp-content\/uploads\/mca-fv.jpg","datePublished":"2016-01-04T10:42:10+00:00","dateModified":"2016-01-04T10:42:10+00:00","breadcrumb":{"@id":"https:\/\/svilupporaytech.com\/fr\/produit\/basse-tension\/rubans-isolants\/rubans-speciaux\/mca-fv\/#breadcrumb"},"inLanguage":"fr-FR","potentialAction":[{"@type":"ReadAction","target":["https:\/\/svilupporaytech.com\/fr\/produit\/basse-tension\/rubans-isolants\/rubans-speciaux\/mca-fv\/"]}]},{"@type":"ImageObject","inLanguage":"fr-FR","@id":"https:\/\/svilupporaytech.com\/fr\/produit\/basse-tension\/rubans-isolants\/rubans-speciaux\/mca-fv\/#primaryimage","url":"https:\/\/svilupporaytech.com\/wp-content\/uploads\/mca-fv.jpg","contentUrl":"https:\/\/svilupporaytech.com\/wp-content\/uploads\/mca-fv.jpg","width":500,"height":500},{"@type":"BreadcrumbList","@id":"https:\/\/svilupporaytech.com\/fr\/produit\/basse-tension\/rubans-isolants\/rubans-speciaux\/mca-fv\/#breadcrumb","itemListElement":[{"@type":"ListItem","position":1,"name":"Home","item":"https:\/\/svilupporaytech.com\/fr\/"},{"@type":"ListItem","position":2,"name":"Boutique","item":"https:\/\/svilupporaytech.com\/fr\/boutique\/"},{"@type":"ListItem","position":3,"name":"MCA-FV"}]},{"@type":"WebSite","@id":"https:\/\/svilupporaytech.com\/#website","url":"https:\/\/svilupporaytech.com\/","name":"Raytech","description":"Cable accessories company","potentialAction":[{"@type":"SearchAction","target":{"@type":"EntryPoint","urlTemplate":"https:\/\/svilupporaytech.com\/?s={search_term_string}"},"query-input":"required name=search_term_string"}],"inLanguage":"fr-FR"}]}},"_links":{"self":[{"href":"https:\/\/svilupporaytech.com\/fr\/wp-json\/wp\/v2\/product\/7316"}],"collection":[{"href":"https:\/\/svilupporaytech.com\/fr\/wp-json\/wp\/v2\/product"}],"about":[{"href":"https:\/\/svilupporaytech.com\/fr\/wp-json\/wp\/v2\/types\/product"}],"wp:featuredmedia":[{"embeddable":true,"href":"https:\/\/svilupporaytech.com\/fr\/wp-json\/wp\/v2\/media\/1451"}],"wp:attachment":[{"href":"https:\/\/svilupporaytech.com\/fr\/wp-json\/wp\/v2\/media?parent=7316"}],"wp:term":[{"taxonomy":"product_cat","embeddable":true,"href":"https:\/\/svilupporaytech.com\/fr\/wp-json\/wp\/v2\/product_cat?post=7316"},{"taxonomy":"product_tag","embeddable":true,"href":"https:\/\/svilupporaytech.com\/fr\/wp-json\/wp\/v2\/product_tag?post=7316"}],"curies":[{"name":"wp","href":"https:\/\/api.w.org\/{rel}","templated":true}]}}