{"id":7322,"date":"2015-07-16T10:22:16","date_gmt":"2016-01-04T11:20:57","guid":{"rendered":"https:\/\/svilupporaytech.com\/?post_type=product&#038;p=7322&#038;lang=fr"},"modified":"2019-08-29T12:12:26","modified_gmt":"2019-08-29T12:12:26","slug":"speedy-glass","status":"publish","type":"product","link":"https:\/\/svilupporaytech.com\/fr\/produit\/basse-tension\/sondes-et-lubrifiants\/speedy-glass\/","title":{"rendered":"Speedy Glass"},"content":{"rendered":"<h4><span style=\"color: #009832;\">Sonde \u00ab\u00e0 d\u00e9clenchement automatique\u00bb en fibre de verre\u00a0\u00d8 3 mm avec t\u00eate interchangeable*<\/span><\/h4>\n<p>Indiqu\u00e9es pour les emplois l\u00e9gers m\u00eame pour les longues distances, faciles \u00e0 utiliser gr\u00e2ce \u00e0 leur\u00a0\u00e9lasticit\u00e9 \u00abnerveuse\u00bb qui facilite leur positionnement dans les conduits.<\/p>\n<p>* Fourni avec t\u00eate de guide courbes et oeillet<\/p>\n","protected":false},"excerpt":{"rendered":"<p>Sonde \u00ab\u00e0 d\u00e9clenchement automatique\u00bb en fibre de verre\u00a0\u00d8 3 mm avec t\u00eate interchangeable* Indiqu\u00e9es pour les emplois l\u00e9gers m\u00eame pour les longues distances, faciles \u00e0 utiliser gr\u00e2ce \u00e0 leur\u00a0\u00e9lasticit\u00e9 \u00abnerveuse\u00bb<span class=\"excerpt-hellip\"> [\u2026]<\/span><\/p>\n","protected":false},"featured_media":1493,"template":"","meta":[],"product_cat":[136,156],"product_tag":[],"yoast_head":"<!-- This site is optimized with the Yoast SEO plugin v22.7 - https:\/\/yoast.com\/wordpress\/plugins\/seo\/ -->\n<title>Speedy Glass | Raytech<\/title>\n<meta name=\"robots\" content=\"index, follow, max-snippet:-1, max-image-preview:large, max-video-preview:-1\" \/>\n<link rel=\"canonical\" href=\"https:\/\/svilupporaytech.com\/fr\/produit\/basse-tension\/sondes-et-lubrifiants\/speedy-glass\/\" \/>\n<meta property=\"og:locale\" content=\"fr_FR\" \/>\n<meta property=\"og:type\" content=\"article\" \/>\n<meta property=\"og:title\" content=\"Speedy Glass | Raytech\" \/>\n<meta property=\"og:description\" content=\"Sonde \u00ab\u00e0 d\u00e9clenchement automatique\u00bb en fibre de verre\u00a0\u00d8 3 mm avec t\u00eate interchangeable* Indiqu\u00e9es pour les emplois l\u00e9gers m\u00eame pour les longues distances, faciles \u00e0 utiliser gr\u00e2ce \u00e0 leur\u00a0\u00e9lasticit\u00e9 \u00abnerveuse\u00bb [\u2026]\" \/>\n<meta property=\"og:url\" content=\"https:\/\/svilupporaytech.com\/fr\/produit\/basse-tension\/sondes-et-lubrifiants\/speedy-glass\/\" \/>\n<meta property=\"og:site_name\" content=\"Raytech\" \/>\n<meta property=\"article:modified_time\" content=\"2019-08-29T12:12:26+00:00\" \/>\n<meta property=\"og:image\" content=\"https:\/\/svilupporaytech.com\/wp-content\/uploads\/speedy-glass.jpg\" \/>\n\t<meta property=\"og:image:width\" content=\"500\" \/>\n\t<meta property=\"og:image:height\" content=\"500\" \/>\n\t<meta property=\"og:image:type\" content=\"image\/jpeg\" \/>\n<meta name=\"twitter:card\" content=\"summary_large_image\" \/>\n<script type=\"application\/ld+json\" class=\"yoast-schema-graph\">{\"@context\":\"https:\/\/schema.org\",\"@graph\":[{\"@type\":\"WebPage\",\"@id\":\"https:\/\/svilupporaytech.com\/fr\/produit\/basse-tension\/sondes-et-lubrifiants\/speedy-glass\/\",\"url\":\"https:\/\/svilupporaytech.com\/fr\/produit\/basse-tension\/sondes-et-lubrifiants\/speedy-glass\/\",\"name\":\"Speedy Glass | Raytech\",\"isPartOf\":{\"@id\":\"https:\/\/svilupporaytech.com\/#website\"},\"primaryImageOfPage\":{\"@id\":\"https:\/\/svilupporaytech.com\/fr\/produit\/basse-tension\/sondes-et-lubrifiants\/speedy-glass\/#primaryimage\"},\"image\":{\"@id\":\"https:\/\/svilupporaytech.com\/fr\/produit\/basse-tension\/sondes-et-lubrifiants\/speedy-glass\/#primaryimage\"},\"thumbnailUrl\":\"https:\/\/svilupporaytech.com\/wp-content\/uploads\/speedy-glass.jpg\",\"datePublished\":\"2016-01-04T11:20:57+00:00\",\"dateModified\":\"2019-08-29T12:12:26+00:00\",\"breadcrumb\":{\"@id\":\"https:\/\/svilupporaytech.com\/fr\/produit\/basse-tension\/sondes-et-lubrifiants\/speedy-glass\/#breadcrumb\"},\"inLanguage\":\"fr-FR\",\"potentialAction\":[{\"@type\":\"ReadAction\",\"target\":[\"https:\/\/svilupporaytech.com\/fr\/produit\/basse-tension\/sondes-et-lubrifiants\/speedy-glass\/\"]}]},{\"@type\":\"ImageObject\",\"inLanguage\":\"fr-FR\",\"@id\":\"https:\/\/svilupporaytech.com\/fr\/produit\/basse-tension\/sondes-et-lubrifiants\/speedy-glass\/#primaryimage\",\"url\":\"https:\/\/svilupporaytech.com\/wp-content\/uploads\/speedy-glass.jpg\",\"contentUrl\":\"https:\/\/svilupporaytech.com\/wp-content\/uploads\/speedy-glass.jpg\",\"width\":500,\"height\":500},{\"@type\":\"BreadcrumbList\",\"@id\":\"https:\/\/svilupporaytech.com\/fr\/produit\/basse-tension\/sondes-et-lubrifiants\/speedy-glass\/#breadcrumb\",\"itemListElement\":[{\"@type\":\"ListItem\",\"position\":1,\"name\":\"Home\",\"item\":\"https:\/\/svilupporaytech.com\/fr\/\"},{\"@type\":\"ListItem\",\"position\":2,\"name\":\"Boutique\",\"item\":\"https:\/\/svilupporaytech.com\/fr\/boutique\/\"},{\"@type\":\"ListItem\",\"position\":3,\"name\":\"Speedy Glass\"}]},{\"@type\":\"WebSite\",\"@id\":\"https:\/\/svilupporaytech.com\/#website\",\"url\":\"https:\/\/svilupporaytech.com\/\",\"name\":\"Raytech\",\"description\":\"Cable accessories company\",\"potentialAction\":[{\"@type\":\"SearchAction\",\"target\":{\"@type\":\"EntryPoint\",\"urlTemplate\":\"https:\/\/svilupporaytech.com\/?s={search_term_string}\"},\"query-input\":\"required name=search_term_string\"}],\"inLanguage\":\"fr-FR\"}]}<\/script>\n<!-- \/ Yoast SEO plugin. -->","yoast_head_json":{"title":"Speedy Glass | Raytech","robots":{"index":"index","follow":"follow","max-snippet":"max-snippet:-1","max-image-preview":"max-image-preview:large","max-video-preview":"max-video-preview:-1"},"canonical":"https:\/\/svilupporaytech.com\/fr\/produit\/basse-tension\/sondes-et-lubrifiants\/speedy-glass\/","og_locale":"fr_FR","og_type":"article","og_title":"Speedy Glass | Raytech","og_description":"Sonde \u00ab\u00e0 d\u00e9clenchement automatique\u00bb en fibre de verre\u00a0\u00d8 3 mm avec t\u00eate interchangeable* Indiqu\u00e9es pour les emplois l\u00e9gers m\u00eame pour les longues distances, faciles \u00e0 utiliser gr\u00e2ce \u00e0 leur\u00a0\u00e9lasticit\u00e9 \u00abnerveuse\u00bb [\u2026]","og_url":"https:\/\/svilupporaytech.com\/fr\/produit\/basse-tension\/sondes-et-lubrifiants\/speedy-glass\/","og_site_name":"Raytech","article_modified_time":"2019-08-29T12:12:26+00:00","og_image":[{"width":500,"height":500,"url":"https:\/\/svilupporaytech.com\/wp-content\/uploads\/speedy-glass.jpg","type":"image\/jpeg"}],"twitter_card":"summary_large_image","schema":{"@context":"https:\/\/schema.org","@graph":[{"@type":"WebPage","@id":"https:\/\/svilupporaytech.com\/fr\/produit\/basse-tension\/sondes-et-lubrifiants\/speedy-glass\/","url":"https:\/\/svilupporaytech.com\/fr\/produit\/basse-tension\/sondes-et-lubrifiants\/speedy-glass\/","name":"Speedy Glass | Raytech","isPartOf":{"@id":"https:\/\/svilupporaytech.com\/#website"},"primaryImageOfPage":{"@id":"https:\/\/svilupporaytech.com\/fr\/produit\/basse-tension\/sondes-et-lubrifiants\/speedy-glass\/#primaryimage"},"image":{"@id":"https:\/\/svilupporaytech.com\/fr\/produit\/basse-tension\/sondes-et-lubrifiants\/speedy-glass\/#primaryimage"},"thumbnailUrl":"https:\/\/svilupporaytech.com\/wp-content\/uploads\/speedy-glass.jpg","datePublished":"2016-01-04T11:20:57+00:00","dateModified":"2019-08-29T12:12:26+00:00","breadcrumb":{"@id":"https:\/\/svilupporaytech.com\/fr\/produit\/basse-tension\/sondes-et-lubrifiants\/speedy-glass\/#breadcrumb"},"inLanguage":"fr-FR","potentialAction":[{"@type":"ReadAction","target":["https:\/\/svilupporaytech.com\/fr\/produit\/basse-tension\/sondes-et-lubrifiants\/speedy-glass\/"]}]},{"@type":"ImageObject","inLanguage":"fr-FR","@id":"https:\/\/svilupporaytech.com\/fr\/produit\/basse-tension\/sondes-et-lubrifiants\/speedy-glass\/#primaryimage","url":"https:\/\/svilupporaytech.com\/wp-content\/uploads\/speedy-glass.jpg","contentUrl":"https:\/\/svilupporaytech.com\/wp-content\/uploads\/speedy-glass.jpg","width":500,"height":500},{"@type":"BreadcrumbList","@id":"https:\/\/svilupporaytech.com\/fr\/produit\/basse-tension\/sondes-et-lubrifiants\/speedy-glass\/#breadcrumb","itemListElement":[{"@type":"ListItem","position":1,"name":"Home","item":"https:\/\/svilupporaytech.com\/fr\/"},{"@type":"ListItem","position":2,"name":"Boutique","item":"https:\/\/svilupporaytech.com\/fr\/boutique\/"},{"@type":"ListItem","position":3,"name":"Speedy Glass"}]},{"@type":"WebSite","@id":"https:\/\/svilupporaytech.com\/#website","url":"https:\/\/svilupporaytech.com\/","name":"Raytech","description":"Cable accessories company","potentialAction":[{"@type":"SearchAction","target":{"@type":"EntryPoint","urlTemplate":"https:\/\/svilupporaytech.com\/?s={search_term_string}"},"query-input":"required name=search_term_string"}],"inLanguage":"fr-FR"}]}},"_links":{"self":[{"href":"https:\/\/svilupporaytech.com\/fr\/wp-json\/wp\/v2\/product\/7322"}],"collection":[{"href":"https:\/\/svilupporaytech.com\/fr\/wp-json\/wp\/v2\/product"}],"about":[{"href":"https:\/\/svilupporaytech.com\/fr\/wp-json\/wp\/v2\/types\/product"}],"wp:featuredmedia":[{"embeddable":true,"href":"https:\/\/svilupporaytech.com\/fr\/wp-json\/wp\/v2\/media\/1493"}],"wp:attachment":[{"href":"https:\/\/svilupporaytech.com\/fr\/wp-json\/wp\/v2\/media?parent=7322"}],"wp:term":[{"taxonomy":"product_cat","embeddable":true,"href":"https:\/\/svilupporaytech.com\/fr\/wp-json\/wp\/v2\/product_cat?post=7322"},{"taxonomy":"product_tag","embeddable":true,"href":"https:\/\/svilupporaytech.com\/fr\/wp-json\/wp\/v2\/product_tag?post=7322"}],"curies":[{"name":"wp","href":"https:\/\/api.w.org\/{rel}","templated":true}]}}